{"id":4162,"date":"2023-02-27T01:10:43","date_gmt":"2023-02-27T00:10:43","guid":{"rendered":"https:\/\/mecahealth.com\/?page_id=4162"},"modified":"2023-11-15T01:26:36","modified_gmt":"2023-11-15T00:26:36","slug":"pathologie-fracture","status":"publish","type":"page","link":"https:\/\/mecahealth.com\/?page_id=4162","title":{"rendered":"Pathologie : fracture"},"content":{"rendered":"\n<p class=\"has-medium-font-size\"><a style=\"font-size: revert;\" href=\"https:\/\/mecahealth.com\/?page_id=122\">Attention \u00e0 lire les consignes avant de lire toute page d&rsquo;un site sant\u00e9 !<\/a><\/p>\n\n\n\n<figure class=\"wp-block-image size-full is-resized is-style-rounded\"><img loading=\"lazy\" decoding=\"async\" src=\"https:\/\/mecahealth.com\/wp-content\/uploads\/2023\/02\/MecaHealth-fractures-tibia-perone.jpg\" alt=\"\" class=\"wp-image-4200\" width=\"330\" height=\"330\" srcset=\"https:\/\/mecahealth.com\/wp-content\/uploads\/2023\/02\/MecaHealth-fractures-tibia-perone.jpg 330w, https:\/\/mecahealth.com\/wp-content\/uploads\/2023\/02\/MecaHealth-fractures-tibia-perone-300x300.jpg 300w, https:\/\/mecahealth.com\/wp-content\/uploads\/2023\/02\/MecaHealth-fractures-tibia-perone-150x150.jpg 150w\" sizes=\"auto, (max-width: 330px) 100vw, 330px\" \/><\/figure>\n\n\n\n<h2 class=\"wp-block-heading has-large-font-size\">Tout os<\/h2>\n\n\n\n<p class=\"has-medium-font-size\">Comme l&rsquo;image ci-dessous le repr\u00e9sente en partie, pas un seul os ne pourrait \u00eatre \u00e9pargn\u00e9 mais certaines fractures sont plus rares voire tr\u00e8s rares comme celles des os de l&rsquo;oreille interne qui ne peuvent \u00eatre fractur\u00e9s sans que l&rsquo;os qui les entoure ne soit touch\u00e9 par un trauma important (fracture du rocher).<\/p>\n\n\n\n<p class=\"has-medium-font-size\">Pour les fractures, nous distinguons les fractures avec ou sans d\u00e9placement. S&rsquo;il n&rsquo;y a pas de d\u00e9placements, apr\u00e8s 4 \u00e0 6 semaines, il peut n&rsquo;y avoir aucune cons\u00e9quence. C&rsquo;est la raison pour laquelle, il est parfois dit qu&rsquo;il est pr\u00e9f\u00e9rable d&rsquo;avoir une fracture qu&rsquo;une<a href=\"https:\/\/mecahealth.com\/?page_id=1960\" data-type=\"page\" data-id=\"1960\"> entorse<\/a> s\u00e9v\u00e8re. Cette derni\u00e8re elle, peut parfois donner des cons\u00e9quences \u00e0 vie. Ce qui n&rsquo;est pas le cas de toutes les fractures des membres.<\/p>\n\n\n\n<p class=\"has-medium-font-size\">Une fracture d&rsquo;une partie d&rsquo;un membre inf\u00e9rieur n\u00e9cessitera de passer \u00e0 <a href=\"https:\/\/mecahealth.com\/?page_id=1675\" data-type=\"page\" data-id=\"1675\">la marche avec b\u00e9quilles<\/a>.<\/p>\n\n\n\n<figure class=\"wp-block-image size-full\"><img loading=\"lazy\" decoding=\"async\" width=\"330\" height=\"330\" src=\"https:\/\/mecahealth.com\/wp-content\/uploads\/2023\/02\/MecaHealth-fractures-multiples.jpg\" alt=\"\" class=\"wp-image-4199\" srcset=\"https:\/\/mecahealth.com\/wp-content\/uploads\/2023\/02\/MecaHealth-fractures-multiples.jpg 330w, https:\/\/mecahealth.com\/wp-content\/uploads\/2023\/02\/MecaHealth-fractures-multiples-300x300.jpg 300w, https:\/\/mecahealth.com\/wp-content\/uploads\/2023\/02\/MecaHealth-fractures-multiples-150x150.jpg 150w\" sizes=\"auto, (max-width: 330px) 100vw, 330px\" \/><figcaption class=\"wp-element-caption\"><a href=\"https:\/\/mecahealth.com\/?page_id=6313\" data-type=\"page\" data-id=\"6313\">Rx et Imagerie m\u00e9dicale<\/a><\/figcaption><\/figure>\n\n\n\n<p class=\"has-medium-font-size\">La fracture du cr\u00e2ne comme vous le savez sans doute presque tous, peut \u00eatre mortelle s&rsquo;il y a d\u00e9placement. Il en sera de m\u00eame pour les c\u00f4tes si le d\u00e9placement entra\u00eene une perforation du poumon. Les fractures avec d\u00e9placement pour la <a href=\"https:\/\/mecahealth.com\/?page_id=3353\" data-type=\"page\" data-id=\"3353\">colonne vert\u00e9brale<\/a> entra\u00eenent des cons\u00e9quences parfois catastrophiques (&#8230;). <\/p>\n\n\n\n<figure class=\"wp-block-image size-full is-resized\"><img loading=\"lazy\" decoding=\"async\" src=\"https:\/\/mecahealth.com\/wp-content\/uploads\/2023\/02\/MecaHealth-fracture-tassement.jpg\" alt=\"\" class=\"wp-image-4198\" width=\"250\" height=\"250\" srcset=\"https:\/\/mecahealth.com\/wp-content\/uploads\/2023\/02\/MecaHealth-fracture-tassement.jpg 330w, https:\/\/mecahealth.com\/wp-content\/uploads\/2023\/02\/MecaHealth-fracture-tassement-300x300.jpg 300w, https:\/\/mecahealth.com\/wp-content\/uploads\/2023\/02\/MecaHealth-fracture-tassement-150x150.jpg 150w\" sizes=\"auto, (max-width: 250px) 100vw, 250px\" \/><figcaption class=\"wp-element-caption\"><a href=\"https:\/\/mecahealth.com\/?page_id=6313\" data-type=\"page\" data-id=\"6313\">Scanner et imagerie m\u00e9dicale<\/a><\/figcaption><\/figure>\n\n\n\n<p>(&#8230;)<\/p>\n\n\n\n<h2 class=\"wp-block-heading has-medium-font-size\">Revenir au chapitre <a href=\"https:\/\/mecahealth.com\/?page_id=548\" data-type=\"page\" data-id=\"548\"><em>Pathologies<\/em><\/a> ou <em><a href=\"https:\/\/mecahealth.com\/?page_id=75\" data-type=\"page\" data-id=\"75\">Corps m\u00e9canique<\/a><\/em><\/h2>\n","protected":false},"excerpt":{"rendered":"<p>Attention \u00e0 lire les consignes avant de lire toute page d&rsquo;un site sant\u00e9 ! Tout os Comme l&rsquo;image ci-dessous le repr\u00e9sente en partie, pas un seul os ne pourrait \u00eatre \u00e9pargn\u00e9 mais certaines fractures sont plus rares voire tr\u00e8s rares comme celles des os de l&rsquo;oreille interne qui ne peuvent<a href=\"https:\/\/mecahealth.com\/?page_id=4162\" class=\"read-more\">Read More&#8230;<\/a><\/p>\n","protected":false},"author":1,"featured_media":0,"parent":0,"menu_order":0,"comment_status":"closed","ping_status":"closed","template":"","meta":{"footnotes":""},"class_list":["post-4162","page","type-page","status-publish","hentry"],"jetpack_sharing_enabled":true,"_links":{"self":[{"href":"https:\/\/mecahealth.com\/index.php?rest_route=\/wp\/v2\/pages\/4162","targetHints":{"allow":["GET"]}}],"collection":[{"href":"https:\/\/mecahealth.com\/index.php?rest_route=\/wp\/v2\/pages"}],"about":[{"href":"https:\/\/mecahealth.com\/index.php?rest_route=\/wp\/v2\/types\/page"}],"author":[{"embeddable":true,"href":"https:\/\/mecahealth.com\/index.php?rest_route=\/wp\/v2\/users\/1"}],"replies":[{"embeddable":true,"href":"https:\/\/mecahealth.com\/index.php?rest_route=%2Fwp%2Fv2%2Fcomments&post=4162"}],"version-history":[{"count":9,"href":"https:\/\/mecahealth.com\/index.php?rest_route=\/wp\/v2\/pages\/4162\/revisions"}],"predecessor-version":[{"id":6361,"href":"https:\/\/mecahealth.com\/index.php?rest_route=\/wp\/v2\/pages\/4162\/revisions\/6361"}],"wp:attachment":[{"href":"https:\/\/mecahealth.com\/index.php?rest_route=%2Fwp%2Fv2%2Fmedia&parent=4162"}],"curies":[{"name":"wp","href":"https:\/\/api.w.org\/{rel}","templated":true}]}}