{"id":4115,"date":"2023-02-26T15:20:49","date_gmt":"2023-02-26T14:20:49","guid":{"rendered":"https:\/\/mecahealth.com\/?page_id=4115"},"modified":"2026-03-31T21:55:28","modified_gmt":"2026-03-31T19:55:28","slug":"profession-professions-debout","status":"publish","type":"page","link":"https:\/\/mecahealth.com\/?page_id=4115","title":{"rendered":"Profession : professions debout"},"content":{"rendered":"\n<p class=\"has-small-font-size\"><a style=\"font-size: revert;\" href=\"https:\/\/mecahealth.com\/?page_id=122\">Attention \u00e0 lire les consignes avant de lire toute page d&rsquo;un site sant\u00e9 !<\/a><\/p>\n\n\n\n<figure class=\"wp-block-image size-full is-style-rounded\"><img loading=\"lazy\" decoding=\"async\" width=\"330\" height=\"330\" src=\"https:\/\/mecahealth.com\/wp-content\/uploads\/2023\/02\/MecaHealth-professions-debout.jpg\" alt=\"\" class=\"wp-image-4116\" srcset=\"https:\/\/mecahealth.com\/wp-content\/uploads\/2023\/02\/MecaHealth-professions-debout.jpg 330w, https:\/\/mecahealth.com\/wp-content\/uploads\/2023\/02\/MecaHealth-professions-debout-300x300.jpg 300w, https:\/\/mecahealth.com\/wp-content\/uploads\/2023\/02\/MecaHealth-professions-debout-150x150.jpg 150w\" sizes=\"auto, (max-width: 330px) 100vw, 330px\" \/><\/figure>\n\n\n\n<p class=\"has-medium-font-size\">Beaucoup de professionnels sont contraints de rester debout bien longtemps. Cette posture maintenue entra\u00eene des cons\u00e9quences la plupart du temps \u00e0 court, moyen et long terme aux <a href=\"https:\/\/mecahealth.com\/?page_id=620\">genoux<\/a>, au <a href=\"https:\/\/mecahealth.com\/?page_id=626\">dos<\/a>, aux <a href=\"https:\/\/mecahealth.com\/?page_id=618\">pieds\/chevilles<\/a> et \u00e0 la <a href=\"https:\/\/mecahealth.com\/?page_id=2418\">circulation<\/a>.<\/p>\n\n\n\n<figure class=\"wp-block-embed is-type-video is-provider-youtube wp-block-embed-youtube wp-embed-aspect-16-9 wp-has-aspect-ratio\"><div class=\"wp-block-embed__wrapper\">\n<iframe loading=\"lazy\" title=\"MecaHealth Professions debout pr\u00e9vention\" width=\"600\" height=\"338\" src=\"https:\/\/www.youtube.com\/embed\/POVfpLCsSRA?feature=oembed\" frameborder=\"0\" allow=\"accelerometer; autoplay; clipboard-write; encrypted-media; gyroscope; picture-in-picture; web-share\" referrerpolicy=\"strict-origin-when-cross-origin\" allowfullscreen><\/iframe>\n<\/div><figcaption class=\"wp-element-caption\">Vid\u00e9o reprenant l&rsquo;essentiel des informations ci-dessous et une partie des pages \u00e0 voir en lien.<\/figcaption><\/figure>\n\n\n\n<p class=\"has-medium-font-size\">Les personnes concern\u00e9es pr\u00eateront attention aux diff\u00e9rents r\u00e8gles d&rsquo;<a href=\"https:\/\/mecahealth.com\/?page_id=1164\" data-type=\"page\" data-id=\"1164\">\u00e9conomie d&rsquo;\u00e9nergie<\/a> pour pratiquer les diff\u00e9rents gestes et ce qui pourra \u00eatre consid\u00e9r\u00e9 ici comme gestes professionnels :<\/p>\n\n\n\n<ul class=\"wp-block-list has-medium-font-size\">\n<li><a href=\"https:\/\/mecahealth.com\/?page_id=413\" data-type=\"page\" data-id=\"413\">la position debout <\/a><\/li>\n\n\n\n<li><a href=\"https:\/\/mecahealth.com\/?page_id=428\" data-type=\"page\" data-id=\"428\">la marche<\/a> et surtout lors de <a href=\"https:\/\/mecahealth.com\/?page_id=2034\" data-type=\"page\" data-id=\"2034\">changements de direction<\/a> <\/li>\n<\/ul>\n\n\n\n<p class=\"has-medium-font-size\">Concernant ces professionnels souhaitant aller vers le client\/\u00e9l\u00e8ve ou vers l&rsquo;objet sur lequel ils doivent travailler, ils auront tendance d&rsquo;autant plus \u00e0 ne pas respecter les proportions de 2\/3 du poids sur l&rsquo;arri\u00e8re (voir <a href=\"https:\/\/mecahealth.com\/?page_id=413\" data-type=\"page\" data-id=\"413\">position debout<\/a>) et \u00e0 ne pas <a href=\"https:\/\/mecahealth.com\/?page_id=1565\" data-type=\"page\" data-id=\"1565\">rentrer le ventre \u00e0 l&rsquo;effort<\/a>.<\/p>\n\n\n\n<p class=\"has-medium-font-size\">Nous pouvons consid\u00e9rer comme professionnels debout ou professionnels pi\u00e9tinants <strong>notamment <\/strong>les :<\/p>\n\n\n\n<div class=\"wp-block-columns is-layout-flex wp-container-core-columns-is-layout-9d6595d7 wp-block-columns-is-layout-flex\">\n<div class=\"wp-block-column is-layout-flow wp-block-column-is-layout-flow\">\n<ul class=\"wp-block-list\">\n<li class=\"has-medium-font-size\">coiffeurs<\/li>\n\n\n\n<li class=\"has-medium-font-size\">cuisiniers<\/li>\n\n\n\n<li class=\"has-medium-font-size\"><a href=\"https:\/\/mecahealth.com\/?page_id=7615\" data-type=\"page\" data-id=\"7615\">enseignants \/ professeurs (ergonomie)<\/a><\/li>\n\n\n\n<li class=\"has-medium-font-size\"><a href=\"https:\/\/mecahealth.com\/?page_id=3616\" data-type=\"page\" data-id=\"3616\">enseignants \/ professeurs<\/a> (p\u00e9da)<\/li>\n<\/ul>\n<\/div>\n\n\n\n<div class=\"wp-block-column is-layout-flow wp-block-column-is-layout-flow\">\n<ul class=\"wp-block-list\">\n<li class=\"has-medium-font-size\">exposants<\/li>\n\n\n\n<li class=\"has-medium-font-size\">magasiniers<\/li>\n\n\n\n<li class=\"has-medium-font-size\">vendeurs<\/li>\n\n\n\n<li class=\"has-medium-font-size\">gardiens<\/li>\n<\/ul>\n<\/div>\n<\/div>\n\n\n\n<p class=\"has-medium-font-size\">Dans certains cas, les personnes devront \u00e9galement apprendre les gestes de manutention et notamment \u00e0 <a href=\"https:\/\/mecahealth.com\/?page_id=2599\" data-type=\"page\" data-id=\"2599\">ramasser un objet au sol<\/a> ou d&rsquo;autres gestes bien entendu <a href=\"https:\/\/mecahealth.com\/?page_id=6325\" data-type=\"page\" data-id=\"6325\">selon les diff\u00e9rents gestes professionnels sp\u00e9cifiques<\/a>&#8230;<\/p>\n\n\n\n<h2 class=\"wp-block-heading has-medium-font-size\">MecaHealth propose des <a href=\"https:\/\/mecahealth.com\/?page_id=146\" data-type=\"page\" data-id=\"146\">formations cibl\u00e9es pour chaque type de profession<\/a> partout en Belgique comme en France.<\/h2>\n\n\n\n<p class=\"has-medium-font-size\">En attendant de pouvoir \u00eatre form\u00e9s dans votre environnement ou sur site, t\u00e9l\u00e9chargez le r\u00e9sum\u00e9 leur (vous) \u00e9tant destin\u00e9. <a href=\"https:\/\/mecahealth.com\/?page_id=95\" data-type=\"page\" data-id=\"95\">Contactez-nous<\/a> pour en savoir plus&#8230;<\/p>\n\n\n\n<div data-wp-interactive=\"core\/file\" class=\"wp-block-file\"><object data-wp-bind--hidden=\"!state.hasPdfPreview\" hidden class=\"wp-block-file__embed\" data=\"https:\/\/mecahealth.com\/wp-content\/uploads\/2023\/02\/MecaHealth-Professions-debout-Triptyque.pdf\" type=\"application\/pdf\" style=\"width:100%;height:300px\" aria-label=\"Contenu embarqu\u00e9 MecaHealth-Professions-debout-Triptyque.\"><\/object><a id=\"wp-block-file--media-f8384c8a-12e5-496a-9d78-e1d80e463485\" href=\"https:\/\/mecahealth.com\/wp-content\/uploads\/2023\/02\/MecaHealth-Professions-debout-Triptyque.pdf\">MecaHealth-Professions-debout-Triptyque<\/a><a href=\"https:\/\/mecahealth.com\/wp-content\/uploads\/2023\/02\/MecaHealth-Professions-debout-Triptyque.pdf\" class=\"wp-block-file__button wp-element-button\" download aria-describedby=\"wp-block-file--media-f8384c8a-12e5-496a-9d78-e1d80e463485\">Download<\/a><\/div>\n\n\n\n<figure class=\"wp-block-embed is-type-video is-provider-youtube wp-block-embed-youtube wp-embed-aspect-4-3 wp-has-aspect-ratio\"><div class=\"wp-block-embed__wrapper\">\n<iframe loading=\"lazy\" title=\"MecaHealth by Lelitch   Profession debout\" width=\"506\" height=\"900\" src=\"https:\/\/www.youtube.com\/embed\/Bx9uQ5yyNzk?feature=oembed\" frameborder=\"0\" allow=\"accelerometer; autoplay; clipboard-write; encrypted-media; gyroscope; picture-in-picture; web-share\" referrerpolicy=\"strict-origin-when-cross-origin\" allowfullscreen><\/iframe>\n<\/div><figcaption class=\"wp-element-caption\">Rappels \u00e0 \u00e9couter en boucle pour une mise en pratique plus <em>spontan\u00e9e <\/em>durant le travail&#8230;<\/figcaption><\/figure>\n\n\n\n<p>(&#8230;)<\/p>\n\n\n\n<h2 class=\"wp-block-heading has-medium-font-size\">Revenir au chapitre <em><a href=\"https:\/\/mecahealth.com\/?page_id=186\">Situations courantes<\/a><\/em>, <a href=\"https:\/\/mecahealth.com\/?page_id=127\" data-type=\"page\" data-id=\"127\"><em>Corps psychique<\/em><\/a><em> <\/em>ou \u00e0 la page <em><a href=\"https:\/\/mecahealth.com\/?page_id=3616\" data-type=\"page\" data-id=\"3616\">Enseignement<\/a><\/em><\/h2>\n","protected":false},"excerpt":{"rendered":"<p>Attention \u00e0 lire les consignes avant de lire toute page d&rsquo;un site sant\u00e9 ! Beaucoup de professionnels sont contraints de rester debout bien longtemps. Cette posture maintenue entra\u00eene des cons\u00e9quences la plupart du temps \u00e0 court, moyen et long terme aux genoux, au dos, aux pieds\/chevilles et \u00e0 la circulation.<a href=\"https:\/\/mecahealth.com\/?page_id=4115\" class=\"read-more\">Read More&#8230;<\/a><\/p>\n","protected":false},"author":1,"featured_media":0,"parent":0,"menu_order":0,"comment_status":"closed","ping_status":"closed","template":"","meta":{"footnotes":""},"class_list":["post-4115","page","type-page","status-publish","hentry"],"jetpack_sharing_enabled":true,"_links":{"self":[{"href":"https:\/\/mecahealth.com\/index.php?rest_route=\/wp\/v2\/pages\/4115","targetHints":{"allow":["GET"]}}],"collection":[{"href":"https:\/\/mecahealth.com\/index.php?rest_route=\/wp\/v2\/pages"}],"about":[{"href":"https:\/\/mecahealth.com\/index.php?rest_route=\/wp\/v2\/types\/page"}],"author":[{"embeddable":true,"href":"https:\/\/mecahealth.com\/index.php?rest_route=\/wp\/v2\/users\/1"}],"replies":[{"embeddable":true,"href":"https:\/\/mecahealth.com\/index.php?rest_route=%2Fwp%2Fv2%2Fcomments&post=4115"}],"version-history":[{"count":34,"href":"https:\/\/mecahealth.com\/index.php?rest_route=\/wp\/v2\/pages\/4115\/revisions"}],"predecessor-version":[{"id":8780,"href":"https:\/\/mecahealth.com\/index.php?rest_route=\/wp\/v2\/pages\/4115\/revisions\/8780"}],"wp:attachment":[{"href":"https:\/\/mecahealth.com\/index.php?rest_route=%2Fwp%2Fv2%2Fmedia&parent=4115"}],"curies":[{"name":"wp","href":"https:\/\/api.w.org\/{rel}","templated":true}]}}