{"id":402,"date":"2023-01-08T02:46:18","date_gmt":"2023-01-08T00:46:18","guid":{"rendered":"https:\/\/mecahealth.com\/?page_id=402"},"modified":"2025-10-17T09:21:14","modified_gmt":"2025-10-17T07:21:14","slug":"normalite-symetrie","status":"publish","type":"page","link":"https:\/\/mecahealth.com\/?page_id=402","title":{"rendered":"Normalit\u00e9 : sym\u00e9trie"},"content":{"rendered":"\n<p class=\"has-small-font-size\"><a href=\"https:\/\/mecahealth.com\/?page_id=122\">Attention \u00e0 lire les consignes avant de lire toute page d&rsquo;un site sant\u00e9 !<\/a><\/p>\n\n\n\n<figure class=\"wp-block-image size-large is-resized is-style-rounded\"><img loading=\"lazy\" decoding=\"async\" width=\"1024\" height=\"1024\" src=\"https:\/\/mecahealth.com\/wp-content\/uploads\/2023\/01\/Baleines-symetrique-carre-1024x1024.jpg\" alt=\"\" class=\"wp-image-357\" style=\"width:330px;height:330px\" srcset=\"https:\/\/mecahealth.com\/wp-content\/uploads\/2023\/01\/Baleines-symetrique-carre-1024x1024.jpg 1024w, https:\/\/mecahealth.com\/wp-content\/uploads\/2023\/01\/Baleines-symetrique-carre-300x300.jpg 300w, https:\/\/mecahealth.com\/wp-content\/uploads\/2023\/01\/Baleines-symetrique-carre-150x150.jpg 150w, https:\/\/mecahealth.com\/wp-content\/uploads\/2023\/01\/Baleines-symetrique-carre-768x768.jpg 768w, https:\/\/mecahealth.com\/wp-content\/uploads\/2023\/01\/Baleines-symetrique-carre.jpg 1126w\" sizes=\"auto, (max-width: 1024px) 100vw, 1024px\" \/><\/figure>\n\n\n\n<p class=\"has-large-font-size\">Avez-vous d\u00e9j\u00e0 vu un animal gaucher ou droitier ?<\/p>\n\n\n\n<p class=\"has-medium-font-size\">Dans la nature, except\u00e9 quelques rares sp\u00e9cimens tels le crabe, la sole ou le dahu (&#8230;) avez-vous d\u00e9j\u00e0 vu un animal unilat\u00e9raliser toutes ses charges ? <strong>Nous ne sommes pas fait pour \u00eatre asym\u00e9triques.<\/strong> Gauche et droite doivent s&rsquo;unir pour atteindre un juste milieu (&#8230;). Sauf si vous aimeriez avoir une face de sole ou de crabe bien entendu.<\/p>\n\n\n\n<p class=\"has-medium-font-size\">Imaginez-vous l&rsquo;oiseau avec une aile plus forte que l&rsquo;autre ? Voyez-vous la baleine avec un aileron plus puissant ? Ils tourneraient sur eux-m\u00eames sans arr\u00eat.<\/p>\n\n\n\n<p class=\"has-medium-font-size\">C&rsquo;est en r\u00e9alit\u00e9 l&rsquo;utilisation des mains ou des pattes pour le singe comme membres de pr\u00e9hension qui m\u00e8ne \u00e0 une <a data-type=\"page\" data-id=\"1113\" href=\"https:\/\/mecahealth.com\/?page_id=1113\">asym\u00e9trie<\/a> d&rsquo;utilisation de nos membres plus que notre fonction c\u00e9r\u00e9brale asym\u00e9tris\u00e9e. Le singe et l&rsquo;ours seront donc en effet l\u00e9g\u00e8rement gauche ou droitier ; l&rsquo;ours serait plut\u00f4t gaucher disait-on mais rien ne l&rsquo;affirme finalement scientifiquement.<\/p>\n\n\n\n<p class=\"has-medium-font-size\"><strong>Ce n&rsquo;est pas mal du tout d&rsquo;\u00eatre plus dou\u00e9 d&rsquo;un c\u00f4t\u00e9 mais nous pourrions dire qu&rsquo;il n&rsquo;est pas normal de s&rsquo;en contenter.<\/strong><\/p>\n\n\n\n<p class=\"has-medium-font-size\">Qu&rsquo;il s&rsquo;agisse de gestes \u00ab\u00a0fins\u00a0\u00bb comme l&rsquo;\u00e9criture, l&rsquo;<a href=\"https:\/\/mecahealth.com\/?page_id=1113\" data-type=\"page\" data-id=\"1113\">asym\u00e9trie<\/a> n&rsquo;est pas trop grave si par la difficult\u00e9 de cette pr\u00e9cision, nous ne cr\u00e9ons pas un tension et une position du reste du corps totalement d\u00e9vi\u00e9e. La plupart se mettent de travers pour \u00e9crire. Il n\u2019y a aucune raison en fait.<\/p>\n\n\n<div class=\"wp-block-image\">\n<figure class=\"alignleft size-full\"><img loading=\"lazy\" decoding=\"async\" width=\"300\" height=\"373\" src=\"https:\/\/mecahealth.com\/wp-content\/uploads\/2023\/01\/MecaHealth-se-lever-symetrie.jpg\" alt=\"\" class=\"wp-image-1600\" srcset=\"https:\/\/mecahealth.com\/wp-content\/uploads\/2023\/01\/MecaHealth-se-lever-symetrie.jpg 300w, https:\/\/mecahealth.com\/wp-content\/uploads\/2023\/01\/MecaHealth-se-lever-symetrie-241x300.jpg 241w\" sizes=\"auto, (max-width: 300px) 100vw, 300px\" \/><\/figure>\n<\/div>\n\n\n<p class=\"has-medium-font-size\">De mani\u00e8re g\u00e9n\u00e9rale, nous devrions utiliser nos membres de la m\u00eame mani\u00e8re de chaque c\u00f4t\u00e9 notamment en nous <a data-type=\"page\" data-id=\"257\" href=\"https:\/\/mecahealth.com\/?page_id=257\">asseyant ou nous levant<\/a> et non comme beaucoup de personnes <a href=\"https:\/\/mecahealth.com\/?page_id=8330\">travaillant en administration<\/a>.<\/p>\n\n\n\n<p class=\"has-medium-font-size\">Si nous utilisons un membre plus souvent ou avec plus de force, il y aura un d\u00e9s\u00e9quilibre gauche-droite qui entra\u00eenera toujours une d\u00e9viation vers le c\u00f4t\u00e9 le plus fort. Ces d\u00e9viations sont souvent mineures en apparence mais les cons\u00e9quences sont parfois dramatiques et insoup\u00e7onn\u00e9es \u00e0 plus ou moins long terme car elles <a href=\"https:\/\/mecahealth.com\/?page_id=1113\" data-type=\"page\" data-id=\"1113\">augmentent le bras de levier<\/a>. Dans toutes les situations courantes, nous rechercherons donc \u00e0 rester sym\u00e9trique notamment lorsque nous <a href=\"https:\/\/mecahealth.com\/?page_id=1530\" data-type=\"page\" data-id=\"1530\">portons des sacs ou des valises<\/a>.<\/p>\n\n\n\n<p><\/p>\n\n\n\n<h2 class=\"wp-block-heading has-medium-font-size\">Revenir au chapitre <a href=\"https:\/\/mecahealth.com\/?page_id=180\" data-type=\"URL\" data-id=\"https:\/\/mecahealth.com\/?page_id=180\"><em>Normalit\u00e9<\/em><\/a><\/h2>\n","protected":false},"excerpt":{"rendered":"<p>Attention \u00e0 lire les consignes avant de lire toute page d&rsquo;un site sant\u00e9 ! Avez-vous d\u00e9j\u00e0 vu un animal gaucher ou droitier ? Dans la nature, except\u00e9 quelques rares sp\u00e9cimens tels le crabe, la sole ou le dahu (&#8230;) avez-vous d\u00e9j\u00e0 vu un animal unilat\u00e9raliser toutes ses charges ? Nous<a href=\"https:\/\/mecahealth.com\/?page_id=402\" class=\"read-more\">Read More&#8230;<\/a><\/p>\n","protected":false},"author":1,"featured_media":0,"parent":0,"menu_order":0,"comment_status":"closed","ping_status":"closed","template":"","meta":{"footnotes":""},"class_list":["post-402","page","type-page","status-publish","hentry"],"jetpack_sharing_enabled":true,"_links":{"self":[{"href":"https:\/\/mecahealth.com\/index.php?rest_route=\/wp\/v2\/pages\/402","targetHints":{"allow":["GET"]}}],"collection":[{"href":"https:\/\/mecahealth.com\/index.php?rest_route=\/wp\/v2\/pages"}],"about":[{"href":"https:\/\/mecahealth.com\/index.php?rest_route=\/wp\/v2\/types\/page"}],"author":[{"embeddable":true,"href":"https:\/\/mecahealth.com\/index.php?rest_route=\/wp\/v2\/users\/1"}],"replies":[{"embeddable":true,"href":"https:\/\/mecahealth.com\/index.php?rest_route=%2Fwp%2Fv2%2Fcomments&post=402"}],"version-history":[{"count":12,"href":"https:\/\/mecahealth.com\/index.php?rest_route=\/wp\/v2\/pages\/402\/revisions"}],"predecessor-version":[{"id":8332,"href":"https:\/\/mecahealth.com\/index.php?rest_route=\/wp\/v2\/pages\/402\/revisions\/8332"}],"wp:attachment":[{"href":"https:\/\/mecahealth.com\/index.php?rest_route=%2Fwp%2Fv2%2Fmedia&parent=402"}],"curies":[{"name":"wp","href":"https:\/\/api.w.org\/{rel}","templated":true}]}}