{"id":395,"date":"2023-01-08T02:26:38","date_gmt":"2023-01-08T00:26:38","guid":{"rendered":"https:\/\/mecahealth.com\/?page_id=395"},"modified":"2024-09-29T11:07:38","modified_gmt":"2024-09-29T09:07:38","slug":"normalite-poids","status":"publish","type":"page","link":"https:\/\/mecahealth.com\/?page_id=395","title":{"rendered":"Normalit\u00e9 : poids"},"content":{"rendered":"\n<p class=\"has-medium-font-size\"><a href=\"https:\/\/mecahealth.com\/?page_id=122\">Attention \u00e0 lire les consignes avant de lire toute page d&rsquo;un site sant\u00e9 !<\/a><\/p>\n\n\n\n<figure class=\"wp-block-image size-full is-style-rounded\"><img loading=\"lazy\" decoding=\"async\" width=\"330\" height=\"330\" src=\"https:\/\/mecahealth.com\/wp-content\/uploads\/2023\/01\/7-1.jpg\" alt=\"\" class=\"wp-image-391\" srcset=\"https:\/\/mecahealth.com\/wp-content\/uploads\/2023\/01\/7-1.jpg 330w, https:\/\/mecahealth.com\/wp-content\/uploads\/2023\/01\/7-1-300x300.jpg 300w, https:\/\/mecahealth.com\/wp-content\/uploads\/2023\/01\/7-1-150x150.jpg 150w\" sizes=\"auto, (max-width: 330px) 100vw, 330px\" \/><\/figure>\n\n\n\n<h2 class=\"wp-block-heading has-large-font-size\">Populations tribales exemplaires<\/h2>\n\n\n<div class=\"wp-block-image\">\n<figure class=\"alignleft size-full is-resized\"><img loading=\"lazy\" decoding=\"async\" width=\"330\" height=\"330\" src=\"https:\/\/mecahealth.com\/wp-content\/uploads\/2023\/01\/MecaHealth-population-tribale-exemplaire.jpg\" alt=\"\" class=\"wp-image-2302\" style=\"width:250px;height:250px\" srcset=\"https:\/\/mecahealth.com\/wp-content\/uploads\/2023\/01\/MecaHealth-population-tribale-exemplaire.jpg 330w, https:\/\/mecahealth.com\/wp-content\/uploads\/2023\/01\/MecaHealth-population-tribale-exemplaire-300x300.jpg 300w, https:\/\/mecahealth.com\/wp-content\/uploads\/2023\/01\/MecaHealth-population-tribale-exemplaire-150x150.jpg 150w\" sizes=\"auto, (max-width: 330px) 100vw, 330px\" \/><\/figure>\n<\/div>\n\n\n<p class=\"has-medium-font-size\">Regardez n&rsquo;importe quel reportage traitant des populations tribales. Nous parlons bien de populations tribales et non de populations en difficult\u00e9s \u00e9conomiques. Nous parlons bien de populations tr\u00e8s peu influenc\u00e9es par l&rsquo;industrialisation. Vous n&rsquo;y verrez sans doute aucune personnes en situation de r\u00e9el surpoids ni de personne bodybuild\u00e9e, ni une seule -hormis conditions de famine- qui cherchera \u00e0 maigrir pour plaire \u00e0 un <a href=\"https:\/\/mecahealth.com\/?page_id=2205\" data-type=\"page\" data-id=\"2205\">couturier incapable d&rsquo;habiller de belles formes<\/a> *(&#8230;). <a href=\"https:\/\/mecahealth.com\/?page_id=428\" data-type=\"page\" data-id=\"428\">La marche du peuple Massa\u00ef et d&rsquo;autres peuples marcheurs, est \u00e9l\u00e9gante<\/a> sans exag\u00e9ration.<\/p>\n\n\n\n<p class=\"has-small-font-size\">* Quoi de plus simple en effet que de coudre pour une personne sans forme : sans poitrine, sans <em>hanche<\/em>s, sans fesses&#8230;<\/p>\n\n\n\n<p class=\"has-medium-font-size\">Dans une \u00e9tude des ann\u00e9es quatre-vingt-dix (nonantes) que nous n&rsquo;avons pas retrouv\u00e9e malheureusement, 3% de l&rsquo;ob\u00e9sit\u00e9 \u00e9tait consid\u00e9r\u00e9e comme naturelle mais li\u00e9e \u00e0 un d\u00e9sordre pathologique. Cela sous-entend pour certains que les 97 pourcents restant seraient responsables de leur situation. Ce que nous ne pouvons d\u00e9fendre non plus malgr\u00e9 tout. En effet, m\u00eame si de nombreuses personnes ne g\u00e8rent pas bien leur alimentation, ce n&rsquo;est pas pour autant qu&rsquo;il s&rsquo;agit de la majorit\u00e9 encore aujourd&rsquo;hui. Beaucoup de personnes ne savent surtout pas ce qui leur correspond comme alimentation car <a data-type=\"page\" data-id=\"2236\" href=\"https:\/\/mecahealth.com\/?page_id=2236\">nous ne sommes pas \u00e9gaux &#8230;corporellement et visc\u00e9ralement<\/a> et qu&rsquo;elles se font avoir par la publicit\u00e9 agro-alimentaires (notamment <a data-type=\"page\" data-id=\"3620\" href=\"https:\/\/mecahealth.com\/?page_id=3620\">celle des sodas<\/a>) ou par d&rsquo;autres charlatans\/incomp\u00e9tents <a href=\"http:\/\/influences\">s<\/a><a href=\"http:\/\/influences\">o<\/a><a href=\"http:\/\/influences\">u<\/a><a href=\"http:\/\/influences\">s influences<\/a> affirmant qu&rsquo;il existe un seul r\u00e9gime valable pour toute la population.<\/p>\n\n\n\n<p class=\"has-medium-font-size\">La <a href=\"https:\/\/mecahealth.com\/?page_id=6551\" data-type=\"page\" data-id=\"6551\">r\u00e9partition des graisses d\u00e9pend \u00e9galement de nos postures et de nos mouvements<\/a> parfois sexu\u00e9s ou influenc\u00e9s par les <a href=\"https:\/\/mecahealth.com\/?page_id=5892\" data-type=\"page\" data-id=\"5892\">diff\u00e9rents rangs<\/a>.<\/p>\n\n\n\n<p class=\"has-medium-font-size\">Un th\u00e9rapeute physique par contre ne pourra d\u00e9fendre v\u00e9ritablement le surpoids puisqu&rsquo;il g\u00e9n\u00e8re \u00e0 moyen et long terme, par l&rsquo;ath\u00e9roscl\u00e9rose qui en d\u00e9coule, des <a href=\"https:\/\/mecahealth.com\/?page_id=602\" data-type=\"page\" data-id=\"602\">troubles cardiaques<\/a> et parfois de <a href=\"https:\/\/mecahealth.com\/?page_id=600\" data-type=\"page\" data-id=\"600\">troubles respiratoires<\/a>. Dans ce m\u00eame ordre de temps, les personnes concern\u00e9es d\u00e9veloppent fr\u00e9quemment une <a href=\"https:\/\/mecahealth.com\/?page_id=564\" data-type=\"page\" data-id=\"564\">arthrose pr\u00e9coce<\/a> en plus du manque de plaisir de se mouvoir facilement. Nous reviendrons plus en d\u00e9tails sur le surpoids sous un <a href=\"https:\/\/mecahealth.com\/?page_id=127\" data-type=\"page\" data-id=\"127\">angle psychique<\/a>. En attendant, sachez que, hors exc\u00e8s de Fastfood, la plupart des hommes en surpoids et femmes fortes \u00e9taient g\u00e9n\u00e9ralement plus intelligents que la moyenne de leurs classes mais qu&rsquo;un manque de <a href=\"https:\/\/mecahealth.com\/?page_id=2296\" data-type=\"page\" data-id=\"2296\">confiance en soi<\/a> ne leur a pas permis de se satisfaire d&rsquo;un plaisir intellectuel et que par <a href=\"https:\/\/mecahealth.com\/?page_id=1974\" data-type=\"page\" data-id=\"1974\">instinct gr\u00e9gaire<\/a> un peu <a href=\"https:\/\/mecahealth.com\/?page_id=1978\" data-type=\"page\" data-id=\"1978\">domin\u00e9<\/a>, ils se sont effac\u00e9s plus que mis en avant (&#8230;).<\/p>\n\n\n<div class=\"wp-block-image\">\n<figure class=\"alignleft size-full is-resized\"><img loading=\"lazy\" decoding=\"async\" width=\"330\" height=\"330\" src=\"https:\/\/mecahealth.com\/wp-content\/uploads\/2023\/02\/MecaHealth-poids-surpoids-poignees.jpg\" alt=\"\" class=\"wp-image-3769\" style=\"width:250px;height:250px\" srcset=\"https:\/\/mecahealth.com\/wp-content\/uploads\/2023\/02\/MecaHealth-poids-surpoids-poignees.jpg 330w, https:\/\/mecahealth.com\/wp-content\/uploads\/2023\/02\/MecaHealth-poids-surpoids-poignees-300x300.jpg 300w, https:\/\/mecahealth.com\/wp-content\/uploads\/2023\/02\/MecaHealth-poids-surpoids-poignees-150x150.jpg 150w\" sizes=\"auto, (max-width: 330px) 100vw, 330px\" \/><\/figure>\n<\/div>\n\n\n<p class=\"has-medium-font-size\">Ce qui est \u00e9galement important \u00e0 savoir c&rsquo;est qu&rsquo;une r\u00e9serve de graisse, que nous pourrions appeler <strong><em>poign\u00e9es d&rsquo;amour<\/em>, est int\u00e9ressante \u00e0 garder<\/strong> lors d&rsquo;une maladie impliquant une difficult\u00e9 de se nourrir pendant quelques jours. En effet, lorsque nous sommes malades, en combattant contre un virus ou une bact\u00e9rie, nous perdons parfois l&rsquo;app\u00e9tit pour que notre corps se d\u00e9fende sans gaspiller d&rsquo;\u00e9nergie dans un masticage puis un brassage de nourriture. <\/p>\n\n\n\n<p class=\"has-medium-font-size\">Le corps se servira dans les r\u00e9serves (<a data-type=\"page\" data-id=\"3249\" href=\"https:\/\/mecahealth.com\/?page_id=3249\">plus importante durant la p\u00e9riode d&rsquo;hivernation<\/a>). Si nous sommes trop minces, le corps ne sera pas piocher en suffisance et pourrions \u00eatre en quelque sorte maintenus dans notre fragilit\u00e9 par notre manque de r\u00e9serves. Nous, auteurs, n&rsquo;\u00e9crivons pas ces lignes pour nous rassurer. Nous ne sommes pas (encore) en surpoids notamment par chance sans doute mais aussi <a data-type=\"page\" data-id=\"272\" href=\"https:\/\/mecahealth.com\/?page_id=272\">parce que nous ne suivons pas les inepties d\u00e9fendues depuis quelques g\u00e9n\u00e9rations<\/a> dont celle de croire qu&rsquo;un jeune enfant se laissera mourir de faim. Inutile de travailler un trop grand remplissage (gavage) en insistant sur la quantit\u00e9 que l&rsquo;enfant doit manger au lieu de valoriser les activit\u00e9s physiques qui r\u00e9veilleront ses besoins (&#8230;).<\/p>\n\n\n\n<p class=\"has-medium-font-size\">Pour ceux qui sont en surpoids comme <a href=\"https:\/\/mecahealth.com\/?page_id=6548\" data-type=\"page\" data-id=\"6548\">un <em>sous-poids <\/em>av\u00e9r\u00e9<\/a> comme, nous vous invitons \u00e0 suivre des groupes tels que les O.A (\u00e9quivalent aux A.A) qui apporte comparativement une dynamique plus efficace \u00e0 moyen terme que de nombreuses th\u00e9rapies voire de <span style=\"text-decoration: underline;\">certains<\/span> suivis nutritionnistes (&#8230;).<\/p>\n\n\n\n<ul class=\"wp-block-list has-medium-font-size\">\n<li><a href=\"https:\/\/oafootsteps.com\/le-groupe-francophone-de-oa-foot-steps\/\">OA Foot Steps<\/a> (r\u00e9unions francophones en <em>visio <\/em>Zoom)<\/li>\n\n\n\n<li><a href=\"https:\/\/oainfos.org\/reunions-outremangeurs-anonymes\/reunions-en-belgique\/\">Outremangeurs Anonyme Belgique \/ Suisse<\/a><\/li>\n\n\n\n<li><a href=\"https:\/\/oainfos.org\/\">Outremangeurs Anonymes France<\/a><\/li>\n<\/ul>\n\n\n\n<p>(&#8230;).<\/p>\n\n\n\n<h2 class=\"wp-block-heading has-medium-font-size\">Revenir \u00e0 la page<em> <a href=\"https:\/\/mecahealth.com\/?page_id=2201\" data-type=\"page\" data-id=\"2201\">Ventre<\/a><\/em> ou <a href=\"https:\/\/mecahealth.com\/?page_id=2205\" data-type=\"page\" data-id=\"2205\"><em>Esth\u00e9tique<\/em><\/a><\/h2>\n","protected":false},"excerpt":{"rendered":"<p>Attention \u00e0 lire les consignes avant de lire toute page d&rsquo;un site sant\u00e9 ! Populations tribales exemplaires Regardez n&rsquo;importe quel reportage traitant des populations tribales. Nous parlons bien de populations tribales et non de populations en difficult\u00e9s \u00e9conomiques. Nous parlons bien de populations tr\u00e8s peu influenc\u00e9es par l&rsquo;industrialisation. Vous n&rsquo;y<a href=\"https:\/\/mecahealth.com\/?page_id=395\" class=\"read-more\">Read More&#8230;<\/a><\/p>\n","protected":false},"author":1,"featured_media":0,"parent":0,"menu_order":0,"comment_status":"closed","ping_status":"closed","template":"","meta":{"footnotes":""},"class_list":["post-395","page","type-page","status-publish","hentry"],"jetpack_sharing_enabled":true,"_links":{"self":[{"href":"https:\/\/mecahealth.com\/index.php?rest_route=\/wp\/v2\/pages\/395","targetHints":{"allow":["GET"]}}],"collection":[{"href":"https:\/\/mecahealth.com\/index.php?rest_route=\/wp\/v2\/pages"}],"about":[{"href":"https:\/\/mecahealth.com\/index.php?rest_route=\/wp\/v2\/types\/page"}],"author":[{"embeddable":true,"href":"https:\/\/mecahealth.com\/index.php?rest_route=\/wp\/v2\/users\/1"}],"replies":[{"embeddable":true,"href":"https:\/\/mecahealth.com\/index.php?rest_route=%2Fwp%2Fv2%2Fcomments&post=395"}],"version-history":[{"count":29,"href":"https:\/\/mecahealth.com\/index.php?rest_route=\/wp\/v2\/pages\/395\/revisions"}],"predecessor-version":[{"id":7296,"href":"https:\/\/mecahealth.com\/index.php?rest_route=\/wp\/v2\/pages\/395\/revisions\/7296"}],"wp:attachment":[{"href":"https:\/\/mecahealth.com\/index.php?rest_route=%2Fwp%2Fv2%2Fmedia&parent=395"}],"curies":[{"name":"wp","href":"https:\/\/api.w.org\/{rel}","templated":true}]}}