{"id":3745,"date":"2023-02-19T10:05:43","date_gmt":"2023-02-19T09:05:43","guid":{"rendered":"https:\/\/mecahealth.com\/?page_id=3745"},"modified":"2023-12-01T02:25:33","modified_gmt":"2023-12-01T01:25:33","slug":"pathologie-chutes-et-chocs","status":"publish","type":"page","link":"https:\/\/mecahealth.com\/?page_id=3745","title":{"rendered":"Pathologie : chutes et chocs"},"content":{"rendered":"\n<p class=\"has-medium-font-size\"><a href=\"https:\/\/mecahealth.com\/?page_id=122\">Attention \u00e0 lire les consignes avant de lire toute page d&rsquo;un site sant\u00e9 !<\/a><\/p>\n\n\n\n<figure class=\"wp-block-image size-large is-resized is-style-rounded\"><img loading=\"lazy\" decoding=\"async\" src=\"https:\/\/mecahealth.com\/wp-content\/uploads\/2023\/01\/Baleines-symetrique-carre-1024x1024.jpg\" alt=\"\" class=\"wp-image-357\" width=\"330\" height=\"330\" srcset=\"https:\/\/mecahealth.com\/wp-content\/uploads\/2023\/01\/Baleines-symetrique-carre-1024x1024.jpg 1024w, https:\/\/mecahealth.com\/wp-content\/uploads\/2023\/01\/Baleines-symetrique-carre-300x300.jpg 300w, https:\/\/mecahealth.com\/wp-content\/uploads\/2023\/01\/Baleines-symetrique-carre-150x150.jpg 150w, https:\/\/mecahealth.com\/wp-content\/uploads\/2023\/01\/Baleines-symetrique-carre-768x768.jpg 768w, https:\/\/mecahealth.com\/wp-content\/uploads\/2023\/01\/Baleines-symetrique-carre.jpg 1126w\" sizes=\"auto, (max-width: 330px) 100vw, 330px\" \/><\/figure>\n\n\n\n<p class=\"has-medium-font-size\">Les chutes peuvent \u00eatre caus\u00e9es par divers facteurs et peuvent pr\u00e9senter des risques importants, en particulier chez les personnes \u00e2g\u00e9es. Voici une liste des principales causes de chutes et des risques associ\u00e9s et <a href=\"https:\/\/mecahealth.com\/?page_id=2234\" data-type=\"page\" data-id=\"2234\">en lien, la m\u00e9thode \u00e0 suivre pour se relever<\/a> :<\/p>\n\n\n\n<ol class=\"has-medium-font-size wp-block-list\">\n<li><strong>Facteurs li\u00e9s \u00e0 l&rsquo;environnement :<\/strong>\n<ul class=\"wp-block-list\">\n<li>Sol glissant ou in\u00e9gal.<\/li>\n\n\n\n<li>Tapis mal fix\u00e9s ou pli\u00e9s.<\/li>\n\n\n\n<li>\u00c9clairage insuffisant.<\/li>\n\n\n\n<li>Obstacles ou d\u00e9bris sur le sol.<\/li>\n\n\n\n<li>Escaliers mal entretenus ou manque de main courante.<\/li>\n<\/ul>\n<\/li>\n\n\n\n<li><strong>Facteurs physiques :<\/strong>\n<ul class=\"wp-block-list\">\n<li>Diminution de la force musculaire.<\/li>\n\n\n\n<li>Perte de l&rsquo;\u00e9quilibre.<\/li>\n\n\n\n<li>Probl\u00e8mes de vision.<\/li>\n\n\n\n<li>Diminution de la mobilit\u00e9 et de la flexibilit\u00e9.<\/li>\n\n\n\n<li>Probl\u00e8mes de coordination motrice.<\/li>\n\n\n\n<li>Fatigue.<\/li>\n<\/ul>\n<\/li>\n\n\n\n<li><strong>Conditions m\u00e9dicales :<\/strong>\n<ul class=\"wp-block-list\">\n<li>Troubles neurologiques (par exemple, maladie de Parkinson, accident vasculaire c\u00e9r\u00e9bral).<\/li>\n\n\n\n<li>Probl\u00e8mes de vision (comme la cataracte ou la d\u00e9g\u00e9n\u00e9rescence maculaire).<\/li>\n\n\n\n<li>Hypotension orthostatique (chute de la pression art\u00e9rielle en se levant).<\/li>\n\n\n\n<li>Probl\u00e8mes de pieds (comme les troubles de la marche, les cors, les callosit\u00e9s).<\/li>\n<\/ul>\n<\/li>\n\n\n\n<li><strong>Effets secondaires de m\u00e9dicaments :<\/strong>\n<ul class=\"wp-block-list\">\n<li>Certains m\u00e9dicaments peuvent entra\u00eener des \u00e9tourdissements, une faiblesse ou des perturbations de l&rsquo;\u00e9quilibre, augmentant ainsi le risque de chute.<\/li>\n<\/ul>\n<\/li>\n\n\n\n<li><strong>D\u00e9ficience cognitive :<\/strong>\n<ul class=\"wp-block-list\">\n<li>Les personnes atteintes de troubles cognitifs, tels que la d\u00e9mence, peuvent \u00eatre plus susceptibles de tomber en raison de difficult\u00e9s \u00e0 \u00e9valuer les risques ou \u00e0 comprendre les consignes de s\u00e9curit\u00e9.<\/li>\n<\/ul>\n<\/li>\n\n\n\n<li><strong>Probl\u00e8mes de pied :<\/strong>\n<ul class=\"wp-block-list\">\n<li>Mauvais chaussage.<\/li>\n\n\n\n<li>Pieds douloureux ou probl\u00e8mes de pieds non trait\u00e9s.<\/li>\n<\/ul>\n<\/li>\n<\/ol>\n\n\n\n<p class=\"has-medium-font-size\">Les risques associ\u00e9s aux chutes sont vari\u00e9s et peuvent inclure :<\/p>\n\n\n\n<ul class=\"has-medium-font-size wp-block-list\">\n<li>Fractures osseuses.<\/li>\n\n\n\n<li>Traumatismes cr\u00e2niens.<\/li>\n\n\n\n<li>H\u00e9matomes.<\/li>\n\n\n\n<li>Blessures musculaires et ligamentaires.<\/li>\n\n\n\n<li>Perte de confiance en soi et peur de tomber \u00e0 nouveau.<\/li>\n\n\n\n<li>Limitations fonctionnelles et perte d&rsquo;ind\u00e9pendance.<\/li>\n\n\n\n<li>Hospitalisation prolong\u00e9e et r\u00e9tablissement difficile.<\/li>\n<\/ul>\n\n\n\n<p class=\"has-medium-font-size\">La pr\u00e9vention des chutes implique souvent des mesures telles que l&rsquo;adaptation de l&rsquo;environnement pour le rendre plus s\u00fbr, l&rsquo;am\u00e9lioration de la force musculaire et de l&rsquo;\u00e9quilibre par des exercices r\u00e9guliers (dont ceux de <a href=\"https:\/\/mecahealth.com\/?page_id=2047\" data-type=\"page\" data-id=\"2047\">r\u00e9\u00e9ducation de base<\/a>), la gestion des probl\u00e8mes m\u00e9dicaux sous-jacents, et la r\u00e9vision des m\u00e9dicaments susceptibles d&rsquo;entra\u00eener des effets secondaires. Les professionnels de la sant\u00e9, y compris les physioth\u00e9rapeutes et les ergoth\u00e9rapeutes, peuvent jouer un r\u00f4le cl\u00e9 dans l&rsquo;\u00e9valuation des risques de chute et la mise en \u0153uvre de strat\u00e9gies de pr\u00e9vention mais \u00e9galement en stimulant les <a href=\"https:\/\/mecahealth.com\/?page_id=443\" data-type=\"page\" data-id=\"443\">r\u00e9flexes naturels de protection<\/a>.<\/p>\n\n\n\n<p class=\"has-medium-font-size\">(&#8230;)<\/p>\n\n\n\n<h2 class=\"wp-block-heading has-medium-font-size\">Revenir au chapitre <a href=\"https:\/\/mecahealth.com\/?page_id=180\" data-type=\"URL\" data-id=\"https:\/\/mecahealth.com\/?page_id=180\"><em>Normalit\u00e9<\/em><\/a><\/h2>\n","protected":false},"excerpt":{"rendered":"<p>Attention \u00e0 lire les consignes avant de lire toute page d&rsquo;un site sant\u00e9 ! Les chutes peuvent \u00eatre caus\u00e9es par divers facteurs et peuvent pr\u00e9senter des risques importants, en particulier chez les personnes \u00e2g\u00e9es. Voici une liste des principales causes de chutes et des risques associ\u00e9s et en lien, la<a href=\"https:\/\/mecahealth.com\/?page_id=3745\" class=\"read-more\">Read More&#8230;<\/a><\/p>\n","protected":false},"author":1,"featured_media":0,"parent":0,"menu_order":0,"comment_status":"closed","ping_status":"closed","template":"","meta":{"footnotes":""},"class_list":["post-3745","page","type-page","status-publish","hentry"],"jetpack_sharing_enabled":true,"_links":{"self":[{"href":"https:\/\/mecahealth.com\/index.php?rest_route=\/wp\/v2\/pages\/3745","targetHints":{"allow":["GET"]}}],"collection":[{"href":"https:\/\/mecahealth.com\/index.php?rest_route=\/wp\/v2\/pages"}],"about":[{"href":"https:\/\/mecahealth.com\/index.php?rest_route=\/wp\/v2\/types\/page"}],"author":[{"embeddable":true,"href":"https:\/\/mecahealth.com\/index.php?rest_route=\/wp\/v2\/users\/1"}],"replies":[{"embeddable":true,"href":"https:\/\/mecahealth.com\/index.php?rest_route=%2Fwp%2Fv2%2Fcomments&post=3745"}],"version-history":[{"count":6,"href":"https:\/\/mecahealth.com\/index.php?rest_route=\/wp\/v2\/pages\/3745\/revisions"}],"predecessor-version":[{"id":6698,"href":"https:\/\/mecahealth.com\/index.php?rest_route=\/wp\/v2\/pages\/3745\/revisions\/6698"}],"wp:attachment":[{"href":"https:\/\/mecahealth.com\/index.php?rest_route=%2Fwp%2Fv2%2Fmedia&parent=3745"}],"curies":[{"name":"wp","href":"https:\/\/api.w.org\/{rel}","templated":true}]}}