{"id":3711,"date":"2023-02-19T03:31:13","date_gmt":"2023-02-19T02:31:13","guid":{"rendered":"https:\/\/mecahealth.com\/?page_id=3711"},"modified":"2023-03-04T10:05:23","modified_gmt":"2023-03-04T09:05:23","slug":"situation-marcher-mains-libres","status":"publish","type":"page","link":"https:\/\/mecahealth.com\/?page_id=3711","title":{"rendered":"Situation : marcher mains libres (sac &#8211; cl\u00e9s)"},"content":{"rendered":"\n<p class=\"has-medium-font-size\"><a style=\"font-size: revert;\" href=\"https:\/\/mecahealth.com\/?page_id=122\">Attention \u00e0 lire les consignes avant de lire toute page d&rsquo;un site sant\u00e9 !<\/a><\/p>\n\n\n\n<figure class=\"wp-block-image size-full is-style-rounded\"><img loading=\"lazy\" decoding=\"async\" width=\"330\" height=\"330\" src=\"https:\/\/mecahealth.com\/wp-content\/uploads\/2023\/02\/MecaHealth-chute-cles-1.jpg\" alt=\"\" class=\"wp-image-3716\" srcset=\"https:\/\/mecahealth.com\/wp-content\/uploads\/2023\/02\/MecaHealth-chute-cles-1.jpg 330w, https:\/\/mecahealth.com\/wp-content\/uploads\/2023\/02\/MecaHealth-chute-cles-1-300x300.jpg 300w, https:\/\/mecahealth.com\/wp-content\/uploads\/2023\/02\/MecaHealth-chute-cles-1-150x150.jpg 150w\" sizes=\"auto, (max-width: 330px) 100vw, 330px\" \/><\/figure>\n\n\n\n<h2 class=\"wp-block-heading has-large-font-size\">Se tenir, un r\u00e9flexe animal<\/h2>\n\n\n\n<p class=\"has-medium-font-size\">S&rsquo;il vous arrive de marcher avec quelque chose en main, c&rsquo;est absolument \u00e0 \u00e9viter si vous vieillissez ou avez de pertes d&rsquo;\u00e9quilibre.<\/p>\n\n\n<div class=\"wp-block-image\">\n<figure class=\"alignleft size-full is-resized\"><img loading=\"lazy\" decoding=\"async\" src=\"https:\/\/mecahealth.com\/wp-content\/uploads\/2023\/02\/MecaHealth-chute-cles-2.jpg\" alt=\"\" class=\"wp-image-3717\" width=\"250\" height=\"250\" srcset=\"https:\/\/mecahealth.com\/wp-content\/uploads\/2023\/02\/MecaHealth-chute-cles-2.jpg 330w, https:\/\/mecahealth.com\/wp-content\/uploads\/2023\/02\/MecaHealth-chute-cles-2-300x300.jpg 300w, https:\/\/mecahealth.com\/wp-content\/uploads\/2023\/02\/MecaHealth-chute-cles-2-150x150.jpg 150w\" sizes=\"auto, (max-width: 250px) 100vw, 250px\" \/><\/figure>\n<\/div>\n\n\n<p class=\"has-medium-font-size\">En effet, si votre pied s&rsquo;accroche au sol ou si vous avez un troubles d&rsquo;\u00e9quilibre v\u00e9ritable, la main qui tiendra l&rsquo;objet sera dans l&rsquo;incapacit\u00e9 absolue de la l\u00e2cher. <\/p>\n\n\n\n<p class=\"has-medium-font-size\">Quelle que soit sa consistance ou sa taille, cet objet sera animalement l&rsquo;objet auquel on va esp\u00e9rer se tenir pour \u00e9viter la chute. Vous pouvez sans difficult\u00e9 vous imaginer qu&rsquo;il ne sert \u00e0 rien de tenir les cl\u00e9s ou un sac en perdant l&rsquo;\u00e9quilibre et que, au contraire, la main ne serait plus libre pour attraper autre chose ou amortir le choc si la chute \u00e9tait av\u00e9r\u00e9e. <\/p>\n\n\n<div class=\"wp-block-image\">\n<figure class=\"alignleft size-full is-resized\"><img loading=\"lazy\" decoding=\"async\" src=\"https:\/\/mecahealth.com\/wp-content\/uploads\/2023\/02\/MecaHealth-sac-epaule.jpg\" alt=\"\" class=\"wp-image-3841\" width=\"155\" height=\"155\" srcset=\"https:\/\/mecahealth.com\/wp-content\/uploads\/2023\/02\/MecaHealth-sac-epaule.jpg 330w, https:\/\/mecahealth.com\/wp-content\/uploads\/2023\/02\/MecaHealth-sac-epaule-300x300.jpg 300w, https:\/\/mecahealth.com\/wp-content\/uploads\/2023\/02\/MecaHealth-sac-epaule-150x150.jpg 150w\" sizes=\"auto, (max-width: 155px) 100vw, 155px\" \/><\/figure>\n<\/div>\n\n\n<p class=\"has-medium-font-size\">M\u00eame si vous apprenez \u00e0 bien r\u00e9aliser le <a data-type=\"page\" data-id=\"443\" href=\"https:\/\/mecahealth.com\/?page_id=443\">mouvement de protection maximum<\/a>, utilisez donc un sac en bandouli\u00e8re ou \u00e0 dos plut\u00f4t qu&rsquo;un sac en main. Le sac \u00e0 main sera, lui aussi, un objet auquel on risquera de s&rsquo;attacher pour qu&rsquo;il ne tombe par terre&#8230; <\/p>\n\n\n\n<p class=\"has-medium-font-size\">Le sac \u00e0 main ou de courses entra\u00eene bien trop souvent selon sa forme soit que l&rsquo;<a data-type=\"page\" data-id=\"1935\" href=\"https:\/\/mecahealth.com\/?page_id=1935\">\u00e9paule reste lev\u00e9e pour le tenir en permanence<\/a> soit que la <a data-type=\"page\" data-id=\"638\" href=\"https:\/\/mecahealth.com\/?page_id=638\">main sature<\/a>&#8230;<\/p>\n\n\n\n<p class=\"has-medium-font-size\">En tous les cas, <a data-type=\"page\" data-id=\"2234\" href=\"https:\/\/mecahealth.com\/?page_id=2234\">apprenez \u00e9galement \u00e0 vous relever en cas de chute<\/a>.<\/p>\n\n\n\n<p class=\"has-medium-font-size\">(&#8230;)<\/p>\n\n\n\n<h2 class=\"wp-block-heading has-medium-font-size\">Revenir au chapitre \u00ab\u00a0<a data-type=\"page\" data-id=\"361\" href=\"https:\/\/mecahealth.com\/?page_id=361\">Vieillir<\/a>\u00a0\u00bb ou \u00e0 la page \u00ab\u00a0<a data-type=\"page\" data-id=\"1800\" href=\"https:\/\/mecahealth.com\/?page_id=1800\">Equilibre<\/a>\u00ab\u00a0<\/h2>\n","protected":false},"excerpt":{"rendered":"<p>Attention \u00e0 lire les consignes avant de lire toute page d&rsquo;un site sant\u00e9 ! Se tenir, un r\u00e9flexe animal S&rsquo;il vous arrive de marcher avec quelque chose en main, c&rsquo;est absolument \u00e0 \u00e9viter si vous vieillissez ou avez de pertes d&rsquo;\u00e9quilibre. En effet, si votre pied s&rsquo;accroche au sol ou<a href=\"https:\/\/mecahealth.com\/?page_id=3711\" class=\"read-more\">Read More&#8230;<\/a><\/p>\n","protected":false},"author":1,"featured_media":0,"parent":0,"menu_order":0,"comment_status":"closed","ping_status":"closed","template":"","meta":{"footnotes":""},"class_list":["post-3711","page","type-page","status-publish","hentry"],"jetpack_sharing_enabled":true,"_links":{"self":[{"href":"https:\/\/mecahealth.com\/index.php?rest_route=\/wp\/v2\/pages\/3711","targetHints":{"allow":["GET"]}}],"collection":[{"href":"https:\/\/mecahealth.com\/index.php?rest_route=\/wp\/v2\/pages"}],"about":[{"href":"https:\/\/mecahealth.com\/index.php?rest_route=\/wp\/v2\/types\/page"}],"author":[{"embeddable":true,"href":"https:\/\/mecahealth.com\/index.php?rest_route=\/wp\/v2\/users\/1"}],"replies":[{"embeddable":true,"href":"https:\/\/mecahealth.com\/index.php?rest_route=%2Fwp%2Fv2%2Fcomments&post=3711"}],"version-history":[{"count":11,"href":"https:\/\/mecahealth.com\/index.php?rest_route=\/wp\/v2\/pages\/3711\/revisions"}],"predecessor-version":[{"id":4594,"href":"https:\/\/mecahealth.com\/index.php?rest_route=\/wp\/v2\/pages\/3711\/revisions\/4594"}],"wp:attachment":[{"href":"https:\/\/mecahealth.com\/index.php?rest_route=%2Fwp%2Fv2%2Fmedia&parent=3711"}],"curies":[{"name":"wp","href":"https:\/\/api.w.org\/{rel}","templated":true}]}}