{"id":3628,"date":"2023-02-18T18:58:59","date_gmt":"2023-02-18T17:58:59","guid":{"rendered":"https:\/\/mecahealth.com\/?page_id=3628"},"modified":"2023-02-19T03:36:24","modified_gmt":"2023-02-19T02:36:24","slug":"pathologie-fausse-deglutition-et-lampees","status":"publish","type":"page","link":"https:\/\/mecahealth.com\/?page_id=3628","title":{"rendered":"Pathologie : fausse d\u00e9glutition et lamp\u00e9es"},"content":{"rendered":"\n<p><a style=\"font-size: revert;\" href=\"https:\/\/mecahealth.com\/?page_id=122\">Attention \u00e0 lire les consignes avant de lire toute page d&rsquo;un site sant\u00e9 !<\/a><\/p>\n\n\n\n<figure class=\"wp-block-image size-full is-style-rounded\"><img loading=\"lazy\" decoding=\"async\" width=\"330\" height=\"330\" src=\"https:\/\/mecahealth.com\/wp-content\/uploads\/2023\/02\/MecaHealth-boire-lampees.jpg\" alt=\"\" class=\"wp-image-3697\" srcset=\"https:\/\/mecahealth.com\/wp-content\/uploads\/2023\/02\/MecaHealth-boire-lampees.jpg 330w, https:\/\/mecahealth.com\/wp-content\/uploads\/2023\/02\/MecaHealth-boire-lampees-300x300.jpg 300w, https:\/\/mecahealth.com\/wp-content\/uploads\/2023\/02\/MecaHealth-boire-lampees-150x150.jpg 150w\" sizes=\"auto, (max-width: 330px) 100vw, 330px\" \/><\/figure>\n\n\n\n<p class=\"wp-block-heading has-medium-font-size\">La\u00a0<em>fausse d\u00e9glutition<\/em>, d\u00e9nomm\u00e9e \u00e9galement <em>Fausse route<\/em> est d\u00e9finie lorsque le \u00ab bol alimentaire \u00bb passe par les <a href=\"https:\/\/mecahealth.com\/?page_id=600\" data-type=\"page\" data-id=\"600\">voies respiratoires<\/a> au lieu d\u05f3aller dans le tube digestif.<\/p>\n\n\n\n<p class=\"has-medium-font-size\">Tout le monde sans doute a v\u00e9cu, au moins une fois dans sa vie, cette situation qui entra\u00eene en principe une quinte de toux. Parfois \u00e0 cause d&rsquo;une d\u00e9g\u00e9n\u00e9rescence (neuro)musculaire, ces fausses-routes augmentent mais la plupart surviennent en r\u00e9alit\u00e9 par une habitude que nous appel\u00e9 les lamp\u00e9es. Avec une fatigue parfois li\u00e9e \u00e0 l&rsquo;\u00e2ge, si la prise de liquide est trop faible, le corps ne comprend pas clairement qu&rsquo;il doit refermer ses voies respiratoires. La plupart qui prennent la peine d&rsquo;apprendre \u00e0 boire 3 v\u00e9ritables gorg\u00e9es sans s&rsquo;arr\u00eater n&rsquo;ont plus de quinte. <\/p>\n\n\n\n<p class=\"has-medium-font-size\">Ceux qui boivent par lamp\u00e9e ont du mal \u00e0 <a href=\"https:\/\/mecahealth.com\/?page_id=434\" data-type=\"page\" data-id=\"434\">boire une quantit\u00e9 d&rsquo;eau suffisante<\/a> parce que chaque verre prend beaucoup de temps \u00e0 \u00eatre vid\u00e9 et parce qu&rsquo;ils avalent vraisemblablement plus d&rsquo;air dans l&rsquo;estomac. Apprendre \u00e0 boire par grande gorg\u00e9e facilite la prise d&rsquo;eau suffisante quotidienne.<\/p>\n\n\n\n<p class=\"has-medium-font-size\">En cas de d\u00e9ch\u00e9ance ou de r\u00e9cidives, nous invitons les personnes \u00e0 consulter un orthophoniste \/ logop\u00e8de pour am\u00e9liorer leur m\u00e9thodologie. Nous y reviendrons ult\u00e9rieurement&#8230;  <\/p>\n\n\n\n<p><\/p>\n\n\n\n<h2 class=\"wp-block-heading has-medium-font-size\">Revenir au chapitre \u00ab\u00a0<a href=\"https:\/\/mecahealth.com\/?page_id=75\" data-type=\"page\" data-id=\"75\">Vieillir<\/a>\u00a0\u00bb ou \u00e0 la page \u00ab\u00a0<a href=\"https:\/\/mecahealth.com\/?page_id=434\" data-type=\"page\" data-id=\"434\">Boire<\/a>\u00ab\u00a0<\/h2>\n","protected":false},"excerpt":{"rendered":"<p>Attention \u00e0 lire les consignes avant de lire toute page d&rsquo;un site sant\u00e9 ! La\u00a0fausse d\u00e9glutition, d\u00e9nomm\u00e9e \u00e9galement Fausse route est d\u00e9finie lorsque le \u00ab bol alimentaire \u00bb passe par les voies respiratoires au lieu d\u05f3aller dans le tube digestif. Tout le monde sans doute a v\u00e9cu, au moins une<a href=\"https:\/\/mecahealth.com\/?page_id=3628\" class=\"read-more\">Read More&#8230;<\/a><\/p>\n","protected":false},"author":1,"featured_media":0,"parent":0,"menu_order":0,"comment_status":"closed","ping_status":"closed","template":"","meta":{"footnotes":""},"class_list":["post-3628","page","type-page","status-publish","hentry"],"jetpack_sharing_enabled":true,"_links":{"self":[{"href":"https:\/\/mecahealth.com\/index.php?rest_route=\/wp\/v2\/pages\/3628","targetHints":{"allow":["GET"]}}],"collection":[{"href":"https:\/\/mecahealth.com\/index.php?rest_route=\/wp\/v2\/pages"}],"about":[{"href":"https:\/\/mecahealth.com\/index.php?rest_route=\/wp\/v2\/types\/page"}],"author":[{"embeddable":true,"href":"https:\/\/mecahealth.com\/index.php?rest_route=\/wp\/v2\/users\/1"}],"replies":[{"embeddable":true,"href":"https:\/\/mecahealth.com\/index.php?rest_route=%2Fwp%2Fv2%2Fcomments&post=3628"}],"version-history":[{"count":8,"href":"https:\/\/mecahealth.com\/index.php?rest_route=\/wp\/v2\/pages\/3628\/revisions"}],"predecessor-version":[{"id":3715,"href":"https:\/\/mecahealth.com\/index.php?rest_route=\/wp\/v2\/pages\/3628\/revisions\/3715"}],"wp:attachment":[{"href":"https:\/\/mecahealth.com\/index.php?rest_route=%2Fwp%2Fv2%2Fmedia&parent=3628"}],"curies":[{"name":"wp","href":"https:\/\/api.w.org\/{rel}","templated":true}]}}