{"id":3620,"date":"2023-02-18T18:48:05","date_gmt":"2023-02-18T17:48:05","guid":{"rendered":"https:\/\/mecahealth.com\/?page_id=3620"},"modified":"2025-05-25T09:42:09","modified_gmt":"2025-05-25T07:42:09","slug":"pathologie-boire-et-sodas","status":"publish","type":"page","link":"https:\/\/mecahealth.com\/?page_id=3620","title":{"rendered":"Pathologie : boire, sodas et jus d&rsquo;orange ?"},"content":{"rendered":"\n<p class=\"has-medium-font-size\"><a style=\"font-size: revert;\" href=\"https:\/\/mecahealth.com\/?page_id=122\">Attention \u00e0 lire les consignes avant de lire toute page d&rsquo;un site sant\u00e9 !<\/a><\/p>\n\n\n\n<figure class=\"wp-block-image size-full is-style-rounded\"><img loading=\"lazy\" decoding=\"async\" width=\"330\" height=\"330\" src=\"https:\/\/mecahealth.com\/wp-content\/uploads\/2023\/02\/MecaHealth-boire-sodas-NON.jpg\" alt=\"\" class=\"wp-image-3687\" srcset=\"https:\/\/mecahealth.com\/wp-content\/uploads\/2023\/02\/MecaHealth-boire-sodas-NON.jpg 330w, https:\/\/mecahealth.com\/wp-content\/uploads\/2023\/02\/MecaHealth-boire-sodas-NON-300x300.jpg 300w, https:\/\/mecahealth.com\/wp-content\/uploads\/2023\/02\/MecaHealth-boire-sodas-NON-150x150.jpg 150w\" sizes=\"auto, (max-width: 330px) 100vw, 330px\" \/><\/figure>\n\n\n\n<h2 class=\"wp-block-heading has-large-font-size\">Assoiff\u00e9, vous n&rsquo;\u00e9tancherez jamais avec un Soda<\/h2>\n\n\n\n<p class=\"has-medium-font-size\">Dans une \u00e9mission belge \u00ab\u00a0Questions \u00e0 la une\u00a0\u00bb, <a href=\"https:\/\/fr.wikipedia.org\/wiki\/Jean-Claude_Defoss%C3%A9\" data-type=\"URL\" data-id=\"https:\/\/fr.wikipedia.org\/wiki\/Jean-Claude_Defoss%C3%A9\">Jean-Claude Defoss\u00e9<\/a>, journaliste d&rsquo;investigation, r\u00e9v\u00e9lait d\u00e9j\u00e0 en 1995 ou 96 que, en 10 ans, la plupart des aliments avait gagn\u00e9 environ 10% de sucre en plus. Ce n&rsquo;\u00e9tait pas hasard mais bien un acte volontaire. Une boisson sucr\u00e9e vous donne le besoin de boire encore et encore. Un aliment sucr\u00e9 vous donne un sentiment de plaisir accru mais d\u00e9veloppe ainsi une d\u00e9pendance animale (&#8230;) tout en augmentant les risquent de <a href=\"https:\/\/mecahealth.com\/?page_id=4906\" data-type=\"page\" data-id=\"4906\">diab\u00e8te<\/a>, de <a href=\"https:\/\/mecahealth.com\/?page_id=4898\" data-type=\"page\" data-id=\"4898\">caries<\/a>, etc.<\/p>\n\n\n\n<p class=\"has-medium-font-size\">A l&rsquo;instar de ce que nous <a href=\"https:\/\/mecahealth.com\/?page_id=3614\" data-type=\"page\" data-id=\"3614\">\u00e9crivions pour l&rsquo;alcool<\/a>, les boissons sucr\u00e9es (en ce y compris les jus d&rsquo;orange m\u00eame press\u00e9) apportant plus de sucres que ce que notre corps a besoin ne peuvent pas \u00eatre consid\u00e9r\u00e9es totalement comme de l&rsquo;eau. En effet, elle entra\u00eene des <em>r\u00e9actions chimiques \u00e0 <\/em><a href=\"https:\/\/mecahealth.com\/?page_id=434\" data-type=\"page\" data-id=\"434\"><em>nettoyer<\/em> par un apport d&rsquo;eau<\/a>. Chaque personne \u00e9tant diff\u00e9rente PERSONNE ne pourra vous remettre de chiffres exactes mais nous consid\u00e9rons approximativement que lorsque vous buvez une boisson sucr\u00e9e, de marque connue ou non, seul 30% du volume ing\u00e9r\u00e9 ne pourra \u00eatre consid\u00e9r\u00e9 comme de l&rsquo;eau. Faite l&rsquo;exp\u00e9rience de couper votre jus de la moiti\u00e9 d&rsquo;eau. Vous constaterez sans doute directement qu&rsquo;elle est nettement plus d\u00e9salt\u00e9rante&#8230;<\/p>\n\n\n\n<p class=\"has-medium-font-size\">Avant de boire un soda ou un verre de jus, prenez l&rsquo;habitude de boire 2 verres d&rsquo;eau. Vous ne boirez que pour le plaisir du go\u00fbt mais pas pour tenter d&rsquo;\u00e9tancher la soif&#8230; Ce sera l&rsquo;une des <a href=\"https:\/\/mecahealth.com\/?page_id=395\" data-type=\"page\" data-id=\"395\">\u00e9tapes pour \u00e9viter le surpoids (&#8230;<\/a>).<\/p>\n\n\n\n<p class=\"has-medium-font-size\"><\/p>\n\n\n\n<figure class=\"wp-block-image size-full is-resized\"><img loading=\"lazy\" decoding=\"async\" width=\"330\" height=\"330\" src=\"https:\/\/mecahealth.com\/wp-content\/uploads\/2023\/02\/MecaHealth-boire-sodas-NON-2.jpg\" alt=\"\" class=\"wp-image-3694\" style=\"width:250px;height:250px\" srcset=\"https:\/\/mecahealth.com\/wp-content\/uploads\/2023\/02\/MecaHealth-boire-sodas-NON-2.jpg 330w, https:\/\/mecahealth.com\/wp-content\/uploads\/2023\/02\/MecaHealth-boire-sodas-NON-2-300x300.jpg 300w, https:\/\/mecahealth.com\/wp-content\/uploads\/2023\/02\/MecaHealth-boire-sodas-NON-2-150x150.jpg 150w\" sizes=\"auto, (max-width: 330px) 100vw, 330px\" \/><\/figure>\n\n\n\n<h2 class=\"wp-block-heading has-medium-font-size\">Et les \u00e9dulcorants&nbsp;?<\/h2>\n\n\n\n<p class=\"has-medium-font-size\">&lt;&lt; <em>L\u2019Anses rappelle que les objectifs de r\u00e9duction des apports en sucres doivent \u00eatre atteints par la\u00a0<strong>r\u00e9duction globale du go\u00fbt sucr\u00e9 de l\u2019alimentation<\/strong>, et ce d\u00e8s le plus jeune \u00e2ge. Le travail de l\u2019Anses sur les \u00e9dulcorants intenses ne d\u00e9montre aucun b\u00e9n\u00e9fice de la consommation d\u2019\u00e9dulcorants intenses sur le contr\u00f4le du poids, sur la glyc\u00e9mie chez les sujets diab\u00e9tiques ou sur l\u2019incidence du diab\u00e8te de type 2. A ce titre, en ce qui concerne les boissons sucr\u00e9es notamment, les boissons \u00e9dulcor\u00e9es (comme les boissons sucr\u00e9es), ne doivent pas se substituer \u00e0 la consommation d\u2019eau >>.\u00a0<\/em>(<a href=\"http:\/\/anses.fr\" target=\"_blank\" rel=\"noreferrer noopener\">Anses<\/a>)<\/p>\n\n\n\n<p>(&#8230;) <\/p>\n\n\n\n<p class=\"has-medium-font-size\">En ce qui concerne les jus d&rsquo;orange press\u00e9, il faut consid\u00e9rer qu&rsquo;il vous fait 6 \u00e0 8 oranges pour apporter 250ml d&rsquo;un verre complet. Comme not\u00e9 dans l&rsquo;article en lien de la RTBF, imaginez manger ce nombre d&rsquo;orange. Il est facile \u00e0 comprendre qu&rsquo;il y a d\u00e9j\u00e0 quelque chose qui cloche. Les jus de l&rsquo;agro-alimentaires quant \u00e0 eux sont transform\u00e9s voire ultra-transform\u00e9s pour nous faire croire parfois que nous prenons du jus press\u00e9 mais il n&rsquo;en est rien (<a href=\"http:\/\/rtbf.be\/article\/le-jus-d-orange-est-il-un-poison-pour-la-sante-11551839\" target=\"_blank\" rel=\"noreferrer noopener\">d&rsquo;autres infos<\/a>). De plus, il est largement prouv\u00e9 aujourd&rsquo;hui que l&rsquo;acidit\u00e9 du jus d&rsquo;orange le matin est mauvais pour l&rsquo;estomac et l&rsquo;\u00e9mail des dents. Apr\u00e8s avoir bu une boisson acide, rincez \u00e0 l&rsquo;eau claire voire avec un verre de l&rsquo;eau et attendez environ 45 min avant de vous les brosser les dents pour \u00e9viter de frotter l&rsquo;\u00e9mail fragilis\u00e9 (&#8230;).<\/p>\n\n\n\n<h2 class=\"wp-block-heading has-medium-font-size\">Revenir au chapitre <em><a href=\"https:\/\/mecahealth.com\/?page_id=75\" data-type=\"page\" data-id=\"75\">Corps psychique<\/a><\/em> ou \u00e0 la page <a href=\"https:\/\/mecahealth.com\/?page_id=434\" data-type=\"page\" data-id=\"434\"><em>Boire<\/em><\/a><\/h2>\n","protected":false},"excerpt":{"rendered":"<p>Attention \u00e0 lire les consignes avant de lire toute page d&rsquo;un site sant\u00e9 ! Assoiff\u00e9, vous n&rsquo;\u00e9tancherez jamais avec un Soda Dans une \u00e9mission belge \u00ab\u00a0Questions \u00e0 la une\u00a0\u00bb, Jean-Claude Defoss\u00e9, journaliste d&rsquo;investigation, r\u00e9v\u00e9lait d\u00e9j\u00e0 en 1995 ou 96 que, en 10 ans, la plupart des aliments avait gagn\u00e9 environ<a href=\"https:\/\/mecahealth.com\/?page_id=3620\" class=\"read-more\">Read More&#8230;<\/a><\/p>\n","protected":false},"author":1,"featured_media":0,"parent":0,"menu_order":0,"comment_status":"closed","ping_status":"closed","template":"","meta":{"footnotes":""},"class_list":["post-3620","page","type-page","status-publish","hentry"],"jetpack_sharing_enabled":true,"_links":{"self":[{"href":"https:\/\/mecahealth.com\/index.php?rest_route=\/wp\/v2\/pages\/3620","targetHints":{"allow":["GET"]}}],"collection":[{"href":"https:\/\/mecahealth.com\/index.php?rest_route=\/wp\/v2\/pages"}],"about":[{"href":"https:\/\/mecahealth.com\/index.php?rest_route=\/wp\/v2\/types\/page"}],"author":[{"embeddable":true,"href":"https:\/\/mecahealth.com\/index.php?rest_route=\/wp\/v2\/users\/1"}],"replies":[{"embeddable":true,"href":"https:\/\/mecahealth.com\/index.php?rest_route=%2Fwp%2Fv2%2Fcomments&post=3620"}],"version-history":[{"count":13,"href":"https:\/\/mecahealth.com\/index.php?rest_route=\/wp\/v2\/pages\/3620\/revisions"}],"predecessor-version":[{"id":7939,"href":"https:\/\/mecahealth.com\/index.php?rest_route=\/wp\/v2\/pages\/3620\/revisions\/7939"}],"wp:attachment":[{"href":"https:\/\/mecahealth.com\/index.php?rest_route=%2Fwp%2Fv2%2Fmedia&parent=3620"}],"curies":[{"name":"wp","href":"https:\/\/api.w.org\/{rel}","templated":true}]}}