{"id":3616,"date":"2023-02-18T17:58:51","date_gmt":"2023-02-18T16:58:51","guid":{"rendered":"https:\/\/mecahealth.com\/?page_id=3616"},"modified":"2026-03-31T22:00:09","modified_gmt":"2026-03-31T20:00:09","slug":"profession-enseignement","status":"publish","type":"page","link":"https:\/\/mecahealth.com\/?page_id=3616","title":{"rendered":"Profession \/ p\u00e9da : enseignants et plus encore"},"content":{"rendered":"\n<p class=\"has-small-font-size\"><a style=\"font-size: revert;\" href=\"https:\/\/mecahealth.com\/?page_id=122\">Attention \u00e0 lire les consignes avant de lire toute page d&rsquo;un site sant\u00e9 !<\/a><\/p>\n\n\n\n<figure class=\"wp-block-image size-full is-style-rounded\"><img loading=\"lazy\" decoding=\"async\" width=\"330\" height=\"330\" src=\"https:\/\/mecahealth.com\/wp-content\/uploads\/2023\/03\/MecaHealth-professeur-enseignant.jpg\" alt=\"\" class=\"wp-image-4918\" srcset=\"https:\/\/mecahealth.com\/wp-content\/uploads\/2023\/03\/MecaHealth-professeur-enseignant.jpg 330w, https:\/\/mecahealth.com\/wp-content\/uploads\/2023\/03\/MecaHealth-professeur-enseignant-300x300.jpg 300w, https:\/\/mecahealth.com\/wp-content\/uploads\/2023\/03\/MecaHealth-professeur-enseignant-150x150.jpg 150w\" sizes=\"auto, (max-width: 330px) 100vw, 330px\" \/><\/figure>\n\n\n\n<p class=\"has-medium-font-size\">Professeur ou instituteur font partie des m\u00e9tiers les plus importants pour l&rsquo;avenir de notre Soci\u00e9t\u00e9. Suite \u00e0 l&rsquo;importance du r\u00f4le de cette profession mais \u00e9galement \u00e0 l&rsquo;impact tant positif que <a href=\"https:\/\/mecahealth.com\/?page_id=3576\" data-type=\"page\" data-id=\"3576\">n\u00e9gatif sur la sant\u00e9 mentale<\/a> d&rsquo;enfants devenant des adultes, nous ne pourrons pour des raisons \u00e9thiques et soci\u00e9tales dissocier nos conseils physiques et psychiques de ce secteur. Nous tenterons d&rsquo;aborder une information \u00e9quilibr\u00e9e entre toutes les parties (&#8230;). Nous nous permettrons dans l&rsquo;int\u00e9r\u00eat de la sant\u00e9 physique et mentale de chacun de critiquer autant certains parents (tout en tenant compte des possibilit\u00e9s de chacun et des <a href=\"https:\/\/mecahealth.com\/?page_id=5003\" data-type=\"page\" data-id=\"5003\">influences multiples<\/a>), que certains enseignants et les gouvernements qui ne font pas \u00e9voluer les mati\u00e8res en fonction de la rapidit\u00e9 de l&rsquo;\u00e9volution de notre Soci\u00e9t\u00e9 et qui ne prennent pas en consid\u00e9ration notamment l&rsquo;\u00e9lectro-m\u00e9canique et le codage dans les cours de demain, etc.<\/p>\n\n\n\n<p class=\"has-medium-font-size\">Nous proposons d&rsquo;ailleurs comme d\u00e9nominateur commun entre les diff\u00e9rentes parties concern\u00e9es (enfants\/parents\/professeurs\/politiques) le <a href=\"https:\/\/mecahealth.com\/?page_id=7007\" data-type=\"page\" data-id=\"7007\">principe de <em><strong>Classes ouvertes<\/strong><\/em><\/a>. Il devrait \u00eatre id\u00e9alement combin\u00e9 \u00e0 l&rsquo;augmentation des m\u00e9thodes encourageant <a href=\"https:\/\/mecahealth.com\/?page_id=7593\" data-type=\"page\" data-id=\"7593\">l&rsquo;intelligence collective<\/a> qui s&rsquo;est toujours av\u00e9r\u00e9e indispensable et qui s&rsquo;av\u00e9rera plus importante encore avec l&rsquo;\u00e9mergence des diff\u00e9rentes IA (&#8230;).<\/p>\n\n\n\n<p class=\"has-medium-font-size\">Vous pouvez trouver les <a href=\"https:\/\/mecahealth.com\/?page_id=7615\">conseils de sant\u00e9 pour les professeurs dans une page sp\u00e9cialement d\u00e9di\u00e9e<\/a> et par la suite, quelques pages de p\u00e9dagogie ou des liens vers d&rsquo;autres r\u00e9f\u00e9rences ayant r\u00e9alis\u00e9 consciemment ou inconsciemment une belle <a href=\"https:\/\/mecahealth.com\/?page_id=6654\" data-type=\"page\" data-id=\"6654\">m\u00e9tacognition<\/a>. Nous nous permettrons de critiquer les extr\u00eames comme le <a href=\"https:\/\/mecahealth.com\/?page_id=2643\" data-type=\"page\" data-id=\"2643\">doltisme<\/a> ou les partisans de Steiner ainsi que les raisons pour lesquelles, nous les consid\u00e9rerons extr\u00eames afin de ne pas terminer comme des <a href=\"https:\/\/mecahealth.com\/?page_id=6522\" data-type=\"page\" data-id=\"6522\"><em>juges du net<\/em><\/a> que nous critiquons \u00e9galement. Nous nous attarderons \u00e9galement sur le non respect de chacun, sur la non diff\u00e9renciation entre la p\u00e9dagogie individuelle et celle communautaire qui augmente par la d\u00e9rive d&rsquo;<a href=\"https:\/\/mecahealth.com\/?page_id=7534\" data-type=\"page\" data-id=\"7534\">une Soci\u00e9t\u00e9 sociale qui voulait bien faire<\/a>, sur le harc\u00e8lement notamment <a href=\"https:\/\/mecahealth.com\/?page_id=6847\" data-type=\"page\" data-id=\"6847\">celle des intelligences<\/a>, etc.<\/p>\n\n\n\n<p class=\"has-medium-font-size\">(&#8230;)<\/p>\n\n\n\n<h2 class=\"wp-block-heading\"><span style=\"font-size: var(--wp--preset--font-size--medium) ; color: initial;\">Abonnez-vous \u00e0 nos diff\u00e9rentes pages pour \u00eatre averti(s) des nouvelles mises en ligne&#8230;<\/span><\/h2>\n\n\n\n<p class=\"has-small-font-size\"><a rel=\"noreferrer noopener\" href=\"https:\/\/www.facebook.com\/MecaHealthAsbl\" target=\"_blank\">Facebook MecaHealthAsbl<\/a> &#8211; <a rel=\"noreferrer noopener\" href=\"https:\/\/www.linkedin.com\/company\/mecahealth\/\" target=\"_blank\">Linkedin MecaHealth<\/a> &#8211; <a rel=\"noreferrer noopener\" href=\"https:\/\/www.youtube.com\/channel\/UCJb5g--IGlU6FgQLQKaJljg\" target=\"_blank\">Youtube cha\u00eene MecaHealth<\/a> &#8211; Instagram (pas encore)<\/p>\n\n\n\n<p class=\"has-medium-font-size\"><strong>Vous avez aim\u00e9 l&rsquo;information que MecaHealth apporte, vous pouvez nous contacter pour l&rsquo;une ou l&rsquo;autre <a href=\"https:\/\/mecahealth.com\/?page_id=146\">formation<\/a>, nous appuyer en transmettant l&rsquo;adresse de notre site, mais \u00e9galement par <a href=\"https:\/\/mecahealth.com\/?page_id=172\">d&rsquo;autres appuis<\/a>.<\/strong><\/p>\n\n\n\n<h2 class=\"wp-block-heading has-medium-font-size\">Revenir au chapitre <a href=\"https:\/\/mecahealth.com\/?page_id=127\" data-type=\"page\" data-id=\"127\"><em>Corps psychique<\/em><\/a> ou \u00e0 la page <em><a href=\"https:\/\/mecahealth.com\/?page_id=4115\" data-type=\"page\" data-id=\"4115\">Profession debout<\/a><\/em><\/h2>\n","protected":false},"excerpt":{"rendered":"<p>Attention \u00e0 lire les consignes avant de lire toute page d&rsquo;un site sant\u00e9 ! Professeur ou instituteur font partie des m\u00e9tiers les plus importants pour l&rsquo;avenir de notre Soci\u00e9t\u00e9. Suite \u00e0 l&rsquo;importance du r\u00f4le de cette profession mais \u00e9galement \u00e0 l&rsquo;impact tant positif que n\u00e9gatif sur la sant\u00e9 mentale d&rsquo;enfants<a href=\"https:\/\/mecahealth.com\/?page_id=3616\" class=\"read-more\">Read More&#8230;<\/a><\/p>\n","protected":false},"author":1,"featured_media":0,"parent":0,"menu_order":0,"comment_status":"closed","ping_status":"closed","template":"","meta":{"footnotes":""},"class_list":["post-3616","page","type-page","status-publish","hentry"],"jetpack_sharing_enabled":true,"_links":{"self":[{"href":"https:\/\/mecahealth.com\/index.php?rest_route=\/wp\/v2\/pages\/3616","targetHints":{"allow":["GET"]}}],"collection":[{"href":"https:\/\/mecahealth.com\/index.php?rest_route=\/wp\/v2\/pages"}],"about":[{"href":"https:\/\/mecahealth.com\/index.php?rest_route=\/wp\/v2\/types\/page"}],"author":[{"embeddable":true,"href":"https:\/\/mecahealth.com\/index.php?rest_route=\/wp\/v2\/users\/1"}],"replies":[{"embeddable":true,"href":"https:\/\/mecahealth.com\/index.php?rest_route=%2Fwp%2Fv2%2Fcomments&post=3616"}],"version-history":[{"count":22,"href":"https:\/\/mecahealth.com\/index.php?rest_route=\/wp\/v2\/pages\/3616\/revisions"}],"predecessor-version":[{"id":8782,"href":"https:\/\/mecahealth.com\/index.php?rest_route=\/wp\/v2\/pages\/3616\/revisions\/8782"}],"wp:attachment":[{"href":"https:\/\/mecahealth.com\/index.php?rest_route=%2Fwp%2Fv2%2Fmedia&parent=3616"}],"curies":[{"name":"wp","href":"https:\/\/api.w.org\/{rel}","templated":true}]}}