{"id":3615,"date":"2023-02-18T17:55:27","date_gmt":"2023-02-18T16:55:27","guid":{"rendered":"https:\/\/mecahealth.com\/?page_id=3615"},"modified":"2023-02-19T01:31:35","modified_gmt":"2023-02-19T00:31:35","slug":"pathologie-boire-et-vieillissement","status":"publish","type":"page","link":"https:\/\/mecahealth.com\/?page_id=3615","title":{"rendered":"Pathologie : boire et vieillissement ?"},"content":{"rendered":"\n<p class=\"has-medium-font-size\"><a style=\"font-size: revert;\" href=\"https:\/\/mecahealth.com\/?page_id=122\">Attention \u00e0 lire les consignes avant de lire toute page d&rsquo;un site sant\u00e9 !<\/a><\/p>\n\n\n\n<figure class=\"wp-block-image size-full is-style-rounded\"><img loading=\"lazy\" decoding=\"async\" width=\"330\" height=\"330\" src=\"https:\/\/mecahealth.com\/wp-content\/uploads\/2023\/02\/MecaHealth-boire-et-vieillissement.jpg\" alt=\"\" class=\"wp-image-3660\" srcset=\"https:\/\/mecahealth.com\/wp-content\/uploads\/2023\/02\/MecaHealth-boire-et-vieillissement.jpg 330w, https:\/\/mecahealth.com\/wp-content\/uploads\/2023\/02\/MecaHealth-boire-et-vieillissement-300x300.jpg 300w, https:\/\/mecahealth.com\/wp-content\/uploads\/2023\/02\/MecaHealth-boire-et-vieillissement-150x150.jpg 150w\" sizes=\"auto, (max-width: 330px) 100vw, 330px\" \/><\/figure>\n\n\n\n<p class=\"has-medium-font-size\">Comme il est \u00e9crit dans le chapitre <a href=\"https:\/\/mecahealth.com\/?page_id=361\">d\u00e9di\u00e9 aux personnes \u00e2g\u00e9es<\/a>, le vieillissement entra\u00eene le ralentissement ou l&rsquo;alt\u00e9ration de certaines de nos fonctions notamment du syst\u00e8me hormonale pouvant diminuer voire supprimer la perception de la soif (adipsie).<\/p>\n\n\n\n<p class=\"has-small-font-size\">A l&rsquo;inverse, certains souffrent d&rsquo;un besoin accru de boire (polydipsie). Ce besoin cache parfois un diab\u00e8te ou de troubles plus s\u00e9v\u00e8res. La consultation est indispensable&#8230;<\/p>\n\n\n\n<p class=\"has-medium-font-size\">C&rsquo;est la raison pour laquelle des personnes plus \u00e2g\u00e9es dont les fonctions c\u00e9r\u00e9brales fonctionnent parfois tr\u00e8s bien, ne pensent plus \u00e0 boire. D&rsquo;autres malgr\u00e9 tout, \u00e9vitent un apport de boisson dans le seul but d&rsquo;\u00e9viter de devoir aller <a href=\"https:\/\/mecahealth.com\/?page_id=282\" data-type=\"page\" data-id=\"282\">uriner<\/a>. Elles le font parce qu&rsquo;elles ont du mal \u00e0 se d\u00e9placer, par paresse, et\/ou parce qu&rsquo;elles pr\u00e9sentent des <a href=\"https:\/\/mecahealth.com\/?page_id=491\" data-type=\"page\" data-id=\"491\">difficult\u00e9s de continence<\/a> ou des <a href=\"https:\/\/mecahealth.com\/?page_id=595\" data-type=\"page\" data-id=\"595\">urgences (imp\u00e9riosit\u00e9s) mictionnelles<\/a>.<br>\u00a0<br>Veillons d\u00e8s lors \u00e0 rappeler \u00e0 nos grands-parents ou parents la n\u00e9cessit\u00e9 de <a href=\"https:\/\/mecahealth.com\/?page_id=434\">boire en suffisance<\/a>, qu&rsquo;elles aient des <a href=\"https:\/\/mecahealth.com\/?page_id=282\">troubles urinaires<\/a> ou non.<\/p>\n\n\n\n<p class=\"has-large-font-size\"><a href=\"https:\/\/mecahealth.com\/?page_id=3662\" data-type=\"page\" data-id=\"3662\">Boire est aussi un geste \u00e0 corriger<\/a><\/p>\n\n\n\n<h2 class=\"wp-block-heading has-medium-font-size\">Revenir \u00e0 la page \u00ab\u00a0<a href=\"https:\/\/mecahealth.com\/?page_id=434\" data-type=\"page\" data-id=\"434\">Boire<\/a>\u00a0\u00bb ou \u00ab\u00a0<a href=\"https:\/\/mecahealth.com\/?page_id=361\" data-type=\"page\" data-id=\"361\">Vieillir<\/a>\u00ab\u00a0<\/h2>\n","protected":false},"excerpt":{"rendered":"<p>Attention \u00e0 lire les consignes avant de lire toute page d&rsquo;un site sant\u00e9 ! Comme il est \u00e9crit dans le chapitre d\u00e9di\u00e9 aux personnes \u00e2g\u00e9es, le vieillissement entra\u00eene le ralentissement ou l&rsquo;alt\u00e9ration de certaines de nos fonctions notamment du syst\u00e8me hormonale pouvant diminuer voire supprimer la perception de la soif<a href=\"https:\/\/mecahealth.com\/?page_id=3615\" class=\"read-more\">Read More&#8230;<\/a><\/p>\n","protected":false},"author":1,"featured_media":0,"parent":0,"menu_order":0,"comment_status":"closed","ping_status":"closed","template":"","meta":{"footnotes":""},"class_list":["post-3615","page","type-page","status-publish","hentry"],"jetpack_sharing_enabled":true,"_links":{"self":[{"href":"https:\/\/mecahealth.com\/index.php?rest_route=\/wp\/v2\/pages\/3615","targetHints":{"allow":["GET"]}}],"collection":[{"href":"https:\/\/mecahealth.com\/index.php?rest_route=\/wp\/v2\/pages"}],"about":[{"href":"https:\/\/mecahealth.com\/index.php?rest_route=\/wp\/v2\/types\/page"}],"author":[{"embeddable":true,"href":"https:\/\/mecahealth.com\/index.php?rest_route=\/wp\/v2\/users\/1"}],"replies":[{"embeddable":true,"href":"https:\/\/mecahealth.com\/index.php?rest_route=%2Fwp%2Fv2%2Fcomments&post=3615"}],"version-history":[{"count":7,"href":"https:\/\/mecahealth.com\/index.php?rest_route=\/wp\/v2\/pages\/3615\/revisions"}],"predecessor-version":[{"id":3663,"href":"https:\/\/mecahealth.com\/index.php?rest_route=\/wp\/v2\/pages\/3615\/revisions\/3663"}],"wp:attachment":[{"href":"https:\/\/mecahealth.com\/index.php?rest_route=%2Fwp%2Fv2%2Fmedia&parent=3615"}],"curies":[{"name":"wp","href":"https:\/\/api.w.org\/{rel}","templated":true}]}}