{"id":3614,"date":"2023-02-18T17:54:36","date_gmt":"2023-02-18T16:54:36","guid":{"rendered":"https:\/\/mecahealth.com\/?page_id=3614"},"modified":"2025-02-08T04:03:51","modified_gmt":"2025-02-08T03:03:51","slug":"normalite-boire-pour-eviter-leffet-alcoolique","status":"publish","type":"page","link":"https:\/\/mecahealth.com\/?page_id=3614","title":{"rendered":"Normalit\u00e9 : boire pour \u00e9viter l&rsquo;effet alcoolique ?"},"content":{"rendered":"\n<p class=\"has-medium-font-size\"><a style=\"font-size: revert;\" href=\"https:\/\/mecahealth.com\/?page_id=122\">Attention \u00e0 lire les consignes avant de lire toute page d&rsquo;un site sant\u00e9 !<\/a><\/p>\n\n\n\n<figure class=\"wp-block-image size-full is-style-rounded\"><img loading=\"lazy\" decoding=\"async\" width=\"330\" height=\"330\" src=\"https:\/\/mecahealth.com\/wp-content\/uploads\/2023\/02\/MecaHealth-boire-ou-vin.jpg\" alt=\"\" class=\"wp-image-3641\" srcset=\"https:\/\/mecahealth.com\/wp-content\/uploads\/2023\/02\/MecaHealth-boire-ou-vin.jpg 330w, https:\/\/mecahealth.com\/wp-content\/uploads\/2023\/02\/MecaHealth-boire-ou-vin-300x300.jpg 300w, https:\/\/mecahealth.com\/wp-content\/uploads\/2023\/02\/MecaHealth-boire-ou-vin-150x150.jpg 150w\" sizes=\"auto, (max-width: 330px) 100vw, 330px\" \/><\/figure>\n\n\n\n<p class=\"has-medium-font-size\">Comme nous l&rsquo;expliquons pr\u00e9c\u00e9demment dans <a href=\"https:\/\/mecahealth.com\/?page_id=434\" data-type=\"page\" data-id=\"434\">la page <em>Boire<\/em><\/a>, l&rsquo;eau absorb\u00e9e a pour effet de remplacer celle consomm\u00e9e ou <em>salie <\/em>par les r\u00e9sidus des diff\u00e9rentes r\u00e9actions chimiques de notre corps. Lorsque nous buvons de l&rsquo;alcool les d\u00e9chets sont accrus car en quelques sorte l&rsquo;alcool prend l&rsquo;eau avec elle (composante diur\u00e9tique de l&rsquo;alcool par l&rsquo;inhibition de production vasopressine). Le corps a besoin d&rsquo;\u00eatre nettoy\u00e9 en profondeur et l&rsquo;eau doit \u00eatre d&rsquo;autant plus accrue.<\/p>\n\n\n\n<p class=\"has-medium-font-size\">Selon certaines \u00e9tudes (<a href=\"https:\/\/www.addictionsuisse.ch\/fileadmin\/user_upload\/DocUpload\/alcool_corps.pdf\" target=\"_blank\" rel=\"noreferrer noopener\">exemple 1<\/a>), l&rsquo;alcool diminue la quantit\u00e9 d&rsquo;eau dans certains tissus et notamment dans les m\u00e9ninges (membranes prot\u00e9geant le cerveau). <a href=\"https:\/\/mecahealth.com\/?page_id=7514\" data-type=\"page\" data-id=\"7514\">Ne pas boire d&rsquo;alcool du tout s&rsquo;av\u00e8re donc d\u00e9j\u00e0 le meilleur plan<\/a> mais un exc\u00e8s peut arriver \u00e0 tout le monde. <\/p>\n\n\n\n<p class=\"has-medium-font-size\">Afin d&rsquo;\u00e9viter la douleur d&rsquo;une <em>soir\u00e9e arros\u00e9e<\/em> et <strong>non pas pour diminuer l&rsquo;alcool dans le sang ou son effet<\/strong> \u00e0 court ou long terme, prendre l&rsquo;\u00e9quivalent de deux verres d&rsquo;eau pour un verre de vin (3 par verre d&rsquo;alcool) absorb\u00e9 \u00e9vite dans la plupart des cas, d&rsquo;avoir recours \u00e0 une aspirine le lendemain.<\/p>\n\n\n\n<p class=\"has-medium-font-size\">Pour des raisons diverses mais surtout par <a href=\"https:\/\/mecahealth.com\/?page_id=1940\" data-type=\"page\" data-id=\"1940\">sensibilit\u00e9 aux sulfites<\/a>, certains sont plus sensibles au vin blanc (ou \u00e0 la <em>piquette<\/em>). Dans ce cas ou en cas de consommation d&rsquo;alcool <em>non dilu\u00e9<\/em>, la quantit\u00e9 doit parfois s&rsquo;accro\u00eetre \u00e0 trois verres d&rsquo;eau pour un verre de vin.<\/p>\n\n\n\n<p class=\"has-medium-font-size\">Si les maux du lendemain ne touchent pas seulement la t\u00eate et\/ou le ventre, il se peut qu&rsquo;il s&rsquo;agisse d&rsquo;une r\u00e9action due \u00e0 une <a href=\"https:\/\/mecahealth.com\/?page_id=1940\" data-type=\"page\" data-id=\"1940\">hyperuric\u00e9mie<\/a>.<\/p>\n\n\n\n<p class=\"has-medium-font-size\">Un autre effet de la boisson ? <a href=\"https:\/\/mecahealth.com\/?page_id=2599\" data-type=\"page\">Mal au dos pour avoir mal <\/a><a href=\"http:\/\/ramasser\">relev\u00e9 son casier de bi\u00e8res belges<\/a>.<\/p>\n\n\n\n<p class=\"has-medium-font-size\">(&#8230;)<\/p>\n\n\n\n<p class=\"has-medium-font-size\"><a href=\"https:\/\/mecahealth.com\/?page_id=3620\" data-type=\"page\" data-id=\"3620\">Une prise de boisson non alcoolis\u00e9e mais sucr\u00e9e pose un autre probl\u00e8me (&#8230;)<\/a><\/p>\n\n\n\n<figure data-wp-context=\"{&quot;imageId&quot;:&quot;69fab8e7c7d74&quot;}\" data-wp-interactive=\"core\/image\" data-wp-key=\"69fab8e7c7d74\" class=\"wp-block-image size-large is-resized wp-lightbox-container\"><img loading=\"lazy\" decoding=\"async\" width=\"1024\" height=\"726\" data-wp-class--hide=\"state.isContentHidden\" data-wp-class--show=\"state.isContentVisible\" data-wp-init=\"callbacks.setButtonStyles\" data-wp-on--click=\"actions.showLightbox\" data-wp-on--load=\"callbacks.setButtonStyles\" data-wp-on-window--resize=\"callbacks.setButtonStyles\" src=\"https:\/\/mecahealth.com\/wp-content\/uploads\/2023\/02\/MecaHealth-Boire-ou-migraine-1024x726.jpg\" alt=\"\" class=\"wp-image-3632\" style=\"width:500px\" srcset=\"https:\/\/mecahealth.com\/wp-content\/uploads\/2023\/02\/MecaHealth-Boire-ou-migraine-1024x726.jpg 1024w, https:\/\/mecahealth.com\/wp-content\/uploads\/2023\/02\/MecaHealth-Boire-ou-migraine-300x213.jpg 300w, https:\/\/mecahealth.com\/wp-content\/uploads\/2023\/02\/MecaHealth-Boire-ou-migraine-768x545.jpg 768w, https:\/\/mecahealth.com\/wp-content\/uploads\/2023\/02\/MecaHealth-Boire-ou-migraine-1536x1090.jpg 1536w, https:\/\/mecahealth.com\/wp-content\/uploads\/2023\/02\/MecaHealth-Boire-ou-migraine.jpg 1748w\" sizes=\"auto, (max-width: 1024px) 100vw, 1024px\" \/><button\n\t\t\tclass=\"lightbox-trigger\"\n\t\t\ttype=\"button\"\n\t\t\taria-haspopup=\"dialog\"\n\t\t\taria-label=\"Enlarge\"\n\t\t\tdata-wp-init=\"callbacks.initTriggerButton\"\n\t\t\tdata-wp-on--click=\"actions.showLightbox\"\n\t\t\tdata-wp-style--right=\"state.imageButtonRight\"\n\t\t\tdata-wp-style--top=\"state.imageButtonTop\"\n\t\t>\n\t\t\t<svg xmlns=\"http:\/\/www.w3.org\/2000\/svg\" width=\"12\" height=\"12\" fill=\"none\" viewBox=\"0 0 12 12\">\n\t\t\t\t<path fill=\"#fff\" d=\"M2 0a2 2 0 0 0-2 2v2h1.5V2a.5.5 0 0 1 .5-.5h2V0H2Zm2 10.5H2a.5.5 0 0 1-.5-.5V8H0v2a2 2 0 0 0 2 2h2v-1.5ZM8 12v-1.5h2a.5.5 0 0 0 .5-.5V8H12v2a2 2 0 0 1-2 2H8Zm2-12a2 2 0 0 1 2 2v2h-1.5V2a.5.5 0 0 0-.5-.5H8V0h2Z\" \/>\n\t\t\t<\/svg>\n\t\t<\/button><\/figure>\n\n\n\n<p>(&#8230;)<\/p>\n\n\n\n<h2 class=\"wp-block-heading has-medium-font-size\">Revenir \u00e0 la page<em> <a href=\"https:\/\/mecahealth.com\/?page_id=434\" data-type=\"page\" data-id=\"434\">Boire<\/a><\/em> ou \u00e0 <em><a href=\"https:\/\/mecahealth.com\/?page_id=272\" data-type=\"page\" data-id=\"272\">Manger<\/a><\/em><\/h2>\n","protected":false},"excerpt":{"rendered":"<p>Attention \u00e0 lire les consignes avant de lire toute page d&rsquo;un site sant\u00e9 ! Comme nous l&rsquo;expliquons pr\u00e9c\u00e9demment dans la page Boire, l&rsquo;eau absorb\u00e9e a pour effet de remplacer celle consomm\u00e9e ou salie par les r\u00e9sidus des diff\u00e9rentes r\u00e9actions chimiques de notre corps. Lorsque nous buvons de l&rsquo;alcool les d\u00e9chets<a href=\"https:\/\/mecahealth.com\/?page_id=3614\" class=\"read-more\">Read More&#8230;<\/a><\/p>\n","protected":false},"author":1,"featured_media":0,"parent":0,"menu_order":0,"comment_status":"closed","ping_status":"closed","template":"","meta":{"footnotes":""},"class_list":["post-3614","page","type-page","status-publish","hentry"],"jetpack_sharing_enabled":true,"_links":{"self":[{"href":"https:\/\/mecahealth.com\/index.php?rest_route=\/wp\/v2\/pages\/3614","targetHints":{"allow":["GET"]}}],"collection":[{"href":"https:\/\/mecahealth.com\/index.php?rest_route=\/wp\/v2\/pages"}],"about":[{"href":"https:\/\/mecahealth.com\/index.php?rest_route=\/wp\/v2\/types\/page"}],"author":[{"embeddable":true,"href":"https:\/\/mecahealth.com\/index.php?rest_route=\/wp\/v2\/users\/1"}],"replies":[{"embeddable":true,"href":"https:\/\/mecahealth.com\/index.php?rest_route=%2Fwp%2Fv2%2Fcomments&post=3614"}],"version-history":[{"count":20,"href":"https:\/\/mecahealth.com\/index.php?rest_route=\/wp\/v2\/pages\/3614\/revisions"}],"predecessor-version":[{"id":7684,"href":"https:\/\/mecahealth.com\/index.php?rest_route=\/wp\/v2\/pages\/3614\/revisions\/7684"}],"wp:attachment":[{"href":"https:\/\/mecahealth.com\/index.php?rest_route=%2Fwp%2Fv2%2Fmedia&parent=3614"}],"curies":[{"name":"wp","href":"https:\/\/api.w.org\/{rel}","templated":true}]}}