{"id":3613,"date":"2023-02-18T17:49:15","date_gmt":"2023-02-18T16:49:15","guid":{"rendered":"https:\/\/mecahealth.com\/?page_id=3613"},"modified":"2023-11-09T02:50:45","modified_gmt":"2023-11-09T01:50:45","slug":"normalite-boire-ou-faire-pipi","status":"publish","type":"page","link":"https:\/\/mecahealth.com\/?page_id=3613","title":{"rendered":"Normalit\u00e9 : boire ou faire pipi ?"},"content":{"rendered":"\n<p class=\"has-medium-font-size\"><a style=\"font-size: revert;\" href=\"https:\/\/mecahealth.com\/?page_id=122\">Attention \u00e0 lire les consignes avant de lire toute page d&rsquo;un site sant\u00e9 !<\/a><\/p>\n\n\n\n<figure class=\"wp-block-image size-full is-style-rounded\"><img loading=\"lazy\" decoding=\"async\" width=\"330\" height=\"330\" src=\"https:\/\/mecahealth.com\/wp-content\/uploads\/2023\/02\/MecaHealth-boire-ou-pipi-1.jpg\" alt=\"\" class=\"wp-image-3637\" srcset=\"https:\/\/mecahealth.com\/wp-content\/uploads\/2023\/02\/MecaHealth-boire-ou-pipi-1.jpg 330w, https:\/\/mecahealth.com\/wp-content\/uploads\/2023\/02\/MecaHealth-boire-ou-pipi-1-300x300.jpg 300w, https:\/\/mecahealth.com\/wp-content\/uploads\/2023\/02\/MecaHealth-boire-ou-pipi-1-150x150.jpg 150w\" sizes=\"auto, (max-width: 330px) 100vw, 330px\" \/><\/figure>\n\n\n\n<h2 class=\"wp-block-heading has-medium-font-size\">Boire ou Faire pipi telle <em>\u00e9tait <\/em>la question<\/h2>\n\n\n\n<p class=\"has-medium-font-size\">Les personnes qui boivent fort peu expliquent souvent qu&rsquo;ils n&rsquo;aiment pas de boire, qu&rsquo;ils ne sentent pas le besoin de boire. Ils s&rsquo;av\u00e8rent apr\u00e8s coup que pas mal d&rsquo;entre eux avaient des probl\u00e8mes urinaires \u00e9tant petits ou qu&rsquo;ils n&rsquo;aim(ai)ent pas d&rsquo;aller \u00e0 la toilette. Ne pas boire \u00e9tait \u00e9viter un mal ou un d\u00e9sagr\u00e9ment qui progressivement donna (ou donnera) un autre tracas voire trouble constant. <\/p>\n\n\n\n<p class=\"has-medium-font-size\">Nous invitons d&rsquo;une part les personnes dont la cause initiale de leur \u00ab\u00a0rejet\u00a0\u00bb concernant l\u2019eau \u00e9tait bel et bien un trouble urinaire, \u00e0 lire le chapitre <a href=\"https:\/\/mecahealth.com\/?page_id=606\" data-type=\"page\" data-id=\"606\"><em>Syst\u00e8me urinaire<\/em><\/a> afin de pallier aux probl\u00e8mes pouvant survenir en buvant \u00e0 nouveau plus r\u00e9guli\u00e8rement.<\/p>\n\n\n\n<p class=\"has-medium-font-size\">D\u2019autre part, il est important de savoir que ne pas boire pour ne pas aller \u00e0 la toilette peut amener d\u2019autres troubles et que, malgr\u00e9 l&rsquo;\u00e9tat de certaines toilettes, <a href=\"https:\/\/mecahealth.com\/?page_id=282\" data-type=\"page\" data-id=\"282\">uriner<\/a> doit, sous certaines conditions, \u00eatre une priorit\u00e9.<\/p>\n\n\n\n<p class=\"has-medium-font-size\">\u00c0 ceux qui doivent se forcer pour ingurgiter ce litre et demi (ou deux litres), nous pouvons seulement leur conseiller de prendre patience. Un jour ou l&rsquo;autre, notre corps nous (re)demandera cette eau.<\/p>\n\n\n\n<p class=\"has-medium-font-size\">Le plus facile, pour arriver \u00e0 boire en suffisance, est d&rsquo;\u00e9viter de <a href=\"https:\/\/mecahealth.com\/?page_id=3628\" data-type=\"page\" data-id=\"3628\">boire par lamp\u00e9es<\/a> et de bien r\u00e9partir la quantit\u00e9 d&rsquo;eau sur sa journ\u00e9e. Le plus simple est de prendre un grand verre le matin, un \u00e0 10h, deux au repas de midi, un \u00e0 16h, un en rentrant, un au repas du soir, et un le soir.<\/p>\n\n\n\n<p class=\"has-medium-font-size\">8 x 25cl = 2 litres ;<\/p>\n\n\n\n<p class=\"has-medium-font-size\">8 x 20cl = 1,6 litres. Ce n&rsquo;est pas \u00e9norme en fin de compte.<\/p>\n\n\n\n<p class=\"has-medium-font-size\">Vous pouvez aussi boire 5 ou 6x 33cl (&#8230;).<\/p>\n\n\n\n<p><\/p>\n\n\n\n<h2 class=\"wp-block-heading has-medium-font-size\">Revenir \u00e0 la page <em><a href=\"https:\/\/mecahealth.com\/?page_id=434\" data-type=\"page\" data-id=\"434\">Boire<\/a> <\/em>ou <a href=\"https:\/\/mecahealth.com\/?page_id=186\" data-type=\"page\" data-id=\"186\"><em>Situations courantes<\/em><\/a><\/h2>\n","protected":false},"excerpt":{"rendered":"<p>Attention \u00e0 lire les consignes avant de lire toute page d&rsquo;un site sant\u00e9 ! Boire ou Faire pipi telle \u00e9tait la question Les personnes qui boivent fort peu expliquent souvent qu&rsquo;ils n&rsquo;aiment pas de boire, qu&rsquo;ils ne sentent pas le besoin de boire. Ils s&rsquo;av\u00e8rent apr\u00e8s coup que pas mal<a href=\"https:\/\/mecahealth.com\/?page_id=3613\" class=\"read-more\">Read More&#8230;<\/a><\/p>\n","protected":false},"author":1,"featured_media":0,"parent":0,"menu_order":0,"comment_status":"closed","ping_status":"closed","template":"","meta":{"footnotes":""},"class_list":["post-3613","page","type-page","status-publish","hentry"],"jetpack_sharing_enabled":true,"_links":{"self":[{"href":"https:\/\/mecahealth.com\/index.php?rest_route=\/wp\/v2\/pages\/3613","targetHints":{"allow":["GET"]}}],"collection":[{"href":"https:\/\/mecahealth.com\/index.php?rest_route=\/wp\/v2\/pages"}],"about":[{"href":"https:\/\/mecahealth.com\/index.php?rest_route=\/wp\/v2\/types\/page"}],"author":[{"embeddable":true,"href":"https:\/\/mecahealth.com\/index.php?rest_route=\/wp\/v2\/users\/1"}],"replies":[{"embeddable":true,"href":"https:\/\/mecahealth.com\/index.php?rest_route=%2Fwp%2Fv2%2Fcomments&post=3613"}],"version-history":[{"count":6,"href":"https:\/\/mecahealth.com\/index.php?rest_route=\/wp\/v2\/pages\/3613\/revisions"}],"predecessor-version":[{"id":6163,"href":"https:\/\/mecahealth.com\/index.php?rest_route=\/wp\/v2\/pages\/3613\/revisions\/6163"}],"wp:attachment":[{"href":"https:\/\/mecahealth.com\/index.php?rest_route=%2Fwp%2Fv2%2Fmedia&parent=3613"}],"curies":[{"name":"wp","href":"https:\/\/api.w.org\/{rel}","templated":true}]}}