{"id":297,"date":"2023-01-06T01:57:52","date_gmt":"2023-01-06T00:57:52","guid":{"rendered":"https:\/\/mecahealth.com\/?page_id=297"},"modified":"2026-04-18T09:50:20","modified_gmt":"2026-04-18T07:50:20","slug":"position-assis","status":"publish","type":"page","link":"https:\/\/mecahealth.com\/?page_id=297","title":{"rendered":"Position : assis"},"content":{"rendered":"\n<p class=\"has-small-font-size\"><a href=\"https:\/\/mecahealth.com\/?page_id=122\">Attention \u00e0 lire les consignes avant de lire toute page d&rsquo;un site sant\u00e9 !<\/a><\/p>\n\n\n\n<figure class=\"wp-block-image size-full is-style-rounded\"><img loading=\"lazy\" decoding=\"async\" width=\"330\" height=\"330\" src=\"https:\/\/mecahealth.com\/wp-content\/uploads\/2023\/02\/MecaHealth-assis-symetrique.jpg\" alt=\"\" class=\"wp-image-3796\" srcset=\"https:\/\/mecahealth.com\/wp-content\/uploads\/2023\/02\/MecaHealth-assis-symetrique.jpg 330w, https:\/\/mecahealth.com\/wp-content\/uploads\/2023\/02\/MecaHealth-assis-symetrique-300x300.jpg 300w, https:\/\/mecahealth.com\/wp-content\/uploads\/2023\/02\/MecaHealth-assis-symetrique-150x150.jpg 150w\" sizes=\"auto, (max-width: 330px) 100vw, 330px\" \/><\/figure>\n\n\n\n<h2 class=\"wp-block-heading has-large-font-size\">Rel\u00e2ch\u00e9 mais pas affaiss\u00e9<\/h2>\n\n\n\n<figure class=\"wp-block-image size-full\"><img loading=\"lazy\" decoding=\"async\" width=\"100\" height=\"100\" src=\"https:\/\/mecahealth.com\/wp-content\/uploads\/2023\/02\/MecaHealth-picto-YES-e1675467494159.jpg\" alt=\"\" class=\"wp-image-2573\"\/><\/figure>\n\n\n\n<p class=\"has-medium-font-size\">La position assise \u00e9tant la position la plus fr\u00e9quente de la plupart des \u00eatres humains industrialis\u00e9s, elle se doit d&rsquo;\u00eatre correctement r\u00e9alis\u00e9e le plus souvent possible. <a href=\"https:\/\/mecahealth.com\/?page_id=411\" data-type=\"page\" data-id=\"411\">Comme nous l&rsquo;avons vu pr\u00e9c\u00e9demment, l&rsquo;homme n&rsquo;\u00e9tant pas fait pour se reposer ni debout ni assis<\/a> au risque d&rsquo;\u00e9craser les disques intervert\u00e9braux, nous devrions \u00e9viter de nous affaisser dans un fauteuil.<\/p>\n\n\n\n<p class=\"has-medium-font-size\">L&rsquo;image ci-dessUs montre une personne <a href=\"https:\/\/mecahealth.com\/?page_id=402\" data-type=\"page\" data-id=\"402\">parfaitement plac\u00e9e sous l&rsquo;angle sym\u00e9trique<\/a>. L&rsquo;appui des avant-bras permet de soutenir le dos malgr\u00e9 que celui-ci soit d\u00e9j\u00e0 appuy\u00e9 contre la chaise. La <a href=\"https:\/\/mecahealth.com\/?page_id=1923\" data-type=\"page\" data-id=\"1923\">posture de la nuque et de la t\u00eate respecte la <em><strong>position z\u00e9ro<\/strong><\/em><\/a>. L&rsquo;image ci-dessOUs montre une personne presque parfaitement sym\u00e9trique mais plus rel\u00e2ch\u00e9e tout de m\u00eame que la premi\u00e8re. Les deux premi\u00e8res personnes en avant-plan sur ces deux premi\u00e8res photos sont bien au fond alors que celle en rose en arri\u00e8re plan n&rsquo;est pas tout \u00e0 fait au fond, les vert\u00e8bres seront en porte-\u00e0-faux car non soutenues. Ce qui peut g\u00e9n\u00e9rer une <a href=\"https:\/\/mecahealth.com\/?page_id=501\" data-type=\"page\" data-id=\"501\">partie des maux<\/a> surtout au moment de <a href=\"https:\/\/mecahealth.com\/?page_id=257\" data-type=\"page\" data-id=\"257\">se lever<\/a>.<\/p>\n\n\n\n<figure class=\"wp-block-image size-full is-resized\"><img loading=\"lazy\" decoding=\"async\" width=\"330\" height=\"330\" src=\"https:\/\/mecahealth.com\/wp-content\/uploads\/2023\/02\/MecaHealth-assis-5-1.jpg\" alt=\"\" class=\"wp-image-3813\" style=\"width:250px;height:250px\" srcset=\"https:\/\/mecahealth.com\/wp-content\/uploads\/2023\/02\/MecaHealth-assis-5-1.jpg 330w, https:\/\/mecahealth.com\/wp-content\/uploads\/2023\/02\/MecaHealth-assis-5-1-300x300.jpg 300w, https:\/\/mecahealth.com\/wp-content\/uploads\/2023\/02\/MecaHealth-assis-5-1-150x150.jpg 150w\" sizes=\"auto, (max-width: 330px) 100vw, 330px\" \/><\/figure>\n\n\n\n<p><\/p>\n\n\n\n<h2 class=\"wp-block-heading has-medium-font-size\">La position dite <em>relax<\/em>,<\/h2>\n\n\n\n<p class=\"has-medium-font-size\">nous permet de rester assis plus longtemps et de nous soutenir plus facilement le dos. Pour ce faire lorsque la chaise est de mauvaise qualit\u00e9, nous pouvons pousser l\u00e9g\u00e8rement sur nos pieds pour placer la chaise sur deux pieds et obtenir l&rsquo;<em>effet relax<\/em> souhait\u00e9 mais elle est instable. Nous vous conseillons d&rsquo;investir vers un fauteuil de type Lafuma notamment pour lire mais en faisant attention \u00e0 ce qui a \u00e9t\u00e9 expliqu\u00e9 dans la page <a href=\"https:\/\/mecahealth.com\/?page_id=201\" data-type=\"page\" data-id=\"201\"><em>Lire correctement<\/em><\/a><\/p>\n\n\n\n<p class=\"has-medium-font-size\">\u00c0 table ou <a href=\"https:\/\/mecahealth.com\/?page_id=8856\" data-type=\"page\" data-id=\"8856\">en r\u00e9union<\/a>, tout comme <a href=\"https:\/\/mecahealth.com\/?page_id=295\">assis devant un bureau<\/a>, nous devrions aussi essayer de rester appuy\u00e9 au fond de la chaise mais conna\u00eetre les particularit\u00e9s en lisant les pages en lien.<\/p>\n\n\n\n<p class=\"has-medium-font-size\">Pour uriner et <a href=\"https:\/\/mecahealth.com\/?page_id=268\" data-type=\"page\" data-id=\"268\">surtout pour d\u00e9f\u00e9quer, la position assise doit par contre \u00eatre port\u00e9e vers l&rsquo;avant<\/a>&#8230;<\/p>\n\n\n\n<figure class=\"wp-block-image size-full\"><img loading=\"lazy\" decoding=\"async\" width=\"100\" height=\"100\" src=\"https:\/\/mecahealth.com\/wp-content\/uploads\/2023\/02\/MecaHealth-picto-NO-e1675467511983.jpg\" alt=\"\" class=\"wp-image-2572\"\/><\/figure>\n\n\n<div class=\"wp-block-image\">\n<figure class=\"alignleft size-large is-resized\"><img loading=\"lazy\" decoding=\"async\" width=\"330\" height=\"330\" src=\"https:\/\/mecahealth.com\/wp-content\/uploads\/2023\/02\/MecaHealth-assis-4.jpg\" alt=\"\" class=\"wp-image-3802\" style=\"width:250px;height:250px\" srcset=\"https:\/\/mecahealth.com\/wp-content\/uploads\/2023\/02\/MecaHealth-assis-4.jpg 330w, https:\/\/mecahealth.com\/wp-content\/uploads\/2023\/02\/MecaHealth-assis-4-300x300.jpg 300w, https:\/\/mecahealth.com\/wp-content\/uploads\/2023\/02\/MecaHealth-assis-4-150x150.jpg 150w\" sizes=\"auto, (max-width: 330px) 100vw, 330px\" \/><\/figure>\n<\/div>\n\n\n<p class=\"has-medium-font-size\">Une position vautr\u00e9e non seulement va diminuer l&rsquo;espace entre la plupart des disques et donc \u00e9ventuellement donner \u00e0 long terme une <a href=\"https:\/\/mecahealth.com\/?page_id=564\" data-type=\"page\" data-id=\"564\">arthrose pr\u00e9coce<\/a> des articulations vert\u00e9brales et\/ou des <a href=\"https:\/\/mecahealth.com\/?page_id=1136\" data-type=\"page\" data-id=\"1136\">douleurs<\/a> de type neurologique au niveau des <a href=\"https:\/\/mecahealth.com\/?page_id=971\" data-type=\"page\" data-id=\"971\">diff\u00e9rents sommets de courbure<\/a>. Nous pouvons  observer que le bas du dos ici n&rsquo;est pas soutenu.<\/p>\n\n\n\n<p><\/p>\n\n\n<div class=\"wp-block-image\">\n<figure class=\"alignright size-large\"><img loading=\"lazy\" decoding=\"async\" width=\"200\" height=\"250\" src=\"https:\/\/mecahealth.com\/wp-content\/uploads\/2023\/02\/MecaHealth-assis-mauvaise-position.jpg\" alt=\"\" class=\"wp-image-3808\"\/><\/figure>\n<\/div>\n\n\n<p class=\"has-medium-font-size\">Dans un contexte normal malgr\u00e9 tout, se laisser aller de temps en temps sera sans cons\u00e9quence mais <a href=\"https:\/\/mecahealth.com\/?page_id=257\" data-type=\"page\" data-id=\"257\">en se levant<\/a> par contre, apr\u00e8s \u00eatre rest\u00e9 vautr\u00e9, il est indispensable de pr\u00eater attention \u00e0 s&rsquo;<a href=\"https:\/\/mecahealth.com\/?page_id=1119\" data-type=\"page\" data-id=\"1119\">auto-grandir pr\u00e9alablement<\/a> et de notamment <a href=\"https:\/\/mecahealth.com\/?page_id=1565\" data-type=\"page\" data-id=\"1565\">rentrer son ventre \u00e0 l&rsquo;effort<\/a>.<\/p>\n\n\n\n<p><\/p>\n\n\n\n<p><\/p>\n\n\n<div class=\"wp-block-image\">\n<figure class=\"alignleft size-large\"><img loading=\"lazy\" decoding=\"async\" width=\"200\" height=\"250\" src=\"https:\/\/mecahealth.com\/wp-content\/uploads\/2023\/02\/MecaHealth-assis-mauvaise-position-haute.jpg\" alt=\"\" class=\"wp-image-3806\"\/><\/figure>\n<\/div>\n\n\n<p class=\"has-medium-font-size\">Se positionner trop droit n&rsquo;est pas une solution non plus. Il n&rsquo;est pas rare de rencontrer des personnes se plaignant de douleurs entre les omoplates, \u00e9tant des personnes qui chercher \u00e0 tout prix \u00e0 se redresser &#8230;par des remarques familiales erron\u00e9es telles que <em>Tiens toi droit et tire tes \u00e9paules en arri\u00e8re.<\/em><\/p>\n\n\n<div class=\"wp-block-image\">\n<figure class=\"alignleft size-full\"><img loading=\"lazy\" decoding=\"async\" width=\"200\" height=\"250\" src=\"https:\/\/mecahealth.com\/wp-content\/uploads\/2023\/02\/MecaHealth-assis-mauvaise-position-lombaire.jpg\" alt=\"\" class=\"wp-image-3807\"\/><\/figure>\n<\/div>\n\n\n<p>Se porter en avant comme il se fait couramment devant un bureau ou  parce qu&rsquo;on a appris \u00e0 pouvoir laisser passer un chat dans son dos comme la derni\u00e8re photo ci-dessus, fait travailler inutilement les muscles lombaires. Ils travaillent une premi\u00e8re fois pour emp\u00eacher le dos de tomber en avant et une seconde fois comme visible sur la photo ci-contre, pour se redresser.<\/p>\n\n\n\n<p class=\"has-medium-font-size\">A force de rester assis et surtout sans appuyer le dos pour se reposer, les <a href=\"https:\/\/mecahealth.com\/?page_id=1542\" data-type=\"page\" data-id=\"1542\">psoas se r\u00e9tractent<\/a>. Ce raccourcissement progressif va entra\u00eener avec lui une augmentation de la <a href=\"https:\/\/mecahealth.com\/?page_id=1173\" data-type=\"page\" data-id=\"1173\">lordose lombaire<\/a> et un \u00e9crasement de la hanche.<\/p>\n\n\n\n<p class=\"has-medium-font-size\">Assis sans appui, nous devrions chercher \u00e0 rester droit en <a href=\"https:\/\/mecahealth.com\/?page_id=1119\" data-type=\"page\" data-id=\"1119\">auto-grandissement<\/a> interm\u00e9diaire.<\/p>\n\n\n\n<p class=\"has-medium-font-size\">L&rsquo;id\u00e9al est dans cette position, de s&rsquo;accorder malgr\u00e9 tout une forme de repos en s&rsquo;appuyant bien au fond du fauteuil. L&rsquo;appui s&rsquo;il est r\u00e9glable sera mis de mani\u00e8re \u00e0 soutenir l\u00e9g\u00e8rement le creux lombaire pour les personnes ayant une cambrure normale ou marqu\u00e9e.  Pour ceux ne disposant pas de cambrure, un coussin plus important est parfois souhaitable en guise de correction mais pose parfois probl\u00e8me malgr\u00e9 tout.<\/p>\n\n\n\n<p class=\"has-medium-font-size\">Nous vous laissons imaginer ce que nous pensons d\u00e8s lors de la version sur ballon si elle est utilis\u00e9e toute la journ\u00e9e. Beaucoup arrive \u00e0 mal se placer au del\u00e0 d&rsquo;une dur\u00e9e prolong\u00e9e et m\u00eame si ce n&rsquo;\u00e9tait le cas, il fatiguerait le dos d\u00e9j\u00e0 surcharg\u00e9. <strong>Il est pr\u00e9f\u00e9rable d&rsquo;alterner position assise et position debout que de succomber \u00e0 la mode ballons.<\/strong><\/p>\n\n\n\n<p class=\"has-large-font-size\">S&rsquo;asseoir sur un ballon est de la r\u00e9\u00e9ducation et ne pr\u00e9sente aucun int\u00e9r\u00eat plus de 30 \u00e0 60 min d&rsquo;affil\u00e9e.<\/p>\n\n\n\n<p class=\"has-medium-font-size\">Apr\u00e8s quelques minutes, nous glissons du fond du si\u00e8ge. Faisons attention \u00e0 nous y remettre r\u00e9guli\u00e8rement. <a href=\"https:\/\/mecahealth.com\/?page_id=521\" data-type=\"page\" data-id=\"521\">En voiture, il y a un petit truc<\/a> pour bien rester au fond du fauteuil.<\/p>\n\n\n\n<p><\/p>\n\n\n<div class=\"wp-block-image\">\n<figure class=\"alignleft size-full is-resized\"><img loading=\"lazy\" decoding=\"async\" width=\"330\" height=\"330\" src=\"https:\/\/mecahealth.com\/wp-content\/uploads\/2023\/02\/MecaHealth-assis-rotation-sexy.jpg\" alt=\"\" class=\"wp-image-3809\" style=\"width:250px;height:250px\" srcset=\"https:\/\/mecahealth.com\/wp-content\/uploads\/2023\/02\/MecaHealth-assis-rotation-sexy.jpg 330w, https:\/\/mecahealth.com\/wp-content\/uploads\/2023\/02\/MecaHealth-assis-rotation-sexy-300x300.jpg 300w, https:\/\/mecahealth.com\/wp-content\/uploads\/2023\/02\/MecaHealth-assis-rotation-sexy-150x150.jpg 150w\" sizes=\"auto, (max-width: 330px) 100vw, 330px\" \/><\/figure>\n<\/div>\n\n\n<p class=\"has-medium-font-size\">Regardez-bien non pas ce que vous pourriez regarder en premier mais les quelques plis qui se dessinent \u00e0 diff\u00e9rentes hauteur notamment au niveau du nombril. Ces plis rel\u00e8vent les torsions et tractions qu&rsquo;il y a plusieurs niveaux dans le corps. Cette posture n&rsquo;est pas bonne si elle est maintenue de mani\u00e8re prolong\u00e9e et mauvaise d&#8217;embl\u00e9e si on est affal\u00e9 le reste de la journ\u00e9e (\u00e0 l&rsquo;inverse de l&rsquo;auto-grandissement). Votre posture en regardant le nombril ou d&rsquo;autres choses de plus pr\u00e8s n&rsquo;est certainement pas bonne non plus&#8230;<\/p>\n\n\n\n<p><\/p>\n\n\n\n<p><\/p>\n\n\n\n<figure class=\"wp-block-gallery has-nested-images columns-default is-cropped wp-block-gallery-1 is-layout-flex wp-block-gallery-is-layout-flex\">\n<figure class=\"wp-block-image size-full\"><img loading=\"lazy\" decoding=\"async\" width=\"330\" height=\"330\" data-id=\"3804\" src=\"https:\/\/mecahealth.com\/wp-content\/uploads\/2023\/02\/MecaHealth-assis-6.jpg\" alt=\"\" class=\"wp-image-3804\" srcset=\"https:\/\/mecahealth.com\/wp-content\/uploads\/2023\/02\/MecaHealth-assis-6.jpg 330w, https:\/\/mecahealth.com\/wp-content\/uploads\/2023\/02\/MecaHealth-assis-6-300x300.jpg 300w, https:\/\/mecahealth.com\/wp-content\/uploads\/2023\/02\/MecaHealth-assis-6-150x150.jpg 150w\" sizes=\"auto, (max-width: 330px) 100vw, 330px\" \/><figcaption class=\"wp-element-caption\">De travers et en avant<\/figcaption><\/figure>\n\n\n\n<figure class=\"wp-block-image size-medium\"><img loading=\"lazy\" decoding=\"async\" width=\"300\" height=\"300\" data-id=\"3801\" src=\"https:\/\/mecahealth.com\/wp-content\/uploads\/2023\/02\/MecaHealth-assis-3-300x300.jpg\" alt=\"\" class=\"wp-image-3801\" srcset=\"https:\/\/mecahealth.com\/wp-content\/uploads\/2023\/02\/MecaHealth-assis-3-300x300.jpg 300w, https:\/\/mecahealth.com\/wp-content\/uploads\/2023\/02\/MecaHealth-assis-3-150x150.jpg 150w, https:\/\/mecahealth.com\/wp-content\/uploads\/2023\/02\/MecaHealth-assis-3.jpg 330w\" sizes=\"auto, (max-width: 300px) 100vw, 300px\" \/><figcaption class=\"wp-element-caption\">Trop fl\u00e9chie sur le milieu<\/figcaption><\/figure>\n\n\n\n<figure class=\"wp-block-image size-large\"><img loading=\"lazy\" decoding=\"async\" width=\"330\" height=\"330\" data-id=\"3799\" src=\"https:\/\/mecahealth.com\/wp-content\/uploads\/2023\/02\/MecaHealth-assis-1.jpg\" alt=\"\" class=\"wp-image-3799\" srcset=\"https:\/\/mecahealth.com\/wp-content\/uploads\/2023\/02\/MecaHealth-assis-1.jpg 330w, https:\/\/mecahealth.com\/wp-content\/uploads\/2023\/02\/MecaHealth-assis-1-300x300.jpg 300w, https:\/\/mecahealth.com\/wp-content\/uploads\/2023\/02\/MecaHealth-assis-1-150x150.jpg 150w\" sizes=\"auto, (max-width: 330px) 100vw, 330px\" \/><figcaption class=\"wp-element-caption\">Trop r\u00e2leuse ou ind\u00e9cise<\/figcaption><\/figure>\n<\/figure>\n\n\n\n<h2 class=\"wp-block-heading has-medium-font-size\">Revenir au chapitre <a href=\"https:\/\/mecahealth.com\/?page_id=201\"><em>Positions<\/em><\/a> ou <a href=\"https:\/\/mecahealth.com\/?page_id=186\" data-type=\"page\" data-id=\"186\"><em>Situations courantes<\/em><\/a><\/h2>\n","protected":false},"excerpt":{"rendered":"<p>Attention \u00e0 lire les consignes avant de lire toute page d&rsquo;un site sant\u00e9 ! Rel\u00e2ch\u00e9 mais pas affaiss\u00e9 La position assise \u00e9tant la position la plus fr\u00e9quente de la plupart des \u00eatres humains industrialis\u00e9s, elle se doit d&rsquo;\u00eatre correctement r\u00e9alis\u00e9e le plus souvent possible. Comme nous l&rsquo;avons vu pr\u00e9c\u00e9demment, l&rsquo;homme<a href=\"https:\/\/mecahealth.com\/?page_id=297\" class=\"read-more\">Read More&#8230;<\/a><\/p>\n","protected":false},"author":1,"featured_media":0,"parent":0,"menu_order":0,"comment_status":"closed","ping_status":"closed","template":"","meta":{"footnotes":""},"class_list":["post-297","page","type-page","status-publish","hentry"],"jetpack_sharing_enabled":true,"_links":{"self":[{"href":"https:\/\/mecahealth.com\/index.php?rest_route=\/wp\/v2\/pages\/297","targetHints":{"allow":["GET"]}}],"collection":[{"href":"https:\/\/mecahealth.com\/index.php?rest_route=\/wp\/v2\/pages"}],"about":[{"href":"https:\/\/mecahealth.com\/index.php?rest_route=\/wp\/v2\/types\/page"}],"author":[{"embeddable":true,"href":"https:\/\/mecahealth.com\/index.php?rest_route=\/wp\/v2\/users\/1"}],"replies":[{"embeddable":true,"href":"https:\/\/mecahealth.com\/index.php?rest_route=%2Fwp%2Fv2%2Fcomments&post=297"}],"version-history":[{"count":25,"href":"https:\/\/mecahealth.com\/index.php?rest_route=\/wp\/v2\/pages\/297\/revisions"}],"predecessor-version":[{"id":8878,"href":"https:\/\/mecahealth.com\/index.php?rest_route=\/wp\/v2\/pages\/297\/revisions\/8878"}],"wp:attachment":[{"href":"https:\/\/mecahealth.com\/index.php?rest_route=%2Fwp%2Fv2%2Fmedia&parent=297"}],"curies":[{"name":"wp","href":"https:\/\/api.w.org\/{rel}","templated":true}]}}