{"id":2950,"date":"2023-02-10T00:31:10","date_gmt":"2023-02-09T23:31:10","guid":{"rendered":"https:\/\/mecahealth.com\/?page_id=2950"},"modified":"2025-03-02T20:52:41","modified_gmt":"2025-03-02T19:52:41","slug":"pathologie-constipation-2","status":"publish","type":"page","link":"https:\/\/mecahealth.com\/?page_id=2950","title":{"rendered":"Pathologie : constipation et d\u00e9r\u00e8glement"},"content":{"rendered":"\n<p class=\"has-medium-font-size\"><a href=\"https:\/\/mecahealth.com\/?page_id=122\">Attention \u00e0 lire les consignes avant de lire toute page d&rsquo;un site sant\u00e9 !<\/a><\/p>\n\n\n\n<figure class=\"wp-block-image size-full is-style-rounded\"><img loading=\"lazy\" decoding=\"async\" width=\"330\" height=\"330\" src=\"https:\/\/mecahealth.com\/wp-content\/uploads\/2023\/02\/MecaHealth-constipation.jpg\" alt=\"\" class=\"wp-image-2952\" srcset=\"https:\/\/mecahealth.com\/wp-content\/uploads\/2023\/02\/MecaHealth-constipation.jpg 330w, https:\/\/mecahealth.com\/wp-content\/uploads\/2023\/02\/MecaHealth-constipation-300x300.jpg 300w, https:\/\/mecahealth.com\/wp-content\/uploads\/2023\/02\/MecaHealth-constipation-150x150.jpg 150w\" sizes=\"auto, (max-width: 330px) 100vw, 330px\" \/><\/figure>\n\n\n\n<p class=\"has-medium-font-size\">La constipation est la difficult\u00e9 d&rsquo;\u00e9vacuer les selles, le fait de ne plus avoir \u00e9t\u00e9 \u00e0 selle depuis un laps de temps plus important que d&rsquo;habitude mais \u00e9galement le maintien de selles dans le rectum apr\u00e8s une \u00e9vacuation courante. Dans ce dernier cas, pas mal de personnes ignorent qu&rsquo;elles sont en r\u00e9alit\u00e9 constip\u00e9e, \u00e9vacuant en r\u00e9alit\u00e9 que le <em>trop plein<\/em>. Ce trop plein est souvent constitu\u00e9 de selles de <em>crottes de bique<\/em>&#8230;<\/p>\n\n\n\n<p class=\"has-medium-font-size\">La d\u00e9f\u00e9cation est g\u00e9n\u00e9ralement quotidienne mais le laps de temps entre deux d\u00e9f\u00e9cations est variable d\u2019une personne \u00e0 l\u2019autre. Si une personne va tous les deux jours depuis longtemps, nous ne pouvons pas forc\u00e9ment parler de constipation.<\/p>\n\n\n\n<p class=\"has-medium-font-size\">Une constipation ne se traite pas toujours uniquement et surtout pas directement par m\u00e9dication. Le principal traitement dans ce cas est en r\u00e9alit\u00e9, en plus d&rsquo;une bonne hygi\u00e8ne alimentaire et hydrique, d&rsquo;une bonne posture abdominale favorisant un bon transit, il faut absolument d&rsquo;<a data-type=\"page\" data-id=\"268\" href=\"https:\/\/mecahealth.com\/?page_id=268\">apprendre \u00e0 d\u00e9f\u00e9quer correctement<\/a>. La <a data-type=\"page\" data-id=\"1125\" href=\"https:\/\/mecahealth.com\/?page_id=1125\">constipation chez l&rsquo;enfant<\/a> n\u00e9cessite de comprendre \u00e9galement d&rsquo;autres notions.<\/p>\n\n\n\n<p class=\"has-medium-font-size\">Progressivement \u00e0 ce probl\u00e8me d&rsquo;\u00e9vacuation vient se greffer un r\u00e9el probl\u00e8me de ralentissement du transit ; le corps r\u00e9agissant pour \u00e9viter <em>l&#8217;embouteillage dans la gare de triage<\/em> qu&rsquo;est le rectum. Ce ralentissement existe bien entendu parfois de mani\u00e8re primaire (colon trop long ou pathologie particuli\u00e8re) mais est plus souvent le fruit d&rsquo;une \u00e9vacuation mal g\u00e9r\u00e9e. Pour les personnes ayant cette difficult\u00e9, hors pathologie av\u00e9r\u00e9e, avant toute m\u00e9dication, de d\u00e9f\u00e9quer 2 x \/ jour entre 15 \u00e0 45 minutes apr\u00e8s le repas. En tentant de <a href=\"https:\/\/mecahealth.com\/?page_id=268\" data-type=\"page\" data-id=\"268\">d\u00e9f\u00e9quer comme nous l&rsquo;avons expliqu\u00e9<\/a> dans la news concern\u00e9e, m\u00eame s&rsquo;il n&rsquo;y a pas de sensations de rectum, apr\u00e8s quelques jours \u00e0 mois, le corps s&rsquo;habitue \u00e0 respecter le rythme souhait\u00e9.<\/p>\n\n\n\n<p class=\"has-medium-font-size\">Les raisons de la <a href=\"https:\/\/mecahealth.com\/?page_id=1125\" data-type=\"page\" data-id=\"1125\">constipation de l&rsquo;enfant<\/a> sont assez proches de celles de la personne \u00e2g\u00e9e.<\/p>\n\n\n\n<h2 class=\"wp-block-heading\">M\u00e9dication :<\/h2>\n\n\n\n<p class=\"has-medium-font-size\">La m\u00e9dication pour soulager la constipation dans de nombreuses situations n\u2019est pas ad\u00e9quate puisqu\u2019elle cherche la plupart du temps \u00e0 obtenir une descente plus rapide des selles dans l\u2019intestin alors que les trois-quarts du temps c\u2019est avant tout un probl\u00e8me de qualit\u00e9 d\u2019\u00e9vacuation.<\/p>\n\n\n\n<p class=\"has-medium-font-size\">Dans ce genre de situations, elle donnera un r\u00e9sultat malgr\u00e9 tout mais peut-\u00eatre aurait-il \u00e9t\u00e9 judicieux d&rsquo;essayer d&rsquo;abord d&rsquo;apprendre ou de r\u00e9apprendre \u00e0 d\u00e9f\u00e9quer correctement en prenant au pr\u00e9alable \u00e9ventuellement une m\u00e9dication telle que suppositoire de glyc\u00e9rine (peu agressif pour les muqueuses) pour ramollir le <em>bouchon <\/em>de selles situ\u00e9es dans le rectum.<\/p>\n\n\n\n<p class=\"has-medium-font-size\">L&rsquo;<a href=\"https:\/\/mecahealth.com\/?page_id=2177\" data-type=\"page\" data-id=\"2177\">alternance de constipations et de diarrh\u00e9es<\/a> est fr\u00e9quente lors d&rsquo;une mauvaise gestion de la d\u00e9f\u00e9cation et d&rsquo;une prise inad\u00e9quate de m\u00e9dication. En effet, la m\u00e9dication classique ramollit les selles au dessus des selles fig\u00e9es dans le rectum. A force de prendre ce genre de m\u00e9dicament tant que les selles ne s&rsquo;\u00e9vacuent pas, les selles <em>sup\u00e9rieures <\/em>deviennent liquides ou presque entra\u00eenant en fin de compte une augmentation de liquide dans le rectum qui peut enfin \u00e9vacuer les selles <em>inf\u00e9rieures<\/em>. Seulement, celles <em>sup\u00e9rieures<\/em> \u00e9tant assez liquides, la personne se retrouve avec une <em>explosion<\/em> (&#8230;). Si la personne prend ensuite des antidiarrh\u00e9iques, le cercle vicieux est garanti. Il faut absolument revoir la gestion m\u00e9dicamenteuse.<\/p>\n\n\n\n<p class=\"has-medium-font-size\">Une mauvaise gestion de la constipation -g\u00e9rable donc en majeure partie par le patient- peut \u00eatre consid\u00e9r\u00e9e comme responsable partiellement de certains maux tels que :<\/p>\n\n\n\n<ul class=\"has-medium-font-size wp-block-list\">\n<li><a href=\"https:\/\/mecahealth.com\/?page_id=491\" data-type=\"page\" data-id=\"491\">incontinence urinaire<\/a><\/li>\n\n\n\n<li><a href=\"https:\/\/mecahealth.com\/?page_id=1416\" data-type=\"page\" data-id=\"1416\">h\u00e9morro\u00efdes<\/a><\/li>\n\n\n\n<li><a data-type=\"page\" data-id=\"597\" href=\"https:\/\/mecahealth.com\/?page_id=597\">cystite (chronique)<\/a><\/li>\n\n\n\n<li><a href=\"https:\/\/mecahealth.com\/?page_id=2720\" data-type=\"page\" data-id=\"2720\">descente d&rsquo;organe(s)<\/a><\/li>\n<\/ul>\n\n\n\n<p class=\"has-medium-font-size\">(&#8230;)<\/p>\n\n\n\n<h2 class=\"wp-block-heading has-medium-font-size\">Revenir au chapitre <em><a href=\"https:\/\/mecahealth.com\/?page_id=77\" data-type=\"page\" data-id=\"77\">Corps plomberie<\/a>, <a href=\"https:\/\/mecahealth.com\/?page_id=1270\" data-type=\"page\" data-id=\"1270\">Syst\u00e8me digestif<\/a> <\/em>ou <em><a href=\"https:\/\/mecahealth.com\/?page_id=606\" data-type=\"page\" data-id=\"606\">Syst\u00e8me urinaire<\/a><\/em><\/h2>\n","protected":false},"excerpt":{"rendered":"<p>Attention \u00e0 lire les consignes avant de lire toute page d&rsquo;un site sant\u00e9 ! La constipation est la difficult\u00e9 d&rsquo;\u00e9vacuer les selles, le fait de ne plus avoir \u00e9t\u00e9 \u00e0 selle depuis un laps de temps plus important que d&rsquo;habitude mais \u00e9galement le maintien de selles dans le rectum apr\u00e8s<a href=\"https:\/\/mecahealth.com\/?page_id=2950\" class=\"read-more\">Read More&#8230;<\/a><\/p>\n","protected":false},"author":1,"featured_media":0,"parent":0,"menu_order":0,"comment_status":"closed","ping_status":"closed","template":"","meta":{"footnotes":""},"class_list":["post-2950","page","type-page","status-publish","hentry"],"jetpack_sharing_enabled":true,"_links":{"self":[{"href":"https:\/\/mecahealth.com\/index.php?rest_route=\/wp\/v2\/pages\/2950","targetHints":{"allow":["GET"]}}],"collection":[{"href":"https:\/\/mecahealth.com\/index.php?rest_route=\/wp\/v2\/pages"}],"about":[{"href":"https:\/\/mecahealth.com\/index.php?rest_route=\/wp\/v2\/types\/page"}],"author":[{"embeddable":true,"href":"https:\/\/mecahealth.com\/index.php?rest_route=\/wp\/v2\/users\/1"}],"replies":[{"embeddable":true,"href":"https:\/\/mecahealth.com\/index.php?rest_route=%2Fwp%2Fv2%2Fcomments&post=2950"}],"version-history":[{"count":13,"href":"https:\/\/mecahealth.com\/index.php?rest_route=\/wp\/v2\/pages\/2950\/revisions"}],"predecessor-version":[{"id":7789,"href":"https:\/\/mecahealth.com\/index.php?rest_route=\/wp\/v2\/pages\/2950\/revisions\/7789"}],"wp:attachment":[{"href":"https:\/\/mecahealth.com\/index.php?rest_route=%2Fwp%2Fv2%2Fmedia&parent=2950"}],"curies":[{"name":"wp","href":"https:\/\/api.w.org\/{rel}","templated":true}]}}