{"id":295,"date":"2023-01-06T01:56:11","date_gmt":"2023-01-06T00:56:11","guid":{"rendered":"https:\/\/mecahealth.com\/?page_id=295"},"modified":"2026-03-31T07:23:25","modified_gmt":"2026-03-31T05:23:25","slug":"position-assis-bureau","status":"publish","type":"page","link":"https:\/\/mecahealth.com\/?page_id=295","title":{"rendered":"Position : assis bureau"},"content":{"rendered":"\n<p class=\"has-small-font-size\"><a href=\"https:\/\/mecahealth.com\/?page_id=122\">Attention \u00e0 lire les consignes avant de lire toute page d&rsquo;un site sant\u00e9 !<\/a><\/p>\n\n\n\n<figure class=\"wp-block-image size-full is-style-rounded\"><img loading=\"lazy\" decoding=\"async\" width=\"330\" height=\"330\" src=\"https:\/\/mecahealth.com\/wp-content\/uploads\/2023\/02\/MecaHealth-assis-2.jpg\" alt=\"\" class=\"wp-image-3800\" srcset=\"https:\/\/mecahealth.com\/wp-content\/uploads\/2023\/02\/MecaHealth-assis-2.jpg 330w, https:\/\/mecahealth.com\/wp-content\/uploads\/2023\/02\/MecaHealth-assis-2-300x300.jpg 300w, https:\/\/mecahealth.com\/wp-content\/uploads\/2023\/02\/MecaHealth-assis-2-150x150.jpg 150w\" sizes=\"auto, (max-width: 330px) 100vw, 330px\" \/><figcaption class=\"wp-element-caption\">Trop redress\u00e9e et non appuy\u00e9e<\/figcaption><\/figure>\n\n\n\n<h2 class=\"wp-block-heading has-large-font-size\">Au fond avec ou sans accoudoirs<\/h2>\n\n\n\n<figure class=\"wp-block-image size-full\"><img loading=\"lazy\" decoding=\"async\" width=\"100\" height=\"100\" src=\"https:\/\/mecahealth.com\/wp-content\/uploads\/2023\/02\/MecaHealth-picto-YES-e1675467494159.jpg\" alt=\"\" class=\"wp-image-2573\"\/><\/figure>\n\n\n\n<p class=\"has-medium-font-size\">La position assise est tr\u00e8s fr\u00e9quente chez la plupart des \u00eatres humains industrialis\u00e9s et plus encore aujourd&rsquo;hui pour les personnes travaillant au bureau voire en t\u00e9l\u00e9travail \u00e0 cause de ce que nous avons appel\u00e9 le <em><a href=\"https:\/\/mecahealth.com\/?page_id=4598\" data-type=\"page\" data-id=\"4598\">Full Scanned<\/a><\/em>. La position assise \u00e0 un bureau respecte tout d&rsquo;abord <a href=\"https:\/\/mecahealth.com\/?page_id=1923\" data-type=\"page\" data-id=\"1923\">position z\u00e9ro<\/a> suivie <a href=\"https:\/\/mecahealth.com\/?page_id=297\" data-type=\"page\" data-id=\"297\">des r\u00e8gles de la position assise<\/a> mais avec des consignes en plus.<\/p>\n\n\n\n<p class=\"has-medium-font-size\">Nous devrions notamment apprendre, en parall\u00e8le \u00e0 ce qui suit, \u00e0 <a href=\"https:\/\/mecahealth.com\/?page_id=487\" data-type=\"page\" data-id=\"487\">limiter nos blocages respiratoires<\/a> qui surviennent notamment \u00e0 chaque fois qu&rsquo;une t\u00e2che -parfois purement intellectuelle- demande de la concentration.<\/p>\n\n\n\n<p class=\"has-medium-font-size\">Concernant <a href=\"https:\/\/mecahealth.com\/?page_id=297\" data-type=\"page\" data-id=\"297\">la position assise<\/a>, nous devrions d&rsquo;abord rester appuy\u00e9s au fond de la chaise en permanence tout en maintenant un certain <a href=\"https:\/\/mecahealth.com\/?page_id=1119\" data-type=\"page\" data-id=\"1119\">auto-grandissement<\/a> pour ne pas \u00e9viter une bonne part des <a href=\"https:\/\/mecahealth.com\/?page_id=212\" data-type=\"page\" data-id=\"212\">lombalgies<\/a>. Hors travail avec un PC, ce qui suit ne correspond pas du tout \u00e0 ce qu&rsquo;il faudrait <a href=\"https:\/\/mecahealth.com\/?page_id=4328\" data-type=\"page\" data-id=\"4328\">pour les \u00e9coliers ou toute personne travaillant le dessin<\/a> ou les notes manuscrites.<\/p>\n\n\n\n<p class=\"has-medium-font-size\">Etant donn\u00e9 que de plus en plus d&rsquo;entreprises ne donnent plus de table de bureau personnelle ou que l&rsquo;on se partage un bureau \u00e0 la maison, \u00e0 l&rsquo;instar d&rsquo;un pilote de ligne, prenons la peine de suivre la check list dans l&rsquo;ordre (consid\u00e9rant que la plupart ne dispose pas de table r\u00e9glable \u00e9lectriquement en hauteur) :<\/p>\n\n\n\n<h2 class=\"wp-block-heading has-medium-font-size\">Accoudoirs ?<\/h2>\n\n\n<div class=\"wp-block-image\">\n<figure class=\"alignleft size-full is-resized\"><img loading=\"lazy\" decoding=\"async\" width=\"330\" height=\"330\" src=\"https:\/\/mecahealth.com\/wp-content\/uploads\/2023\/02\/MecaHealth-assis-bureau-accoudoir.jpg\" alt=\"\" class=\"wp-image-3870\" style=\"width:200px;height:200px\" srcset=\"https:\/\/mecahealth.com\/wp-content\/uploads\/2023\/02\/MecaHealth-assis-bureau-accoudoir.jpg 330w, https:\/\/mecahealth.com\/wp-content\/uploads\/2023\/02\/MecaHealth-assis-bureau-accoudoir-300x300.jpg 300w, https:\/\/mecahealth.com\/wp-content\/uploads\/2023\/02\/MecaHealth-assis-bureau-accoudoir-150x150.jpg 150w\" sizes=\"auto, (max-width: 330px) 100vw, 330px\" \/><\/figure>\n<\/div>\n\n\n<p class=\"has-medium-font-size\">S&rsquo;il y a des accoudoirs, les r\u00e9gler \u00e0 la bonne hauteur. La bonne hauteur correspond \u00e0 ce que les coudes et avant-bras soient \u00e0 angle droit d\u00e9pos\u00e9s sur lesdits accoudoirs tout en \u00e9tant assis droit au fond de la chaise.<\/p>\n\n\n\n<p class=\"has-medium-font-size\">Des accoudoirs non r\u00e9glables doivent \u00eatre \u00e9vit\u00e9s voire retir\u00e9s s&rsquo;ils ne correspondent pas au profil physique de l&rsquo;utilisateur.<\/p>\n\n\n\n<p class=\"has-medium-font-size\">Les meilleurs accoudoirs permettent \u00e9galement d&rsquo;\u00eatre tourn\u00e9s vers l&rsquo;int\u00e9rieur afin de permettre d&rsquo;\u00eatre bien en direction des <em>lettres du clavier<\/em>.<\/p>\n\n\n\n<p>Si les accoudoirs sont trop bas, le corps se pliera en avant. Si les accoudoirs sont trop hauts, les \u00e9paules se l\u00e8veront et <a href=\"https:\/\/mecahealth.com\/?page_id=1918\" data-type=\"page\" data-id=\"1918\">fermeront ainsi progressivement l&rsquo;espace de cette articulation<\/a>.<\/p>\n\n\n\n<h2 class=\"wp-block-heading has-medium-font-size\">Hauteur de chaise ?<\/h2>\n\n\n<div class=\"wp-block-image\">\n<figure class=\"alignleft size-full is-resized\"><img loading=\"lazy\" decoding=\"async\" width=\"330\" height=\"330\" src=\"https:\/\/mecahealth.com\/wp-content\/uploads\/2023\/02\/MecaHealth-assis-bureau-avant-bras-table.jpg\" alt=\"\" class=\"wp-image-3875\" style=\"width:200px;height:200px\" srcset=\"https:\/\/mecahealth.com\/wp-content\/uploads\/2023\/02\/MecaHealth-assis-bureau-avant-bras-table.jpg 330w, https:\/\/mecahealth.com\/wp-content\/uploads\/2023\/02\/MecaHealth-assis-bureau-avant-bras-table-300x300.jpg 300w, https:\/\/mecahealth.com\/wp-content\/uploads\/2023\/02\/MecaHealth-assis-bureau-avant-bras-table-150x150.jpg 150w\" sizes=\"auto, (max-width: 330px) 100vw, 330px\" \/><\/figure>\n<\/div>\n\n\n<p class=\"has-medium-font-size\">S&rsquo;il y a des accoudoirs, ils seront mis dans le prolongement de la table. S&rsquo;il n&rsquo;y pas d&rsquo;accoudoirs, la chaise sera mise de mani\u00e8re \u00e0 ce que les avant-bras puisse se positionner sur la table pratiquement \u00e0 90\u00b0 mais en \u00e9vitant les ordinateurs portables, sinon notamment, comme nous pouvons le voir ci-contre, la <a href=\"https:\/\/mecahealth.com\/?page_id=3511\" data-type=\"page\" data-id=\"3511\">t\u00eate se d\u00e9portera vers l&rsquo;avant<\/a> parfois au point de ressembler \u00e0 un <a href=\"https:\/\/mecahealth.com\/?page_id=1199\" data-type=\"page\" data-id=\"1199\">mouvement de poule<\/a>.<\/p>\n\n\n\n<blockquote class=\"wp-block-quote is-layout-flow wp-block-quote-is-layout-flow\">\n<p class=\"has-medium-font-size\"><em>Et oui, vous l&rsquo;aurez peut-\u00eatre compris, les accoudoirs ont \u00e9t\u00e9 invent\u00e9s pour que les ventres puissent avoir un peu de place tout en \u00e9tant assis id\u00e9alement (&#8230;).<\/em><\/p>\n<cite>F.L<\/cite><\/blockquote>\n\n\n<div class=\"wp-block-image\">\n<figure class=\"alignleft size-full is-resized\"><img loading=\"lazy\" decoding=\"async\" width=\"330\" height=\"330\" src=\"https:\/\/mecahealth.com\/wp-content\/uploads\/2023\/02\/MecaHealth-assis-bureau-coudes-table.jpg\" alt=\"\" class=\"wp-image-3876\" style=\"width:200px;height:200px\" srcset=\"https:\/\/mecahealth.com\/wp-content\/uploads\/2023\/02\/MecaHealth-assis-bureau-coudes-table.jpg 330w, https:\/\/mecahealth.com\/wp-content\/uploads\/2023\/02\/MecaHealth-assis-bureau-coudes-table-300x300.jpg 300w, https:\/\/mecahealth.com\/wp-content\/uploads\/2023\/02\/MecaHealth-assis-bureau-coudes-table-150x150.jpg 150w\" sizes=\"auto, (max-width: 330px) 100vw, 330px\" \/><\/figure>\n<\/div>\n\n\n<p class=\"has-medium-font-size\">Si la hauteur est trop basse, les poignets se trouvent sur le bord de la table, g\u00e9n\u00e9ralement ou les coudes se rel\u00e8vent sur les c\u00f4t\u00e9s. La premi\u00e8re situation entra\u00eene une irritation du canal carpien ou des nerfs  y passant (creux du poignet &#8211; <em>voir derni\u00e8re photo en bas de page<\/em>). La seconde entra\u00eene une fatigue voire une <a href=\"https:\/\/mecahealth.com\/?page_id=1918\" data-type=\"page\" data-id=\"1918\">tendinite des \u00e9paules<\/a>.<\/p>\n\n\n\n<p><\/p>\n\n\n\n<p class=\"has-medium-font-size\">Si la table est \u00e0 hauteur traditionnelle de bureau (non r\u00e9glable \u00e9lectriquement) et qu&rsquo;une personne ne correspond pas aux \u00ab\u00a0standards\u00a0\u00bb, il faudra sans doute certaines adaptations. Si une personne est plus petite, ses pieds ne touchant pas le sol correctement, elle risque de <a href=\"https:\/\/mecahealth.com\/?page_id=2418\" data-type=\"page\" data-id=\"2418\">bloquer la circulation sous les genoux. Il en sera de m\u00eame pour ceux qui croisent leurs jambes<\/a>. Elle, elle optera d&#8217;embl\u00e9e pour un marchepied pour cette premi\u00e8re raison. Les autres, hormis les plus grands, devraient id\u00e9alement utiliser cet outil afin que le bas du dos puisse rester appuy\u00e9 en permanence sur le dossier et ainsi \u00e9viter la <a href=\"https:\/\/mecahealth.com\/?page_id=212\" data-type=\"page\" data-id=\"212\">fatigue de cette zone<\/a>.<\/p>\n\n\n\n<p class=\"has-small-font-size\">Hauteurs conseill\u00e9es :<\/p>\n\n\n\n<p class=\"has-small-font-size\">60 et 65 cm cm pour une taille de 1,60 m  &#8211; 65 \u00e0 70 cm si vous mesurez 1,75 m &#8211; 80 cm r\u00e9serv\u00e9s aux personnes de 1,90 m et plus<\/p>\n\n\n\n<p class=\"has-medium-font-size\">Si on dispose d&rsquo;une table r\u00e9glable en hauteur, il faudra tenir compte des diff\u00e9rents param\u00e8tres. Il faudra d&rsquo;abord r\u00e9gler la chaise pour que les genoux soient l\u00e9g\u00e8rement plus haut que les hanches et ensuite ajuster la table pour qu&rsquo;elle permette de placer les avant-bras \u00e0 angle droit (&#8230;).<\/p>\n\n\n\n<h2 class=\"wp-block-heading has-medium-font-size\">Clavier ?<\/h2>\n\n\n\n<p class=\"has-medium-font-size\">Le clavier sera positionn\u00e9 en face de soi sym\u00e9triquement mais certainement pas trop loin pour \u00e9viter la fatigue des \u00e9paules. Il est donc largement d\u00e9conseill\u00e9 de mettre notamment une farde entre soi et le clavier m\u00eame pour une dur\u00e9e limit\u00e9e.<\/p>\n\n\n\n<p class=\"has-medium-font-size\">Un clavier ergonomique pr\u00e9sente certaines utilit\u00e9s surtout s&rsquo;il comporte un rebord rembourr\u00e9 \u00e9vitant la pression constante devant le clavier et s&rsquo;il est le plus plat possible. Relever un clavier augmenter les risques d&rsquo;<a href=\"https:\/\/mecahealth.com\/?page_id=216\" data-type=\"page\" data-id=\"216\">\u00e9picondylites<\/a>.<\/p>\n\n\n<div class=\"wp-block-image\">\n<figure class=\"alignleft size-full\"><img loading=\"lazy\" decoding=\"async\" width=\"250\" height=\"200\" src=\"https:\/\/mecahealth.com\/wp-content\/uploads\/2023\/02\/MecaHealth-clavier-et-souris.gif\" alt=\"\" class=\"wp-image-4187\"\/><\/figure>\n<\/div>\n\n\n<p class=\"has-medium-font-size\">Prenez tout de m\u00eame le temps de bien regarder comment est dispos\u00e9 le clavier. En face de soi, nous avons les lettres. Sur notre droite, nous avons donc les <em>fl\u00e8ches<\/em>, <em>insert<\/em>, <em>delete<\/em>, etc. Plus encore sur notre droite, nous avons les chiffres &#8230;et pire ensuite la souris plus \u00e0 droite encore. <\/p>\n\n\n\n<h2 class=\"wp-block-heading has-medium-font-size\">Souris ?<\/h2>\n\n\n\n<p class=\"has-medium-font-size\">La souris, si vous avez lu la phrase pr\u00e9c\u00e9dente, se trouve plac\u00e9e trop \u00e0 droite pour la plupart d&rsquo;entre nous. La meilleure chose \u00e0 faire en gardant un clavier traditionnel est de &#8230;placer la souris \u00e0 gauche sans jamais les param\u00e8tres et uniquement s&rsquo;il ne s&rsquo;agit pas d&rsquo;une souris ergonomique (qui ne permet pas d&rsquo;\u00eatre utilis\u00e9e de l&rsquo;autre c\u00f4t\u00e9). Un click droit reste un click droit (surtout ne jamais parler de click avec l&rsquo;index, etc. aux novices). En effet, si tout le monde apprenait \u00e0 utiliser sa souris de l&rsquo;autre c\u00f4t\u00e9, la r\u00e9partition d&rsquo;une <a href=\"https:\/\/mecahealth.com\/?page_id=402\" data-type=\"page\" data-id=\"402\">parfaite sym\u00e9trie<\/a> sera plus ais\u00e9e \u00e0 respecter. Les pathologies les plus fr\u00e9quentes dans des cabinets de consultations (hors kin\u00e9 sportive) sont bien souvent li\u00e9es \u00e0 la fatigue de l&rsquo;<a href=\"https:\/\/mecahealth.com\/?page_id=1935\" data-type=\"page\" data-id=\"1935\">\u00e9paule<\/a> et de la <a href=\"https:\/\/mecahealth.com\/?page_id=628\" data-type=\"page\" data-id=\"628\">nuque<\/a> &#8230;et plus particuli\u00e8rement du c\u00f4t\u00e9 de la souris.<\/p>\n\n\n\n<p class=\"has-medium-font-size\">Si vous croyez ne pas savoir utilis\u00e9 la souris de l&rsquo;autre c\u00f4t\u00e9, c&rsquo;est juste une question d&rsquo;habitude qui prend plus ou moins de temps. C&rsquo;est la raison pour laquelle, tout le monde devrait apprendre t\u00f4t \u00e0 le pratiquer.<\/p>\n\n\n\n<p class=\"has-medium-font-size\">Les souris ergonomiques ne pr\u00e9sentent aucun int\u00e9r\u00eat si les autres r\u00e8gles ne sont pas respect\u00e9es mais elles att\u00e9nuent les cons\u00e9quences. La v\u00e9ritable ergonomie se fera avec les souris verticale (joystick). <\/p>\n\n\n\n<h2 class=\"wp-block-heading has-medium-font-size\">Ecrans ?<\/h2>\n\n\n\n<p class=\"has-medium-font-size\">Les <a href=\"https:\/\/mecahealth.com\/?page_id=519\" data-type=\"page\" data-id=\"519\">\u00e9crans (quelle que soit leur taille) doivent \u00eatre r\u00e9gl\u00e9s selon diff\u00e9rents param\u00e8tres et en fonction de l&rsquo;\u00e9clairage ambiant<\/a>. Ne jamais utiliser de mani\u00e8re prolong\u00e9e, un ordinateur portable sans investissement minimal&#8230;<\/p>\n\n\n\n<h2 class=\"wp-block-heading has-medium-font-size\">T\u00e9l\u00e9phoner ?<\/h2>\n\n\n\n<p class=\"has-medium-font-size\">T\u00e9l\u00e9phoner est <a href=\"https:\/\/mecahealth.com\/?page_id=1099\" data-type=\"page\" data-id=\"1099\">d\u00e9velopp\u00e9 dans une page sp\u00e9cifique<\/a> vu l&rsquo;importance et l&rsquo;incidence de cette t\u00e2che de nos jours.<\/p>\n\n\n\n<figure class=\"wp-block-image size-full\"><img loading=\"lazy\" decoding=\"async\" width=\"100\" height=\"100\" src=\"https:\/\/mecahealth.com\/wp-content\/uploads\/2023\/02\/MecaHealth-picto-NO-e1675467511983.jpg\" alt=\"\" class=\"wp-image-2572\"\/><\/figure>\n\n\n<div class=\"wp-block-image\">\n<figure class=\"alignleft size-full is-resized\"><img loading=\"lazy\" decoding=\"async\" width=\"330\" height=\"330\" src=\"https:\/\/mecahealth.com\/wp-content\/uploads\/2023\/02\/MecaHealth-assis-3.jpg\" alt=\"\" class=\"wp-image-3801\" style=\"width:200px;height:200px\" srcset=\"https:\/\/mecahealth.com\/wp-content\/uploads\/2023\/02\/MecaHealth-assis-3.jpg 330w, https:\/\/mecahealth.com\/wp-content\/uploads\/2023\/02\/MecaHealth-assis-3-300x300.jpg 300w, https:\/\/mecahealth.com\/wp-content\/uploads\/2023\/02\/MecaHealth-assis-3-150x150.jpg 150w\" sizes=\"auto, (max-width: 330px) 100vw, 330px\" \/><\/figure>\n<\/div>\n\n\n<p class=\"has-medium-font-size\">Dans une telle position, la courbure du milieu du dos \u00e9tant tr\u00e8s importante, la personne ne peut que souffrir un jour ou l&rsquo;autre dans cette partie. Cette position est quasiment impossible si on a respect\u00e9 la hauteur de la chaise&#8230; Dans le cas pr\u00e9sent, la personne \u00e9tant en chaise roulante, si la table n&rsquo;est pas \u00e0 bonne hauteur pour une chaise roulante, cette personne se trouve du coup trop loin et est ainsi oblig\u00e9e de se plier en avant (<a rel=\"noreferrer noopener\" href=\"https:\/\/almagic.org\/apemue-table-bureau-2\/\" data-type=\"URL\" data-id=\"https:\/\/almagic.org\/apemue-table-bureau-2\/\" target=\"_blank\">voir normes handicap bureaux APEMUE &#8211; Almagic<\/a>). <\/p>\n\n\n\n<figure class=\"wp-block-image size-full\"><img loading=\"lazy\" decoding=\"async\" width=\"330\" height=\"330\" src=\"https:\/\/mecahealth.com\/wp-content\/uploads\/2023\/02\/MecaHealth-assis-bureau-avant-bras-table-NON-1.jpg\" alt=\"\" class=\"wp-image-3910\" srcset=\"https:\/\/mecahealth.com\/wp-content\/uploads\/2023\/02\/MecaHealth-assis-bureau-avant-bras-table-NON-1.jpg 330w, https:\/\/mecahealth.com\/wp-content\/uploads\/2023\/02\/MecaHealth-assis-bureau-avant-bras-table-NON-1-300x300.jpg 300w, https:\/\/mecahealth.com\/wp-content\/uploads\/2023\/02\/MecaHealth-assis-bureau-avant-bras-table-NON-1-150x150.jpg 150w\" sizes=\"auto, (max-width: 330px) 100vw, 330px\" \/><\/figure>\n\n\n\n<h2 class=\"wp-block-heading has-medium-font-size\">Lire \u00e9galement la <em><a href=\"https:\/\/mecahealth.com\/?page_id=521\" data-type=\"page\" data-id=\"521\">Position assise en voiture<\/a><\/em> ou<em> <a href=\"https:\/\/mecahealth.com\/?page_id=201\">Lire correctement<\/a><\/em><\/h2>\n","protected":false},"excerpt":{"rendered":"<p>Attention \u00e0 lire les consignes avant de lire toute page d&rsquo;un site sant\u00e9 ! Au fond avec ou sans accoudoirs La position assise est tr\u00e8s fr\u00e9quente chez la plupart des \u00eatres humains industrialis\u00e9s et plus encore aujourd&rsquo;hui pour les personnes travaillant au bureau voire en t\u00e9l\u00e9travail \u00e0 cause de ce<a href=\"https:\/\/mecahealth.com\/?page_id=295\" class=\"read-more\">Read More&#8230;<\/a><\/p>\n","protected":false},"author":1,"featured_media":0,"parent":0,"menu_order":0,"comment_status":"closed","ping_status":"closed","template":"","meta":{"footnotes":""},"class_list":["post-295","page","type-page","status-publish","hentry"],"jetpack_sharing_enabled":true,"_links":{"self":[{"href":"https:\/\/mecahealth.com\/index.php?rest_route=\/wp\/v2\/pages\/295","targetHints":{"allow":["GET"]}}],"collection":[{"href":"https:\/\/mecahealth.com\/index.php?rest_route=\/wp\/v2\/pages"}],"about":[{"href":"https:\/\/mecahealth.com\/index.php?rest_route=\/wp\/v2\/types\/page"}],"author":[{"embeddable":true,"href":"https:\/\/mecahealth.com\/index.php?rest_route=\/wp\/v2\/users\/1"}],"replies":[{"embeddable":true,"href":"https:\/\/mecahealth.com\/index.php?rest_route=%2Fwp%2Fv2%2Fcomments&post=295"}],"version-history":[{"count":41,"href":"https:\/\/mecahealth.com\/index.php?rest_route=\/wp\/v2\/pages\/295\/revisions"}],"predecessor-version":[{"id":8755,"href":"https:\/\/mecahealth.com\/index.php?rest_route=\/wp\/v2\/pages\/295\/revisions\/8755"}],"wp:attachment":[{"href":"https:\/\/mecahealth.com\/index.php?rest_route=%2Fwp%2Fv2%2Fmedia&parent=295"}],"curies":[{"name":"wp","href":"https:\/\/api.w.org\/{rel}","templated":true}]}}