{"id":2845,"date":"2023-02-07T01:14:41","date_gmt":"2023-02-07T00:14:41","guid":{"rendered":"https:\/\/mecahealth.com\/?page_id=2845"},"modified":"2023-03-17T08:51:03","modified_gmt":"2023-03-17T07:51:03","slug":"materiel-tableau-mictionel","status":"publish","type":"page","link":"https:\/\/mecahealth.com\/?page_id=2845","title":{"rendered":"Mat\u00e9riel : tableau mictionnel"},"content":{"rendered":"\n<p class=\"has-medium-font-size\"><a href=\"https:\/\/mecahealth.com\/?page_id=122\">Attention \u00e0 lire les consignes avant de lire toute page d&rsquo;un site sant\u00e9 !<\/a><\/p>\n\n\n\n<figure class=\"wp-block-image size-large is-resized is-style-rounded\"><img loading=\"lazy\" decoding=\"async\" src=\"https:\/\/mecahealth.com\/wp-content\/uploads\/2023\/02\/MecaHealth-pipi-planner-b-1024x1024.jpg\" alt=\"\" class=\"wp-image-2857\" width=\"330\" height=\"330\" srcset=\"https:\/\/mecahealth.com\/wp-content\/uploads\/2023\/02\/MecaHealth-pipi-planner-b-1024x1024.jpg 1024w, https:\/\/mecahealth.com\/wp-content\/uploads\/2023\/02\/MecaHealth-pipi-planner-b-300x300.jpg 300w, https:\/\/mecahealth.com\/wp-content\/uploads\/2023\/02\/MecaHealth-pipi-planner-b-150x150.jpg 150w, https:\/\/mecahealth.com\/wp-content\/uploads\/2023\/02\/MecaHealth-pipi-planner-b-768x768.jpg 768w, https:\/\/mecahealth.com\/wp-content\/uploads\/2023\/02\/MecaHealth-pipi-planner-b.jpg 1537w\" sizes=\"auto, (max-width: 330px) 100vw, 330px\" \/><\/figure>\n\n\n\n<p class=\"has-medium-font-size\">Pour nous aider \u00e0 conna\u00eetre nos habitudes mictionnelles et afin des les corriger plus ais\u00e9ment, nous pouvons t\u00e9l\u00e9charger le tableau mictionnel.<\/p>\n\n\n\n<p class=\"has-medium-font-size\">Ce tableau ne sera utilis\u00e9 que durant deux ou trois semaines afin de prendre conscience des changements \u00e0 r\u00e9aliser puis \u00e9ventuellement r\u00e9alis\u00e9s. L&rsquo;utilisation d&rsquo;un tableau similaire durant un temps prolong\u00e9 cr\u00e9e parfois une centralisation de l&rsquo;esprit sur la miction alors que souvent les patients y accordent d\u00e9j\u00e0 de plus en plus d&rsquo;importance ou tout au moins beaucoup trop.<\/p>\n\n\n\n<p class=\"has-medium-font-size\">Dans le tableau, nous distinguons id\u00e9alement les diff\u00e9rentes boissons par le fait que certaines personnes r\u00e9agissent plus \u00e0 l&rsquo;une ou l&rsquo;autre boisson. Certaines ont des propri\u00e9t\u00e9s diur\u00e9tiques reconnues (augmentant la quantit\u00e9 d&rsquo;eau \u00e0 \u00e9vacuer) comme la bi\u00e8re, d&rsquo;autres semblent \u00eatre seulement des \u00ab\u00a0excitants\u00a0\u00bb v\u00e9sicaux donnant donc l&rsquo;envie d&rsquo;uriner plus rapidement. Le th\u00e9, comme parfois le vin blanc, donne chez certaines personnes plus l&rsquo;envie d&rsquo;uriner que le caf\u00e9. Ce dernier donne plus l&rsquo;envie que les eaux et autres boissons sucr\u00e9es. En fonction de notre sensibilit\u00e9, nous \u00e9viterons momentan\u00e9ment l&rsquo;une ou l&rsquo;autre boisson de ces boissons.<\/p>\n\n\n\n<p class=\"has-medium-font-size\">Vous noterez :<\/p>\n\n\n\n<ul class=\"wp-block-list\">\n<li>A pour les <a data-type=\"page\" data-id=\"434\" href=\"https:\/\/mecahealth.com\/?page_id=434\">boissons<\/a> &#8211; AE pour les eaux &#8211; AT pour les th\u00e9s &#8211; AC pour le caf\u00e9 &#8211; AB pour les bi\u00e8res &#8211; AS pour les boissons sucr\u00e9es &#8211; AV pour les vins &#8211; AA pour les alcools &#8211; &#8230;<\/li>\n\n\n\n<li>B pour les <a data-type=\"page\" data-id=\"428\" href=\"https:\/\/mecahealth.com\/?page_id=428\">moments de sorties ou de rentr\u00e9es<\/a><\/li>\n\n\n\n<li>C pour les <a href=\"http:\/\/uriner\">mictions<\/a><\/li>\n\n\n\n<li>D pour les <a data-type=\"page\" data-id=\"268\" href=\"https:\/\/mecahealth.com\/?page_id=268\">d\u00e9f\u00e9cations<\/a><\/li>\n<\/ul>\n\n\n\n<p><\/p>\n\n\n\n<div data-wp-interactive=\"core\/file\" class=\"wp-block-file\"><object data-wp-bind--hidden=\"!state.hasPdfPreview\" hidden class=\"wp-block-file__embed\" data=\"https:\/\/mecahealth.com\/wp-content\/uploads\/2023\/02\/MecaHealth-pipi-planner-2.pdf\" type=\"application\/pdf\" style=\"width:100%;height:1130px\" aria-label=\"Contenu embarqu\u00e9 MecaHealth-pipi-planner-2.\"><\/object><a id=\"wp-block-file--media-d4ed0c10-ab25-42af-852e-98327243ce52\" href=\"https:\/\/mecahealth.com\/wp-content\/uploads\/2023\/02\/MecaHealth-pipi-planner-2.pdf\" target=\"_blank\" rel=\"noreferrer noopener\">MecaHealth-pipi-planner-2<\/a><a href=\"https:\/\/mecahealth.com\/wp-content\/uploads\/2023\/02\/MecaHealth-pipi-planner-2.pdf\" class=\"wp-block-file__button wp-element-button\" download aria-describedby=\"wp-block-file--media-d4ed0c10-ab25-42af-852e-98327243ce52\">Download<\/a><\/div>\n\n\n\n<h2 class=\"wp-block-heading has-medium-font-size\">Revenir au chapitre<em> <a href=\"https:\/\/mecahealth.com\/?page_id=77\" data-type=\"page\" data-id=\"77\">Corps plomberie<\/a><\/em> ou<em> <a href=\"https:\/\/mecahealth.com\/?page_id=606\" data-type=\"page\" data-id=\"606\">Syst\u00e8me urinaire<\/a><\/em><\/h2>\n","protected":false},"excerpt":{"rendered":"<p>Attention \u00e0 lire les consignes avant de lire toute page d&rsquo;un site sant\u00e9 ! Pour nous aider \u00e0 conna\u00eetre nos habitudes mictionnelles et afin des les corriger plus ais\u00e9ment, nous pouvons t\u00e9l\u00e9charger le tableau mictionnel. Ce tableau ne sera utilis\u00e9 que durant deux ou trois semaines afin de prendre conscience<a href=\"https:\/\/mecahealth.com\/?page_id=2845\" class=\"read-more\">Read More&#8230;<\/a><\/p>\n","protected":false},"author":1,"featured_media":0,"parent":0,"menu_order":0,"comment_status":"closed","ping_status":"closed","template":"","meta":{"footnotes":""},"class_list":["post-2845","page","type-page","status-publish","hentry"],"jetpack_sharing_enabled":true,"_links":{"self":[{"href":"https:\/\/mecahealth.com\/index.php?rest_route=\/wp\/v2\/pages\/2845","targetHints":{"allow":["GET"]}}],"collection":[{"href":"https:\/\/mecahealth.com\/index.php?rest_route=\/wp\/v2\/pages"}],"about":[{"href":"https:\/\/mecahealth.com\/index.php?rest_route=\/wp\/v2\/types\/page"}],"author":[{"embeddable":true,"href":"https:\/\/mecahealth.com\/index.php?rest_route=\/wp\/v2\/users\/1"}],"replies":[{"embeddable":true,"href":"https:\/\/mecahealth.com\/index.php?rest_route=%2Fwp%2Fv2%2Fcomments&post=2845"}],"version-history":[{"count":13,"href":"https:\/\/mecahealth.com\/index.php?rest_route=\/wp\/v2\/pages\/2845\/revisions"}],"predecessor-version":[{"id":5167,"href":"https:\/\/mecahealth.com\/index.php?rest_route=\/wp\/v2\/pages\/2845\/revisions\/5167"}],"wp:attachment":[{"href":"https:\/\/mecahealth.com\/index.php?rest_route=%2Fwp%2Fv2%2Fmedia&parent=2845"}],"curies":[{"name":"wp","href":"https:\/\/api.w.org\/{rel}","templated":true}]}}