{"id":280,"date":"2023-01-06T01:02:56","date_gmt":"2023-01-06T00:02:56","guid":{"rendered":"https:\/\/mecahealth.com\/?page_id=280"},"modified":"2023-12-01T00:58:46","modified_gmt":"2023-11-30T23:58:46","slug":"normalite-respirer","status":"publish","type":"page","link":"https:\/\/mecahealth.com\/?page_id=280","title":{"rendered":"Normalit\u00e9 : respirer"},"content":{"rendered":"\n<p class=\"has-medium-font-size\"><a href=\"https:\/\/mecahealth.com\/?page_id=122\">Attention \u00e0 lire les consignes avant de lire toute page d&rsquo;un site sant\u00e9 !<\/a><\/p>\n\n\n\n<figure class=\"wp-block-image size-full is-resized is-style-rounded\"><img loading=\"lazy\" decoding=\"async\" src=\"https:\/\/mecahealth.com\/wp-content\/uploads\/2023\/01\/14.jpg\" alt=\"\" class=\"wp-image-330\" width=\"330\" height=\"330\" srcset=\"https:\/\/mecahealth.com\/wp-content\/uploads\/2023\/01\/14.jpg 360w, https:\/\/mecahealth.com\/wp-content\/uploads\/2023\/01\/14-300x300.jpg 300w, https:\/\/mecahealth.com\/wp-content\/uploads\/2023\/01\/14-150x150.jpg 150w\" sizes=\"auto, (max-width: 330px) 100vw, 330px\" \/><\/figure>\n\n\n\n<p class=\"has-medium-font-size\">La respiration est un acte essentiellement v\u00e9g\u00e9tatif mais influenc\u00e9 par la volont\u00e9 puisque \u00e9tant g\u00e9r\u00e9 essentiellement par un muscle, le diaphragme.<\/p>\n\n\n<div class=\"wp-block-image\">\n<figure class=\"alignleft size-full is-resized\"><img loading=\"lazy\" decoding=\"async\" src=\"https:\/\/mecahealth.com\/wp-content\/uploads\/2023\/02\/MecaHealth-respiration-diaphragme.jpg\" alt=\"\" class=\"wp-image-3348\" width=\"250\" height=\"250\" srcset=\"https:\/\/mecahealth.com\/wp-content\/uploads\/2023\/02\/MecaHealth-respiration-diaphragme.jpg 330w, https:\/\/mecahealth.com\/wp-content\/uploads\/2023\/02\/MecaHealth-respiration-diaphragme-300x300.jpg 300w, https:\/\/mecahealth.com\/wp-content\/uploads\/2023\/02\/MecaHealth-respiration-diaphragme-150x150.jpg 150w\" sizes=\"auto, (max-width: 250px) 100vw, 250px\" \/><\/figure>\n<\/div>\n\n\n<p class=\"has-medium-font-size\">En se contractant, celui-ci se rabaisse en tirant les parois inf\u00e9rieurs du <a href=\"https:\/\/mecahealth.com\/?page_id=772\" data-type=\"page\" data-id=\"772\">poumons<\/a> vers bas \u00e9galement. Cette descente implique un aspiration d&rsquo;air vers l&rsquo;int\u00e9rieur de l&rsquo;air. C&rsquo;est le mouvement d&rsquo;inspiration de base. L&rsquo;inspiration prolong\u00e9e dite forc\u00e9e, se fait par la contraction des muscles intercostaux. <\/p>\n\n\n\n<p>.<\/p>\n\n\n\n<p><\/p>\n\n\n\n<p class=\"has-medium-font-size\">L&rsquo;expiration naturelle se fait par le rel\u00e2chement du diaphragme et desdits muscles intercostaux. L&rsquo;expiration naturelle ne devrait pas se fait pas en sortant le ventre et <a href=\"https:\/\/mecahealth.com\/?page_id=1565\" data-type=\"page\" data-id=\"1565\">encore moins durant l&rsquo;effort<\/a>. L&rsquo;expiration forc\u00e9e se fait en rentrant par contre en rentrant le ventre. La d\u00e9fense de la respiration abdominale ne va pas \u00e0 l&rsquo;encontre de ce qui est \u00e9crit dans cette page mais n\u00e9cessite peut-\u00eatre <a href=\"https:\/\/mecahealth.com\/?page_id=600\" data-type=\"page\" data-id=\"600\">quelques compl\u00e9ments d&rsquo;informations<\/a> pour distinguer ce type de respiration et celle thoracique.<\/p>\n\n\n\n<p class=\"has-medium-font-size\">Le rythme respiratoire est variable mais bien trop souvent arr\u00eat\u00e9 dans de nombreuses situations. Ce que nous avons, nous r\u00e9dacteurs, appel\u00e9 le <a href=\"https:\/\/mecahealth.com\/?page_id=487\" data-type=\"page\" data-id=\"487\">blocage respiratoire<\/a>. En aucun cas, le rythme respiratoire ne devrait se calquer sur celui d&rsquo;un mouvement. Nous parlerons donc de <a href=\"https:\/\/mecahealth.com\/?page_id=1127\" data-type=\"page\" data-id=\"1127\">d\u00e9coordination respiratoire<\/a>. La mise en pratique de la correction des 2 liens pr\u00e9c\u00e9dents permet d&rsquo;\u00e9viter une partie de la <a href=\"https:\/\/mecahealth.com\/?page_id=998\">fatigabilit\u00e9 physique voire morale<\/a>.<\/p>\n\n\n\n<p class=\"has-medium-font-size\">La respiration par le nez est conseill\u00e9e tout simplement car le nez assure le r\u00f4le de filtre. Par la pr\u00e9sence d&rsquo;une pilosit\u00e9 et d&rsquo;une muqueuse s\u00e9cr\u00e9toire, l&rsquo;air passant par le nez est filtr\u00e9 au point d&rsquo;avoir l&rsquo;air :<\/p>\n\n\n\n<ul class=\"has-medium-font-size wp-block-list\">\n<li>Mis \u00e0 bonne temp\u00e9rature,<\/li>\n\n\n\n<li>Humidifi\u00e9 ou ass\u00e9ch\u00e9 (selon les besoins),<\/li>\n\n\n\n<li>D\u00e9poussi\u00e9r\u00e9<\/li>\n<\/ul>\n\n\n\n<p class=\"has-medium-font-size\">L&rsquo;air se trouve ainsi dans les meilleures conditions pour que les poumons puissent effectuer correctement leur travail d&rsquo;\u00e9changeur de gaz surtout <a href=\"https:\/\/mecahealth.com\/?page_id=1224\" data-type=\"page\" data-id=\"1224\">lors de diff\u00e9rences de temp\u00e9ratures<\/a>&#8230;<\/p>\n\n\n\n<p class=\"has-medium-font-size\">L&rsquo;inspiration par la bouche sera limit\u00e9 aux actions n\u00e9cessitant un apport important d&rsquo;air. Normalement si une personne travaille sans blocage, l&rsquo;inspiration par la bouche sera g\u00e9n\u00e9ralement tr\u00e8s peu fr\u00e9quente m\u00eame dans la <a href=\"https:\/\/mecahealth.com\/?page_id=259\" data-type=\"page\" data-id=\"259\">pratique d&rsquo;un sport<\/a> assez intensif.<\/p>\n\n\n\n<p>(&#8230;)<\/p>\n\n\n\n<h2 class=\"wp-block-heading has-medium-font-size\">Revenir au chapitre <em><a href=\"https:\/\/mecahealth.com\/?page_id=600\" data-type=\"page\" data-id=\"600\">Syst\u00e8me Pulmonaire<\/a> <\/em>ou<em> <a href=\"https:\/\/mecahealth.com\/?page_id=602\" data-type=\"page\" data-id=\"602\">Syst\u00e8me Cardiaque<\/a><\/em><\/h2>\n\n\n\n<figure class=\"wp-block-embed is-type-rich is-provider-spotify wp-block-embed-spotify wp-embed-aspect-21-9 wp-has-aspect-ratio\"><div class=\"wp-block-embed__wrapper\">\n<iframe title=\"Spotify Embed: A Way to Breathe\" style=\"border-radius: 12px\" width=\"100%\" height=\"152\" frameborder=\"0\" allowfullscreen allow=\"autoplay; clipboard-write; encrypted-media; fullscreen; picture-in-picture\" loading=\"lazy\" src=\"https:\/\/open.spotify.com\/embed\/track\/2u2BHuJoGzKP3BxEwNQyZe?si=7da1af5a547c4132&#038;utm_source=oembed\"><\/iframe>\n<\/div><\/figure>\n","protected":false},"excerpt":{"rendered":"<p>Attention \u00e0 lire les consignes avant de lire toute page d&rsquo;un site sant\u00e9 ! La respiration est un acte essentiellement v\u00e9g\u00e9tatif mais influenc\u00e9 par la volont\u00e9 puisque \u00e9tant g\u00e9r\u00e9 essentiellement par un muscle, le diaphragme. En se contractant, celui-ci se rabaisse en tirant les parois inf\u00e9rieurs du poumons vers bas<a href=\"https:\/\/mecahealth.com\/?page_id=280\" class=\"read-more\">Read More&#8230;<\/a><\/p>\n","protected":false},"author":1,"featured_media":0,"parent":0,"menu_order":0,"comment_status":"closed","ping_status":"closed","template":"","meta":{"footnotes":""},"class_list":["post-280","page","type-page","status-publish","hentry"],"jetpack_sharing_enabled":true,"_links":{"self":[{"href":"https:\/\/mecahealth.com\/index.php?rest_route=\/wp\/v2\/pages\/280","targetHints":{"allow":["GET"]}}],"collection":[{"href":"https:\/\/mecahealth.com\/index.php?rest_route=\/wp\/v2\/pages"}],"about":[{"href":"https:\/\/mecahealth.com\/index.php?rest_route=\/wp\/v2\/types\/page"}],"author":[{"embeddable":true,"href":"https:\/\/mecahealth.com\/index.php?rest_route=\/wp\/v2\/users\/1"}],"replies":[{"embeddable":true,"href":"https:\/\/mecahealth.com\/index.php?rest_route=%2Fwp%2Fv2%2Fcomments&post=280"}],"version-history":[{"count":15,"href":"https:\/\/mecahealth.com\/index.php?rest_route=\/wp\/v2\/pages\/280\/revisions"}],"predecessor-version":[{"id":6686,"href":"https:\/\/mecahealth.com\/index.php?rest_route=\/wp\/v2\/pages\/280\/revisions\/6686"}],"wp:attachment":[{"href":"https:\/\/mecahealth.com\/index.php?rest_route=%2Fwp%2Fv2%2Fmedia&parent=280"}],"curies":[{"name":"wp","href":"https:\/\/api.w.org\/{rel}","templated":true}]}}