{"id":2748,"date":"2023-02-05T14:53:31","date_gmt":"2023-02-05T13:53:31","guid":{"rendered":"https:\/\/mecahealth.com\/?page_id=2748"},"modified":"2023-06-13T00:31:12","modified_gmt":"2023-06-12T22:31:12","slug":"psycho-equilibre","status":"publish","type":"page","link":"https:\/\/mecahealth.com\/?page_id=2748","title":{"rendered":"Psycho : \u00e9quilibre"},"content":{"rendered":"\n<p><a href=\"https:\/\/mecahealth.com\/?page_id=122\">Attention \u00e0 lire les consignes avant de lire toute page d&rsquo;un site sant\u00e9 !<\/a><\/p>\n\n\n\n<figure class=\"wp-block-image size-full is-style-rounded\"><img loading=\"lazy\" decoding=\"async\" width=\"330\" height=\"330\" src=\"https:\/\/mecahealth.com\/wp-content\/uploads\/2023\/02\/MecaHealth-equilibre.jpg\" alt=\"\" class=\"wp-image-2759\" srcset=\"https:\/\/mecahealth.com\/wp-content\/uploads\/2023\/02\/MecaHealth-equilibre.jpg 330w, https:\/\/mecahealth.com\/wp-content\/uploads\/2023\/02\/MecaHealth-equilibre-300x300.jpg 300w, https:\/\/mecahealth.com\/wp-content\/uploads\/2023\/02\/MecaHealth-equilibre-150x150.jpg 150w\" sizes=\"auto, (max-width: 330px) 100vw, 330px\" \/><\/figure>\n\n\n\n<h2 class=\"wp-block-heading\">\u00c0 suivre prochainement <\/h2>\n\n\n\n<p><\/p>\n\n\n\n<p>(&#8230;)<\/p>\n\n\n\n<h2 class=\"wp-block-heading has-medium-font-size\"><span style=\"font-size: var(--wp--preset--font-size--medium) ; color: initial;\"><span style=\"font-size: var(--wp--preset--font-size--medium) ; color: initial;\">Abonnez-vous \u00e0 nos diff\u00e9rentes pages pour \u00eatre averti(s) des nouvelles mises en ligne&#8230;<\/span><\/span><\/h2>\n\n\n\n<p class=\"has-small-font-size\"><a rel=\"noreferrer noopener\" href=\"https:\/\/www.facebook.com\/MecaHealthAsbl\" target=\"_blank\">Facebook MecaHealthAsbl<\/a> &#8211; <a rel=\"noreferrer noopener\" href=\"https:\/\/www.linkedin.com\/company\/mecahealth\/\" target=\"_blank\">Linkedin MecaHealth<\/a> &#8211; <a rel=\"noreferrer noopener\" href=\"https:\/\/www.youtube.com\/channel\/UCJb5g--IGlU6FgQLQKaJljg\" target=\"_blank\">Youtube cha\u00eene MecaHealth<\/a> &#8211; Instagram (pas encore)<\/p>\n\n\n\n<h2 class=\"wp-block-heading has-medium-font-size\">Revenir au chapitre <em><a href=\"https:\/\/mecahealth.com\/?page_id=180\">Normalit\u00e9<\/a> <\/em>ou au chapitre <a href=\"https:\/\/mecahealth.com\/?page_id=127\"><em>Corps psychique<\/em><\/a><\/h2>\n","protected":false},"excerpt":{"rendered":"<p>Attention \u00e0 lire les consignes avant de lire toute page d&rsquo;un site sant\u00e9 ! \u00c0 suivre prochainement (&#8230;) Abonnez-vous \u00e0 nos diff\u00e9rentes pages pour \u00eatre averti(s) des nouvelles mises en ligne&#8230; Facebook MecaHealthAsbl &#8211; Linkedin MecaHealth &#8211; Youtube cha\u00eene MecaHealth &#8211; Instagram (pas encore) Revenir au chapitre Normalit\u00e9 ou au<a href=\"https:\/\/mecahealth.com\/?page_id=2748\" class=\"read-more\">Read More&#8230;<\/a><\/p>\n","protected":false},"author":1,"featured_media":0,"parent":0,"menu_order":0,"comment_status":"closed","ping_status":"closed","template":"","meta":{"footnotes":""},"class_list":["post-2748","page","type-page","status-publish","hentry"],"jetpack_sharing_enabled":true,"_links":{"self":[{"href":"https:\/\/mecahealth.com\/index.php?rest_route=\/wp\/v2\/pages\/2748","targetHints":{"allow":["GET"]}}],"collection":[{"href":"https:\/\/mecahealth.com\/index.php?rest_route=\/wp\/v2\/pages"}],"about":[{"href":"https:\/\/mecahealth.com\/index.php?rest_route=\/wp\/v2\/types\/page"}],"author":[{"embeddable":true,"href":"https:\/\/mecahealth.com\/index.php?rest_route=\/wp\/v2\/users\/1"}],"replies":[{"embeddable":true,"href":"https:\/\/mecahealth.com\/index.php?rest_route=%2Fwp%2Fv2%2Fcomments&post=2748"}],"version-history":[{"count":7,"href":"https:\/\/mecahealth.com\/index.php?rest_route=\/wp\/v2\/pages\/2748\/revisions"}],"predecessor-version":[{"id":5509,"href":"https:\/\/mecahealth.com\/index.php?rest_route=\/wp\/v2\/pages\/2748\/revisions\/5509"}],"wp:attachment":[{"href":"https:\/\/mecahealth.com\/index.php?rest_route=%2Fwp%2Fv2%2Fmedia&parent=2748"}],"curies":[{"name":"wp","href":"https:\/\/api.w.org\/{rel}","templated":true}]}}