{"id":2720,"date":"2023-02-05T04:04:04","date_gmt":"2023-02-05T03:04:04","guid":{"rendered":"https:\/\/mecahealth.com\/?page_id=2720"},"modified":"2025-03-29T14:01:11","modified_gmt":"2025-03-29T13:01:11","slug":"pathologie-cystocele-prolapsus-ou-descente-dorgane","status":"publish","type":"page","link":"https:\/\/mecahealth.com\/?page_id=2720","title":{"rendered":"Pathologie : cystoc\u00e8le, prolapsus ou descente d&rsquo;organe"},"content":{"rendered":"\n<p class=\"has-medium-font-size\"><a href=\"https:\/\/mecahealth.com\/?page_id=122\">Attention \u00e0 lire les consignes avant de lire toute page d&rsquo;un site sant\u00e9 !<\/a><\/p>\n\n\n\n<figure class=\"wp-block-image size-full is-style-rounded\"><img loading=\"lazy\" decoding=\"async\" width=\"330\" height=\"330\" src=\"https:\/\/mecahealth.com\/wp-content\/uploads\/2023\/01\/MecaHealth-vessie.jpg\" alt=\"\" class=\"wp-image-2244\" srcset=\"https:\/\/mecahealth.com\/wp-content\/uploads\/2023\/01\/MecaHealth-vessie.jpg 330w, https:\/\/mecahealth.com\/wp-content\/uploads\/2023\/01\/MecaHealth-vessie-300x300.jpg 300w, https:\/\/mecahealth.com\/wp-content\/uploads\/2023\/01\/MecaHealth-vessie-150x150.jpg 150w\" sizes=\"auto, (max-width: 330px) 100vw, 330px\" \/><figcaption class=\"wp-element-caption\">photo non contractuelle<\/figcaption><\/figure>\n\n\n\n<p class=\"has-medium-font-size\">La cystoc\u00e8le consiste en un d\u00e9placement anormal de la vessie continu ou \u00e0 l&rsquo;effort faisant suite \u00e0 un allongement de ligaments. Elle peut \u00eatre asymptomatique ou donner une sensation de lourdeur dans le bas ventre ou d&rsquo;encombrement de l&rsquo;espace vaginal (plusieurs grades). Un des signes possibles est que sur la fin des <a href=\"https:\/\/mecahealth.com\/?page_id=1776\" data-type=\"page\" data-id=\"1776\">rapports sexuels<\/a>, la verge en \u00ab\u00a0d\u00e9clin\u00a0\u00bb de pression sanguine, soit \u00e9ject\u00e9e vers l&rsquo;ext\u00e9rieur lors d&rsquo;une toux. La cystoc\u00e8le est th\u00e9oriquement quasiment impossible chez l&rsquo;homme puisque le d\u00e9placement n&rsquo;est possible que par la pr\u00e9sence d&rsquo;un espace, en l&rsquo;occurrence l&rsquo;espace vaginal. L&rsquo;homme lui sera touch\u00e9 lors d&rsquo;une mauvaise succession de pressions par des <a href=\"https:\/\/mecahealth.com\/?page_id=1762\" data-type=\"page\" data-id=\"1762\">hernies inguinales<\/a>.  <\/p>\n\n\n\n<p class=\"has-medium-font-size\">Ce ph\u00e9nom\u00e8ne est courant et parfois sans cons\u00e9quence. Il survient g\u00e9n\u00e9ralement progressivement suite \u00e0 de pressions r\u00e9guli\u00e8res survenant dans la vie courante dirig\u00e9es vers le bas et vers l&rsquo;avant, se faisant d\u00e8s lors sur la vessie. Normalement, la direction de la pression devrait se faire vers le haut principalement et accessoirement vers le bas.<\/p>\n\n\n\n<p class=\"has-medium-font-size\">Les pressions que nous d\u00e9veloppons au cours des diff\u00e9rents chapitres se donnent par le rire, la toux, l&rsquo;\u00e9ternuement, le chant m\u00eame, etc. mais ne portent \u00e0 cons\u00e9quence que si elles sont mal dirig\u00e9es.<\/p>\n\n\n\n<p class=\"has-medium-font-size\">A partir d&rsquo;un certain \u00e2ge ou en compl\u00e9ment de certains \u00ab\u00a0agents catalyseurs\u00a0\u00bb comme la grossesse, un d\u00e9m\u00e9nagement, une p\u00e9riode prolong\u00e9e de constipation, etc., le probl\u00e8me peut s&rsquo;accro\u00eetre par l&rsquo;augmentation de pression. Cette derni\u00e8re poussant sur la vessie, allonge indirectement les structures portantes de la vessie qui pousse ainsi elle aussi sur les parois vaginales qui s&rsquo;allongent \u00e0 leur tour. La vessie n&rsquo;entre donc pas r\u00e9ellement dans le vagin, mais prend seulement l&rsquo;espace pr\u00e9vu normalement pour le vagin.<\/p>\n\n\n\n<p class=\"has-medium-font-size\">Ce ph\u00e9nom\u00e8ne peut \u00eatre accompagn\u00e9 ou non d&rsquo;<a href=\"https:\/\/mecahealth.com\/?page_id=491\" data-type=\"page\" data-id=\"491\">incontinences urinaires<\/a>, d&rsquo;<a href=\"https:\/\/mecahealth.com\/?page_id=595\" data-type=\"page\" data-id=\"595\">urgences mictionnelles<\/a> par <strong>ouverture de l&rsquo;angle <\/strong>ur\u00e9tro-v\u00e9sical comme plus moins visible sur l&rsquo;animation ci-dessous si le muscle sphinct\u00e9rien est trop ouvert (en turquoise entourant l&rsquo;ur\u00e8tre). n&rsquo;est pas forc\u00e9ment trop faible &#8230;<\/p>\n\n\n\n<figure class=\"wp-block-image size-full\"><img loading=\"lazy\" decoding=\"async\" width=\"330\" height=\"330\" src=\"https:\/\/mecahealth.com\/wp-content\/uploads\/2023\/03\/MecaHealth-vessie-incontinence.gif\" alt=\"\" class=\"wp-image-5228\"\/><\/figure>\n\n\n\n<p class=\"has-medium-font-size\">Ce dernier repr\u00e9sente la jonction entre l&rsquo;ur\u00e8tre et la vessie. S&rsquo;il s&rsquo;ouvre, quelques gouttes ou plus peuvent entrer dans l&rsquo;ur\u00e8tre. Celles-ci augmentent, d&rsquo;une part,&nbsp; la sensibilit\u00e9 du besoin d&rsquo;uriner puisque les r\u00e9cepteurs se trouvent \u00e0 ce niveau et, d&rsquo;autre part,&nbsp; la perte urinaire. Cette derni\u00e8re survient si le sphincter n&rsquo;est pas assez fort &#8211; ou s&rsquo;il ne sait pas travailler sur toute sa longueur au vu de l&rsquo;ouverture de l&rsquo;angle U-V &#8211; que pour contenir cette survenue d&rsquo;urine dans le conduit qu&rsquo;il essaye de maintenir ferm\u00e9.<\/p>\n\n\n\n<p class=\"has-medium-font-size\">Dans ce cas de pathologie, les personnes concern\u00e9es devront bien entendu pr\u00eater attention aux diff\u00e9rentes informations concernant l&rsquo;appareil urinaire et ses normes a vessie, la <a href=\"https:\/\/mecahealth.com\/?page_id=282\" data-type=\"page\" data-id=\"282\">miction (acte d&rsquo;uriner)<\/a> et par la suite seulement, apprendre \u00e0 <a href=\"https:\/\/mecahealth.com\/?page_id=489\" data-type=\"page\" data-id=\"489\">g\u00e9rer la pression<\/a> qui est la cause principale de ce mal et seulement ensuite, oui seulement ensuite, les <a href=\"https:\/\/mecahealth.com\/?page_id=2723\" data-type=\"page\" data-id=\"2723\">renforcements du plancher pelvien<\/a>.<\/p>\n\n\n\n<p>(&#8230;)<\/p>\n\n\n\n<p class=\"has-large-font-size\">Une chanson \u00e0 \u00e9couter en boucle pour prendre de bonnes habitudes (<a href=\"https:\/\/youtube.com\/shorts\/vQa1i-iskt4\" target=\"_blank\" rel=\"noreferrer noopener\">version Slow<\/a>) ou&nbsp;<a href=\"https:\/\/youtube.com\/shorts\/2RC9ro1ZTjo\" target=\"_blank\" rel=\"noreferrer noopener\">version Rock<\/a>&nbsp;:<\/p>\n\n\n\n<figure class=\"wp-block-embed is-type-video is-provider-youtube wp-block-embed-youtube wp-embed-aspect-4-3 wp-has-aspect-ratio\"><div class=\"wp-block-embed__wrapper\">\n<iframe loading=\"lazy\" title=\"MecaHealth by Lelitch -  Rentre Ton Ventre (slow version)\" width=\"600\" height=\"450\" src=\"https:\/\/www.youtube.com\/embed\/vQa1i-iskt4?feature=oembed\" frameborder=\"0\" allow=\"accelerometer; autoplay; clipboard-write; encrypted-media; gyroscope; picture-in-picture; web-share\" referrerpolicy=\"strict-origin-when-cross-origin\" allowfullscreen><\/iframe>\n<\/div><\/figure>\n\n\n\n<p><\/p>\n\n\n\n<h2 class=\"wp-block-heading has-medium-font-size\">Revenir au chapitre <em><a href=\"https:\/\/mecahealth.com\/?page_id=77\" data-type=\"page\" data-id=\"77\">Corps plomberie<\/a><\/em>, <em><a href=\"https:\/\/mecahealth.com\/?page_id=606\" data-type=\"page\" data-id=\"606\">Syst\u00e8me urinaire<\/a><\/em> ou <em><a href=\"https:\/\/mecahealth.com\/?page_id=548\" data-type=\"page\" data-id=\"548\">Pathologies<\/a><\/em><\/h2>\n","protected":false},"excerpt":{"rendered":"<p>Attention \u00e0 lire les consignes avant de lire toute page d&rsquo;un site sant\u00e9 ! La cystoc\u00e8le consiste en un d\u00e9placement anormal de la vessie continu ou \u00e0 l&rsquo;effort faisant suite \u00e0 un allongement de ligaments. Elle peut \u00eatre asymptomatique ou donner une sensation de lourdeur dans le bas ventre ou<a href=\"https:\/\/mecahealth.com\/?page_id=2720\" class=\"read-more\">Read More&#8230;<\/a><\/p>\n","protected":false},"author":1,"featured_media":0,"parent":0,"menu_order":0,"comment_status":"closed","ping_status":"closed","template":"","meta":{"footnotes":""},"class_list":["post-2720","page","type-page","status-publish","hentry"],"jetpack_sharing_enabled":true,"_links":{"self":[{"href":"https:\/\/mecahealth.com\/index.php?rest_route=\/wp\/v2\/pages\/2720","targetHints":{"allow":["GET"]}}],"collection":[{"href":"https:\/\/mecahealth.com\/index.php?rest_route=\/wp\/v2\/pages"}],"about":[{"href":"https:\/\/mecahealth.com\/index.php?rest_route=\/wp\/v2\/types\/page"}],"author":[{"embeddable":true,"href":"https:\/\/mecahealth.com\/index.php?rest_route=\/wp\/v2\/users\/1"}],"replies":[{"embeddable":true,"href":"https:\/\/mecahealth.com\/index.php?rest_route=%2Fwp%2Fv2%2Fcomments&post=2720"}],"version-history":[{"count":11,"href":"https:\/\/mecahealth.com\/index.php?rest_route=\/wp\/v2\/pages\/2720\/revisions"}],"predecessor-version":[{"id":7844,"href":"https:\/\/mecahealth.com\/index.php?rest_route=\/wp\/v2\/pages\/2720\/revisions\/7844"}],"wp:attachment":[{"href":"https:\/\/mecahealth.com\/index.php?rest_route=%2Fwp%2Fv2%2Fmedia&parent=2720"}],"curies":[{"name":"wp","href":"https:\/\/api.w.org\/{rel}","templated":true}]}}