{"id":272,"date":"2023-01-06T00:58:50","date_gmt":"2023-01-05T23:58:50","guid":{"rendered":"https:\/\/mecahealth.com\/?page_id=272"},"modified":"2025-01-05T02:30:20","modified_gmt":"2025-01-05T01:30:20","slug":"situation-manger","status":"publish","type":"page","link":"https:\/\/mecahealth.com\/?page_id=272","title":{"rendered":"Situation : manger"},"content":{"rendered":"\n<p class=\"has-medium-font-size\"><a href=\"https:\/\/mecahealth.com\/?page_id=122\">Attention \u00e0 lire les consignes avant de lire toute page d&rsquo;un site sant\u00e9 !<\/a><\/p>\n\n\n\n<figure class=\"wp-block-image size-full is-resized is-style-rounded\"><img loading=\"lazy\" decoding=\"async\" width=\"360\" height=\"360\" src=\"https:\/\/mecahealth.com\/wp-content\/uploads\/2023\/01\/11.jpg\" alt=\"\" class=\"wp-image-327\" style=\"width:330px;height:330px\" srcset=\"https:\/\/mecahealth.com\/wp-content\/uploads\/2023\/01\/11.jpg 360w, https:\/\/mecahealth.com\/wp-content\/uploads\/2023\/01\/11-300x300.jpg 300w, https:\/\/mecahealth.com\/wp-content\/uploads\/2023\/01\/11-150x150.jpg 150w\" sizes=\"auto, (max-width: 360px) 100vw, 360px\" \/><\/figure>\n\n\n\n<p class=\"has-medium-font-size\">Dans cette page, nous ne parlerons pas de la position \u00e0 adopter pour manger qui est proche de celle de la <a href=\"https:\/\/mecahealth.com\/?page_id=297\" data-type=\"page\" data-id=\"297\">position assise<\/a> mix\u00e9e avec celle de <a href=\"https:\/\/mecahealth.com\/?page_id=434\" data-type=\"page\" data-id=\"434\">boire<\/a>. Nous parlerons principalement des habitudes li\u00e9es \u00e0 l&rsquo;alimentation et des cons\u00e9quences que celles-ci entra\u00eene notamment sur le <a href=\"https:\/\/mecahealth.com\/?page_id=395\" data-type=\"page\" data-id=\"395\">poids<\/a>.<\/p>\n\n\n\n<p class=\"has-medium-font-size\">Nous ne sommes surtout d\u00e9j\u00e0 <a href=\"https:\/\/mecahealth.com\/?page_id=2236\" data-type=\"page\" data-id=\"2236\">pas \u00e9gaux devant le visc\u00e9ral et la sant\u00e9<\/a>. Nous devons nous conna\u00eetre visc\u00e9ralement avant tout mais tenir compte des r\u00e9alit\u00e9s suivantes qui vont \u00e0 l&rsquo;encontre de bien des pr\u00e9ceptes d\u00e9fendus encore par des <em>professionnels<\/em> ou des amateurs consid\u00e9rant la contrainte contraire au bien-\u00eatre.<\/p>\n\n\n\n<p class=\"has-medium-font-size\">Tout le monde ou presque a d\u00e9j\u00e0 entendu parler de la <a href=\"https:\/\/fr.wikipedia.org\/wiki\/Conditionnement_classique\" data-type=\"URL\" data-id=\"https:\/\/fr.wikipedia.org\/wiki\/Conditionnement_classique\" target=\"_blank\" rel=\"noreferrer noopener\">th\u00e9orie Pavlov<\/a> et pourtant appliqu\u00e9 \u00e0 l&rsquo;\u00eatre humain, la plupart d\u00e9fendent l&rsquo;id\u00e9e de manger \u00e0 la m\u00eame heure. Quoi de plus stupide et de plus pavlovien que de rappeler \u00e0 un corps qu&rsquo;il est <em>l&rsquo;heure de manger<\/em>. La plupart de ceux qui ne respectent pas un rythme d\u00e9fini pour manger sont rarement en surpoids car ils r\u00e9veillent leur v\u00e9ritable ressenti et ne mangent que lorsqu&rsquo;ils ont v\u00e9ritablement faim et bien souvent sans avoir besoin de rassasiement. Nous avons d&rsquo;ailleurs <a href=\"https:\/\/mecahealth.com\/?page_id=2313\" data-type=\"page\" data-id=\"2313\">quelques beaux exemples de cette aberration<\/a>. <\/p>\n\n\n\n<p class=\"has-medium-font-size\">Ce pi\u00e8ge <em>soci\u00e9to-visc\u00e9ral<\/em> fait suite plus que vraisemblablement \u00e0 l&rsquo;abus de pouvoir de certains employeurs qui emp\u00eachaient leurs ouvriers et employ\u00e9s de prendre des temps de pause, m\u00eame \u00e0 midi. Imposer une temps de repos pour manger a permis au personnel de pouvoir r\u00e9cup\u00e9rer physiquement et sans doute moralement. Ce temps devenait un temps d&rsquo;\u00e9change entre les travailleur qui dans certains cas, n&rsquo;avaient m\u00eame pas l&rsquo;occasion de discuter en journ\u00e9e sans risque de remontrances voire de violences. Cette \u00e9tape permit d&rsquo;en voir d&rsquo;autres par la suite favorables pour am\u00e9liorer les conditions des travailleurs. Nous recherchons d&rsquo;ailleurs le texte transmis par un vinaigrier \u00e0 ces ouvriers qui expliquaient notamment qu&rsquo;ils disposaient \u00e0 pr\u00e9sent de le possibilit\u00e9 de manger \u00e0 midi mais qu&rsquo;en aucun cas, ils ne pouvaient s&rsquo;arr\u00eater, qu&rsquo;ils devaient apporter une demi-livre de bois les jours d&rsquo;hiver, qu&rsquo;ils devaient laisser la cour en \u00e9tat apr\u00e8s leurs besoins naturels, etc. Si vous savez o\u00f9 le trouver, <a href=\"https:\/\/mecahealth.com\/?page_id=95\" data-type=\"page\" data-id=\"95\">contactez-nous<\/a>.<\/p>\n\n\n\n<p class=\"has-medium-font-size\">Si comme la majorit\u00e9, vous vous \u00eates faits avoir par cette mauvaise habitude ou enseignement, il faudra du temps pour vous en d\u00e9faire. Commencez par manger plus tard au moins chaque week-end (&#8230;).<\/p>\n\n\n\n<p class=\"has-medium-font-size\">Les autres pi\u00e8ges dans lesquels il ne faut pas tomber et qui font grincer les dents hors contexte m\u00e9dical surtout quand, comme ici, nous ne d\u00e9veloppons par encore les raisons qui am\u00e8nent \u00e0 ces conclusions. Ces derni\u00e8res sont un peu difficile \u00e0 encaisser quand on a ses habitudes bien ancr\u00e9es (mais un d\u00e9veloppement suivra) :<\/p>\n\n\n\n<ul class=\"has-medium-font-size wp-block-list\">\n<li>Favoriser les aliments pas trop cuits pour qu&rsquo;ils restent fermes et qu&rsquo;ils n\u00e9cessitent ainsi une plus forte mastication et donc une plus grande salivation. La salive comporte une enzyme favorisant la digestion (&#8230;)<\/li>\n\n\n\n<li>Evitez les aliments pr\u00e9par\u00e9s qui d&rsquo;une part sont trop sal\u00e9s et d&rsquo;autre part, qui sauc\u00e9s, emp\u00eachent de savourer les \u00e9l\u00e9ments individuellement (&#8230;)<\/li>\n\n\n\n<li>Ne jamais forcer un jeune enfant \u00e0 manger une deuxi\u00e8me assiette s&rsquo;il n&rsquo;a pas faim et certainement ne pas lui accorder de dessert s&rsquo;il se manifeste ensuite. Ne jamais forcer \u00e0 manger de la viande. Il mangera la quantit\u00e9 dont il a besoin (&#8230;). Ces mauvaises habitudes conditionnent la sati\u00e9t\u00e9 alimentaire de l&rsquo;adulte.<\/li>\n\n\n\n<li>Ne jamais boire de <a href=\"https:\/\/mecahealth.com\/?page_id=3620\" data-type=\"page\" data-id=\"3620\">boissons sucr\u00e9es<\/a> \u00e0 table ni pour \u00e9tancher sa soif mais <a href=\"https:\/\/mecahealth.com\/?page_id=434\" data-type=\"page\" data-id=\"434\">boire surtout de l&rsquo;eau<\/a> (&#8230;)<\/li>\n\n\n\n<li><a href=\"https:\/\/mecahealth.com\/?page_id=1597\" data-type=\"page\" data-id=\"1597\">Ne pas confondre allergie et intol\u00e9rance<\/a> (&#8230;)<\/li>\n\n\n\n<li>Prendre le plus r\u00e9guli\u00e8rement possible des <a href=\"https:\/\/mecahealth.com\/?page_id=7434\" data-type=\"page\" data-id=\"7434\">antioxydants<\/a> dans son repas<\/li>\n\n\n\n<li>Toujours disposer d&rsquo;une ceinture en cuir et non \u00e9lastique afin de pouvoir contr\u00f4ler le trou utilis\u00e9 et maintenir une certaine pression sur le ventre. Si cela entrave votre respiration, c&rsquo;est que sans doute vous <a href=\"https:\/\/mecahealth.com\/?page_id=600\" data-type=\"page\" data-id=\"600\">utilisez trop souvent la respiration abdominale<\/a>.<\/li>\n\n\n\n<li>Ne jamais acheter la taille de v\u00eatements au dessus de la pr\u00e9c\u00e9dente ni utiliser trop souvent des v\u00eatements \u00e9lastiques. Il est plus facile d&rsquo;accuser les hormones qu&rsquo;une r\u00e9alit\u00e9 fr\u00e9quente : les femmes prennent plus rapidement de poids qu&rsquo;un homme notamment parce que se trouvant bien plus souvent que les hommes avec des v\u00eatements plus \u00e9lastiques, beaucoup de femmes ne sentent avoir pris du poids qu&rsquo;apr\u00e8s 4 \u00e0 8 kilos \u00e0 cause de l&rsquo;\u00e9lasticit\u00e9 des tissus utilis\u00e9s. Les hommes, s&rsquo;ils se trouvent avec une ceinture en cuir et des v\u00eatements moins \u00e9lastiques, devraient sentir une diff\u00e9rence d\u00e8s une prise de 2 \u00e0 3 kilos. Si en plus, on accepte l&rsquo;id\u00e9e qu&rsquo;il faut alors changer de v\u00eatements plut\u00f4t que de tenter rester dans les pr\u00e9c\u00e9dents, on permet que le poids gagne sur notre volont\u00e9. Chacun fait ce qu&rsquo;il veut mais il ne faut pas s&rsquo;\u00e9tonner de <a href=\"https:\/\/mecahealth.com\/?page_id=395\" data-type=\"page\" data-id=\"395\">prendre du poids<\/a> si on adh\u00e8re \u00e0 la facilit\u00e9. \n<ul class=\"wp-block-list\">\n<li>Certains d\u00e9fenseurs de la \u00ab\u00a0facilit\u00e9 hormonale\u00a0\u00bb d\u00e9fendront leur id\u00e9e en disant \u00ab\u00a0<em>d&rsquo;ailleurs, la preuve est que nous avons plus de graisse dans les fesses et derri\u00e8re les bras<\/em>\u00ab\u00a0. Cette d\u00e9fense est la plupart du temps totalement fausse. Une femme qui r\u00e9alise <a href=\"https:\/\/mecahealth.com\/?page_id=2034\" data-type=\"page\" data-id=\"2034\">une marche avec des grands pas<\/a> quotidiennement comme le ferait un homme sans talon et sans jupe restrictive des mouvements, n&rsquo;a que rarement plus de graisse qu&rsquo;un homme dans ses fesses.<\/li>\n\n\n\n<li>Quant aux bras, c&rsquo;est parce que l&rsquo;homme s&rsquo;appuie g\u00e9n\u00e9ralement bien plus qu&rsquo;une femme sur un support (comme fait le gorille pour impressionner son adversaire ou sa femelle). L&rsquo;homme, m\u00eame si on peut le dire avec un peu d&rsquo;humour, reste v\u00e9ritablement un animal plus simiesque que la gente f\u00e9minine. Vid\u00e9o suivra prochainement<\/li>\n<\/ul>\n<\/li>\n\n\n\n<li>Eviter l&rsquo;usage de grandes assiettes au quotidien. Une grande assiette comparativement \u00e0 une plus petite donne l&rsquo;illusion qu&rsquo;elle doit \u00eatre plus remplie pour une m\u00eame quantit\u00e9 de nourriture : <em>En regardant la petite assiette, ton cerveau, va comprendre qu\u2019elle est bien remplie<\/em> (<a href=\"https:\/\/www.linkedin.com\/in\/meryl-bissonnier\/\" target=\"_blank\" rel=\"noreferrer noopener\">Meryl Bissonnier<\/a>)<\/li>\n\n\n\n<li>&#8230;<\/li>\n<\/ul>\n\n\n\n<figure class=\"wp-block-image size-full is-style-rounded\"><img loading=\"lazy\" decoding=\"async\" width=\"330\" height=\"153\" src=\"https:\/\/mecahealth.com\/wp-content\/uploads\/2023\/12\/MecaHealth-manger-assiettes-taille-differente.jpg\" alt=\"\" class=\"wp-image-7024\" srcset=\"https:\/\/mecahealth.com\/wp-content\/uploads\/2023\/12\/MecaHealth-manger-assiettes-taille-differente.jpg 330w, https:\/\/mecahealth.com\/wp-content\/uploads\/2023\/12\/MecaHealth-manger-assiettes-taille-differente-300x139.jpg 300w\" sizes=\"auto, (max-width: 330px) 100vw, 330px\" \/><figcaption class=\"wp-element-caption\"><em>Quantit\u00e9 identique mais assiettes de taille diff\u00e9rente<\/em><\/figcaption><\/figure>\n\n\n\n<p class=\"has-medium-font-size\">(&#8230;)<\/p>\n\n\n\n<h2 class=\"wp-block-heading has-medium-font-size\">Revenir au chapitre<em> <a href=\"https:\/\/mecahealth.com\/?page_id=186\" data-type=\"page\" data-id=\"186\">Situations courantes<\/a><\/em><\/h2>\n","protected":false},"excerpt":{"rendered":"<p>Attention \u00e0 lire les consignes avant de lire toute page d&rsquo;un site sant\u00e9 ! Dans cette page, nous ne parlerons pas de la position \u00e0 adopter pour manger qui est proche de celle de la position assise mix\u00e9e avec celle de boire. Nous parlerons principalement des habitudes li\u00e9es \u00e0 l&rsquo;alimentation<a href=\"https:\/\/mecahealth.com\/?page_id=272\" class=\"read-more\">Read More&#8230;<\/a><\/p>\n","protected":false},"author":1,"featured_media":0,"parent":0,"menu_order":0,"comment_status":"closed","ping_status":"closed","template":"","meta":{"footnotes":""},"class_list":["post-272","page","type-page","status-publish","hentry"],"jetpack_sharing_enabled":true,"_links":{"self":[{"href":"https:\/\/mecahealth.com\/index.php?rest_route=\/wp\/v2\/pages\/272","targetHints":{"allow":["GET"]}}],"collection":[{"href":"https:\/\/mecahealth.com\/index.php?rest_route=\/wp\/v2\/pages"}],"about":[{"href":"https:\/\/mecahealth.com\/index.php?rest_route=\/wp\/v2\/types\/page"}],"author":[{"embeddable":true,"href":"https:\/\/mecahealth.com\/index.php?rest_route=\/wp\/v2\/users\/1"}],"replies":[{"embeddable":true,"href":"https:\/\/mecahealth.com\/index.php?rest_route=%2Fwp%2Fv2%2Fcomments&post=272"}],"version-history":[{"count":17,"href":"https:\/\/mecahealth.com\/index.php?rest_route=\/wp\/v2\/pages\/272\/revisions"}],"predecessor-version":[{"id":7475,"href":"https:\/\/mecahealth.com\/index.php?rest_route=\/wp\/v2\/pages\/272\/revisions\/7475"}],"wp:attachment":[{"href":"https:\/\/mecahealth.com\/index.php?rest_route=%2Fwp%2Fv2%2Fmedia&parent=272"}],"curies":[{"name":"wp","href":"https:\/\/api.w.org\/{rel}","templated":true}]}}