{"id":270,"date":"2023-01-06T00:58:36","date_gmt":"2023-01-05T23:58:36","guid":{"rendered":"https:\/\/mecahealth.com\/?page_id=270"},"modified":"2023-12-13T17:45:39","modified_gmt":"2023-12-13T16:45:39","slug":"situation-dormir","status":"publish","type":"page","link":"https:\/\/mecahealth.com\/?page_id=270","title":{"rendered":"Situation : dormir"},"content":{"rendered":"\n<p class=\"has-medium-font-size\"><a href=\"https:\/\/mecahealth.com\/?page_id=122\">Attention \u00e0 lire les consignes avant de lire toute page d&rsquo;un site sant\u00e9 !<\/a><\/p>\n\n\n\n<figure class=\"wp-block-image size-full is-style-rounded\"><img loading=\"lazy\" decoding=\"async\" width=\"330\" height=\"330\" src=\"https:\/\/mecahealth.com\/wp-content\/uploads\/2023\/03\/MecaHealth-dormir-cote.jpg\" alt=\"\" class=\"wp-image-5076\" srcset=\"https:\/\/mecahealth.com\/wp-content\/uploads\/2023\/03\/MecaHealth-dormir-cote.jpg 330w, https:\/\/mecahealth.com\/wp-content\/uploads\/2023\/03\/MecaHealth-dormir-cote-300x300.jpg 300w, https:\/\/mecahealth.com\/wp-content\/uploads\/2023\/03\/MecaHealth-dormir-cote-150x150.jpg 150w\" sizes=\"auto, (max-width: 330px) 100vw, 330px\" \/><\/figure>\n\n\n\n<h2 class=\"wp-block-heading\">Normalit\u00e9 : Dormir 8 heures ?<\/h2>\n\n\n\n<p class=\"has-medium-font-size\">La plupart du corps m\u00e9dical conseille <strong>huit heures de sommeil<\/strong> pour r\u00e9cup\u00e9rer des activit\u00e9s de la veille. Seulement, il nous faut tenir compte \u00e9galement de plusieurs facteurs pouvant expliquer que huit heures <a href=\"https:\/\/mecahealth.com\/?page_id=441\" data-type=\"page\" data-id=\"441\">sans bouger ou presque<\/a> n\u00e9cessitent quelques attentions particuli\u00e8res et surtout de se <a href=\"https:\/\/mecahealth.com\/?page_id=286\" data-type=\"page\" data-id=\"286\">positionner correctement en dormant<\/a> (comme sur la photo ci-dessus par exemple).<\/p>\n\n\n\n<p class=\"has-medium-font-size\">Dormir est un acte naturel mais dans le contexte animal, hors m\u00e9tabolisme li\u00e9 \u00e0 la p\u00e9riode d&rsquo;hibernation, un <strong>mammif\u00e8re ne dormira pas 8 heures d&rsquo;affil\u00e9e<\/strong>. Dans le sud, avant l&rsquo;arriv\u00e9e massive de l&rsquo;air conditionn\u00e9, <strong>personne ne dormait 8 heures<\/strong> mais la plupart <a href=\"https:\/\/mecahealth.com\/?page_id=2449\" data-type=\"page\" data-id=\"2449\">faisait la sieste<\/a> sans en avoir honte&#8230; Demandez qui fait encore la sieste dans ces pays et voyez si leur dos ne se plaint pas plus aujourd&rsquo;hui ?!<\/p>\n\n\n\n<p class=\"has-medium-font-size\">Durant la nuit m\u00eame si parfois nous avons la sensation de beaucoup bouger, en proportion du temps o\u00f9 nous restons couch\u00e9s, nous ne faisons en r\u00e9alit\u00e9 que peu de mouvements et seulement dans des amplitudes tr\u00e8s limit\u00e9es. Nous n&rsquo;activons donc que peu la <a href=\"https:\/\/mecahealth.com\/?page_id=604\" data-type=\"page\" data-id=\"604\">circulation sanguine<\/a> voire <a href=\"https:\/\/mecahealth.com\/?page_id=2418\" data-type=\"page\" data-id=\"2418\">nous la bloquons<\/a> par notre propre poids immobilis\u00e9 longtemps dans une m\u00eame position.<\/p>\n\n\n\n<p class=\"has-medium-font-size\">Le corps <a href=\"https:\/\/mecahealth.com\/?page_id=441\" data-type=\"page\" data-id=\"441\">se nourrit par un mouvement correct et r\u00e9gulier<\/a>. En rentrant du travail, il n&rsquo;est pas rare d&rsquo;\u00eatre fatigu\u00e9 pour ne pas avoir boug\u00e9 mais aussi -peu de gens le savent- pour <a href=\"https:\/\/mecahealth.com\/?page_id=487\" data-type=\"page\" data-id=\"487\">ne pas avoir suffisamment respirer<\/a>. En ne bougeant pas assez, le corps n&rsquo;aura que rarement eu la nutrition id\u00e9ale. En nous affalant \u00e9ventuellement dans le fauteuil <a href=\"https:\/\/mecahealth.com\/?page_id=201\" data-type=\"page\" data-id=\"201\">pour lire<\/a> ou regarder la TV sans bouger, en nous installons pour <a href=\"http:\/\/manger\">manger<\/a> assis sans beaucoup bouger une fois de plus, nous passons les trois quarts de notre temps en fin de compte \u00e0 ne pas bouger en suffisance.<\/p>\n\n\n\n<p class=\"has-medium-font-size\">Nous pouvons consid\u00e9rer alors que la <em><strong>malnutrition corporelle<\/strong><\/em> li\u00e9e \u00e0 peu de mobilit\u00e9 est de non plus huit heures mais de plus de douze heures pour une personne rentrant \u00e0 17 ou 18 heures. Si nous <a href=\"https:\/\/mecahealth.com\/?page_id=295\" data-type=\"page\" data-id=\"295\">travaillons assis<\/a>, c&rsquo;est encore plus. Il est donc normal qu&rsquo;en se levant <a href=\"https:\/\/mecahealth.com\/?page_id=1138\" data-type=\"page\" data-id=\"1138\">le matin, nous souffrions<\/a> quelque peu et que <a href=\"https:\/\/mecahealth.com\/?page_id=2450\" data-type=\"page\" data-id=\"2450\">certains se r\u00e9veillent<\/a> en r\u00e9alit\u00e9 pour bouger. Il n&rsquo;est d&rsquo;ailleurs pas impossible que les troubles du sommeil de certaines personnes \u00e2g\u00e9es soit li\u00e9s au besoin de bouger pour nourrir les <a href=\"https:\/\/mecahealth.com\/?page_id=564\" data-type=\"page\" data-id=\"564\">articulations arthros\u00e9es<\/a>.<\/p>\n\n\n\n<p class=\"has-medium-font-size\">C&rsquo;est une des raisons pour laquelle, il est indispensable d&rsquo;apprendre \u00e0 <a href=\"https:\/\/mecahealth.com\/?page_id=1164\" data-type=\"page\" data-id=\"1164\">\u00e9conomiser son \u00e9nergie<\/a> durant la journ\u00e9e quel que soit notre travail tout en le mobilisant en suffisance et de comprendre que si nous restons huit ou sept heures de sommeil sans bouger, m\u00eame dans <a href=\"https:\/\/mecahealth.com\/?page_id=270\" data-type=\"page\" data-id=\"270\">une bonne position<\/a>, le corps sera ankylos\u00e9. Il faut donc le m\u00e9nager le matin et r\u00e9aliser un <a href=\"https:\/\/mecahealth.com\/?page_id=481\" data-type=\"page\" data-id=\"481\">\u00e9chauffement<\/a> progressif avant de lui demander de <a href=\"https:\/\/mecahealth.com\/?page_id=1773\" data-type=\"page\" data-id=\"1773\">vivre \u00e0 200 \u00e0 l&rsquo;heure<\/a>.<\/p>\n\n\n\n<h2 class=\"wp-block-heading\">Pathologies <\/h2>\n\n\n\n<p class=\"has-medium-font-size\">Les pathologies les plus fr\u00e9quemment \u00e9voqu\u00e9es sont les :<\/p>\n\n\n\n<ul class=\"has-medium-font-size wp-block-list\">\n<li><a href=\"https:\/\/mecahealth.com\/?page_id=2450\" data-type=\"page\" data-id=\"2450\">troubles du sommeil<\/a><\/li>\n\n\n\n<li><a href=\"https:\/\/mecahealth.com\/?page_id=1144\" data-type=\"page\" data-id=\"1144\">douleurs nocturnes<\/a> ou au <a href=\"https:\/\/mecahealth.com\/?page_id=257\" data-type=\"page\" data-id=\"257\">lever<\/a><\/li>\n\n\n\n<li><a href=\"https:\/\/mecahealth.com\/?page_id=606\" data-type=\"page\" data-id=\"606\">troubles urinaires<\/a><\/li>\n<\/ul>\n\n\n\n<p class=\"has-medium-font-size\">Concernant les douleurs durant la nuit, elles prolongent bien souvent celles pouvant survenir le soir par un manque de mobilit\u00e9 ou un exc\u00e8s durant les <a href=\"https:\/\/mecahealth.com\/?page_id=186\" data-type=\"page\" data-id=\"186\">situations de la vie courante<\/a> mais \u00e9galement si nous n&rsquo;avons pas opt\u00e9 pour une <a href=\"https:\/\/mecahealth.com\/?page_id=286\" data-type=\"page\" data-id=\"286\">bonne position pour dormir<\/a> et surtout si nous sommes sur un <a href=\"https:\/\/mecahealth.com\/?page_id=2451\" data-type=\"page\" data-id=\"2451\">mauvais lit<\/a>.<\/p>\n\n\n\n<p>(&#8230;)<\/p>\n\n\n\n<p>L&rsquo;amour et ses angoisses de nuit :<\/p>\n\n\n\n<figure class=\"wp-block-embed is-type-rich is-provider-spotify wp-block-embed-spotify wp-embed-aspect-21-9 wp-has-aspect-ratio\"><div class=\"wp-block-embed__wrapper\">\n<iframe title=\"Spotify Embed: La nuit j&amp;apos;angoisse - Radio Edit\" style=\"border-radius: 12px\" width=\"100%\" height=\"152\" frameborder=\"0\" allowfullscreen allow=\"autoplay; clipboard-write; encrypted-media; fullscreen; picture-in-picture\" loading=\"lazy\" src=\"https:\/\/open.spotify.com\/embed\/track\/2qdPnoVmXNfQNmEqeGV7UR?si=5473530090e346d9&#038;utm_source=oembed\"><\/iframe>\n<\/div><\/figure>\n\n\n\n<h2 class=\"wp-block-heading\"><span style=\"font-size: var(--wp--preset--font-size--medium) ; color: initial;\">Abonnez-vous sur nos diff\u00e9rentes pages \u00eatre averti(s) des nouvelles mises en ligne&#8230;<\/span><\/h2>\n\n\n\n<p class=\"has-small-font-size\"><a rel=\"noreferrer noopener\" href=\"https:\/\/www.facebook.com\/MecaHealthAsbl\" target=\"_blank\">Facebook MecaHealthAsbl<\/a> &#8211; <a rel=\"noreferrer noopener\" href=\"https:\/\/www.linkedin.com\/company\/mecahealth\/\" target=\"_blank\">Linkedin MecaHealth<\/a> &#8211; <a rel=\"noreferrer noopener\" href=\"https:\/\/www.youtube.com\/channel\/UCJb5g--IGlU6FgQLQKaJljg\" target=\"_blank\">Youtube cha\u00eene MecaHealth<\/a> &#8211; Instagram (pas encore)<\/p>\n\n\n\n<h2 class=\"wp-block-heading has-medium-font-size\">Revenir \u00e0 la page <em><a href=\"https:\/\/mecahealth.com\/?page_id=286\" data-type=\"page\" data-id=\"286\">Dormir<\/a><\/em> &amp;<em> <a href=\"https:\/\/mecahealth.com\/?page_id=1149\" data-type=\"page\" data-id=\"1149\">Se lever<\/a><\/em><\/h2>\n","protected":false},"excerpt":{"rendered":"<p>Attention \u00e0 lire les consignes avant de lire toute page d&rsquo;un site sant\u00e9 ! Normalit\u00e9 : Dormir 8 heures ? La plupart du corps m\u00e9dical conseille huit heures de sommeil pour r\u00e9cup\u00e9rer des activit\u00e9s de la veille. Seulement, il nous faut tenir compte \u00e9galement de plusieurs facteurs pouvant expliquer que<a href=\"https:\/\/mecahealth.com\/?page_id=270\" class=\"read-more\">Read More&#8230;<\/a><\/p>\n","protected":false},"author":1,"featured_media":0,"parent":0,"menu_order":0,"comment_status":"closed","ping_status":"closed","template":"","meta":{"footnotes":""},"class_list":["post-270","page","type-page","status-publish","hentry"],"jetpack_sharing_enabled":true,"_links":{"self":[{"href":"https:\/\/mecahealth.com\/index.php?rest_route=\/wp\/v2\/pages\/270","targetHints":{"allow":["GET"]}}],"collection":[{"href":"https:\/\/mecahealth.com\/index.php?rest_route=\/wp\/v2\/pages"}],"about":[{"href":"https:\/\/mecahealth.com\/index.php?rest_route=\/wp\/v2\/types\/page"}],"author":[{"embeddable":true,"href":"https:\/\/mecahealth.com\/index.php?rest_route=\/wp\/v2\/users\/1"}],"replies":[{"embeddable":true,"href":"https:\/\/mecahealth.com\/index.php?rest_route=%2Fwp%2Fv2%2Fcomments&post=270"}],"version-history":[{"count":14,"href":"https:\/\/mecahealth.com\/index.php?rest_route=\/wp\/v2\/pages\/270\/revisions"}],"predecessor-version":[{"id":6832,"href":"https:\/\/mecahealth.com\/index.php?rest_route=\/wp\/v2\/pages\/270\/revisions\/6832"}],"wp:attachment":[{"href":"https:\/\/mecahealth.com\/index.php?rest_route=%2Fwp%2Fv2%2Fmedia&parent=270"}],"curies":[{"name":"wp","href":"https:\/\/api.w.org\/{rel}","templated":true}]}}