{"id":268,"date":"2023-01-06T01:58:07","date_gmt":"2023-01-05T23:58:07","guid":{"rendered":"https:\/\/mecahealth.com\/?page_id=268"},"modified":"2025-04-21T15:08:57","modified_gmt":"2025-04-21T13:08:57","slug":"normalite-defequer","status":"publish","type":"page","link":"https:\/\/mecahealth.com\/?page_id=268","title":{"rendered":"Normalit\u00e9 : d\u00e9f\u00e9quer"},"content":{"rendered":"\n<p class=\"has-medium-font-size\"><a href=\"https:\/\/mecahealth.com\/?page_id=122\">Attention \u00e0 lire les consignes avant de lire toute page d&rsquo;un site sant\u00e9 !<\/a><\/p>\n\n\n\n<figure class=\"wp-block-image size-full is-style-rounded\"><img loading=\"lazy\" decoding=\"async\" width=\"330\" height=\"330\" src=\"https:\/\/mecahealth.com\/wp-content\/uploads\/2023\/02\/MecaHealth-defequer-attention.jpg\" alt=\"\" class=\"wp-image-2782\" srcset=\"https:\/\/mecahealth.com\/wp-content\/uploads\/2023\/02\/MecaHealth-defequer-attention.jpg 330w, https:\/\/mecahealth.com\/wp-content\/uploads\/2023\/02\/MecaHealth-defequer-attention-300x300.jpg 300w, https:\/\/mecahealth.com\/wp-content\/uploads\/2023\/02\/MecaHealth-defequer-attention-150x150.jpg 150w\" sizes=\"auto, (max-width: 330px) 100vw, 330px\" \/><\/figure>\n\n\n\n<p class=\"has-medium-font-size\">La d\u00e9f\u00e9cation est l&rsquo;acte d&rsquo;\u00e9vacuation des selles. Elle se fait par le rel\u00e2chement volontaire du sphincter de l&rsquo;anus et par le travail quasiment involontaire d&rsquo;autres muscles dans le rectum et dans l&rsquo;abdomen. Le rectum est le <em>r\u00e9servoir <\/em>dans lequel se trouvent les selles <strong>momentan\u00e9ment<\/strong>. La d\u00e9f\u00e9cation peut sembler tr\u00e8s naturelle mais nos mauvaises habitudes et une alimentation non ad\u00e9quate, peuvent perturber cet acte paraissant assez simple. <\/p>\n\n\n\n<p class=\"has-medium-font-size\">Si vous voulez \u00e9viter des <a href=\"https:\/\/mecahealth.com\/?page_id=1416\" data-type=\"page\" data-id=\"1416\">h\u00e9morro\u00efdes<\/a> ou que vous <a href=\"https:\/\/mecahealth.com\/?page_id=602\" data-type=\"page\" data-id=\"602\">souffrez d&rsquo;un trouble cardiaque<\/a>, commencez d\u00e9j\u00e0 par ne jamais lire dans les toilettes comme la photo ci-dessus et suivre l&rsquo;ordre chronologique ci-apr\u00e8s. Sachez \u00e9galement qu&rsquo;il ne faudrait <a href=\"https:\/\/mecahealth.com\/?page_id=1202\" data-type=\"page\" data-id=\"1202\">jamais rajouter de rehausseur<\/a> sur les toilettes ni installer de toilettes hautes dans les maisons de repos \/ EHPad au risque de cr\u00e9er une <a href=\"https:\/\/mecahealth.com\/?page_id=2950\" data-type=\"page\" data-id=\"2950\">constipation de l&rsquo;adulte<\/a>. Il ne faut s&rsquo;\u00e9tonner non plus de la <a href=\"https:\/\/mecahealth.com\/?page_id=1125\" data-type=\"page\" data-id=\"1125\">constipation de l&rsquo;enfant<\/a> si on tente de le mettre sans pr\u00e9paration sur une toilette standard.<\/p>\n\n\n\n<p class=\"has-medium-font-size\">La d\u00e9f\u00e9cation id\u00e9ale devrait se faire comme celle de l&rsquo;enfant ou dans la nature soit accroupi. Cette position induit une flexion plus grande des hanches que celle sur des toilettes habituelles. Dans cette position id\u00e9ale, l&rsquo;anus s&rsquo;ouvre d\u00e9j\u00e0 partiellement mais bloque \u00e9galement la sortie \u00e9ventuelle et non souhaitable du ventre. Gr\u00e2ce \u00e0 ce maintien abdominale, la pression qui normalement ce positionne sous l&rsquo;ombilic (nombril), rebondit en direction du rectum.<\/p>\n\n\n<div class=\"wp-block-image\">\n<figure class=\"alignleft size-full is-resized\"><img loading=\"lazy\" decoding=\"async\" width=\"330\" height=\"330\" src=\"https:\/\/mecahealth.com\/wp-content\/uploads\/2023\/02\/MecaHealth-defequer-position.jpg\" alt=\"\" class=\"wp-image-2799\" style=\"width:294px;height:294px\" srcset=\"https:\/\/mecahealth.com\/wp-content\/uploads\/2023\/02\/MecaHealth-defequer-position.jpg 330w, https:\/\/mecahealth.com\/wp-content\/uploads\/2023\/02\/MecaHealth-defequer-position-300x300.jpg 300w, https:\/\/mecahealth.com\/wp-content\/uploads\/2023\/02\/MecaHealth-defequer-position-150x150.jpg 150w\" sizes=\"auto, (max-width: 330px) 100vw, 330px\" \/><\/figure>\n<\/div>\n\n\n<p class=\"has-medium-font-size\">De ce fait, sur une toilette standard, <a href=\"https:\/\/mecahealth.com\/?page_id=2177\" data-type=\"page\" data-id=\"2177\">hors diarrh\u00e9e<\/a>, on compensera la position accroupie, comme sur la photo ci-contre, par une flexion du tronc et un positionnement des avant-bras permettant d&rsquo;\u00e9viter que le ventre ne puisse sortir au moment de la pouss\u00e9e d\u00e9f\u00e9catoire.<\/p>\n\n\n\n<p class=\"has-medium-font-size\">Pour les personnes de petite taille ou les enfants, nous invitons \u00e0 utiliser un petit marchepied comme <a href=\"https:\/\/mecahealth.com\/?page_id=2519\" data-type=\"page\" data-id=\"2519\">celui utilis\u00e9 pour le repassage<\/a> afin d&rsquo;obtenir la flexion de hanches suffisante pour ouvrir l&rsquo;anus partiellement.<\/p>\n\n\n\n<p><\/p>\n\n\n\n<p class=\"has-medium-font-size\">Apr\u00e8s ce positionnement presque naturel, nous pouvons envisager ladite pouss\u00e9e. Cette derni\u00e8re ne se fera pas avec force mais plut\u00f4t un peu plus longuement avec une force moyenne. Une pouss\u00e9e trop forte et souvent courte, ne permet pas au <em>cigare <\/em>de sortir mais seulement de rentrer dans le conduit anal partiellement et de n&rsquo;en couper qu&rsquo;un bout. Il faut en effet quelques secondes pour que le canal anal se mette en position d&rsquo;entonnoir. Pour que cette pouss\u00e9e soit parfaitement efficace, dans cette position toujours fl\u00e9chie, il faut inspirer \u00e0 fond m\u00eame si les avant-bras bloque le ventre puis souffler environ 10% de notre air puis bloquer. <\/p>\n\n\n\n<p class=\"has-medium-font-size\">Alors seulement, la pouss\u00e9e sera r\u00e9alis\u00e9e sans trop de force durant 5 secondes d&rsquo;affil\u00e9e avant d&rsquo;\u00eatre arr\u00eat\u00e9e. R\u00e9\u00e9diter l&rsquo;op\u00e9ration tant que les selles ne sont pas toutes sorties mais vraiment sans se presser. Lors d&rsquo;une <a href=\"https:\/\/mecahealth.com\/?page_id=2950\" data-type=\"page\" data-id=\"2950\">constipation ou d&rsquo;un d\u00e9r\u00e8glement de la fr\u00e9quence<\/a>, la pouss\u00e9e sera encore moins forte mais la plus longue possible (en ayant respect\u00e9 les consignes pr\u00e9c\u00e9dentes et <a href=\"https:\/\/mecahealth.com\/?page_id=2950\" data-type=\"page\" data-id=\"2950\">celles en lien<\/a>) .<\/p>\n\n\n\n<p class=\"has-medium-font-size\">Avec une man\u0153uvre comme celle-l\u00e0, on \u00e9vite la plupart des constipations&#8230;<\/p>\n\n\n\n<h2 class=\"wp-block-heading has-medium-font-size\">Apr\u00e8s la d\u00e9f\u00e9cation<\/h2>\n\n\n\n<p class=\"has-medium-font-size\">Apr\u00e8s avoir soulag\u00e9 le rectum, il faut s&rsquo;assurer d&rsquo;avoir bien vid\u00e9 la vessie. De nombreuses personnes apr\u00e8s avoir d\u00e9f\u00e9qu\u00e9, ne sentent plus le besoin d&rsquo;uriner \u00e9tant donn\u00e9 que la pression dans la vessie a \u00e9t\u00e9 r\u00e9duite en une fois durant l&rsquo;\u00e9vacuation des selles. Celles-ci m\u00eame si elles sont dans un autre <em>r\u00e9servoir<\/em>, occupent \u00e0 peu pr\u00e8s le m\u00eame espace que la vessie. Ainsi, gagnant de la place rapidement, les capteurs de la vessie ne sont plus sous pression et le besoin ne se fait plus ressentir.<\/p>\n\n\n\n<p class=\"has-medium-font-size\">Il est d\u00e8s lors normal d&rsquo;entendre parfois des personnes se plaindre de devoir aller uriner quelques minutes apr\u00e8s avoir \u00e9t\u00e9 d\u00e9f\u00e9quer puisqu&rsquo;en r\u00e9alit\u00e9, elles n&rsquo;ont pas vid\u00e9 correctement leur vessie.<\/p>\n\n\n\n<p class=\"has-medium-font-size\">Apr\u00e8s avoir v\u00e9rifi\u00e9 cette seconde vidange, r\u00e9aliser des exercices de <a href=\"https:\/\/mecahealth.com\/?page_id=489\" data-type=\"page\" data-id=\"489\"><em>remont\u00e9e de ventre<\/em><\/a>, nous \u00e9viterons ainsi plus encore les risques de <a href=\"https:\/\/mecahealth.com\/?page_id=491\" data-type=\"page\" data-id=\"491\">pertes urinaires<\/a> li\u00e9es \u00e0 une <a href=\"https:\/\/mecahealth.com\/?page_id=2720\" data-type=\"page\" data-id=\"2720\">descente d&rsquo;organe partielle<\/a>.<\/p>\n\n\n\n<p class=\"has-large-font-size\"><a href=\"https:\/\/mecahealth.com\/?page_id=7484\" data-type=\"page\" data-id=\"7484\">D\u00e9f\u00e9quer tout comme uriner est un besoin naturel et qui de ce fait, ne peut \u00eatre monnay\u00e9<\/a>.<\/p>\n\n\n\n<p>(&#8230;)<\/p>\n\n\n\n<p><a href=\"https:\/\/www.dailymotion.com\/video\/x39eagz\">Lien de la vid\u00e9o ci-dessous -humoristique mais proche de la r\u00e9alit\u00e9- sans passer par une compagnie am\u00e9ricaine<\/a><\/p>\n\n\n\n<figure class=\"wp-block-embed is-type-video is-provider-youtube wp-block-embed-youtube wp-embed-aspect-16-9 wp-has-aspect-ratio\"><div class=\"wp-block-embed__wrapper\">\n<iframe loading=\"lazy\" title=\"Squatty Potty Ecco Toilet Stool\" width=\"600\" height=\"338\" src=\"https:\/\/www.youtube.com\/embed\/wzBBKCyG-yg?start=12&#038;feature=oembed\" frameborder=\"0\" allow=\"accelerometer; autoplay; clipboard-write; encrypted-media; gyroscope; picture-in-picture; web-share\" referrerpolicy=\"strict-origin-when-cross-origin\" allowfullscreen><\/iframe>\n<\/div><\/figure>\n\n\n\n<p><\/p>\n\n\n\n<h2 class=\"wp-block-heading has-medium-font-size\">Revenir au chapitre <em><a href=\"https:\/\/mecahealth.com\/?page_id=77\" data-type=\"page\" data-id=\"77\">Corps plomberie<\/a><\/em> ou <em><a href=\"https:\/\/mecahealth.com\/?page_id=606\" data-type=\"page\" data-id=\"606\">Syst\u00e8me urinaire<\/a><\/em><\/h2>\n","protected":false},"excerpt":{"rendered":"<p>Attention \u00e0 lire les consignes avant de lire toute page d&rsquo;un site sant\u00e9 ! La d\u00e9f\u00e9cation est l&rsquo;acte d&rsquo;\u00e9vacuation des selles. Elle se fait par le rel\u00e2chement volontaire du sphincter de l&rsquo;anus et par le travail quasiment involontaire d&rsquo;autres muscles dans le rectum et dans l&rsquo;abdomen. Le rectum est le<a href=\"https:\/\/mecahealth.com\/?page_id=268\" class=\"read-more\">Read More&#8230;<\/a><\/p>\n","protected":false},"author":1,"featured_media":0,"parent":0,"menu_order":0,"comment_status":"closed","ping_status":"closed","template":"","meta":{"footnotes":""},"class_list":["post-268","page","type-page","status-publish","hentry"],"jetpack_sharing_enabled":true,"_links":{"self":[{"href":"https:\/\/mecahealth.com\/index.php?rest_route=\/wp\/v2\/pages\/268","targetHints":{"allow":["GET"]}}],"collection":[{"href":"https:\/\/mecahealth.com\/index.php?rest_route=\/wp\/v2\/pages"}],"about":[{"href":"https:\/\/mecahealth.com\/index.php?rest_route=\/wp\/v2\/types\/page"}],"author":[{"embeddable":true,"href":"https:\/\/mecahealth.com\/index.php?rest_route=\/wp\/v2\/users\/1"}],"replies":[{"embeddable":true,"href":"https:\/\/mecahealth.com\/index.php?rest_route=%2Fwp%2Fv2%2Fcomments&post=268"}],"version-history":[{"count":31,"href":"https:\/\/mecahealth.com\/index.php?rest_route=\/wp\/v2\/pages\/268\/revisions"}],"predecessor-version":[{"id":7860,"href":"https:\/\/mecahealth.com\/index.php?rest_route=\/wp\/v2\/pages\/268\/revisions\/7860"}],"wp:attachment":[{"href":"https:\/\/mecahealth.com\/index.php?rest_route=%2Fwp%2Fv2%2Fmedia&parent=268"}],"curies":[{"name":"wp","href":"https:\/\/api.w.org\/{rel}","templated":true}]}}