{"id":2641,"date":"2023-02-04T12:14:32","date_gmt":"2023-02-04T11:14:32","guid":{"rendered":"https:\/\/mecahealth.com\/?page_id=2641"},"modified":"2024-01-02T20:42:57","modified_gmt":"2024-01-02T19:42:57","slug":"psychologie-parents-et-enfants","status":"publish","type":"page","link":"https:\/\/mecahealth.com\/?page_id=2641","title":{"rendered":"Psycho : parents et enfants"},"content":{"rendered":"\n<p><a href=\"https:\/\/mecahealth.com\/?page_id=122\">Attention \u00e0 lire les consignes avant de lire toute page d&rsquo;un site sant\u00e9 !<\/a><\/p>\n\n\n\n<figure class=\"wp-block-image size-full is-style-rounded\"><img loading=\"lazy\" decoding=\"async\" width=\"330\" height=\"330\" src=\"https:\/\/mecahealth.com\/wp-content\/uploads\/2023\/02\/MecaHealth-parents-confiance.jpg\" alt=\"\" class=\"wp-image-2697\" srcset=\"https:\/\/mecahealth.com\/wp-content\/uploads\/2023\/02\/MecaHealth-parents-confiance.jpg 330w, https:\/\/mecahealth.com\/wp-content\/uploads\/2023\/02\/MecaHealth-parents-confiance-300x300.jpg 300w, https:\/\/mecahealth.com\/wp-content\/uploads\/2023\/02\/MecaHealth-parents-confiance-150x150.jpg 150w\" sizes=\"auto, (max-width: 330px) 100vw, 330px\" \/><\/figure>\n\n\n\n<p class=\"has-medium-font-size\">La partie concernant les difficult\u00e9s corporelles li\u00e9es \u00e0 la <a href=\"https:\/\/mecahealth.com\/?page_id=7048\" data-type=\"page\" data-id=\"7048\">parentalit\u00e9<\/a> n&rsquo;est pas \u00e0 n\u00e9gliger dans la fatigue psychique et dans le cercle vicieux dans lequel beaucoup de personnes entrent au moins une fois dans une p\u00e9riode de leur vie. Ces difficult\u00e9s physiques sont\/seront d\u00e9velopp\u00e9es dans <a href=\"https:\/\/mecahealth.com\/?page_id=2612\">un chapitre sp\u00e9cialement d\u00e9di\u00e9<\/a>.<\/p>\n\n\n\n<p class=\"has-medium-font-size\">La parentalit\u00e9 pourrait \u00eatre d\u00e9finie comme \u00e9tant le fait de s&rsquo;occuper de un ou plusieurs enfants que l&rsquo;on accompagne dans l&rsquo;espoir de les porter vers le haut et l&rsquo;autonomie (&#8230;). La parentalit\u00e9 est un r\u00f4le et donc un devoir plus qu&rsquo;un droit. Il n&rsquo;y a de parentalit\u00e9 et de reconnaissance \u00e0 avoir pour un parent que s&rsquo;il a <strong>fait son possible<\/strong> pour se rapprocher de ce r\u00f4le tout en ne pouvant \u00e9viter les erreurs auxquelles toute personne est confront\u00e9e ; erreurs d&rsquo;interpr\u00e9tations, de calendrier, de choix divers, etc.<\/p>\n\n\n\n<p class=\"has-medium-font-size\">Cette entr\u00e9e en mati\u00e8re sera expliqu\u00e9e plus en d\u00e9tails apr\u00e8s les conclusions de notre \u00e9tude et de celles que nous pensons qu&rsquo;il est important de relever pour \u00e9viter la souffrance apparemment croissante de beaucoup de jeunes et moins jeunes, de parents et en fin de compte d&rsquo;un nombre important directement ou indirectement impact\u00e9s par les difficult\u00e9s d&rsquo;autres (&#8230;). Ces conclusions devraient aboutir en 2025.<\/p>\n\n\n\n<p class=\"has-medium-font-size\">D&rsquo;autres textes traitant de la psychologie g\u00e9n\u00e9rale de l&rsquo;\u00e9ducation seront \u00e9mis bien avant cela&#8230;<\/p>\n\n\n\n<p class=\"has-medium-font-size\">\u00c9tant donn\u00e9 les d\u00e9rives par certains \u00e9l\u00e8ves de la culture doltiste (&#8230;) et les <a href=\"https:\/\/mecahealth.com\/?page_id=2643\">\u00e9l\u00e9ments d\u00e9fendant la toute puissance masculine et les actes p\u00e9dophiles par Dolto<\/a>, n&rsquo;esp\u00e9rez pas trouver dans notre vision de la p\u00e9dagogie infantile ou de la psychologie un rapport avec cette dame mais bien avec ceux qui ont \u00e9crit sur la p\u00e9dagogie avant elle tel que <a href=\"https:\/\/www.emmanuel-mounier.org\/qui-est-emmanuel-mounier\/biographie\" data-type=\"URL\" data-id=\"https:\/\/www.emmanuel-mounier.org\/qui-est-emmanuel-mounier\/biographie\">Emmanuel Mounier<\/a> et bien d&rsquo;autres par la suite telle que madame <a href=\"https:\/\/www.linkedin.com\/in\/b%C3%A9atrice-kammerer\/\">B\u00e9atrice Kammerer<\/a> qui a bien d\u00e9canter les d\u00e9rives de l&rsquo;<em>\u00e9ducation positive<\/em> qui n&rsquo;est pas \u00e0 confondre de celle propos\u00e9e par des p\u00e9dagogues ou psychologues en \u00e9quilibre comme monsieur <a href=\"https:\/\/www.linkedin.com\/in\/jacques-lecomte-17403218\/\">Jacques Lecomte<\/a>.<\/p>\n\n\n\n<p class=\"has-medium-font-size\">Les axes pr\u00e9cit\u00e9s dans la chapitre <a href=\"https:\/\/mecahealth.com\/?page_id=127\" data-type=\"page\" data-id=\"127\"><em>Corps psychique<\/em><\/a> auront selon nous, une importance dans les \u00e9tapes de l&rsquo;\u00e9ducation mais ne doivent pas empi\u00e9ter sur la qualit\u00e9 naturelle d&rsquo;un ressenti d&rsquo;une personne n&rsquo;ayant pas \u00e9t\u00e9 trop bless\u00e9e par la vie. Comprendre ses propres blessures -surtout en tant que parent (\u00e9ducateur)- et la difficult\u00e9 d&rsquo;objectivit\u00e9 que celles-ci peuvent entra\u00eener permettrait de ne pas transposer \u00ab\u00a0de trop\u00a0\u00bb ses craintes et blessures tout en <a href=\"https:\/\/mecahealth.com\/?page_id=2748\" data-type=\"page\" data-id=\"2748\">prot\u00e9geant son enfant dans un \u00e9quilibre<\/a> (&#8230;).<\/p>\n\n\n\n<p>(&#8230;)<\/p>\n\n\n\n<h2 class=\"wp-block-heading\"><span style=\"font-size: var(--wp--preset--font-size--medium) ; color: initial;\">Abonnez-vous sur nos diff\u00e9rentes pages pour \u00eatre averti(s) des nouvelles mises en ligne&#8230;<\/span><\/h2>\n\n\n\n<p class=\"has-small-font-size\"><a rel=\"noreferrer noopener\" href=\"https:\/\/www.facebook.com\/MecaHealthAsbl\" target=\"_blank\">Facebook MecaHealthAsbl<\/a> &#8211; <a rel=\"noreferrer noopener\" href=\"https:\/\/www.linkedin.com\/company\/mecahealth\/\" target=\"_blank\">Linkedin MecaHealth<\/a> &#8211; <a rel=\"noreferrer noopener\" href=\"https:\/\/www.youtube.com\/channel\/UCJb5g--IGlU6FgQLQKaJljg\" target=\"_blank\">Youtube cha\u00eene MecaHealth<\/a> &#8211; Instagram (pas encore)<\/p>\n\n\n\n<h2 class=\"wp-block-heading has-medium-font-size\">Revenir au chapitre <em><a href=\"https:\/\/mecahealth.com\/?page_id=127\" data-type=\"page\" data-id=\"127\">Corps psychique<\/a><\/em> ou \u00e0 la page <a href=\"https:\/\/mecahealth.com\/?page_id=2612\" data-type=\"page\" data-id=\"2612\"><em>Jeunes parents<\/em><\/a><\/h2>\n\n\n\n<p><\/p>\n\n\n\n<figure class=\"wp-block-embed is-type-rich is-provider-spotify wp-block-embed-spotify wp-embed-aspect-21-9 wp-has-aspect-ratio\"><div class=\"wp-block-embed__wrapper\">\n<iframe title=\"Spotify Embed: #1 - Jacques Lecomte\" style=\"border-radius: 12px\" width=\"100%\" height=\"152\" frameborder=\"0\" allowfullscreen allow=\"autoplay; clipboard-write; encrypted-media; fullscreen; picture-in-picture\" loading=\"lazy\" src=\"https:\/\/open.spotify.com\/embed\/episode\/0PZIfRpbFBlo8GSLYtrRVR?si=19cbb7e237b74cab&#038;utm_source=oembed\"><\/iframe>\n<\/div><\/figure>\n","protected":false},"excerpt":{"rendered":"<p>Attention \u00e0 lire les consignes avant de lire toute page d&rsquo;un site sant\u00e9 ! La partie concernant les difficult\u00e9s corporelles li\u00e9es \u00e0 la parentalit\u00e9 n&rsquo;est pas \u00e0 n\u00e9gliger dans la fatigue psychique et dans le cercle vicieux dans lequel beaucoup de personnes entrent au moins une fois dans une p\u00e9riode<a href=\"https:\/\/mecahealth.com\/?page_id=2641\" class=\"read-more\">Read More&#8230;<\/a><\/p>\n","protected":false},"author":1,"featured_media":0,"parent":0,"menu_order":0,"comment_status":"closed","ping_status":"closed","template":"","meta":{"footnotes":""},"class_list":["post-2641","page","type-page","status-publish","hentry"],"jetpack_sharing_enabled":true,"_links":{"self":[{"href":"https:\/\/mecahealth.com\/index.php?rest_route=\/wp\/v2\/pages\/2641","targetHints":{"allow":["GET"]}}],"collection":[{"href":"https:\/\/mecahealth.com\/index.php?rest_route=\/wp\/v2\/pages"}],"about":[{"href":"https:\/\/mecahealth.com\/index.php?rest_route=\/wp\/v2\/types\/page"}],"author":[{"embeddable":true,"href":"https:\/\/mecahealth.com\/index.php?rest_route=\/wp\/v2\/users\/1"}],"replies":[{"embeddable":true,"href":"https:\/\/mecahealth.com\/index.php?rest_route=%2Fwp%2Fv2%2Fcomments&post=2641"}],"version-history":[{"count":22,"href":"https:\/\/mecahealth.com\/index.php?rest_route=\/wp\/v2\/pages\/2641\/revisions"}],"predecessor-version":[{"id":7064,"href":"https:\/\/mecahealth.com\/index.php?rest_route=\/wp\/v2\/pages\/2641\/revisions\/7064"}],"wp:attachment":[{"href":"https:\/\/mecahealth.com\/index.php?rest_route=%2Fwp%2Fv2%2Fmedia&parent=2641"}],"curies":[{"name":"wp","href":"https:\/\/api.w.org\/{rel}","templated":true}]}}