{"id":262,"date":"2023-01-06T01:54:34","date_gmt":"2023-01-05T23:54:34","guid":{"rendered":"https:\/\/mecahealth.com\/?page_id=262"},"modified":"2023-09-26T11:17:52","modified_gmt":"2023-09-26T09:17:52","slug":"situation-bricoler","status":"publish","type":"page","link":"https:\/\/mecahealth.com\/?page_id=262","title":{"rendered":"Situation : bricoler"},"content":{"rendered":"\n<p><a href=\"https:\/\/mecahealth.com\/?page_id=122\">Attention \u00e0 lire les consignes avant de lire toute page d&rsquo;un site sant\u00e9 !<\/a><\/p>\n\n\n\n<figure class=\"wp-block-image size-full is-resized is-style-rounded\"><img loading=\"lazy\" decoding=\"async\" width=\"360\" height=\"360\" src=\"https:\/\/mecahealth.com\/wp-content\/uploads\/2023\/01\/5.jpg\" alt=\"\" class=\"wp-image-321\" srcset=\"https:\/\/mecahealth.com\/wp-content\/uploads\/2023\/01\/5.jpg 360w, https:\/\/mecahealth.com\/wp-content\/uploads\/2023\/01\/5-300x300.jpg 300w, https:\/\/mecahealth.com\/wp-content\/uploads\/2023\/01\/5-150x150.jpg 150w\" sizes=\"auto, (max-width: 360px) 100vw, 360px\" \/><\/figure>\n\n\n\n<div class=\"wp-block-group\"><div class=\"wp-block-group__inner-container is-layout-constrained wp-block-group-is-layout-constrained\">\n<p>Bricoler se pratiquera en se rapprochant des r\u00e8gles li\u00e9es \u00e0 notre mode de fonctionnement humain :<\/p>\n<\/div><\/div>\n\n\n\n<ul class=\"wp-block-list\">\n<li><a href=\"https:\/\/mecahealth.com\/?page_id=446\" data-type=\"page\" data-id=\"446\">Rapprochement maximum<\/a><\/li>\n\n\n\n<li><a href=\"https:\/\/mecahealth.com\/?page_id=448\" data-type=\"page\" data-id=\"448\">Points d\u2019appui<\/a><\/li>\n\n\n\n<li><a href=\"https:\/\/mecahealth.com\/?page_id=450\" data-type=\"page\" data-id=\"450\">Tirer-Pousser<\/a><\/li>\n<\/ul>\n\n\n\n<p>Cette action se fera en <a href=\"https:\/\/mecahealth.com\/?page_id=487\" data-type=\"page\" data-id=\"487\">ne bloquant pas la respiration<\/a> et en suivant pr\u00e9alablement les r\u00e8gles \u00ab\u00a0animales\u00a0\u00bb d\u00e9crites dans le chapitre <a href=\"https:\/\/mecahealth.com\/?page_id=180\" data-type=\"page\" data-id=\"180\">normalit\u00e9<\/a> :<\/p>\n\n\n\n<ul class=\"wp-block-list\">\n<li><a href=\"https:\/\/mecahealth.com\/?page_id=441\" data-type=\"page\" data-id=\"441\">Alternance contraction-rel\u00e2chement<\/a><\/li>\n\n\n\n<li><a href=\"https:\/\/mecahealth.com\/?page_id=402\" data-type=\"URL\" data-id=\"https:\/\/mecahealth.com\/?page_id=402\">Sym\u00e9trie<\/a><\/li>\n\n\n\n<li><a href=\"https:\/\/mecahealth.com\/?page_id=443\" data-type=\"page\" data-id=\"443\">Protection naturelle<\/a><\/li>\n<\/ul>\n\n\n<div class=\"wp-block-image is-resized\">\n<figure class=\"alignleft size-full\"><img loading=\"lazy\" decoding=\"async\" width=\"100\" height=\"100\" src=\"https:\/\/mecahealth.com\/wp-content\/uploads\/2023\/02\/MecaHealth-picto-YES-e1675467494159.jpg\" alt=\"\" class=\"wp-image-2573\"\/><\/figure>\n<\/div>\n\n\n<p><\/p>\n\n\n\n<p><\/p>\n\n\n\n<p class=\"has-large-font-size\">\u00e0 suivre prochainement<\/p>\n\n\n<div class=\"wp-block-image is-resized\">\n<figure class=\"alignleft size-full\"><img loading=\"lazy\" decoding=\"async\" width=\"100\" height=\"100\" src=\"https:\/\/mecahealth.com\/wp-content\/uploads\/2023\/02\/MecaHealth-picto-NO-e1675467511983.jpg\" alt=\"\" class=\"wp-image-2572\"\/><\/figure>\n<\/div>\n\n\n<p>Ne pas travailler de la sorte, c&rsquo;est certain \ud83d\ude04 : <a rel=\"noreferrer noopener\" href=\"https:\/\/www.facebook.com\/reel\/924805058521697?s=yWDuG2&amp;fs=e\" target=\"_blank\">Video reel Facebook<\/a><\/p>\n\n\n\n<h2 class=\"wp-block-heading has-medium-font-size\">Revenir au chapitre <a href=\"https:\/\/mecahealth.com\/?page_id=186\" data-type=\"page\" data-id=\"186\"><em>Situations courante<\/em>s<\/a> ou \u00e0 la page <a href=\"https:\/\/mecahealth.com\/?page_id=242\" data-type=\"page\" data-id=\"242\"><em>Arts m\u00e9nagers<\/em><\/a><\/h2>\n","protected":false},"excerpt":{"rendered":"<p>Attention \u00e0 lire les consignes avant de lire toute page d&rsquo;un site sant\u00e9 ! Bricoler se pratiquera en se rapprochant des r\u00e8gles li\u00e9es \u00e0 notre mode de fonctionnement humain : Cette action se fera en ne bloquant pas la respiration et en suivant pr\u00e9alablement les r\u00e8gles \u00ab\u00a0animales\u00a0\u00bb d\u00e9crites dans le<a href=\"https:\/\/mecahealth.com\/?page_id=262\" class=\"read-more\">Read More&#8230;<\/a><\/p>\n","protected":false},"author":1,"featured_media":0,"parent":0,"menu_order":0,"comment_status":"closed","ping_status":"closed","template":"","meta":{"footnotes":""},"class_list":["post-262","page","type-page","status-publish","hentry"],"jetpack_sharing_enabled":true,"_links":{"self":[{"href":"https:\/\/mecahealth.com\/index.php?rest_route=\/wp\/v2\/pages\/262","targetHints":{"allow":["GET"]}}],"collection":[{"href":"https:\/\/mecahealth.com\/index.php?rest_route=\/wp\/v2\/pages"}],"about":[{"href":"https:\/\/mecahealth.com\/index.php?rest_route=\/wp\/v2\/types\/page"}],"author":[{"embeddable":true,"href":"https:\/\/mecahealth.com\/index.php?rest_route=\/wp\/v2\/users\/1"}],"replies":[{"embeddable":true,"href":"https:\/\/mecahealth.com\/index.php?rest_route=%2Fwp%2Fv2%2Fcomments&post=262"}],"version-history":[{"count":11,"href":"https:\/\/mecahealth.com\/index.php?rest_route=\/wp\/v2\/pages\/262\/revisions"}],"predecessor-version":[{"id":5663,"href":"https:\/\/mecahealth.com\/index.php?rest_route=\/wp\/v2\/pages\/262\/revisions\/5663"}],"wp:attachment":[{"href":"https:\/\/mecahealth.com\/index.php?rest_route=%2Fwp%2Fv2%2Fmedia&parent=262"}],"curies":[{"name":"wp","href":"https:\/\/api.w.org\/{rel}","templated":true}]}}