{"id":2612,"date":"2023-02-04T03:21:31","date_gmt":"2023-02-04T02:21:31","guid":{"rendered":"https:\/\/mecahealth.com\/?page_id=2612"},"modified":"2023-03-05T11:40:44","modified_gmt":"2023-03-05T10:40:44","slug":"situation-etre-parents","status":"publish","type":"page","link":"https:\/\/mecahealth.com\/?page_id=2612","title":{"rendered":"Situation : \u00eatre (jeune) parent"},"content":{"rendered":"\n<p class=\"has-medium-font-size\"><a href=\"https:\/\/mecahealth.com\/?page_id=122\">Attention \u00e0 lire les consignes avant de lire toute page d&rsquo;un site sant\u00e9 !<\/a><\/p>\n\n\n\n<figure class=\"wp-block-image size-full is-style-rounded\"><img loading=\"lazy\" decoding=\"async\" width=\"330\" height=\"330\" src=\"https:\/\/mecahealth.com\/wp-content\/uploads\/2023\/02\/MecaHealth-parents.jpg\" alt=\"\" class=\"wp-image-2690\" srcset=\"https:\/\/mecahealth.com\/wp-content\/uploads\/2023\/02\/MecaHealth-parents.jpg 330w, https:\/\/mecahealth.com\/wp-content\/uploads\/2023\/02\/MecaHealth-parents-300x300.jpg 300w, https:\/\/mecahealth.com\/wp-content\/uploads\/2023\/02\/MecaHealth-parents-150x150.jpg 150w\" sizes=\"auto, (max-width: 330px) 100vw, 330px\" \/><\/figure>\n\n\n\n<p class=\"has-medium-font-size\">En tant que parent, jeune parent surtout, mais \u00e9galement en tant que instituteur maternel ou en tant que travailleur en cr\u00e8che, nous risquons d&rsquo;\u00eatre touch\u00e9s par diff\u00e9rents maux directement li\u00e9s aux charges qu&rsquo;un enfant entra\u00eene directement ou, comme sur la photo repr\u00e9sentative d&rsquo;une certaine parentalit\u00e9, aux charges li\u00e9es aux positionnements adopt\u00e9s pour se mettre au niveau de l&rsquo;enfant. Nous ne distinguerons pas directement toutes les pathologies li\u00e9es mais bien les m\u00e9thodes d&rsquo;\u00e9viter pas mal de probl\u00e8mes de dos notamment.<\/p>\n\n\n\n<p class=\"has-medium-font-size\">La partie concernant la psychologie parentale et l&rsquo;\u00e9ducation est <a href=\"https:\/\/mecahealth.com\/?page_id=2641\" data-type=\"page\" data-id=\"2641\">d\u00e9velopp\u00e9e dans un chapitre sp\u00e9cialement d\u00e9di\u00e9<\/a>.<\/p>\n\n\n\n<p class=\"has-medium-font-size\">Le jeune parent se <a href=\"https:\/\/mecahealth.com\/?page_id=998\" data-type=\"page\" data-id=\"998\">fatigue globalement (physiquement et psychiquement)<\/a> notamment :<\/p>\n\n\n\n<ul class=\"wp-block-list\">\n<li>en le nourrissant<\/li>\n\n\n\n<li>en changeant un enfant<\/li>\n\n\n\n<li>en donnant le bain<\/li>\n\n\n\n<li>en le mettant dans son lit\/parc\/berceau<\/li>\n\n\n\n<li>en le pla\u00e7ant\/retirant dans sa poussette<\/li>\n\n\n\n<li>en le mettant\/retirant dans le si\u00e8ge auto<\/li>\n\n\n\n<li>en lui enseignant<\/li>\n\n\n\n<li>&#8230;<\/li>\n<\/ul>\n\n\n\n<p class=\"has-medium-font-size\">Une mani\u00e8re d&rsquo;\u00e9viter cette fatigue est de respecter les <a href=\"https:\/\/mecahealth.com\/?page_id=1164\" data-type=\"page\" data-id=\"1164\">r\u00e8gles<\/a> rappel\u00e9es dans les diff\u00e9rentes <a href=\"https:\/\/mecahealth.com\/?page_id=186\" data-type=\"page\" data-id=\"186\">situations courantes<\/a> et de transposer les exemples donn\u00e9s \u00e0 la vie parentale.<\/p>\n\n\n\n<p class=\"has-medium-font-size\">Les jeunes mamans, elles par contre, risquent \u00e9galement des maux directement li\u00e9s au rel\u00e2chement abdominal mais aussi <a href=\"https:\/\/mecahealth.com\/?page_id=491\" data-type=\"page\" data-id=\"491\">des incontinences urinaires<\/a> si la r\u00e9\u00e9ducation post-partum n&rsquo;a pas \u00e9t\u00e9 bien suivie et\/ou enseign\u00e9e.<\/p>\n\n\n\n<p class=\"has-medium-font-size\">Il est \u00e0 noter que nous avons rencontr\u00e9 plusieurs enseignantes souffrir de maux pour avoir tent\u00e9 d&rsquo;utiliser trop souvent le mat\u00e9riel des enfants. Cette tendance est \u00e0 l&rsquo;origine de certaines <a href=\"https:\/\/mecahealth.com\/?page_id=212\" data-type=\"page\" data-id=\"212\">lombalgies<\/a> mais \u00e9galement d&rsquo;<a href=\"https:\/\/mecahealth.com\/?page_id=1416\" data-type=\"page\" data-id=\"1416\">h\u00e9morro\u00efdes<\/a>.<\/p>\n\n\n\n<p>(&#8230;)<\/p>\n\n\n\n<p class=\"has-medium-font-size\">Pour apprendre \u00e0 \u00e9viter les d\u00e9sagr\u00e9ments des exemples pr\u00e9cit\u00e9s, nous nous d\u00e9pla\u00e7ons partout en Belgique et sur demande \u00e0 l&rsquo;\u00e9tranger \u00e9galement pour des particuliers. <a rel=\"noreferrer noopener\" href=\"https:\/\/mecahealth.com\/?page_id=146\" data-type=\"page\" data-id=\"146\" target=\"_blank\">Nous assurons une analyse de vos diff\u00e9rentes difficult\u00e9s et les solutions physiques<\/a> (corporelles) voire techniques \u00e0 adopter. Nous pouvons donner ces informations aux personnes au sien du lieu familial mais \u00e9galement \u00e0 un plus grand groupe (conf\u00e9rence\/s\u00e9minaire\/formations) soit par un groupement de parents ou gr\u00e2ce au soutien de votre commune\/municipalit\u00e9, d&rsquo;une entreprise \u00ab\u00a0marraine\u00a0\u00bb, etc. <a href=\"https:\/\/mecahealth.com\/?page_id=95\" data-type=\"page\" data-id=\"95\">Contactez-nous pour en savoir plus<\/a>.<\/p>\n\n\n\n<p class=\"has-medium-font-size\">Nous nous d\u00e9pla\u00e7ons bien entendu dans toute r\u00e9gion du monde sur demande pour toute <a href=\"https:\/\/mecahealth.com\/?page_id=146\" data-type=\"page\" data-id=\"146\">analyse des risques professionnels et des solutions \u00e0 apporter (&#8230;)<\/a>.<\/p>\n\n\n\n<h2 class=\"has-medium-font-size wp-block-heading\">Si vous souhaitez participer au financement de ce service par le biais de votre entreprise en tant que <a href=\"https:\/\/mecahealth.com\/?page_id=172\" data-type=\"page\" data-id=\"172\">m\u00e9c\u00e9nat ou sponsoring<\/a>, c&rsquo;est \u00e9galement possible. <\/h2>\n\n\n\n<p>(&#8230;)<\/p>\n\n\n\n<h2 class=\"wp-block-heading\"><span style=\"font-size: var(--wp--preset--font-size--medium) ; color: initial;\">Abonnez-vous sur nos diff\u00e9rentes pages \u00eatre averti des nouvelles mises en ligne&#8230;<\/span><\/h2>\n\n\n\n<p class=\"has-small-font-size\"><a rel=\"noreferrer noopener\" href=\"https:\/\/www.facebook.com\/MecaHealthAsbl\" target=\"_blank\">Facebook MecaHealthAsbl<\/a> &#8211; <a rel=\"noreferrer noopener\" href=\"https:\/\/www.linkedin.com\/company\/mecahealth\/\" target=\"_blank\">Linkedin MecaHealth<\/a> &#8211; <a rel=\"noreferrer noopener\" href=\"https:\/\/www.youtube.com\/channel\/UCJb5g--IGlU6FgQLQKaJljg\" target=\"_blank\">Youtube cha\u00eene MecaHealth<\/a> &#8211; Instagram (pas encore)<\/p>\n\n\n\n<h2 class=\"has-medium-font-size wp-block-heading\">Revenir au chapitre<em> <a href=\"https:\/\/mecahealth.com\/?page_id=186\" data-type=\"page\" data-id=\"186\">Situations courantes<\/a><\/em><\/h2>\n","protected":false},"excerpt":{"rendered":"<p>Attention \u00e0 lire les consignes avant de lire toute page d&rsquo;un site sant\u00e9 ! En tant que parent, jeune parent surtout, mais \u00e9galement en tant que instituteur maternel ou en tant que travailleur en cr\u00e8che, nous risquons d&rsquo;\u00eatre touch\u00e9s par diff\u00e9rents maux directement li\u00e9s aux charges qu&rsquo;un enfant entra\u00eene directement<a href=\"https:\/\/mecahealth.com\/?page_id=2612\" class=\"read-more\">Read More&#8230;<\/a><\/p>\n","protected":false},"author":1,"featured_media":0,"parent":0,"menu_order":0,"comment_status":"closed","ping_status":"closed","template":"","meta":{"footnotes":""},"class_list":["post-2612","page","type-page","status-publish","hentry"],"jetpack_sharing_enabled":true,"_links":{"self":[{"href":"https:\/\/mecahealth.com\/index.php?rest_route=\/wp\/v2\/pages\/2612","targetHints":{"allow":["GET"]}}],"collection":[{"href":"https:\/\/mecahealth.com\/index.php?rest_route=\/wp\/v2\/pages"}],"about":[{"href":"https:\/\/mecahealth.com\/index.php?rest_route=\/wp\/v2\/types\/page"}],"author":[{"embeddable":true,"href":"https:\/\/mecahealth.com\/index.php?rest_route=\/wp\/v2\/users\/1"}],"replies":[{"embeddable":true,"href":"https:\/\/mecahealth.com\/index.php?rest_route=%2Fwp%2Fv2%2Fcomments&post=2612"}],"version-history":[{"count":15,"href":"https:\/\/mecahealth.com\/index.php?rest_route=\/wp\/v2\/pages\/2612\/revisions"}],"predecessor-version":[{"id":4852,"href":"https:\/\/mecahealth.com\/index.php?rest_route=\/wp\/v2\/pages\/2612\/revisions\/4852"}],"wp:attachment":[{"href":"https:\/\/mecahealth.com\/index.php?rest_route=%2Fwp%2Fv2%2Fmedia&parent=2612"}],"curies":[{"name":"wp","href":"https:\/\/api.w.org\/{rel}","templated":true}]}}