{"id":2599,"date":"2023-02-04T02:52:56","date_gmt":"2023-02-04T01:52:56","guid":{"rendered":"https:\/\/mecahealth.com\/?page_id=2599"},"modified":"2026-04-16T02:35:12","modified_gmt":"2026-04-16T00:35:12","slug":"situation-ramasser-caresser","status":"publish","type":"page","link":"https:\/\/mecahealth.com\/?page_id=2599","title":{"rendered":"Situation : ramasser caresser"},"content":{"rendered":"\n<p class=\"has-small-font-size\"><a href=\"https:\/\/mecahealth.com\/?page_id=122\">Attention \u00e0 lire les consignes avant de lire toute page d&rsquo;un site sant\u00e9 !<\/a><\/p>\n\n\n\n<figure class=\"wp-block-image size-full is-style-rounded\"><img loading=\"lazy\" decoding=\"async\" width=\"330\" height=\"330\" src=\"https:\/\/mecahealth.com\/wp-content\/uploads\/2023\/02\/MecaHealth-ramasser-caresser.jpg\" alt=\"\" class=\"wp-image-2607\" srcset=\"https:\/\/mecahealth.com\/wp-content\/uploads\/2023\/02\/MecaHealth-ramasser-caresser.jpg 330w, https:\/\/mecahealth.com\/wp-content\/uploads\/2023\/02\/MecaHealth-ramasser-caresser-300x300.jpg 300w, https:\/\/mecahealth.com\/wp-content\/uploads\/2023\/02\/MecaHealth-ramasser-caresser-150x150.jpg 150w\" sizes=\"auto, (max-width: 330px) 100vw, 330px\" \/><\/figure>\n\n\n\n<div class=\"wp-block-group\"><div class=\"wp-block-group__inner-container is-layout-constrained wp-block-group-is-layout-constrained\">\n<p class=\"has-medium-font-size\">Ramasser ou caresser un animal voire la t\u00eate d&rsquo;un enfant assis se pratiquera en se rapprochant des r\u00e8gles li\u00e9es \u00e0 notre mode de fonctionnement humain :<\/p>\n<\/div><\/div>\n\n\n\n<ul class=\"wp-block-list has-medium-font-size\">\n<li><a href=\"https:\/\/mecahealth.com\/?page_id=446\" data-type=\"page\" data-id=\"446\">Rapprochement maximum<\/a><\/li>\n\n\n\n<li><a href=\"https:\/\/mecahealth.com\/?page_id=448\" data-type=\"page\" data-id=\"448\">Points d\u2019appui<\/a><\/li>\n\n\n\n<li><a href=\"https:\/\/mecahealth.com\/?page_id=450\" data-type=\"page\" data-id=\"450\">Tirer-Pousser<\/a><\/li>\n<\/ul>\n\n\n\n<p class=\"has-medium-font-size\">Cette action se fera en <a href=\"https:\/\/mecahealth.com\/?page_id=487\" data-type=\"page\" data-id=\"487\">ne bloquant pas la respiration<\/a> et en suivant pr\u00e9alablement les r\u00e8gles <em>animales<\/em> d\u00e9crites dans le chapitre <a href=\"https:\/\/mecahealth.com\/?page_id=180\" data-type=\"page\" data-id=\"180\">normalit\u00e9<\/a> :<\/p>\n\n\n\n<ul class=\"wp-block-list has-medium-font-size\">\n<li><a href=\"https:\/\/mecahealth.com\/?page_id=441\" data-type=\"page\" data-id=\"441\">Alternance contraction-rel\u00e2chement<\/a><\/li>\n\n\n\n<li><a href=\"https:\/\/mecahealth.com\/?page_id=402\" data-type=\"URL\" data-id=\"https:\/\/mecahealth.com\/?page_id=402\">Sym\u00e9trie<\/a><\/li>\n\n\n\n<li><a href=\"https:\/\/mecahealth.com\/?page_id=443\" data-type=\"page\" data-id=\"443\">Protection naturelle<\/a> dont le rentr\u00e9 de ventre \u00e0 l&rsquo;effort<\/li>\n<\/ul>\n\n\n\n<p><\/p>\n\n\n\n<p><\/p>\n\n\n\n<p class=\"has-medium-font-size\">Le principe de base est d&rsquo;appuyer en permanence la main sur soi ou sur un objet &#8230;<\/p>\n\n\n\n<figure class=\"wp-block-image size-full\"><img loading=\"lazy\" decoding=\"async\" width=\"190\" height=\"250\" src=\"https:\/\/mecahealth.com\/wp-content\/uploads\/2023\/02\/MecaHealth-ramasser-APPUI-OUI.gif\" alt=\"\" class=\"wp-image-2623\"\/><\/figure>\n\n\n\n<figure class=\"wp-block-image size-full is-resized\"><img loading=\"lazy\" decoding=\"async\" width=\"100\" height=\"100\" src=\"https:\/\/mecahealth.com\/wp-content\/uploads\/2023\/02\/MecaHealth-picto-YES-e1675467494159.jpg\" alt=\"\" class=\"wp-image-2573\" style=\"width:60px;height:60px\"\/><\/figure>\n\n\n<div class=\"wp-block-image\">\n<figure class=\"alignright size-full\"><img loading=\"lazy\" decoding=\"async\" width=\"250\" height=\"200\" src=\"https:\/\/mecahealth.com\/wp-content\/uploads\/2023\/02\/MecaHealth-ramasser-au-sol.gif\" alt=\"\" class=\"wp-image-2624\"\/><\/figure>\n<\/div>\n\n\n<p class=\"has-medium-font-size\">Ramasser rapidement tel un gorille ramassant un tronc pour impressionner son adversaire. L&rsquo;animal ne prendra pas appui mais utilisera bien <a href=\"https:\/\/mecahealth.com\/?page_id=1243\" data-type=\"page\" data-id=\"1243\">chaque partie de son corps en synergie<\/a> pour d\u00e9multiplier sa force&#8230;<\/p>\n\n\n\n<p class=\"has-medium-font-size\">Le d\u00e9placement d&rsquo;objets plus lourds est d\u00e9taill\u00e9 dans la page <em><a href=\"https:\/\/mecahealth.com\/?page_id=278\" data-type=\"page\" data-id=\"278\">D\u00e9m\u00e9nager<\/a><\/em> ou notamment dans <a href=\"https:\/\/mecahealth.com\/?page_id=1530\" data-type=\"page\" data-id=\"1530\">celle traitant du transport de valises<\/a>&#8230;<\/p>\n\n\n\n<p><\/p>\n\n\n<div class=\"wp-block-image\">\n<figure class=\"alignleft size-full\"><img loading=\"lazy\" decoding=\"async\" width=\"235\" height=\"245\" src=\"https:\/\/mecahealth.com\/wp-content\/uploads\/2023\/02\/MecaHealth-ramasser-OUI.gif\" alt=\"\" class=\"wp-image-2625\"\/><\/figure>\n<\/div>\n\n\n<p class=\"has-medium-font-size\">Ramasser un objet au sol en s&rsquo;appuyant sur soi ou sur un objet<\/p>\n\n\n\n<p><\/p>\n\n\n\n<p><\/p>\n\n\n\n<p><\/p>\n\n\n\n<p><\/p>\n\n\n\n<p><\/p>\n\n\n\n<h2 class=\"wp-block-heading\">Caisse au sol<\/h2>\n\n\n<div class=\"wp-block-image\">\n<figure class=\"alignleft size-full is-resized\"><img loading=\"lazy\" decoding=\"async\" width=\"250\" height=\"200\" src=\"https:\/\/mecahealth.com\/wp-content\/uploads\/2023\/02\/MecaHealth-caisse-chaise.jpg\" alt=\"\" class=\"wp-image-2629\" style=\"width:250px;height:200px\"\/><\/figure>\n<\/div>\n\n\n<p class=\"has-medium-font-size\">explications suivront<\/p>\n\n\n\n<p><\/p>\n\n\n\n<p><\/p>\n\n\n\n<p><\/p>\n\n\n\n<p><\/p>\n\n\n\n<h2 class=\"wp-block-heading\">Casier de boissons<\/h2>\n\n\n<div class=\"wp-block-image\">\n<figure class=\"alignleft size-full\"><img loading=\"lazy\" decoding=\"async\" width=\"200\" height=\"261\" src=\"https:\/\/mecahealth.com\/wp-content\/uploads\/2023\/02\/MecaHealth-ramasser-casier-OUI.gif\" alt=\"\" class=\"wp-image-2626\"\/><\/figure>\n<\/div>\n\n<div class=\"wp-block-image\">\n<figure class=\"alignleft size-full\"><img loading=\"lazy\" decoding=\"async\" width=\"200\" height=\"261\" src=\"https:\/\/mecahealth.com\/wp-content\/uploads\/2023\/02\/MecaHealth-ramasser-casier-OUI-b.gif\" alt=\"\" class=\"wp-image-2628\"\/><\/figure>\n<\/div>\n\n\n<p><\/p>\n\n\n\n<p><\/p>\n\n\n\n<p><\/p>\n\n\n\n<p><\/p>\n\n\n\n<p><\/p>\n\n\n\n<p><\/p>\n\n\n\n<h2 class=\"wp-block-heading\">Caresser<\/h2>\n\n\n\n<figure class=\"wp-block-image size-full\"><img loading=\"lazy\" decoding=\"async\" width=\"250\" height=\"200\" src=\"https:\/\/mecahealth.com\/wp-content\/uploads\/2023\/02\/MecaHealth-ramasser-discuter-chien-enfant.gif\" alt=\"\" class=\"wp-image-2631\"\/><\/figure>\n\n\n\n<figure class=\"wp-block-image size-full is-resized\"><img loading=\"lazy\" decoding=\"async\" width=\"100\" height=\"100\" src=\"https:\/\/mecahealth.com\/wp-content\/uploads\/2023\/02\/MecaHealth-picto-NO-e1675467511983.jpg\" alt=\"\" class=\"wp-image-2572\" style=\"width:60px\"\/><\/figure>\n\n\n\n<p class=\"has-medium-font-size\">\u00e0 suivre prochainement<\/p>\n\n\n\n<figure class=\"wp-block-image size-large is-resized\"><img loading=\"lazy\" decoding=\"async\" width=\"982\" height=\"1024\" src=\"https:\/\/mecahealth.com\/wp-content\/uploads\/2026\/04\/MecaHealth-Porter-ciment-982x1024.png\" alt=\"\" class=\"wp-image-8867\" style=\"width:300px\" srcset=\"https:\/\/mecahealth.com\/wp-content\/uploads\/2026\/04\/MecaHealth-Porter-ciment-982x1024.png 982w, https:\/\/mecahealth.com\/wp-content\/uploads\/2026\/04\/MecaHealth-Porter-ciment-288x300.png 288w, https:\/\/mecahealth.com\/wp-content\/uploads\/2026\/04\/MecaHealth-Porter-ciment-768x801.png 768w, https:\/\/mecahealth.com\/wp-content\/uploads\/2026\/04\/MecaHealth-Porter-ciment-300x313.png 300w, https:\/\/mecahealth.com\/wp-content\/uploads\/2026\/04\/MecaHealth-Porter-ciment.png 1008w\" sizes=\"auto, (max-width: 982px) 100vw, 982px\" \/><\/figure>\n\n\n\n<h2 class=\"wp-block-heading has-medium-font-size\">Revenir \u00e0 la page <a style=\"font-style: italic;\" href=\"https:\/\/mecahealth.com\/?page_id=242\">Arts m\u00e9nagers<\/a>, <em><a href=\"https:\/\/mecahealth.com\/?page_id=278\">D\u00e9m\u00e9nager<\/a><\/em> ou au chapitre <em><a href=\"https:\/\/mecahealth.com\/?page_id=186\" data-type=\"page\" data-id=\"186\">Situations courantes<\/a><\/em><\/h2>\n","protected":false},"excerpt":{"rendered":"<p>Attention \u00e0 lire les consignes avant de lire toute page d&rsquo;un site sant\u00e9 ! Ramasser ou caresser un animal voire la t\u00eate d&rsquo;un enfant assis se pratiquera en se rapprochant des r\u00e8gles li\u00e9es \u00e0 notre mode de fonctionnement humain : Cette action se fera en ne bloquant pas la respiration<a href=\"https:\/\/mecahealth.com\/?page_id=2599\" class=\"read-more\">Read More&#8230;<\/a><\/p>\n","protected":false},"author":1,"featured_media":0,"parent":0,"menu_order":0,"comment_status":"closed","ping_status":"closed","template":"","meta":{"footnotes":""},"class_list":["post-2599","page","type-page","status-publish","hentry"],"jetpack_sharing_enabled":true,"_links":{"self":[{"href":"https:\/\/mecahealth.com\/index.php?rest_route=\/wp\/v2\/pages\/2599","targetHints":{"allow":["GET"]}}],"collection":[{"href":"https:\/\/mecahealth.com\/index.php?rest_route=\/wp\/v2\/pages"}],"about":[{"href":"https:\/\/mecahealth.com\/index.php?rest_route=\/wp\/v2\/types\/page"}],"author":[{"embeddable":true,"href":"https:\/\/mecahealth.com\/index.php?rest_route=\/wp\/v2\/users\/1"}],"replies":[{"embeddable":true,"href":"https:\/\/mecahealth.com\/index.php?rest_route=%2Fwp%2Fv2%2Fcomments&post=2599"}],"version-history":[{"count":17,"href":"https:\/\/mecahealth.com\/index.php?rest_route=\/wp\/v2\/pages\/2599\/revisions"}],"predecessor-version":[{"id":8868,"href":"https:\/\/mecahealth.com\/index.php?rest_route=\/wp\/v2\/pages\/2599\/revisions\/8868"}],"wp:attachment":[{"href":"https:\/\/mecahealth.com\/index.php?rest_route=%2Fwp%2Fv2%2Fmedia&parent=2599"}],"curies":[{"name":"wp","href":"https:\/\/api.w.org\/{rel}","templated":true}]}}