{"id":259,"date":"2023-01-06T00:52:23","date_gmt":"2023-01-05T23:52:23","guid":{"rendered":"https:\/\/mecahealth.com\/?page_id=259"},"modified":"2024-01-14T11:37:42","modified_gmt":"2024-01-14T10:37:42","slug":"sports","status":"publish","type":"page","link":"https:\/\/mecahealth.com\/?page_id=259","title":{"rendered":"Sports"},"content":{"rendered":"\n<p class=\"has-medium-font-size\"><a href=\"https:\/\/mecahealth.com\/?page_id=122\">Attention \u00e0 lire les consignes avant de lire toute page d&rsquo;un site sant\u00e9 !<\/a><\/p>\n\n\n\n<figure class=\"wp-block-image size-full is-style-rounded\"><img loading=\"lazy\" decoding=\"async\" width=\"330\" height=\"330\" src=\"https:\/\/mecahealth.com\/wp-content\/uploads\/2023\/01\/Natation.jpg\" alt=\"\" class=\"wp-image-916\" srcset=\"https:\/\/mecahealth.com\/wp-content\/uploads\/2023\/01\/Natation.jpg 330w, https:\/\/mecahealth.com\/wp-content\/uploads\/2023\/01\/Natation-300x300.jpg 300w, https:\/\/mecahealth.com\/wp-content\/uploads\/2023\/01\/Natation-150x150.jpg 150w\" sizes=\"auto, (max-width: 330px) 100vw, 330px\" \/><\/figure>\n\n\n\n<p class=\"has-large-font-size\">Le sport bon physiquement ou psychiquement ?<\/p>\n\n\n\n<p class=\"has-medium-font-size\">Chaque sport pr\u00e9sente des avantages certains mais bien souvent des inconv\u00e9nients s&rsquo;ils sont pratiqu\u00e9s \u00e0 l&rsquo;exc\u00e8s, s&rsquo;ils sont r\u00e9alis\u00e9s sans <a href=\"https:\/\/mecahealth.com\/?page_id=481\" data-type=\"page\" data-id=\"481\">\u00e9chauffement<\/a> et\/ou sur un <a href=\"https:\/\/mecahealth.com\/?page_id=483\" data-type=\"page\" data-id=\"483\">terrain fragilis\u00e9 physiquement<\/a> ou <a href=\"https:\/\/mecahealth.com\/?page_id=998\" data-type=\"page\" data-id=\"998\">psychiquement<\/a>(&#8230;). <\/p>\n\n\n\n<h2 class=\"wp-block-heading has-medium-font-size\">Pr\u00e9cautions :<\/h2>\n\n\n\n<p class=\"has-medium-font-size\">Si ce qui pr\u00e9c\u00e8de est bien suivi et que le corps est <a href=\"https:\/\/mecahealth.com\/?page_id=434\" data-type=\"page\" data-id=\"434\">bien hydrat\u00e9 au quotidien<\/a>, la pratique sportive peut \u00eatre envisag\u00e9e et m\u00eame conseill\u00e9e. Par la largeur des mouvements pratiqu\u00e9s, le sport lib\u00e9rera les fonctions naturelles de chaque <a href=\"https:\/\/mecahealth.com\/?page_id=529\" data-type=\"page\" data-id=\"529\">muscle<\/a> et <a href=\"https:\/\/mecahealth.com\/?page_id=525\" data-type=\"page\" data-id=\"525\">articulation<\/a>. Il permettra par la <a href=\"https:\/\/mecahealth.com\/?page_id=441\" data-type=\"page\" data-id=\"441\">pression-d\u00e9pression (contraction-rel\u00e2chement)<\/a>, de faire p\u00e9n\u00e9trer le liquide synovial (intra-articulaire) dans le <a href=\"https:\/\/mecahealth.com\/?page_id=517\" data-type=\"page\" data-id=\"517\">cartilage<\/a>.<\/p>\n\n\n\n<p class=\"has-medium-font-size\">La plupart des sports doivent \u00eatre pratiqu\u00e9s en r\u00e9alisant une bonne <a href=\"https:\/\/mecahealth.com\/?page_id=485\" data-type=\"page\" data-id=\"485\">inspiration thoracique (et non abdominale<\/a> contrairement \u00e0 ce qui est d\u00e9fendu par certains) pour s&rsquo;oxyg\u00e9ner en suffisance mais \u00e9viter \u00e9galement des <a href=\"https:\/\/mecahealth.com\/?page_id=501\" data-type=\"page\" data-id=\"501\">maux de dos<\/a>, des <a href=\"https:\/\/mecahealth.com\/?page_id=489\" data-type=\"page\" data-id=\"489\">pertes urinaires ou des hernies inguinales<\/a>. L&rsquo;activation circulatoire et respiratoire que le sport mod\u00e9r\u00e9 entra\u00eene est reconnue comme th\u00e9rapeutique en pr\u00e9vention de certains troubles de sant\u00e9 mentale mais \u00e9galement, selon certaines \u00e9tudes r\u00e9centes, comme un substitut de m\u00e9dication. Vu que les \u00e9tudes de 2023 ne mettaient pas en perspective l&rsquo;encadrement th\u00e9rapeutique ni la respiration dans la r\u00e9ussite th\u00e9rapeutique, le biais est \u00e9norme et nous ne pouvons <a href=\"https:\/\/mecahealth.com\/?page_id=149\" data-type=\"page\" data-id=\"149\">valider une fois de plus \u00e0 une telle \u00e9tude<\/a> m\u00eame si le fond s&rsquo;est d\u00e9j\u00e0 av\u00e9r\u00e9 exacte dans notre \u00e9chantillonnage pour certains \u00e9tats d\u00e9pressifs ou burnouts l\u00e9gers.<\/p>\n\n\n\n<p class=\"has-medium-font-size\">Avant ou apr\u00e8s la plupart des sports en plus de <a href=\"https:\/\/mecahealth.com\/?page_id=481\">l&rsquo;\u00e9chauffement<\/a>, il est pr\u00e9f\u00e9rable d&rsquo;\u00e9tirer ses <a href=\"https:\/\/mecahealth.com\/?page_id=805\">fl\u00e9chisseurs des mains<\/a> et de bien faire attention \u00e0 limiter un peu l&rsquo;amplitude de nos mouvements si nous sommes avec une <a href=\"https:\/\/mecahealth.com\/?page_id=537\">hyperlaxit\u00e9<\/a> tout en gardant une <a href=\"https:\/\/mecahealth.com\/?page_id=808\">l\u00e9g\u00e8re bascule du bassin<\/a>.<\/p>\n\n\n\n<p class=\"has-medium-font-size\">Les autres maux d\u00e9pendent du type de sport pratiqu\u00e9. Ils seront sans doute d\u00e9taill\u00e9s dans la page concernant le sport qui vous int\u00e9resse m\u00eame si nous ne pouvons envisager dans ce site de parler de <a href=\"https:\/\/mecahealth.com\/?page_id=548\" data-type=\"page\" data-id=\"548\">toutes les pathologies<\/a> rencontr\u00e9es. Si la pratique d&rsquo;un sport est bonne pour entretenir sa condition physique, il permet de se d\u00e9tendre. Cette d\u00e9tente m\u00eame si elle est prouv\u00e9e scientifiquement comme obtenue notamment par l&rsquo;adr\u00e9naline <a href=\"https:\/\/mecahealth.com\/?page_id=503\" data-type=\"page\" data-id=\"503\">d\u00e9pend d&rsquo;autres facteurs, si vous le pouvez ou voulez, pr\u00e9f\u00e9rez toujours un sport r\u00e9flexe qu&rsquo;un autre<\/a>. Si vous avez un mal aux muscles apr\u00e8s un sport le lendemain voire le surlendemain, c&rsquo;est normal les premi\u00e8res fois mais pas si vous \u00eates r\u00e9gulier(s) dans votre pratique et encore moins si c&rsquo;est une <a href=\"https:\/\/mecahealth.com\/?page_id=1136\" data-type=\"page\" data-id=\"1136\">douleur pr\u00e9cise<\/a>. Dans ce cas, consultez votre m\u00e9decin et posez vos questions \u00e0 votre kin\u00e9sith\u00e9rapeute \u00e9galement (&#8230;).<\/p>\n\n\n\n<h2 class=\"wp-block-heading has-medium-font-size\">Autres avantages :<\/h2>\n\n\n\n<h3 class=\"wp-block-heading\">   Avantages Physiques :<\/h3>\n\n\n\n<ol class=\"has-medium-font-size wp-block-list\">\n<li><strong>Am\u00e9lioration de la Condition Physique :<\/strong>\n<ul class=\"wp-block-list\">\n<li>Augmentation de l&rsquo;endurance et de la r\u00e9sistance.<\/li>\n\n\n\n<li>Optimisation de la coordination et de l&rsquo;\u00e9quilibre.<\/li>\n<\/ul>\n<\/li>\n\n\n\n<li><strong>Am\u00e9lioration de la Sant\u00e9 Cardiovasculaire :<\/strong>\n<ul class=\"wp-block-list\">\n<li>R\u00e9duction du risque de maladies cardiaques.<\/li>\n\n\n\n<li>Renforcement du c\u0153ur et des vaisseaux sanguins.<\/li>\n<\/ul>\n<\/li>\n\n\n\n<li><strong>Renforcement Musculaire et Articulaire :<\/strong>\n<ul class=\"wp-block-list\">\n<li>D\u00e9veloppement de la force musculaire.<\/li>\n\n\n\n<li>Am\u00e9lioration de la flexibilit\u00e9 et de la mobilit\u00e9 articulaire.<\/li>\n<\/ul>\n<\/li>\n\n\n\n<li><strong>Contr\u00f4le du Poids :<\/strong>\n<ul class=\"wp-block-list\">\n<li>Contribue \u00e0 la perte de poids et \u00e0 la gestion du poids corporel.<\/li>\n<\/ul>\n<\/li>\n\n\n\n<li><strong>R\u00e9duction du Risque de Maladies :<\/strong>\n<ul class=\"wp-block-list\">\n<li>Diminution du risque de <a href=\"https:\/\/mecahealth.com\/?page_id=4906\" data-type=\"page\" data-id=\"4906\">diab\u00e8te de type 2<\/a>.<\/li>\n\n\n\n<li>Am\u00e9lioration du m\u00e9tabolisme.<\/li>\n<\/ul>\n<\/li>\n\n\n\n<li><strong>Renforcement du Syst\u00e8me Immunitaire :<\/strong>\n<ul class=\"wp-block-list\">\n<li>Promotion d&rsquo;un syst\u00e8me immunitaire plus fort.<\/li>\n<\/ul>\n<\/li>\n\n\n\n<li><strong>Am\u00e9lioration de la Qualit\u00e9 du Sommeil :<\/strong>\n<ul class=\"wp-block-list\">\n<li>Favorise un <a href=\"https:\/\/mecahealth.com\/?page_id=2450\" data-type=\"page\" data-id=\"2450\">sommeil plus r\u00e9parateur<\/a>.<\/li>\n<\/ul>\n<\/li>\n\n\n\n<li><strong>Gestion du Stress :<\/strong>\n<ul class=\"wp-block-list\">\n<li>Lib\u00e9ration d&rsquo;endorphines, les <em>hormones du bonheur<\/em>.<\/li>\n\n\n\n<li>R\u00e9duction du stress et de l&rsquo;anxi\u00e9t\u00e9.<\/li>\n<\/ul>\n<\/li>\n<\/ol>\n\n\n\n<h3 class=\"wp-block-heading\">   Avantages Sociaux :<\/h3>\n\n\n\n<ol class=\"has-medium-font-size wp-block-list\">\n<li><strong>Renforcement des Relations Sociales :<\/strong>\n<ul class=\"wp-block-list\">\n<li>Favorise la socialisation \u00e0 travers la participation \u00e0 des \u00e9quipes ou des groupes sportifs.<\/li>\n\n\n\n<li>Cr\u00e9ation de liens sociaux et d&rsquo;amiti\u00e9s.<\/li>\n<\/ul>\n<\/li>\n\n\n\n<li><strong>Esprit d&rsquo;\u00c9quipe :<\/strong>\n<ul class=\"wp-block-list\">\n<li>D\u00e9veloppement de comp\u00e9tences de travail d&rsquo;\u00e9quipe.<\/li>\n\n\n\n<li>Apprentissage de la collaboration et de la communication.<\/li>\n<\/ul>\n<\/li>\n\n\n\n<li><strong>Discipline et D\u00e9termination :<\/strong>\n<ul class=\"wp-block-list\">\n<li>Acquisition de la discipline personnelle pour maintenir une routine d&rsquo;entra\u00eenement.<\/li>\n\n\n\n<li>D\u00e9veloppement de la d\u00e9termination pour atteindre des objectifs physiques.<\/li>\n<\/ul>\n<\/li>\n\n\n\n<li><strong>Confiance en Soi :<\/strong>\n<ul class=\"wp-block-list\">\n<li>Am\u00e9lioration de l&rsquo;estime de soi et de la confiance en ses capacit\u00e9s physiques.<\/li>\n\n\n\n<li>Apprentissage de la r\u00e9silience face aux d\u00e9fis.<\/li>\n<\/ul>\n<\/li>\n\n\n\n<li><strong>Apprentissage des Valeurs :<\/strong>\n<ul class=\"wp-block-list\">\n<li>Promotion des valeurs telles que le fair-play, le respect et la loyaut\u00e9.<\/li>\n\n\n\n<li>\u00c9ducation sur l&rsquo;\u00e9thique sportive.<\/li>\n<\/ul>\n<\/li>\n\n\n\n<li><strong>Gestion du Temps :<\/strong>\n<ul class=\"wp-block-list\">\n<li>D\u00e9veloppement de comp\u00e9tences de gestion du temps en int\u00e9grant l&rsquo;exercice dans la routine quotidienne.<\/li>\n<\/ul>\n<\/li>\n\n\n\n<li><strong>Apprentissage de la Pers\u00e9v\u00e9rance :<\/strong>\n<ul class=\"wp-block-list\">\n<li>Capacit\u00e9 \u00e0 pers\u00e9v\u00e9rer face aux obstacles physiques ou mentaux.<\/li>\n<\/ul>\n<\/li>\n\n\n\n<li><strong>Meilleure Qualit\u00e9 de Vie :<\/strong>\n<ul class=\"wp-block-list\">\n<li>Am\u00e9lioration de la sant\u00e9 mentale et physique contribuant \u00e0 une meilleure qualit\u00e9 de vie globale.<\/li>\n<\/ul>\n<\/li>\n<\/ol>\n\n\n\n<h2 class=\"wp-block-heading has-medium-font-size\">Sports analys\u00e9s partiellement :<\/h2>\n\n\n\n<div class=\"wp-block-columns is-layout-flex wp-container-core-columns-is-layout-9d6595d7 wp-block-columns-is-layout-flex\">\n<div class=\"wp-block-column is-layout-flow wp-block-column-is-layout-flow\" style=\"flex-basis:50%\">\n<ul class=\"has-medium-font-size wp-block-list\">\n<li><a href=\"https:\/\/mecahealth.com\/?page_id=7090\" data-type=\"page\" data-id=\"7090\">Apn\u00e9e subaquatique<\/a><\/li>\n\n\n\n<li><a href=\"https:\/\/mecahealth.com\/?page_id=810\" data-type=\"page\" data-id=\"810\">Arts martiaux<\/a><\/li>\n\n\n\n<li>Athl\u00e9tisme<\/li>\n\n\n\n<li><a href=\"https:\/\/mecahealth.com\/?page_id=812\" data-type=\"page\" data-id=\"812\">Automobile<\/a><\/li>\n\n\n\n<li><a href=\"https:\/\/mecahealth.com\/?page_id=814\" data-type=\"page\" data-id=\"814\">Badminton<\/a><\/li>\n\n\n\n<li><a href=\"https:\/\/mecahealth.com\/?page_id=816\" data-type=\"page\" data-id=\"816\">Basketball<\/a><\/li>\n\n\n\n<li><a href=\"https:\/\/mecahealth.com\/?page_id=820\" data-type=\"page\" data-id=\"820\">Course \u00e0 pied<\/a><\/li>\n\n\n\n<li><a href=\"https:\/\/mecahealth.com\/?page_id=822\" data-type=\"page\" data-id=\"822\">Culturisme et body-building<\/a><\/li>\n\n\n\n<li><a href=\"https:\/\/mecahealth.com\/?page_id=824\" data-type=\"page\" data-id=\"824\">Danse<\/a><\/li>\n\n\n\n<li><a href=\"https:\/\/mecahealth.com\/?page_id=950\" data-type=\"page\" data-id=\"950\">Echecs<\/a><\/li>\n\n\n\n<li><a href=\"http:\/\/exercices\">Exercices<\/a><\/li>\n\n\n\n<li><a href=\"https:\/\/mecahealth.com\/?page_id=826\" data-type=\"page\" data-id=\"826\">Equitation<\/a><\/li>\n\n\n\n<li><a href=\"https:\/\/mecahealth.com\/?page_id=828\" data-type=\"page\" data-id=\"828\">Escalade<\/a><\/li>\n\n\n\n<li><a href=\"https:\/\/mecahealth.com\/?page_id=830\" data-type=\"page\" data-id=\"830\">Fitness<\/a><\/li>\n\n\n\n<li><a href=\"https:\/\/mecahealth.com\/?page_id=835\" data-type=\"page\" data-id=\"835\">Golf<\/a><\/li>\n\n\n\n<li><a href=\"https:\/\/mecahealth.com\/?page_id=837\" data-type=\"page\" data-id=\"837\">Hockey<\/a><\/li>\n<\/ul>\n<\/div>\n\n\n\n<div class=\"wp-block-column is-layout-flow wp-block-column-is-layout-flow\" style=\"flex-basis:50%\">\n<ul class=\"wp-block-list\">\n<li class=\"has-medium-font-size\"><a rel=\"noreferrer noopener\" href=\"https:\/\/mecahealth.com\/?page_id=839\" target=\"_blank\">Improvisation<\/a> th\u00e9\u00e2trale<\/li>\n\n\n\n<li class=\"has-medium-font-size\"><a href=\"https:\/\/mecahealth.com\/?page_id=832\" data-type=\"page\" data-id=\"832\">Football (soccer)<\/a><\/li>\n\n\n\n<li class=\"has-medium-font-size\"><a href=\"https:\/\/mecahealth.com\/?page_id=291\" data-type=\"page\" data-id=\"291\">Handisport<\/a><\/li>\n\n\n\n<li class=\"has-large-font-size\"><a rel=\"noreferrer noopener\" href=\"http:\/\/www.kartball.eu\" data-type=\"URL\" data-id=\"www.kartball.eu\" target=\"_blank\"><strong>Kartball<\/strong><\/a><\/li>\n\n\n\n<li class=\"has-medium-font-size\"><a href=\"https:\/\/mecahealth.com\/?page_id=841\" data-type=\"page\" data-id=\"841\">Natation<\/a><\/li>\n\n\n\n<li class=\"has-medium-font-size\"><a data-type=\"page\" data-id=\"843\" href=\"https:\/\/mecahealth.com\/?page_id=843\">Pilate &#8211; pompages<\/a> &#8211; etc.<\/li>\n\n\n\n<li class=\"has-medium-font-size\"><a href=\"https:\/\/mecahealth.com\/?page_id=845\" data-type=\"page\" data-id=\"845\">Roller<\/a><\/li>\n\n\n\n<li class=\"has-medium-font-size\"><a href=\"https:\/\/mecahealth.com\/?page_id=847\" data-type=\"page\" data-id=\"847\">Rugby<\/a><\/li>\n\n\n\n<li class=\"has-medium-font-size\"><a href=\"https:\/\/mecahealth.com\/?page_id=849\" data-type=\"page\" data-id=\"849\">Ski<\/a><\/li>\n\n\n\n<li class=\"has-medium-font-size\"><a href=\"https:\/\/mecahealth.com\/?page_id=851\" data-type=\"page\" data-id=\"851\">Squash<\/a> \/ Padel<\/li>\n\n\n\n<li class=\"has-medium-font-size\"><a href=\"https:\/\/mecahealth.com\/?page_id=1166\" data-type=\"page\" data-id=\"1166\">Stretching<\/a><\/li>\n\n\n\n<li class=\"has-medium-font-size\"><a href=\"https:\/\/mecahealth.com\/?page_id=853\" data-type=\"page\" data-id=\"853\">Tennis<\/a><\/li>\n\n\n\n<li class=\"has-medium-font-size\"><a href=\"https:\/\/mecahealth.com\/?page_id=289\" data-type=\"page\" data-id=\"289\">Trottinette<\/a><\/li>\n\n\n\n<li class=\"has-medium-font-size\"><a href=\"https:\/\/mecahealth.com\/?page_id=855\" data-type=\"page\" data-id=\"855\">V\u00e9lo<\/a><\/li>\n\n\n\n<li class=\"has-medium-font-size\"><a href=\"https:\/\/mecahealth.com\/?page_id=857\" data-type=\"page\" data-id=\"857\">Volley-ball<\/a><\/li>\n\n\n\n<li class=\"has-medium-font-size\"><a href=\"https:\/\/mecahealth.com\/?page_id=5837\" data-type=\"page\" data-id=\"5837\">Yoga \/ relaxation<\/a><\/li>\n\n\n\n<li class=\"has-medium-font-size\">&#8230;<\/li>\n<\/ul>\n<\/div>\n<\/div>\n\n\n\n<h2 class=\"wp-block-heading has-medium-font-size\">Vous avez aim\u00e9 l&rsquo;information que MecaHealth apporte, vous pouvez nous contacter pour l\u2019une ou l\u2019autre&nbsp;<a href=\"https:\/\/mecahealth.com\/?page_id=146\">formation<\/a>, nous appuyer en transmettant l\u2019adresse de notre site mais \u00e9galement par&nbsp;<a href=\"https:\/\/mecahealth.com\/?page_id=172\">d\u2019autres appuis<\/a>.<\/h2>\n\n\n\n<p>(&#8230;)<\/p>\n\n\n\n<h2 class=\"wp-block-heading has-medium-font-size\">Revenir au chapitre<em> <a href=\"https:\/\/mecahealth.com\/?page_id=75\" data-type=\"page\" data-id=\"75\">Corps m\u00e9canique<\/a><\/em><\/h2>\n\n\n\n<p><\/p>\n","protected":false},"excerpt":{"rendered":"<p>Attention \u00e0 lire les consignes avant de lire toute page d&rsquo;un site sant\u00e9 ! Le sport bon physiquement ou psychiquement ? Chaque sport pr\u00e9sente des avantages certains mais bien souvent des inconv\u00e9nients s&rsquo;ils sont pratiqu\u00e9s \u00e0 l&rsquo;exc\u00e8s, s&rsquo;ils sont r\u00e9alis\u00e9s sans \u00e9chauffement et\/ou sur un terrain fragilis\u00e9 physiquement ou psychiquement(&#8230;).<a href=\"https:\/\/mecahealth.com\/?page_id=259\" class=\"read-more\">Read More&#8230;<\/a><\/p>\n","protected":false},"author":1,"featured_media":0,"parent":0,"menu_order":0,"comment_status":"closed","ping_status":"closed","template":"","meta":{"footnotes":""},"class_list":["post-259","page","type-page","status-publish","hentry"],"jetpack_sharing_enabled":true,"_links":{"self":[{"href":"https:\/\/mecahealth.com\/index.php?rest_route=\/wp\/v2\/pages\/259","targetHints":{"allow":["GET"]}}],"collection":[{"href":"https:\/\/mecahealth.com\/index.php?rest_route=\/wp\/v2\/pages"}],"about":[{"href":"https:\/\/mecahealth.com\/index.php?rest_route=\/wp\/v2\/types\/page"}],"author":[{"embeddable":true,"href":"https:\/\/mecahealth.com\/index.php?rest_route=\/wp\/v2\/users\/1"}],"replies":[{"embeddable":true,"href":"https:\/\/mecahealth.com\/index.php?rest_route=%2Fwp%2Fv2%2Fcomments&post=259"}],"version-history":[{"count":39,"href":"https:\/\/mecahealth.com\/index.php?rest_route=\/wp\/v2\/pages\/259\/revisions"}],"predecessor-version":[{"id":7092,"href":"https:\/\/mecahealth.com\/index.php?rest_route=\/wp\/v2\/pages\/259\/revisions\/7092"}],"wp:attachment":[{"href":"https:\/\/mecahealth.com\/index.php?rest_route=%2Fwp%2Fv2%2Fmedia&parent=259"}],"curies":[{"name":"wp","href":"https:\/\/api.w.org\/{rel}","templated":true}]}}