{"id":2415,"date":"2023-02-01T20:47:10","date_gmt":"2023-02-01T19:47:10","guid":{"rendered":"https:\/\/mecahealth.com\/?page_id=2415"},"modified":"2023-02-18T17:01:26","modified_gmt":"2023-02-18T16:01:26","slug":"resume-circulation-en-1-page","status":"publish","type":"page","link":"https:\/\/mecahealth.com\/?page_id=2415","title":{"rendered":"R\u00e9sum\u00e9 : circulation en 1 page"},"content":{"rendered":"\n<p><a href=\"https:\/\/mecahealth.com\/?page_id=122\">Attention \u00e0 lire les consignes avant de lire toute page d&rsquo;un site sant\u00e9 !<\/a><\/p>\n\n\n\n<figure class=\"wp-block-image size-full is-style-rounded\"><img loading=\"lazy\" decoding=\"async\" width=\"330\" height=\"330\" src=\"https:\/\/mecahealth.com\/wp-content\/uploads\/2023\/01\/20-1.jpg\" alt=\"\" class=\"wp-image-1448\" srcset=\"https:\/\/mecahealth.com\/wp-content\/uploads\/2023\/01\/20-1.jpg 330w, https:\/\/mecahealth.com\/wp-content\/uploads\/2023\/01\/20-1-300x300.jpg 300w, https:\/\/mecahealth.com\/wp-content\/uploads\/2023\/01\/20-1-150x150.jpg 150w\" sizes=\"auto, (max-width: 330px) 100vw, 330px\" \/><\/figure>\n\n\n\n<p class=\"has-medium-font-size\">La circulation peut se r\u00e9sumer en une seule page si et seulement si, les autres pages traitant de la circulation ont \u00e9t\u00e9 lues par la personne concern\u00e9e. Ce qui suit doit \u00eatre consid\u00e9r\u00e9 comme une aide m\u00e9moire et non pas une source suffisante d&rsquo;informations.<\/p>\n\n\n\n<div data-wp-interactive=\"core\/file\" class=\"wp-block-file\"><object data-wp-bind--hidden=\"!state.hasPdfPreview\" hidden class=\"wp-block-file__embed\" data=\"https:\/\/mecahealth.com\/wp-content\/uploads\/2023\/02\/MecaHealth-circulation-resume-1pg-1.pdf\" type=\"application\/pdf\" style=\"width:100%;height:1130px\" aria-label=\"Contenu embarqu\u00e9 MecaHealth-circulation-resume-1pg-1.\"><\/object><a id=\"wp-block-file--media-0f62aca9-c556-4b51-898d-a0a4be64dbb7\" href=\"https:\/\/mecahealth.com\/wp-content\/uploads\/2023\/02\/MecaHealth-circulation-resume-1pg-1.pdf\">MecaHealth-circulation-resume-1pg-1<\/a><a href=\"https:\/\/mecahealth.com\/wp-content\/uploads\/2023\/02\/MecaHealth-circulation-resume-1pg-1.pdf\" class=\"wp-block-file__button wp-element-button\" download aria-describedby=\"wp-block-file--media-0f62aca9-c556-4b51-898d-a0a4be64dbb7\">Download<\/a><\/div>\n\n\n\n<p><strong><a href=\"http:\/\/www.mecahealth.com\" data-type=\"URL\" data-id=\"www.mecahealth.com\">www.MecaHealth.com<\/a><\/strong>\u00a0\u00a0 &amp;\u00a0\u00a0 <strong><a href=\"http:\/\/www.almagic.org\" data-type=\"URL\" data-id=\"www.almagic.org\">www.almagic.org<\/a><\/strong><\/p>\n","protected":false},"excerpt":{"rendered":"<p>Attention \u00e0 lire les consignes avant de lire toute page d&rsquo;un site sant\u00e9 ! La circulation peut se r\u00e9sumer en une seule page si et seulement si, les autres pages traitant de la circulation ont \u00e9t\u00e9 lues par la personne concern\u00e9e. Ce qui suit doit \u00eatre consid\u00e9r\u00e9 comme une aide<a href=\"https:\/\/mecahealth.com\/?page_id=2415\" class=\"read-more\">Read More&#8230;<\/a><\/p>\n","protected":false},"author":1,"featured_media":0,"parent":0,"menu_order":0,"comment_status":"closed","ping_status":"closed","template":"","meta":{"footnotes":""},"class_list":["post-2415","page","type-page","status-publish","hentry"],"jetpack_sharing_enabled":true,"_links":{"self":[{"href":"https:\/\/mecahealth.com\/index.php?rest_route=\/wp\/v2\/pages\/2415","targetHints":{"allow":["GET"]}}],"collection":[{"href":"https:\/\/mecahealth.com\/index.php?rest_route=\/wp\/v2\/pages"}],"about":[{"href":"https:\/\/mecahealth.com\/index.php?rest_route=\/wp\/v2\/types\/page"}],"author":[{"embeddable":true,"href":"https:\/\/mecahealth.com\/index.php?rest_route=\/wp\/v2\/users\/1"}],"replies":[{"embeddable":true,"href":"https:\/\/mecahealth.com\/index.php?rest_route=%2Fwp%2Fv2%2Fcomments&post=2415"}],"version-history":[{"count":5,"href":"https:\/\/mecahealth.com\/index.php?rest_route=\/wp\/v2\/pages\/2415\/revisions"}],"predecessor-version":[{"id":3584,"href":"https:\/\/mecahealth.com\/index.php?rest_route=\/wp\/v2\/pages\/2415\/revisions\/3584"}],"wp:attachment":[{"href":"https:\/\/mecahealth.com\/index.php?rest_route=%2Fwp%2Fv2%2Fmedia&parent=2415"}],"curies":[{"name":"wp","href":"https:\/\/api.w.org\/{rel}","templated":true}]}}