{"id":2402,"date":"2023-02-01T15:05:46","date_gmt":"2023-02-01T14:05:46","guid":{"rendered":"https:\/\/mecahealth.com\/?page_id=2402"},"modified":"2023-03-17T09:03:03","modified_gmt":"2023-03-17T08:03:03","slug":"exemple-dormir-apres-trauma","status":"publish","type":"page","link":"https:\/\/mecahealth.com\/?page_id=2402","title":{"rendered":"Exemple : dormir apr\u00e8s trauma"},"content":{"rendered":"\n<p><a href=\"https:\/\/mecahealth.com\/?page_id=122\">Attention \u00e0 lire les consignes avant de lire toute page d&rsquo;un site sant\u00e9 !<\/a><\/p>\n\n\n\n<figure class=\"wp-block-image size-full is-style-rounded\"><img loading=\"lazy\" decoding=\"async\" width=\"330\" height=\"330\" src=\"https:\/\/mecahealth.com\/wp-content\/uploads\/2023\/02\/MecaHealth-trauma-escalier-enfant.jpg\" alt=\"\" class=\"wp-image-2404\" srcset=\"https:\/\/mecahealth.com\/wp-content\/uploads\/2023\/02\/MecaHealth-trauma-escalier-enfant.jpg 330w, https:\/\/mecahealth.com\/wp-content\/uploads\/2023\/02\/MecaHealth-trauma-escalier-enfant-300x300.jpg 300w, https:\/\/mecahealth.com\/wp-content\/uploads\/2023\/02\/MecaHealth-trauma-escalier-enfant-150x150.jpg 150w\" sizes=\"auto, (max-width: 330px) 100vw, 330px\" \/><\/figure>\n\n\n\n<p class=\"has-medium-font-size\">Une dame qui nous confiait son parcours personnel, expliquait ne dormir que trois \u00e0 quatre heures maximum.<\/p>\n\n\n\n<p class=\"has-medium-font-size\">Sa m\u00e8re plus que vraisemblablement aurait \u00e9t\u00e9 consid\u00e9r\u00e9e comme plus qu&rsquo;une perverse narcissique ou tout au moins une s\u00e9rieuse castratrice.\u00a0Elle avait rabaiss\u00e9 la patiente d\u00e8s le plus jeune \u00e2ge ; critiquant ce qui avait \u00e9t\u00e9 fait \u00e0 l&rsquo;\u00e9cole, ce qu&rsquo;elle pouvait avoir r\u00e9alis\u00e9 ou vouloir r\u00e9aliser par elle-m\u00eame, etc.<\/p>\n\n\n\n<p class=\"has-medium-font-size\">Bien avant l&rsquo;adolescence cette m\u00e8re -si on peut attribuer ce type de comportement \u00e0 une m\u00e8re- tenta de se suicider par le gaz. Elle souhaitait en finir mais elle agit en voulant emporter \u00e9galement sa prog\u00e9niture.&nbsp;Gr\u00e2ce \u00e0 l&rsquo;intervention d&rsquo;une voisine, cet incident pu \u00eatre \u00e9vit\u00e9* &#8230;<\/p>\n\n\n\n<p class=\"has-small-font-size\">* Pour \u00eatre honn\u00eate, nous ne nous souvenons plus pr\u00e9cis\u00e9ment des circonstances qui ont \u00e9vit\u00e9 le drame.<\/p>\n\n\n\n<p class=\"has-medium-font-size\">Cette patiente devenue plus grande puis adulte ne put jamais oublier cet \u00e9v\u00e8nement. \u00c9tant donn\u00e9 que cette tentative s&rsquo;\u00e9tait d\u00e9roul\u00e9e alors que notre patiente dormait, cette derni\u00e8re n&rsquo;arrivait plus, depuis lors, \u00e0 dormir dans de bonnes conditions.<\/p>\n\n\n\n<p class=\"has-medium-font-size\">Lorsque la patiente nous en parla, elle avait d\u00e9j\u00e0 plus de septante-cinq ans (soixante quinze ans) mais y pensait encore quasiment chaque nuit.<\/p>\n\n\n\n<p class=\"has-medium-font-size\">Dans la discussion, il lui avait \u00e9t\u00e9 demand\u00e9 si elle avait pu dominer la situation dans certaines de ces p\u00e9riodes de d\u00e9nigrements.&nbsp;Apr\u00e8s quelques minutes, elle parla timidement d&rsquo;une action dont elle n&rsquo;\u00e9tait pas tr\u00e8s fi\u00e8re mais qui lui avait permis d&rsquo;\u00eatre nettement moins r\u00e9prim\u00e9e par sa m\u00e8re.<\/p>\n\n\n\n<p class=\"has-medium-font-size\">Un jour, sans doute vers onze ou douze ans, alors que sa m\u00e8re \u00e9tait en train de la prendre par le bras sans m\u00e9nagement, la patiente,&nbsp;en se d\u00e9fendant, a en fin de compte pouss\u00e9 sa m\u00e8re dans les escaliers. Que ce soit totalement volontaire ou par accident, cela n&rsquo;avait pas besoin d&rsquo;\u00eatre relev\u00e9 durant cette confidence. Elle s&rsquo;\u00e9tait d\u00e9fendue comme elle pouvait face \u00e0 une personne cens\u00e9e \u00eatre protectrice et un temps soit peu affective. M\u00eame si elle n&rsquo;\u00e9tait pas fi\u00e8re, elle avait compris qu&rsquo;elle avait malgr\u00e9 tout enfin la possibilit\u00e9 de se d\u00e9fendre.&nbsp;L&#8217;emprise de sa m\u00e8re fut ensuite nettement moins ancr\u00e9e&nbsp;durant quelques mois. Par apr\u00e8s, m\u00eame si l&#8217;emprise \u00e9tait \u00e0 nouveau un peu plus pr\u00e9sente, elle ne le fut plus jamais autant que pr\u00e9c\u00e9demment&#8230;<\/p>\n\n\n\n<p class=\"has-medium-font-size\">Comme sa m\u00e8re n&rsquo;\u00e9tait plus de ce monde, nous avons propos\u00e9 de penser \u00e0 ce moment en r\u00e9affirmant que, malheureusement pour une enfant, sans doute \u00e9tait-ce la seule solution qu&rsquo;elle aurait pu trouver pour se d\u00e9faire d&rsquo;un danger imminent (et permanent). Elle pouvait \u00eatre fier d&rsquo;avoir su prendre le lied face \u00e0 un tel personnage.<\/p>\n\n\n\n<p class=\"has-medium-font-size\">Nous ne pr\u00f4nons pas la violence bien entendu mais simplement le fait d&rsquo;\u00eatre dans la capacit\u00e9 de se d\u00e9fendre dans une situation humainement et affectivement tr\u00e8s difficile. Nous avons en effet clairement signifi\u00e9 qu&rsquo;\u00e9tant donn\u00e9 que nous n&rsquo;\u00e9tions pas dans une situation r\u00e9elle, chaque nuit, chaque fois que sa m\u00e8re venait envahir ses songes, elle \u00e9tait en droit de la pousser \u00e0 nouveau dans les escaliers.<\/p>\n\n\n\n<p class=\"has-medium-font-size\">Apr\u00e8s trois petites semaine, elle passa de de 3-4 heures de sommeil \u00e0 pr\u00e8s de 6 heures de sommeil valable et plus souvent continu&#8230;\u00a0 Malgr\u00e9, le temps d&rsquo;ancrage de ce mal et l&rsquo;importance des souvenirs, nous ne pouvions pas esp\u00e9rer une correction aussi rapide. Sans doute \u00e9tait-ce le bon moment pour en parler mais qu&rsquo;importe, le plus important est de comprendre que m\u00eame dans des cas lourds, il est toujours possible d&rsquo;envisager une am\u00e9lioration.<\/p>\n\n\n\n<p class=\"has-medium-font-size\">(&#8230;)<\/p>\n\n\n\n<h2 class=\"has-medium-font-size wp-block-heading\">Revenir \u00e0 la page<em> <a href=\"https:\/\/mecahealth.com\/?page_id=270\" data-type=\"page\" data-id=\"270\">Dormir<\/a> <\/em>ou<em> <a href=\"https:\/\/mecahealth.com\/?page_id=361\" data-type=\"page\" data-id=\"361\">Vieillir<\/a><\/em><\/h2>\n","protected":false},"excerpt":{"rendered":"<p>Attention \u00e0 lire les consignes avant de lire toute page d&rsquo;un site sant\u00e9 ! Une dame qui nous confiait son parcours personnel, expliquait ne dormir que trois \u00e0 quatre heures maximum. Sa m\u00e8re plus que vraisemblablement aurait \u00e9t\u00e9 consid\u00e9r\u00e9e comme plus qu&rsquo;une perverse narcissique ou tout au moins une s\u00e9rieuse<a href=\"https:\/\/mecahealth.com\/?page_id=2402\" class=\"read-more\">Read More&#8230;<\/a><\/p>\n","protected":false},"author":1,"featured_media":0,"parent":0,"menu_order":0,"comment_status":"closed","ping_status":"closed","template":"","meta":{"footnotes":""},"class_list":["post-2402","page","type-page","status-publish","hentry"],"jetpack_sharing_enabled":true,"_links":{"self":[{"href":"https:\/\/mecahealth.com\/index.php?rest_route=\/wp\/v2\/pages\/2402","targetHints":{"allow":["GET"]}}],"collection":[{"href":"https:\/\/mecahealth.com\/index.php?rest_route=\/wp\/v2\/pages"}],"about":[{"href":"https:\/\/mecahealth.com\/index.php?rest_route=\/wp\/v2\/types\/page"}],"author":[{"embeddable":true,"href":"https:\/\/mecahealth.com\/index.php?rest_route=\/wp\/v2\/users\/1"}],"replies":[{"embeddable":true,"href":"https:\/\/mecahealth.com\/index.php?rest_route=%2Fwp%2Fv2%2Fcomments&post=2402"}],"version-history":[{"count":9,"href":"https:\/\/mecahealth.com\/index.php?rest_route=\/wp\/v2\/pages\/2402\/revisions"}],"predecessor-version":[{"id":5173,"href":"https:\/\/mecahealth.com\/index.php?rest_route=\/wp\/v2\/pages\/2402\/revisions\/5173"}],"wp:attachment":[{"href":"https:\/\/mecahealth.com\/index.php?rest_route=%2Fwp%2Fv2%2Fmedia&parent=2402"}],"curies":[{"name":"wp","href":"https:\/\/api.w.org\/{rel}","templated":true}]}}