{"id":2304,"date":"2023-01-30T01:44:36","date_gmt":"2023-01-30T00:44:36","guid":{"rendered":"https:\/\/mecahealth.com\/?page_id=2304"},"modified":"2025-11-11T13:40:28","modified_gmt":"2025-11-11T12:40:28","slug":"psycho-chacun-ses-frustrations","status":"publish","type":"page","link":"https:\/\/mecahealth.com\/?page_id=2304","title":{"rendered":"Psycho : chacun ses frustrations"},"content":{"rendered":"\n<p class=\"has-medium-font-size\"><a href=\"https:\/\/mecahealth.com\/?page_id=122\"><\/a><a style=\"font-size: revert;\" href=\"https:\/\/mecahealth.com\/?page_id=122\">Attention \u00e0 lire les consignes avant de lire toute page d&rsquo;un site sant\u00e9 !<\/a> <\/p>\n\n\n\n<figure class=\"wp-block-image size-full is-style-rounded\"><img loading=\"lazy\" decoding=\"async\" width=\"330\" height=\"330\" src=\"https:\/\/mecahealth.com\/wp-content\/uploads\/2023\/01\/MecaHealth-frustration.jpg\" alt=\"\" class=\"wp-image-2308\" srcset=\"https:\/\/mecahealth.com\/wp-content\/uploads\/2023\/01\/MecaHealth-frustration.jpg 330w, https:\/\/mecahealth.com\/wp-content\/uploads\/2023\/01\/MecaHealth-frustration-300x300.jpg 300w, https:\/\/mecahealth.com\/wp-content\/uploads\/2023\/01\/MecaHealth-frustration-150x150.jpg 150w\" sizes=\"auto, (max-width: 330px) 100vw, 330px\" \/><\/figure>\n\n\n\n<p class=\"has-medium-font-size\">Le terme frustration cher \u00e0 certains <a href=\"https:\/\/mecahealth.com\/?page_id=5989\" data-type=\"page\" data-id=\"5989\">psychanalystes<\/a> traduit une \u00e9motion qui r\u00e9sulte de la non-satisfaction d&rsquo;un besoin, d&rsquo;un d\u00e9sir ou d&rsquo;un objectif. Il est apparu vers 1450 pour compl\u00e9ter ceux de \u00ab d\u00e9ception, d\u00e9sappointement \u00bb.<\/p>\n\n\n\n<p class=\"has-medium-font-size\">La frustration d\u00e9finie \u00e0 ce jour se produit lorsque quelqu&rsquo;un est confront\u00e9 \u00e0 un obstacle ou \u00e0 une limitation qui l&#8217;emp\u00eache d&rsquo;atteindre ce qu&rsquo;il veut. La frustration peut \u00eatre d\u00e9clench\u00e9e par diverses situations, telles que le rejet, l&rsquo;\u00e9chec, le retard, la d\u00e9ception ou le sentiment d&rsquo;impuissance.<\/p>\n\n\n\n<p class=\"has-medium-font-size\">Tout le monde est sujet \u00e0 frustrations. Seulement, en fonction de diff\u00e9rents param\u00e8tres telles que la r\u00e9p\u00e9tition, les conditions et la p\u00e9riode dans lesquelles elles se d\u00e9roulent, <a href=\"https:\/\/mecahealth.com\/?page_id=1978\" data-type=\"page\" data-id=\"1978\">notre animalit\u00e9 originelle<\/a>, elles peuvent avoir des effets minimes mais parfois n\u00e9fastes pour la personne ou leur entourage. Dans certains cas par contre, les frustrations nous am\u00e8nent \u00e9galement \u00e0 nous d\u00e9passer, \u00e0 progresser. Nous y reviendrons plus en d\u00e9tails prochainement afin de mieux les comprendre et ainsi faciliter l&rsquo;\u00e9quilibre entre les diff\u00e9rents types de frustrations.<\/p>\n\n\n\n<p class=\"has-medium-font-size\">Plus une personne a subi de frustrations plus il est probable qu&rsquo;elle devienne extr\u00eame dans ses analyses ou ses propos et d&rsquo;autant plus si cette personne a trouv\u00e9 un semblant d&rsquo;\u00e9quilibre dans le groupe qui l&rsquo;a reconnu (<a href=\"https:\/\/mecahealth.com\/?page_id=5892\" data-type=\"page\" data-id=\"5892\">clan 3<\/a>). Si cette personne a l&rsquo;impression d&rsquo;y avoir trouv\u00e9 une nouvelle famille, elle d\u00e9fendra corps et bien celle-ci sans plus \u00eatre capable de remettre en questions les fondements ou les id\u00e9es d\u00e9velopp\u00e9es. Nous les voyons aussi bien en politique o\u00f9 certains parleront de trahison quand une personne quitte le parti pour aller dans un autre (ce n&rsquo;est pas toujours par arrivisme) ; dans l&rsquo;\u00e9cologie o\u00f9 certains confondent KW\/h et KW potentiels, dangerosit\u00e9 et CO\u00b2 ; dans les anti-\u00e9colos, dans les religions, dans les anti-religieux, dans le consum\u00e9risme absolutiste (diff\u00e9rent de lib\u00e9ral), dans le social, dans le racisme primaire (diff\u00e9rent du racisme secondaire), dans l&rsquo;anti-racisme, etc. <em>D\u00e9veloppements en cours pour chacun de ces sujets d\u00e9licats<\/em> &#8230;mais qui tournera parfois autour du <a href=\"https:\/\/mecahealth.com\/?page_id=6019\" data-type=\"page\" data-id=\"6019\">d\u00e9terminisme entra\u00eenant notamment la victimisation.<\/a><\/p>\n\n\n\n<p class=\"has-medium-font-size\">Comprendre ces \u00e9l\u00e9ments permet de relativiser l&rsquo;extr\u00e9misme de l&rsquo;un mais \u00e9galement de souligner nos propres biais d&rsquo;analyse et donc le <a href=\"https:\/\/mecahealth.com\/?page_id=5003\" data-type=\"page\" data-id=\"5003\">manque d&rsquo;objectivit\u00e9 dont chacun peut faire preuve tant il est sous influences<\/a>. C&rsquo;est le principe de la <em><a href=\"https:\/\/mecahealth.com\/?page_id=6654\" data-type=\"page\" data-id=\"6654\">M\u00e9tacognition<\/a> d\u00e9constructrice<\/em> de biais qui nous est ch\u00e8re (d\u00e9veloppement prochainement).<\/p>\n\n\n\n<p class=\"has-medium-font-size\">Les frustrations peuvent \u00eatre destructrices dans une vie mais pouvons parfois les utiliser \u00e0 bon escient. Sans le spleen de l&rsquo;artiste par exemple, les arts ne seraient sans doute pas toujours aussi int\u00e9ressants. Ne faudrait-t-il d\u00e8s lors pas garder une dose de frustrations si d&rsquo;un coup de baguette magique, nous pouvions les supprimer ? (&#8230;)<\/p>\n\n\n<div class=\"wp-block-image\">\n<figure class=\"alignleft size-full is-resized\"><img loading=\"lazy\" decoding=\"async\" width=\"330\" height=\"330\" src=\"https:\/\/mecahealth.com\/wp-content\/uploads\/2023\/01\/MecaHealth-frustration-taille.jpg\" alt=\"\" class=\"wp-image-2309\" style=\"width:250px;height:250px\" srcset=\"https:\/\/mecahealth.com\/wp-content\/uploads\/2023\/01\/MecaHealth-frustration-taille.jpg 330w, https:\/\/mecahealth.com\/wp-content\/uploads\/2023\/01\/MecaHealth-frustration-taille-300x300.jpg 300w, https:\/\/mecahealth.com\/wp-content\/uploads\/2023\/01\/MecaHealth-frustration-taille-150x150.jpg 150w\" sizes=\"auto, (max-width: 330px) 100vw, 330px\" \/><\/figure>\n<\/div>\n\n\n<p class=\"has-medium-font-size\">L&rsquo;image ci-contre devrait d\u00e9j\u00e0 \u00e9voquer \u00e0 certaines personnes quelle est l&rsquo;une des premi\u00e8res frustrations que nous rel\u00e8verons par le biais de cette repr\u00e9sentation et quels abus cette frustration peut engendrer dans une entreprise mais \u00e9galement dans un gouvernement (&#8230;).<\/p>\n\n\n\n<p class=\"has-medium-font-size\">Plus une personne \u00e0 souffert, plus elle risque d&rsquo;en devenir <a href=\"https:\/\/mecahealth.com\/?page_id=5847\" data-type=\"page\" data-id=\"5847\">manipulatrice<\/a> pour ne plus souffrir&#8230; <\/p>\n\n\n\n<p><\/p>\n\n\n\n<p class=\"has-medium-font-size\">Si ce type d&rsquo;informations vous int\u00e9ressent, revenez dans quelques mois ou <a href=\"https:\/\/mecahealth.com\/?page_id=95\" data-type=\"page\" data-id=\"95\">envoyez-nous un courriel<\/a> pour que nous vous pr\u00e9venions quand les pages annex\u00e9es seront achev\u00e9es.<\/p>\n\n\n\n<p>(&#8230;)<\/p>\n\n\n\n<h2 class=\"wp-block-heading has-medium-font-size\">Abonnez-vous sur nos diff\u00e9rentes pages \u00eatre averti(s) des nouvelles mises en ligne\u2026<\/h2>\n\n\n\n<p class=\"has-small-font-size\"><a href=\"https:\/\/www.facebook.com\/MecaHealthAsbl\" target=\"_blank\" rel=\"noreferrer noopener\">Facebook MecaHealthAsbl<\/a>&nbsp;\u2013&nbsp;<a href=\"https:\/\/www.linkedin.com\/company\/mecahealth\/\" target=\"_blank\" rel=\"noreferrer noopener\">Linkedin MecaHealth<\/a>&nbsp;\u2013&nbsp;<a href=\"https:\/\/www.youtube.com\/channel\/UCJb5g--IGlU6FgQLQKaJljg\" target=\"_blank\" rel=\"noreferrer noopener\">Youtube cha\u00eene MecaHealth<\/a>&nbsp;\u2013 Instagram (pas encore)<\/p>\n\n\n\n<p><\/p>\n","protected":false},"excerpt":{"rendered":"<p>Attention \u00e0 lire les consignes avant de lire toute page d&rsquo;un site sant\u00e9 ! Le terme frustration cher \u00e0 certains psychanalystes traduit une \u00e9motion qui r\u00e9sulte de la non-satisfaction d&rsquo;un besoin, d&rsquo;un d\u00e9sir ou d&rsquo;un objectif. Il est apparu vers 1450 pour compl\u00e9ter ceux de \u00ab d\u00e9ception, d\u00e9sappointement \u00bb. La<a href=\"https:\/\/mecahealth.com\/?page_id=2304\" class=\"read-more\">Read More&#8230;<\/a><\/p>\n","protected":false},"author":1,"featured_media":0,"parent":0,"menu_order":0,"comment_status":"closed","ping_status":"closed","template":"","meta":{"footnotes":""},"class_list":["post-2304","page","type-page","status-publish","hentry"],"jetpack_sharing_enabled":true,"_links":{"self":[{"href":"https:\/\/mecahealth.com\/index.php?rest_route=\/wp\/v2\/pages\/2304","targetHints":{"allow":["GET"]}}],"collection":[{"href":"https:\/\/mecahealth.com\/index.php?rest_route=\/wp\/v2\/pages"}],"about":[{"href":"https:\/\/mecahealth.com\/index.php?rest_route=\/wp\/v2\/types\/page"}],"author":[{"embeddable":true,"href":"https:\/\/mecahealth.com\/index.php?rest_route=\/wp\/v2\/users\/1"}],"replies":[{"embeddable":true,"href":"https:\/\/mecahealth.com\/index.php?rest_route=%2Fwp%2Fv2%2Fcomments&post=2304"}],"version-history":[{"count":26,"href":"https:\/\/mecahealth.com\/index.php?rest_route=\/wp\/v2\/pages\/2304\/revisions"}],"predecessor-version":[{"id":8420,"href":"https:\/\/mecahealth.com\/index.php?rest_route=\/wp\/v2\/pages\/2304\/revisions\/8420"}],"wp:attachment":[{"href":"https:\/\/mecahealth.com\/index.php?rest_route=%2Fwp%2Fv2%2Fmedia&parent=2304"}],"curies":[{"name":"wp","href":"https:\/\/api.w.org\/{rel}","templated":true}]}}