{"id":2205,"date":"2023-01-29T01:14:20","date_gmt":"2023-01-29T00:14:20","guid":{"rendered":"https:\/\/mecahealth.com\/?page_id=2205"},"modified":"2023-06-18T10:34:34","modified_gmt":"2023-06-18T08:34:34","slug":"normalite-esthetique","status":"publish","type":"page","link":"https:\/\/mecahealth.com\/?page_id=2205","title":{"rendered":"Normalit\u00e9 : esth\u00e9tique"},"content":{"rendered":"\n<p class=\"has-medium-font-size\"><a href=\"https:\/\/mecahealth.com\/?page_id=122\"><\/a><a style=\"font-size: revert;\" href=\"https:\/\/mecahealth.com\/?page_id=122\">Attention \u00e0 lire les consignes avant de lire toute page d&rsquo;un site sant\u00e9 !<\/a> <\/p>\n\n\n\n<figure class=\"wp-block-image size-full is-style-rounded\"><img loading=\"lazy\" decoding=\"async\" width=\"330\" height=\"330\" src=\"https:\/\/mecahealth.com\/wp-content\/uploads\/2023\/01\/MecaHealth-corps-differencies-1.jpg\" alt=\"\" class=\"wp-image-2290\" srcset=\"https:\/\/mecahealth.com\/wp-content\/uploads\/2023\/01\/MecaHealth-corps-differencies-1.jpg 330w, https:\/\/mecahealth.com\/wp-content\/uploads\/2023\/01\/MecaHealth-corps-differencies-1-300x300.jpg 300w, https:\/\/mecahealth.com\/wp-content\/uploads\/2023\/01\/MecaHealth-corps-differencies-1-150x150.jpg 150w\" sizes=\"auto, (max-width: 330px) 100vw, 330px\" \/><\/figure>\n\n\n\n<p class=\"has-medium-font-size\">La notion esth\u00e9tique ne sera pas d\u00e9fendue \u00e9norm\u00e9ment ici mais nous y reviendrons tout de m\u00eame ult\u00e9rieurement. L&rsquo;esth\u00e9tique d\u00e9pend d&rsquo;une p\u00e9riode donn\u00e9e de l&rsquo;histoire. Comme nous l&rsquo;expliquons un peu plus en d\u00e9tails dans la page <a href=\"https:\/\/mecahealth.com\/?page_id=395\" data-type=\"page\" data-id=\"395\"><em>Poids<\/em><\/a>, la surcharge v\u00e9ritable ne peut \u00eatre d\u00e9fendue m\u00e9dicalement mais il ne faut pas confondre surcharge et <em>poign\u00e9es d&rsquo;amour<\/em>. Ces derni\u00e8res peuvent <a href=\"https:\/\/mecahealth.com\/?page_id=395\" data-type=\"page\" data-id=\"395\">s&rsquo;av\u00e9rer utiles (&#8230;)<\/a> et peuvent \u00eatre consid\u00e9r\u00e9es comme esth\u00e9tiques selon les crit\u00e8res de chacun.<\/p>\n\n\n\n<p class=\"has-medium-font-size\">N&rsquo;oubliez jamais que l&rsquo;esth\u00e9tique d\u00e9pend de la gestuelle naturelle, d&rsquo;un sourire et d&rsquo;une <a href=\"https:\/\/mecahealth.com\/?page_id=2296\" data-type=\"page\" data-id=\"2296\">confiance en soi<\/a>. Un certain Karl Lagerfeld qui affirmait qu&rsquo;aucune femme ne trouvait gr\u00e2ce \u00e0 ses yeux si elle ne parvenait \u00e0 se glisser au minimum dans un 38. Il \u00e9tait suffisamment malade pour -selon ses propres mots- tomber amoureux de sa chatte Choupette et lui l\u00e9guer sa fortune \u00e0 sa mort. N&rsquo;accordez jamais d&rsquo;importance aux <a href=\"https:\/\/mecahealth.com\/?page_id=2304\" data-type=\"page\" data-id=\"2304\">propos d&rsquo;un frustr\u00e9<\/a> comme celui-ci ou comme tout extr\u00e9miste.<\/p>\n\n\n\n<p class=\"has-medium-font-size\">En attendant, apprenez \u00e0 \u00e9viter la surcharge pond\u00e9rale et \u00e0 <a href=\"https:\/\/mecahealth.com\/?page_id=1565\" data-type=\"page\" data-id=\"1565\">rentrer le ventre dans les situations courantes<\/a> plut\u00f4t que de <a href=\"https:\/\/mecahealth.com\/?page_id=1107\" data-type=\"page\" data-id=\"1107\">faire des abdominaux<\/a>.<\/p>\n\n\n\n<h2 class=\"wp-block-heading has-medium-font-size\">Revenir \u00e0 la page<em> <a href=\"https:\/\/mecahealth.com\/?page_id=1237\" data-type=\"page\" data-id=\"1237\">Poids<\/a> <\/em>ou <a href=\"https:\/\/mecahealth.com\/?page_id=2236\" data-type=\"page\" data-id=\"2236\"><em>Na\u00eetre \u00e9gaux<\/em><\/a><\/h2>\n","protected":false},"excerpt":{"rendered":"<p>Attention \u00e0 lire les consignes avant de lire toute page d&rsquo;un site sant\u00e9 ! La notion esth\u00e9tique ne sera pas d\u00e9fendue \u00e9norm\u00e9ment ici mais nous y reviendrons tout de m\u00eame ult\u00e9rieurement. L&rsquo;esth\u00e9tique d\u00e9pend d&rsquo;une p\u00e9riode donn\u00e9e de l&rsquo;histoire. Comme nous l&rsquo;expliquons un peu plus en d\u00e9tails dans la page Poids,<a href=\"https:\/\/mecahealth.com\/?page_id=2205\" class=\"read-more\">Read More&#8230;<\/a><\/p>\n","protected":false},"author":1,"featured_media":0,"parent":0,"menu_order":0,"comment_status":"closed","ping_status":"closed","template":"","meta":{"footnotes":""},"class_list":["post-2205","page","type-page","status-publish","hentry"],"jetpack_sharing_enabled":true,"_links":{"self":[{"href":"https:\/\/mecahealth.com\/index.php?rest_route=\/wp\/v2\/pages\/2205","targetHints":{"allow":["GET"]}}],"collection":[{"href":"https:\/\/mecahealth.com\/index.php?rest_route=\/wp\/v2\/pages"}],"about":[{"href":"https:\/\/mecahealth.com\/index.php?rest_route=\/wp\/v2\/types\/page"}],"author":[{"embeddable":true,"href":"https:\/\/mecahealth.com\/index.php?rest_route=\/wp\/v2\/users\/1"}],"replies":[{"embeddable":true,"href":"https:\/\/mecahealth.com\/index.php?rest_route=%2Fwp%2Fv2%2Fcomments&post=2205"}],"version-history":[{"count":8,"href":"https:\/\/mecahealth.com\/index.php?rest_route=\/wp\/v2\/pages\/2205\/revisions"}],"predecessor-version":[{"id":5561,"href":"https:\/\/mecahealth.com\/index.php?rest_route=\/wp\/v2\/pages\/2205\/revisions\/5561"}],"wp:attachment":[{"href":"https:\/\/mecahealth.com\/index.php?rest_route=%2Fwp%2Fv2%2Fmedia&parent=2205"}],"curies":[{"name":"wp","href":"https:\/\/api.w.org\/{rel}","templated":true}]}}