{"id":2177,"date":"2023-01-25T23:58:12","date_gmt":"2023-01-25T22:58:12","guid":{"rendered":"https:\/\/mecahealth.com\/?page_id=2177"},"modified":"2023-11-09T03:17:02","modified_gmt":"2023-11-09T02:17:02","slug":"pathologies-diarrhee-vs-constipation","status":"publish","type":"page","link":"https:\/\/mecahealth.com\/?page_id=2177","title":{"rendered":"Pathologies : diarrh\u00e9e vs constipation"},"content":{"rendered":"\n<p class=\"has-medium-font-size\"><a href=\"https:\/\/mecahealth.com\/?page_id=122\"><\/a><a style=\"font-size: revert;\" href=\"https:\/\/mecahealth.com\/?page_id=122\">Attention \u00e0 lire les consignes avant de lire toute page d&rsquo;un site sant\u00e9 !<\/a> <\/p>\n\n\n\n<figure class=\"wp-block-image size-full is-style-rounded\"><img loading=\"lazy\" decoding=\"async\" width=\"330\" height=\"330\" src=\"https:\/\/mecahealth.com\/wp-content\/uploads\/2023\/03\/MecaHealth-diarrhee.jpg\" alt=\"\" class=\"wp-image-5261\" srcset=\"https:\/\/mecahealth.com\/wp-content\/uploads\/2023\/03\/MecaHealth-diarrhee.jpg 330w, https:\/\/mecahealth.com\/wp-content\/uploads\/2023\/03\/MecaHealth-diarrhee-300x300.jpg 300w, https:\/\/mecahealth.com\/wp-content\/uploads\/2023\/03\/MecaHealth-diarrhee-150x150.jpg 150w\" sizes=\"auto, (max-width: 330px) 100vw, 330px\" \/><\/figure>\n\n\n\n<p class=\"has-medium-font-size\">La diarrh\u00e9e est la difficult\u00e9 de maintenir les selles avec ou sans incontinence f\u00e9cale. La diarrh\u00e9e n&#8217;emp\u00eache pas d&rsquo;\u00eatre \u00e9galement constip\u00e9 et est, hormis virus, tr\u00e8s souvent une mauvaise gestion de notre m\u00e9canisme d&rsquo;\u00e9vacuation. <\/p>\n\n\n\n<p class=\"has-medium-font-size\">La cause des diarrh\u00e9es est alimentaire, virale mais aussi parfois paradoxalement la <a href=\"https:\/\/mecahealth.com\/?page_id=2950\" data-type=\"page\" data-id=\"2950\">cons\u00e9quence de constipations<\/a>. Dans tous les cas, il est indispensable de <a href=\"https:\/\/mecahealth.com\/?page_id=434\" data-type=\"page\" data-id=\"434\">boire plus que la normale<\/a>.<\/p>\n\n\n\n<p class=\"has-medium-font-size\">Dans les deux premiers cas, le traitement est d&rsquo;adopter une meilleure hygi\u00e8ne alimentaire et dans le second cas, qui en principe est occasionnel, de prendre \u00e9galement une m\u00e9dication destin\u00e9e \u00e0 ralentir le transit. Seulement, il n&#8217;emp\u00eache que dans ce cas, s&rsquo;il est possible d&rsquo;attendre de d\u00e9f\u00e9quer, il est pr\u00e9f\u00e9rable de le faire. En effet, en allant se soulager r\u00e9guli\u00e8rement, le corps se dit qu&rsquo;il y a de la place <em>dans la gare de triage et qu&rsquo;il est donc possible d&rsquo;y amener encore de nouveaux wagons<\/em>. Si nous essayons de nous retenir une dizaine de minutes par exemple -toujours dans ce cas de figure-\u00a0le corps prendra la peine de ralentir le processus qu&rsquo;il y ait virus ou non. Ce proc\u00e9d\u00e9 est parfois tr\u00e8s douloureux mais doit \u00eatre id\u00e9alement tent\u00e9 avant toute m\u00e9dication sauf incontinence possible (&#8230;).\u00a0<\/p>\n\n\n\n<h2 class=\"wp-block-heading has-medium-font-size\">Alternance diarrh\u00e9es et constipations<\/h2>\n\n\n\n<p class=\"has-medium-font-size\">Lorsqu&rsquo;une personne souffre fr\u00e9quemment de cette alternance, la diarrh\u00e9e est soit la cons\u00e9quence indirecte de la constipation soit une mauvaise gestion m\u00e9dicamenteuse par le patient (<a href=\"https:\/\/mecahealth.com\/?page_id=2950\" data-type=\"page\" data-id=\"2950\">voir constipation<\/a>)<\/p>\n\n\n\n<p><\/p>\n\n\n\n<p class=\"has-medium-font-size\">Except\u00e9 pour des patients atteints de troubles neurologiques ou de myopathies, l&rsquo;incontinence f\u00e9cale n&rsquo;est pas \u00e0 traiter en premier par le renforcement des structures mais bien par le rel\u00e2chement des structures et l&rsquo;apprentissage d&rsquo;une bonne d\u00e9f\u00e9cation. A cause de l&rsquo;\u00e9tirement progressif, des m\u00e9thodes compl\u00e9mentaires de renforcement sont \u00e0 envisager par apr\u00e8s et \u00e0 combiner \u00e9ventuellement avec une bonne posture abdominale \u00e0 l&rsquo;effort.<\/p>\n\n\n\n<h2 class=\"wp-block-heading has-medium-font-size\">M\u00e9dication<\/h2>\n\n\n\n<p class=\"has-medium-font-size\">La m\u00e9dication pour diminuer les diarrh\u00e9es sont \u00e0 prendre principalement dans les cas viraux ou bact\u00e9riens. Si nous n&rsquo;avons pas d&rsquo;effet rapidement, il est important de prendre contact avec son m\u00e9decin tout en tentant au pr\u00e9alable de ne pas prendre de pain, de p\u00e2tes et de p\u00e2tisserie durant au moins une semaine. Il arrive en effet que, sans avoir jamais v\u00e9ritablement souffert visc\u00e9ralement, qu&rsquo;une personne d\u00e9veloppe <em>un c\u0153liaque<\/em>.<\/p>\n\n\n\n<p class=\"has-medium-font-size\">Dans certaines situations, la m\u00e9dication n\u2019est pas ad\u00e9quate puisqu\u2019elle cherche \u00e0 obtenir un ralentissement du transit et si comme d\u00e9crit plus haut, il s&rsquo;agit de la cons\u00e9quence d&rsquo;une constipation, elle aura un effet mais qui \u00e0 plus ou moins long terme sera n\u00e9faste pour le patient. Il faut d\u00e8s lors \u00e9viter ce type de m\u00e9dication lorsque nous souffrons r\u00e9guli\u00e8rement de constipation et traiter cette derni\u00e8re m\u00e9caniquement.<\/p>\n\n\n\n<h2 class=\"wp-block-heading has-medium-font-size\">Cons\u00e9quences<\/h2>\n\n\n\n<p class=\"has-medium-font-size\">Les diarrh\u00e9es, si elles ne sont pas trait\u00e9es, peuvent donner des troubles majeurs en rapport avec la d\u00e9shydratation mais aussi des troubles consid\u00e9r\u00e9s comme moins graves mais pesants.<\/p>\n\n\n\n<p>(&#8230;)<\/p>\n\n\n\n<h2 class=\"wp-block-heading has-medium-font-size\">Revenir \u00e0 la page<em> <a href=\"https:\/\/mecahealth.com\/?page_id=268\" data-type=\"page\" data-id=\"268\">D\u00e9f\u00e9cation<\/a> <\/em>ou au chapitre<em> <a href=\"https:\/\/mecahealth.com\/?page_id=1270\" data-type=\"page\" data-id=\"1270\">Syst\u00e8me digestif<\/a><\/em><\/h2>\n","protected":false},"excerpt":{"rendered":"<p>Attention \u00e0 lire les consignes avant de lire toute page d&rsquo;un site sant\u00e9 ! La diarrh\u00e9e est la difficult\u00e9 de maintenir les selles avec ou sans incontinence f\u00e9cale. La diarrh\u00e9e n&#8217;emp\u00eache pas d&rsquo;\u00eatre \u00e9galement constip\u00e9 et est, hormis virus, tr\u00e8s souvent une mauvaise gestion de notre m\u00e9canisme d&rsquo;\u00e9vacuation. La cause<a href=\"https:\/\/mecahealth.com\/?page_id=2177\" class=\"read-more\">Read More&#8230;<\/a><\/p>\n","protected":false},"author":1,"featured_media":0,"parent":0,"menu_order":0,"comment_status":"closed","ping_status":"closed","template":"","meta":{"footnotes":""},"class_list":["post-2177","page","type-page","status-publish","hentry"],"jetpack_sharing_enabled":true,"_links":{"self":[{"href":"https:\/\/mecahealth.com\/index.php?rest_route=\/wp\/v2\/pages\/2177","targetHints":{"allow":["GET"]}}],"collection":[{"href":"https:\/\/mecahealth.com\/index.php?rest_route=\/wp\/v2\/pages"}],"about":[{"href":"https:\/\/mecahealth.com\/index.php?rest_route=\/wp\/v2\/types\/page"}],"author":[{"embeddable":true,"href":"https:\/\/mecahealth.com\/index.php?rest_route=\/wp\/v2\/users\/1"}],"replies":[{"embeddable":true,"href":"https:\/\/mecahealth.com\/index.php?rest_route=%2Fwp%2Fv2%2Fcomments&post=2177"}],"version-history":[{"count":5,"href":"https:\/\/mecahealth.com\/index.php?rest_route=\/wp\/v2\/pages\/2177\/revisions"}],"predecessor-version":[{"id":6172,"href":"https:\/\/mecahealth.com\/index.php?rest_route=\/wp\/v2\/pages\/2177\/revisions\/6172"}],"wp:attachment":[{"href":"https:\/\/mecahealth.com\/index.php?rest_route=%2Fwp%2Fv2%2Fmedia&parent=2177"}],"curies":[{"name":"wp","href":"https:\/\/api.w.org\/{rel}","templated":true}]}}