{"id":2176,"date":"2023-01-25T23:54:51","date_gmt":"2023-01-25T22:54:51","guid":{"rendered":"https:\/\/mecahealth.com\/?page_id=2176"},"modified":"2023-11-26T15:24:25","modified_gmt":"2023-11-26T14:24:25","slug":"exercice-massage-du-visage","status":"publish","type":"page","link":"https:\/\/mecahealth.com\/?page_id=2176","title":{"rendered":"Traitement : massage du visage"},"content":{"rendered":"\n<p class=\"has-medium-font-size\"><a href=\"https:\/\/mecahealth.com\/?page_id=122\">Attention \u00e0 lire les consignes avant de lire toute page d&rsquo;un site sant\u00e9 !<\/a><\/p>\n\n\n\n<figure class=\"wp-block-image size-full is-style-rounded\"><img loading=\"lazy\" decoding=\"async\" width=\"330\" height=\"330\" src=\"https:\/\/mecahealth.com\/wp-content\/uploads\/2023\/03\/MecaHealth-visage-massage.jpg\" alt=\"\" class=\"wp-image-4858\" srcset=\"https:\/\/mecahealth.com\/wp-content\/uploads\/2023\/03\/MecaHealth-visage-massage.jpg 330w, https:\/\/mecahealth.com\/wp-content\/uploads\/2023\/03\/MecaHealth-visage-massage-300x300.jpg 300w, https:\/\/mecahealth.com\/wp-content\/uploads\/2023\/03\/MecaHealth-visage-massage-150x150.jpg 150w\" sizes=\"auto, (max-width: 330px) 100vw, 330px\" \/><\/figure>\n\n\n\n<p class=\"has-medium-font-size\">Le massage du visage \u00e0 l&rsquo;instar du massage du pied fait g\u00e9n\u00e9ralement du bien quelle que soit la personne qui le r\u00e9alise si celui-ci se fait lentement mais ce bien-\u00eatre ne dure pas forc\u00e9ment tr\u00e8s longtemps&#8230;<\/p>\n\n\n\n<figure class=\"wp-block-image size-full\"><img loading=\"lazy\" decoding=\"async\" width=\"100\" height=\"100\" src=\"https:\/\/mecahealth.com\/wp-content\/uploads\/2023\/02\/MecaHealth-picto-NO-e1675467511983.jpg\" alt=\"\" class=\"wp-image-2572\"\/><\/figure>\n\n\n<div class=\"wp-block-image\">\n<figure class=\"alignleft size-full\"><img loading=\"lazy\" decoding=\"async\" width=\"250\" height=\"200\" src=\"https:\/\/mecahealth.com\/wp-content\/uploads\/2023\/01\/MecaHealth-visage-NON-MAIS.gif\" alt=\"\" class=\"wp-image-2181\"\/><\/figure>\n<\/div>\n\n\n<p class=\"has-medium-font-size\">Pas mal de gens qui ont des <a href=\"https:\/\/mecahealth.com\/?page_id=567\" data-type=\"page\" data-id=\"567\">maux de t\u00eate<\/a> ont d&rsquo;ailleurs tendance \u00e0 faire de petits mouvements circulaires sur les tempes. Ce mouvement m\u00eame s&rsquo;il est souvent agr\u00e9able, <strong>am\u00e8nera rarement un d\u00e9gagement prolong\u00e9<\/strong> de ce type de mal. Ce mouvement d\u00e9place la peau mais ne la d\u00e9colle pas en suffisance.<\/p>\n\n\n\n<p><\/p>\n\n\n\n<p class=\"has-medium-font-size\">A proprement parler, avec cette amplitude-ci, il n&rsquo;y a pas <a href=\"https:\/\/mecahealth.com\/?page_id=6502\" data-type=\"page\" data-id=\"6502\">d&rsquo;\u00e9tirement en suffisance des tissus<\/a> sauf si, par exemple suite \u00e0 une mauvaise cicatrisation, la peau \u00e9tait fortement r\u00e9tract\u00e9e. L&rsquo;efficacit\u00e9 d&rsquo;un mouvement aussi l\u00e9ger est donc toute relative. Nous pourrions le consid\u00e9rer \u00e9ventuellement comme la premi\u00e8re \u00e9tape dans le massage du visage si la douleur est aigu\u00eb. Pour obtenir un r\u00e9sultat, il est pr\u00e9f\u00e9rable d&rsquo;aller plus en profondeur tout de m\u00eame&#8230;<\/p>\n\n\n\n<figure class=\"wp-block-image size-full\"><img loading=\"lazy\" decoding=\"async\" width=\"100\" height=\"100\" src=\"https:\/\/mecahealth.com\/wp-content\/uploads\/2023\/02\/MecaHealth-picto-YES-e1675467494159.jpg\" alt=\"\" class=\"wp-image-2573\"\/><\/figure>\n\n\n\n<p class=\"has-medium-font-size\">Le d\u00e9collement de la peau, ou d&rsquo;un tissu cicatriciel, sur le visage <a href=\"https:\/\/mecahealth.com\/?page_id=6502\" data-type=\"page\" data-id=\"6502\">comme pour le reste du corps<\/a> apporte un rel\u00e2chement des structures sous-jacentes. Jusqu&rsquo;\u00e0 une certaine limite tout de m\u00eame, le bienfait est souvent proportionnel au d\u00e9collement effectu\u00e9 s&rsquo;il se fait <strong>avec une certaine lenteur<\/strong> <strong>et progression<\/strong>. <\/p>\n\n\n\n<p class=\"has-medium-font-size\">Le mouvement se fera d\u00e8s lors avec un mouvement <strong>l\u00e9g\u00e8rement plus profond<\/strong> que sur l&rsquo;animation pr\u00e9c\u00e9dente, surtout plus amplement et en fin de compte, par mouvements successifs, sur l&rsquo;ensemble du visage.<\/p>\n\n\n\n<p class=\"has-medium-font-size\">A. Partir des tempes vers le centre du front en prenant un maximum de peau avec soi et effectuer des cercles de plus en plus proches de la base des cheveux&#8230;<\/p>\n\n\n\n<figure class=\"wp-block-image size-full\"><img loading=\"lazy\" decoding=\"async\" width=\"250\" height=\"200\" src=\"https:\/\/mecahealth.com\/wp-content\/uploads\/2023\/01\/MecaHealth-visage-3.gif\" alt=\"\" class=\"wp-image-2185\"\/><\/figure>\n\n\n\n<p class=\"has-medium-font-size\">B. Partir de la base du nez en tirant la peau du nez plus que la peau des paupi\u00e8res (plus fragiles) et contourner les yeux en passant par les tempes &#8230;<\/p>\n\n\n\n<figure class=\"wp-block-image size-full\"><img loading=\"lazy\" decoding=\"async\" width=\"250\" height=\"200\" src=\"https:\/\/mecahealth.com\/wp-content\/uploads\/2023\/01\/MecaHealth-visage-6.gif\" alt=\"\" class=\"wp-image-2188\"\/><\/figure>\n\n\n\n<p class=\"has-medium-font-size\">C. Et passer enfin profond\u00e9ment sur l&rsquo;ensemble du nez -surtout si on porte des lunettes- sont des compl\u00e9ments lib\u00e9rant en principe d\u00e9j\u00e0 assez bien le visage voire les maux de t\u00eate.<\/p>\n\n\n\n<figure class=\"wp-block-image size-full\"><img loading=\"lazy\" decoding=\"async\" width=\"250\" height=\"200\" src=\"https:\/\/mecahealth.com\/wp-content\/uploads\/2023\/01\/MecaHealth-visage-1.gif\" alt=\"\" class=\"wp-image-2183\"\/><\/figure>\n\n\n\n<p class=\"has-medium-font-size\">Ce massage peut \u00eatre efficace d\u00e9j\u00e0 apr\u00e8s 3 ou 4 minutes mais il est pr\u00e9f\u00e9rable de le faire pendant une dizaine \u00e0 quinzaine de minutes.<\/p>\n\n\n\n<p class=\"has-medium-font-size\">Ce type de d\u00e9collement peut se faire sur chacune des parties de notre corps hormis au niveau de la base de l&rsquo;occiput (<a href=\"https:\/\/mecahealth.com\/?page_id=628\" data-type=\"page\" data-id=\"628\">creux de la nuque<\/a>). Comparez toujours le d\u00e9collement possible d&rsquo;un c\u00f4t\u00e9 ou de l&rsquo;autre.<\/p>\n\n\n\n<p class=\"has-medium-font-size\">(&#8230;)<\/p>\n\n\n\n<h2 class=\"wp-block-heading has-medium-font-size\">Revenir \u00e0 la page <em><a href=\"https:\/\/mecahealth.com\/?page_id=2150\" data-type=\"page\" data-id=\"2150\">T\u00eate<\/a><\/em> ou <a href=\"https:\/\/mecahealth.com\/?page_id=567\" data-type=\"page\" data-id=\"567\"><em>Migraine<\/em><\/a><\/h2>\n","protected":false},"excerpt":{"rendered":"<p>Attention \u00e0 lire les consignes avant de lire toute page d&rsquo;un site sant\u00e9 ! Le massage du visage \u00e0 l&rsquo;instar du massage du pied fait g\u00e9n\u00e9ralement du bien quelle que soit la personne qui le r\u00e9alise si celui-ci se fait lentement mais ce bien-\u00eatre ne dure pas forc\u00e9ment tr\u00e8s longtemps&#8230;<a href=\"https:\/\/mecahealth.com\/?page_id=2176\" class=\"read-more\">Read More&#8230;<\/a><\/p>\n","protected":false},"author":1,"featured_media":0,"parent":0,"menu_order":0,"comment_status":"closed","ping_status":"closed","template":"","meta":{"footnotes":""},"class_list":["post-2176","page","type-page","status-publish","hentry"],"jetpack_sharing_enabled":true,"_links":{"self":[{"href":"https:\/\/mecahealth.com\/index.php?rest_route=\/wp\/v2\/pages\/2176","targetHints":{"allow":["GET"]}}],"collection":[{"href":"https:\/\/mecahealth.com\/index.php?rest_route=\/wp\/v2\/pages"}],"about":[{"href":"https:\/\/mecahealth.com\/index.php?rest_route=\/wp\/v2\/types\/page"}],"author":[{"embeddable":true,"href":"https:\/\/mecahealth.com\/index.php?rest_route=\/wp\/v2\/users\/1"}],"replies":[{"embeddable":true,"href":"https:\/\/mecahealth.com\/index.php?rest_route=%2Fwp%2Fv2%2Fcomments&post=2176"}],"version-history":[{"count":21,"href":"https:\/\/mecahealth.com\/index.php?rest_route=\/wp\/v2\/pages\/2176\/revisions"}],"predecessor-version":[{"id":6538,"href":"https:\/\/mecahealth.com\/index.php?rest_route=\/wp\/v2\/pages\/2176\/revisions\/6538"}],"wp:attachment":[{"href":"https:\/\/mecahealth.com\/index.php?rest_route=%2Fwp%2Fv2%2Fmedia&parent=2176"}],"curies":[{"name":"wp","href":"https:\/\/api.w.org\/{rel}","templated":true}]}}