{"id":2171,"date":"2023-01-25T23:43:18","date_gmt":"2023-01-25T22:43:18","guid":{"rendered":"https:\/\/mecahealth.com\/?page_id=2171"},"modified":"2023-03-05T23:45:33","modified_gmt":"2023-03-05T22:45:33","slug":"corps-machoire","status":"publish","type":"page","link":"https:\/\/mecahealth.com\/?page_id=2171","title":{"rendered":"Corps : m\u00e2choire"},"content":{"rendered":"\n<p><a href=\"https:\/\/mecahealth.com\/?page_id=122\"><\/a><a style=\"font-size: revert;\" href=\"https:\/\/mecahealth.com\/?page_id=122\">Attention \u00e0 lire les consignes avant de lire toute page d&rsquo;un site sant\u00e9 !<\/a> <\/p>\n\n\n\n<figure class=\"wp-block-image size-full is-resized is-style-rounded\"><img decoding=\"async\" src=\"https:\/\/mecahealth.com\/wp-content\/uploads\/2023\/02\/MH-Planche-tete-visage-edited.jpg\" alt=\"\" class=\"wp-image-3170\" width=\"330\" srcset=\"https:\/\/mecahealth.com\/wp-content\/uploads\/2023\/02\/MH-Planche-tete-visage-edited.jpg 381w, https:\/\/mecahealth.com\/wp-content\/uploads\/2023\/02\/MH-Planche-tete-visage-edited-300x300.jpg 300w, https:\/\/mecahealth.com\/wp-content\/uploads\/2023\/02\/MH-Planche-tete-visage-edited-150x150.jpg 150w\" sizes=\"(max-width: 381px) 100vw, 381px\" \/><\/figure>\n\n\n\n<h2 class=\"wp-block-heading has-large-font-size\">Normalit\u00e9 <\/h2>\n\n\n\n<p class=\"has-medium-font-size\">La m\u00e2choire humaine est une articulation complexe qui relie le cr\u00e2ne \u00e0 la base du cou et qui permet \u00e0 la bouche de s&rsquo;ouvrir et de fermer. <\/p>\n\n\n\n<h3 class=\"has-medium-font-size wp-block-heading\">Structure musculo-articulaire :<\/h3>\n\n\n<div class=\"wp-block-image\">\n<figure class=\"alignleft size-full is-resized\"><img decoding=\"async\" src=\"https:\/\/mecahealth.com\/wp-content\/uploads\/2023\/03\/MecaHealth-machoire.jpg\" alt=\"\" class=\"wp-image-4890\" width=\"250\" srcset=\"https:\/\/mecahealth.com\/wp-content\/uploads\/2023\/03\/MecaHealth-machoire.jpg 330w, https:\/\/mecahealth.com\/wp-content\/uploads\/2023\/03\/MecaHealth-machoire-300x300.jpg 300w, https:\/\/mecahealth.com\/wp-content\/uploads\/2023\/03\/MecaHealth-machoire-150x150.jpg 150w\" sizes=\"(max-width: 330px) 100vw, 330px\" \/><\/figure>\n<\/div>\n\n\n<p class=\"has-medium-font-size\">Elle comprend deux parties principales : la m\u00e2choire sup\u00e9rieure (ou maxillaire) et la m\u00e2choire inf\u00e9rieure (ou mandibule). La m\u00e2choire sup\u00e9rieure et la m\u00e2choire inf\u00e9rieure sont reli\u00e9es par des muscles et un ensemble de ligaments qui permettent \u00e0 la m\u00e2choire de s&rsquo;ouvrir et de se fermer. <\/p>\n\n\n\n<p class=\"has-small-font-size\">Les muscles qui animent la m\u00e2choire humaine sont le muscle temporal, le muscle <strong>mass\u00e9ter<\/strong>, le muscle pt\u00e9rygo\u00efdien lat\u00e9ral et le muscle pt\u00e9rygo\u00efdien m\u00e9dial.<\/p>\n\n\n\n<p class=\"has-medium-font-size\">La m\u00e2choire joue un r\u00f4le important dans la mastication et la <a href=\"https:\/\/mecahealth.com\/?page_id=3628\" data-type=\"page\" data-id=\"3628\">d\u00e9glutition des aliments<\/a>, ainsi que dans la production de sons et des mouvements des l\u00e8vres et de la langue pour la parole. <\/p>\n\n\n\n<p class=\"has-medium-font-size\">La m\u00e2choire humaine comporte deux rang\u00e9es de 16 dents chacune. Chaque m\u00e2choire contient 8 incisives, 4 canines, 8 pr\u00e9molaires et 4 molaires. Les incisives et les canines sont situ\u00e9es \u00e0 l&rsquo;avant de la m\u00e2choire et les pr\u00e9molaires et molaires sont situ\u00e9es \u00e0 l&rsquo;arri\u00e8re.<\/p>\n\n\n\n<h3 class=\"has-medium-font-size wp-block-heading\">Mouvements :<\/h3>\n\n\n\n<p class=\"has-medium-font-size\">Le mouvement principal est l&rsquo;ouverture et la fermeture de la bouche mais \u00e9galement un mouvement lat\u00e9ral. M\u00eame s&rsquo;il est possible de r\u00e9aliser ce mouvement <em>gauche-droite<\/em> bouche assez grande ouverte, il est pr\u00e9f\u00e9rable d&rsquo;entra\u00eener ce mouvement quand la bouche est \u00e0 peine ouverte.<\/p>\n\n\n\n<h2 class=\"wp-block-heading\">Pathologies<\/h2>\n\n\n\n<p class=\"has-medium-font-size\">Les pathologies les plus fr\u00e9quentes (<a href=\"https:\/\/mecahealth.com\/?page_id=4898\" data-type=\"page\" data-id=\"4898\">en dehors des caries<\/a>) sont plut\u00f4t li\u00e9es \u00e0 un mauvaise usage de la mandibule notamment en croquant une pomme. Beaucoup monte la mandibule au lieu de descendre la t\u00eate vers le bas. Ce qui entra\u00eene une augmentation de la port\u00e9e de la mandibule vers l&rsquo;avant (prognathisme). Certains mastiquent n&rsquo;importe quel aliment d&rsquo;un seul c\u00f4t\u00e9, augmentant ainsi l&rsquo;<a href=\"https:\/\/mecahealth.com\/?page_id=564\" data-type=\"page\" data-id=\"564\">usure pr\u00e9coce<\/a> de la m\u00e2choire comme <a href=\"https:\/\/mecahealth.com\/?page_id=1113\" data-type=\"page\" data-id=\"1113\">toute action asym\u00e9trique<\/a>. <\/p>\n\n\n\n<p class=\"has-medium-font-size\">Certaines personnes serrent \u00e9galement les dents pendant le sommeil. Ce qui peut consid\u00e9rablement user les dents et d&rsquo;autant plus si ces personnes <em>grincent des dents<\/em> car elles r\u00e9alisent en r\u00e9alit\u00e9 durant la nuit un mouvement lat\u00e9ral continu tout en serrant les dents. En plus de ce que <a href=\"https:\/\/mecahealth.com\/?page_id=270\" data-type=\"page\" data-id=\"270\">nous invitons \u00e0 faire pour une nuit sereine<\/a>, ces personnes doivent id\u00e9alement porter une orth\u00e8se (prot\u00e8ge-dents).<\/p>\n\n\n\n<p class=\"has-medium-font-size\">Serrer les dents peut entra\u00eener des probl\u00e8mes tels que des maux de t\u00eate, des douleurs faciales et des maux de dents.<\/p>\n\n\n\n<p class=\"has-medium-font-size\">La m\u00e2choire comme toute articulation peut subir une <a href=\"https:\/\/mecahealth.com\/?page_id=4162\">fracture<\/a>, une <a href=\"https:\/\/mecahealth.com\/?page_id=1960\" data-type=\"page\" data-id=\"1960\">entorse<\/a> voire se luxer.<\/p>\n\n\n\n<p>(&#8230;)<\/p>\n\n\n\n<h3 class=\"wp-block-heading\">Revenir au chapitre <em><a href=\"https:\/\/mecahealth.com\/?page_id=75\" data-type=\"page\" data-id=\"75\">Corps m\u00e9canique<\/a><\/em> ou \u00e0 la page <em><a href=\"https:\/\/mecahealth.com\/?page_id=2150\" data-type=\"page\" data-id=\"2150\">T\u00eate<\/a><\/em><\/h3>\n","protected":false},"excerpt":{"rendered":"<p>Attention \u00e0 lire les consignes avant de lire toute page d&rsquo;un site sant\u00e9 ! Normalit\u00e9 La m\u00e2choire humaine est une articulation complexe qui relie le cr\u00e2ne \u00e0 la base du cou et qui permet \u00e0 la bouche de s&rsquo;ouvrir et de fermer. Structure musculo-articulaire : Elle comprend deux parties principales<a href=\"https:\/\/mecahealth.com\/?page_id=2171\" class=\"read-more\">Read More&#8230;<\/a><\/p>\n","protected":false},"author":1,"featured_media":0,"parent":0,"menu_order":0,"comment_status":"closed","ping_status":"closed","template":"","meta":{"footnotes":""},"class_list":["post-2171","page","type-page","status-publish","hentry"],"jetpack_sharing_enabled":true,"_links":{"self":[{"href":"https:\/\/mecahealth.com\/index.php?rest_route=\/wp\/v2\/pages\/2171","targetHints":{"allow":["GET"]}}],"collection":[{"href":"https:\/\/mecahealth.com\/index.php?rest_route=\/wp\/v2\/pages"}],"about":[{"href":"https:\/\/mecahealth.com\/index.php?rest_route=\/wp\/v2\/types\/page"}],"author":[{"embeddable":true,"href":"https:\/\/mecahealth.com\/index.php?rest_route=\/wp\/v2\/users\/1"}],"replies":[{"embeddable":true,"href":"https:\/\/mecahealth.com\/index.php?rest_route=%2Fwp%2Fv2%2Fcomments&post=2171"}],"version-history":[{"count":14,"href":"https:\/\/mecahealth.com\/index.php?rest_route=\/wp\/v2\/pages\/2171\/revisions"}],"predecessor-version":[{"id":4901,"href":"https:\/\/mecahealth.com\/index.php?rest_route=\/wp\/v2\/pages\/2171\/revisions\/4901"}],"wp:attachment":[{"href":"https:\/\/mecahealth.com\/index.php?rest_route=%2Fwp%2Fv2%2Fmedia&parent=2171"}],"curies":[{"name":"wp","href":"https:\/\/api.w.org\/{rel}","templated":true}]}}