{"id":216,"date":"2023-01-05T00:41:03","date_gmt":"2023-01-04T23:41:03","guid":{"rendered":"https:\/\/mecahealth.com\/?page_id=216"},"modified":"2023-03-03T01:22:57","modified_gmt":"2023-03-03T00:22:57","slug":"pathologie-epicondylite","status":"publish","type":"page","link":"https:\/\/mecahealth.com\/?page_id=216","title":{"rendered":"Pathologie : \u00e9picondylite"},"content":{"rendered":"\n<figure class=\"wp-block-image size-full is-style-rounded\"><img loading=\"lazy\" decoding=\"async\" width=\"330\" height=\"330\" src=\"https:\/\/mecahealth.com\/wp-content\/uploads\/2023\/02\/MecaHealth-epicondylite.jpg\" alt=\"\" class=\"wp-image-3383\" srcset=\"https:\/\/mecahealth.com\/wp-content\/uploads\/2023\/02\/MecaHealth-epicondylite.jpg 330w, https:\/\/mecahealth.com\/wp-content\/uploads\/2023\/02\/MecaHealth-epicondylite-300x300.jpg 300w, https:\/\/mecahealth.com\/wp-content\/uploads\/2023\/02\/MecaHealth-epicondylite-150x150.jpg 150w\" sizes=\"auto, (max-width: 330px) 100vw, 330px\" \/><figcaption class=\"wp-element-caption\">couleur non contractuelle<\/figcaption><\/figure>\n\n\n\n<p class=\"has-medium-font-size\">L&rsquo;\u00e9picondylite, \u00e9galement connue sous le nom de \u00ab\u00a0tennis elbow\u00a0\u00bb, est une blessure courante qui affecte le <a href=\"https:\/\/mecahealth.com\/?page_id=634\" data-type=\"page\" data-id=\"634\">coude<\/a>. Elle est caus\u00e9e par une inflammation des tendons qui relient les muscles de l&rsquo;avant-bras \u00e0 l&rsquo;os du bras au niveau de l&rsquo;\u00e9picondyle.<\/p>\n\n\n\n<p class=\"has-medium-font-size\">Les sympt\u00f4mes de l&rsquo;\u00e9picondylite comprennent une <a href=\"https:\/\/mecahealth.com\/?page_id=1136\" data-type=\"page\" data-id=\"1136\">douleur<\/a> et une raideur au niveau du coude, en particulier lors des mouvements de rotation ou de saisie d&rsquo;objets. Les activit\u00e9s qui impliquent une utilisation r\u00e9p\u00e9titive des muscles de l&rsquo;avant-bras, comme le <a href=\"https:\/\/mecahealth.com\/?page_id=853\" data-type=\"page\" data-id=\"853\">tennis<\/a> ou le <a href=\"https:\/\/mecahealth.com\/?page_id=262\" data-type=\"page\" data-id=\"262\">travail manuel<\/a>, peuvent augmenter le risque de d\u00e9velopper cette affection.<\/p>\n\n\n\n<p class=\"has-medium-font-size\">Comme nous le voyons en effet dans la page d\u00e9di\u00e9e au tennis, c&rsquo;est un mouvement de <a href=\"https:\/\/mecahealth.com\/?page_id=636\" data-type=\"page\" data-id=\"636\">poignet<\/a> durant le contact entre la balle et la raquette qui est souvent responsable du probl\u00e8me en plus de la vibration li\u00e9e \u00e0 ce choc\/contact. Ce mouvement correspond \u00e0 celui effectu\u00e9 durant le <a href=\"https:\/\/mecahealth.com\/?page_id=814\" data-type=\"page\" data-id=\"814\">badminton<\/a>. <\/p>\n\n\n\n<p class=\"has-medium-font-size\">Le traitement de l&rsquo;\u00e9picondylite n\u00e9cessite tout d&rsquo;abord l&rsquo;absence de ce type de contraintes et le suivi de ce qui est <a href=\"https:\/\/mecahealth.com\/?page_id=683\" data-type=\"page\" data-id=\"683\">valable pour la plupart des tendinites<\/a> (&#8230;).<\/p>\n\n\n\n<figure class=\"wp-block-image size-full\"><img loading=\"lazy\" decoding=\"async\" width=\"250\" height=\"200\" src=\"https:\/\/mecahealth.com\/wp-content\/uploads\/2023\/02\/MecaHealth-doigts-fl-poignet-2.gif\" alt=\"\" class=\"wp-image-3385\"\/><\/figure>\n\n\n\n<h2 class=\"has-medium-font-size wp-block-heading\">Revenir au chapitre <a href=\"https:\/\/mecahealth.com\/?page_id=548\" data-type=\"page\" data-id=\"548\"><em>Pathologies<\/em><\/a> ou \u00e0 la page <a href=\"https:\/\/mecahealth.com\/?page_id=472\" data-type=\"page\" data-id=\"472\"><em>Suffixes<\/em><\/a><\/h2>\n","protected":false},"excerpt":{"rendered":"<p>L&rsquo;\u00e9picondylite, \u00e9galement connue sous le nom de \u00ab\u00a0tennis elbow\u00a0\u00bb, est une blessure courante qui affecte le coude. Elle est caus\u00e9e par une inflammation des tendons qui relient les muscles de l&rsquo;avant-bras \u00e0 l&rsquo;os du bras au niveau de l&rsquo;\u00e9picondyle. Les sympt\u00f4mes de l&rsquo;\u00e9picondylite comprennent une douleur et une raideur au<a href=\"https:\/\/mecahealth.com\/?page_id=216\" class=\"read-more\">Read More&#8230;<\/a><\/p>\n","protected":false},"author":1,"featured_media":0,"parent":0,"menu_order":0,"comment_status":"closed","ping_status":"closed","template":"","meta":{"footnotes":""},"class_list":["post-216","page","type-page","status-publish","hentry"],"jetpack_sharing_enabled":true,"_links":{"self":[{"href":"https:\/\/mecahealth.com\/index.php?rest_route=\/wp\/v2\/pages\/216","targetHints":{"allow":["GET"]}}],"collection":[{"href":"https:\/\/mecahealth.com\/index.php?rest_route=\/wp\/v2\/pages"}],"about":[{"href":"https:\/\/mecahealth.com\/index.php?rest_route=\/wp\/v2\/types\/page"}],"author":[{"embeddable":true,"href":"https:\/\/mecahealth.com\/index.php?rest_route=\/wp\/v2\/users\/1"}],"replies":[{"embeddable":true,"href":"https:\/\/mecahealth.com\/index.php?rest_route=%2Fwp%2Fv2%2Fcomments&post=216"}],"version-history":[{"count":11,"href":"https:\/\/mecahealth.com\/index.php?rest_route=\/wp\/v2\/pages\/216\/revisions"}],"predecessor-version":[{"id":4408,"href":"https:\/\/mecahealth.com\/index.php?rest_route=\/wp\/v2\/pages\/216\/revisions\/4408"}],"wp:attachment":[{"href":"https:\/\/mecahealth.com\/index.php?rest_route=%2Fwp%2Fv2%2Fmedia&parent=216"}],"curies":[{"name":"wp","href":"https:\/\/api.w.org\/{rel}","templated":true}]}}