{"id":2150,"date":"2023-01-25T14:35:39","date_gmt":"2023-01-25T13:35:39","guid":{"rendered":"https:\/\/mecahealth.com\/?page_id=2150"},"modified":"2025-10-13T21:12:57","modified_gmt":"2025-10-13T19:12:57","slug":"corps-tete-et-visage","status":"publish","type":"page","link":"https:\/\/mecahealth.com\/?page_id=2150","title":{"rendered":"Corps : t\u00eate et visage"},"content":{"rendered":"\n<p class=\"has-small-font-size\"><a href=\"https:\/\/mecahealth.com\/?page_id=122\"><\/a><a style=\"font-size: revert;\" href=\"https:\/\/mecahealth.com\/?page_id=122\">Attention \u00e0 lire les consignes avant de lire toute page d&rsquo;un site sant\u00e9 !<\/a> <\/p>\n\n\n\n<figure class=\"wp-block-image size-full is-resized is-style-rounded\"><img loading=\"lazy\" decoding=\"async\" width=\"963\" height=\"963\" src=\"https:\/\/mecahealth.com\/wp-content\/uploads\/2023\/01\/MH-Planche-tete-visage.jpg\" alt=\"\" class=\"wp-image-2169\" style=\"width:330px;height:330px\" srcset=\"https:\/\/mecahealth.com\/wp-content\/uploads\/2023\/01\/MH-Planche-tete-visage.jpg 963w, https:\/\/mecahealth.com\/wp-content\/uploads\/2023\/01\/MH-Planche-tete-visage-300x300.jpg 300w, https:\/\/mecahealth.com\/wp-content\/uploads\/2023\/01\/MH-Planche-tete-visage-150x150.jpg 150w, https:\/\/mecahealth.com\/wp-content\/uploads\/2023\/01\/MH-Planche-tete-visage-768x768.jpg 768w\" sizes=\"auto, (max-width: 963px) 100vw, 963px\" \/><\/figure>\n\n\n\n<h2 class=\"wp-block-heading has-large-font-size\">NORMALIT\u00c9 : Visage expressif et d\u00e9tendu<\/h2>\n\n\n\n<p class=\"has-medium-font-size\">Difficile d&rsquo;\u00e9tablir une norme m\u00e9canique pour la t\u00eate et le visage qui ne comprennent pas vraiment d&rsquo;articulation except\u00e9 celle de la<strong> <\/strong><a href=\"https:\/\/mecahealth.com\/?page_id=2171\" data-type=\"page\" data-id=\"2171\">m\u00e2choire<\/a> . La mobilit\u00e9 entre la t\u00eate et la colonne est plus d\u00e9taill\u00e9e dans le chapitre <a href=\"https:\/\/mecahealth.com\/?page_id=628\" data-type=\"page\" data-id=\"628\">nuque<\/a>.<\/p>\n\n\n\n<h3 class=\"wp-block-heading\">Structure musculo-articulaire :<\/h3>\n\n\n\n<p class=\"has-medium-font-size\">La t\u00eate est compos\u00e9e d&rsquo;une s\u00e9rie d&rsquo;os plats s&#8217;embo\u00eetant les uns dans les autres comme des pi\u00e8ces de puzzles constituant la bo\u00eete cr\u00e2nienne et le visage.<\/p>\n\n\n\n<p class=\"has-medium-font-size\">Le visage comme le cr\u00e2ne sont tapiss\u00e9s d&rsquo;une musculature tr\u00e8s mince. Les muscles situ\u00e9s au niveau du visage permettent plus de r\u00e9actions apparentes. Ces muscles appel\u00e9s les zygomatiques donnent l&rsquo;expression du visage et permettent principalement bien entendu d&rsquo;ouvrir ou de fermer les paupi\u00e8res comme la bouche. Ces mouvements du visage sont d\u00e9velopp\u00e9s dans le chapitre <a href=\"https:\/\/mecahealth.com\/?page_id=1181\" data-type=\"page\" data-id=\"1181\"><em>Praxies (destin\u00e9 surtout au orthophoniste\/logop\u00e8de).<\/em><\/a><\/p>\n\n\n\n<h3 class=\"wp-block-heading\">Mouvements :<\/h3>\n\n\n\n<p class=\"has-medium-font-size\">Le mouvement entre ces <em>plaques osseuses<\/em> existe bel et bien mais est vraiment minime. Il n&rsquo;est donc pas en g\u00e9n\u00e9ral consid\u00e9r\u00e9 comme tel. Seulement, \u00e9tant donn\u00e9 la pr\u00e9cision de ce que ces os renferment, il est important de ne pas le consid\u00e9rer comme n\u00e9gligeable. Notamment apr\u00e8s accident sur la t\u00eate entra\u00eenant des maux ou en cas de troubles du comportement ou de la digestion prolong\u00e9e chez le nourrisson. Pr\u00e9ventivement quelques semaines apr\u00e8s la naissance ou apr\u00e8s ce type de choc, consulter un <a href=\"https:\/\/mecahealth.com\/?page_id=8243\" data-type=\"page\" data-id=\"8243\">ost\u00e9opathe sp\u00e9cialis\u00e9<\/a> dans ce domaine permet de r\u00e9tablir l&rsquo;\u00e9quilibre de cette ossature.<\/p>\n\n\n\n<p class=\"has-medium-font-size\">La musculature du visage ne fonctionne que rarement sym\u00e9triquement. La diff\u00e9rence entra\u00eene peu de cons\u00e9quence chez la plupart mais peut \u00eatre plus lourd de cons\u00e9quences chez certains.<\/p>\n\n\n\n<p class=\"has-medium-font-size\">Les muscles du visage comme tout muscle ont besoin de repos. Il est donc important de se rendre compte parfois de la d\u00e9tente \u00e0 apporter au visage notamment en r\u00e9alisant de temps en temps un <a href=\"https:\/\/mecahealth.com\/?page_id=2176\" data-type=\"page\" data-id=\"2176\">massage du visage<\/a> mais surtout :<\/p>\n\n\n\n<ul class=\"wp-block-list has-medium-font-size\">\n<li>de ne pas fermer les sourcils d\u00e8s qu&rsquo;il pleut, qu&rsquo;il vente, qu&rsquo;il y a des stress, etc. <\/li>\n\n\n\n<li>d&rsquo;ouvrir la m\u00e2choire r\u00e9guli\u00e8rement \u00e0 fond notamment le matin en se levant<\/li>\n\n\n\n<li>de <a href=\"https:\/\/mecahealth.com\/?page_id=2171\" data-type=\"page\" data-id=\"2171\">ne pas serrer les dents<\/a> en journ\u00e9e comme avant de dormir<\/li>\n<\/ul>\n\n\n\n<p class=\"has-medium-font-size\">Un mouvement qui est en lien avec le visage et la m\u00e2choire, c&rsquo;est la <a href=\"https:\/\/mecahealth.com\/?page_id=3628\" data-type=\"page\" data-id=\"3628\"><em>D\u00e9glutition<\/em><\/a>.<\/p>\n\n\n\n<h2 class=\"wp-block-heading has-large-font-size\">PATHOLOGIES : Maux de t\u00eate principalement<\/h2>\n\n\n\n<p class=\"has-medium-font-size\">Hormis les troubles li\u00e9s \u00e0 un d\u00e9ficit neurologique qui ne seront pas d\u00e9velopp\u00e9s encore dans ce site pour l&rsquo;instant, les pathologies les plus fr\u00e9quentes au niveau de la t\u00eate ou du visage rencontr\u00e9es dans le cadre de la sant\u00e9 m\u00e9canique sont :<\/p>\n\n\n\n<ul class=\"wp-block-list has-medium-font-size\">\n<li><a href=\"https:\/\/mecahealth.com\/?page_id=567\" data-type=\"page\" data-id=\"567\">le mal de t\u00eate<\/a><\/li>\n\n\n\n<li>le mal de voyage et mal de mer<\/li>\n\n\n\n<li>la paralysie faciale<\/li>\n\n\n\n<li>(<a href=\"https:\/\/mecahealth.com\/?page_id=1944\" data-type=\"page\" data-id=\"1944\">les troubles d&rsquo;\u00e9quilibre<\/a>)<\/li>\n\n\n\n<li>(&#8230;)<\/li>\n<\/ul>\n\n\n\n<h2 class=\"wp-block-heading has-medium-font-size\">Revenir au chapitre <em><a href=\"https:\/\/mecahealth.com\/?page_id=75\" data-type=\"page\" data-id=\"75\">Corps m\u00e9canique<\/a><\/em> ou \u00e0 la page <a href=\"https:\/\/mecahealth.com\/?page_id=1923\" data-type=\"page\" data-id=\"1923\"><em>Position z\u00e9ro<\/em><\/a><\/h2>\n","protected":false},"excerpt":{"rendered":"<p>Attention \u00e0 lire les consignes avant de lire toute page d&rsquo;un site sant\u00e9 ! NORMALIT\u00c9 : Visage expressif et d\u00e9tendu Difficile d&rsquo;\u00e9tablir une norme m\u00e9canique pour la t\u00eate et le visage qui ne comprennent pas vraiment d&rsquo;articulation except\u00e9 celle de la m\u00e2choire . La mobilit\u00e9 entre la t\u00eate et la<a href=\"https:\/\/mecahealth.com\/?page_id=2150\" class=\"read-more\">Read More&#8230;<\/a><\/p>\n","protected":false},"author":1,"featured_media":0,"parent":0,"menu_order":0,"comment_status":"closed","ping_status":"closed","template":"","meta":{"footnotes":""},"class_list":["post-2150","page","type-page","status-publish","hentry"],"jetpack_sharing_enabled":true,"_links":{"self":[{"href":"https:\/\/mecahealth.com\/index.php?rest_route=\/wp\/v2\/pages\/2150","targetHints":{"allow":["GET"]}}],"collection":[{"href":"https:\/\/mecahealth.com\/index.php?rest_route=\/wp\/v2\/pages"}],"about":[{"href":"https:\/\/mecahealth.com\/index.php?rest_route=\/wp\/v2\/types\/page"}],"author":[{"embeddable":true,"href":"https:\/\/mecahealth.com\/index.php?rest_route=\/wp\/v2\/users\/1"}],"replies":[{"embeddable":true,"href":"https:\/\/mecahealth.com\/index.php?rest_route=%2Fwp%2Fv2%2Fcomments&post=2150"}],"version-history":[{"count":16,"href":"https:\/\/mecahealth.com\/index.php?rest_route=\/wp\/v2\/pages\/2150\/revisions"}],"predecessor-version":[{"id":8279,"href":"https:\/\/mecahealth.com\/index.php?rest_route=\/wp\/v2\/pages\/2150\/revisions\/8279"}],"wp:attachment":[{"href":"https:\/\/mecahealth.com\/index.php?rest_route=%2Fwp%2Fv2%2Fmedia&parent=2150"}],"curies":[{"name":"wp","href":"https:\/\/api.w.org\/{rel}","templated":true}]}}