{"id":207,"date":"2023-01-05T00:39:31","date_gmt":"2023-01-04T23:39:31","guid":{"rendered":"https:\/\/mecahealth.com\/?page_id=207"},"modified":"2023-07-16T18:20:38","modified_gmt":"2023-07-16T16:20:38","slug":"pathologie-dorsalgie","status":"publish","type":"page","link":"https:\/\/mecahealth.com\/?page_id=207","title":{"rendered":"Pathologie : dorsalgie"},"content":{"rendered":"\n<figure class=\"wp-block-image size-full is-style-rounded\"><img loading=\"lazy\" decoding=\"async\" width=\"330\" height=\"330\" src=\"https:\/\/mecahealth.com\/wp-content\/uploads\/2023\/02\/MecaHealth-degenerescence-chute-2.jpg\" alt=\"\" class=\"wp-image-3380\" srcset=\"https:\/\/mecahealth.com\/wp-content\/uploads\/2023\/02\/MecaHealth-degenerescence-chute-2.jpg 330w, https:\/\/mecahealth.com\/wp-content\/uploads\/2023\/02\/MecaHealth-degenerescence-chute-2-300x300.jpg 300w, https:\/\/mecahealth.com\/wp-content\/uploads\/2023\/02\/MecaHealth-degenerescence-chute-2-150x150.jpg 150w\" sizes=\"auto, (max-width: 330px) 100vw, 330px\" \/><\/figure>\n\n\n\n<p class=\"has-medium-font-size\">La dorsalgie est un terme m\u00e9dical utilis\u00e9 pour d\u00e9crire la douleur ressentie dans la r\u00e9gion dorsale ; <a href=\"https:\/\/mecahealth.com\/?page_id=472\" data-type=\"page\" data-id=\"472\">algie ne signifiant que <em>douleur<\/em><\/a>. La r\u00e9gion dorsale est celle <a href=\"https:\/\/mecahealth.com\/?page_id=3353\" data-type=\"page\" data-id=\"3353\">comprise entre la nuque et les lombaires<\/a>. <\/p>\n\n\n\n<p class=\"has-medium-font-size\">La dorsalgie peut \u00eatre caus\u00e9e par diverses conditions et affections, notamment :<\/p>\n\n\n\n<ol class=\"wp-block-list\">\n<li class=\"has-medium-font-size\">Les probl\u00e8mes musculo-squelettiques : Les douleurs dorsales peuvent r\u00e9sulter de tensions musculaires, de spasmes musculaires, de blessures ou de troubles de la colonne vert\u00e9brale tels que les <a href=\"https:\/\/mecahealth.com\/?page_id=1732\" data-type=\"page\" data-id=\"1732\">hernies discales<\/a> ou les probl\u00e8mes articulaires.<\/li>\n\n\n\n<li class=\"has-medium-font-size\">Les probl\u00e8mes posturaux : Une mauvaise posture, notamment lorsque vous <a href=\"https:\/\/mecahealth.com\/?page_id=297\" data-type=\"page\" data-id=\"297\">restez assis<\/a> ou debout dans une position inconfortable pendant de longues p\u00e9riodes, peut entra\u00eener des douleurs dorsales.<\/li>\n\n\n\n<li class=\"has-medium-font-size\">Les traumatismes : Les accidents, les chutes ou les blessures sportives peuvent causer des douleurs dorsales.<\/li>\n\n\n\n<li class=\"has-medium-font-size\">Les probl\u00e8mes respiratoires : Certaines affections respiratoires, comme la <a href=\"https:\/\/mecahealth.com\/?page_id=4783\" data-type=\"page\" data-id=\"4783\">pneumonie<\/a> ou la pleur\u00e9sie, peuvent provoquer des douleurs dans la r\u00e9gion dorsale. Une douleur dorsale peut cacher un cancer des poumons<\/li>\n\n\n\n<li class=\"has-medium-font-size\">Les probl\u00e8mes visc\u00e9raux : Dans certains cas, des douleurs dorsales peuvent \u00eatre le signe de probl\u00e8mes internes, tels que des troubles cardiaques, r\u00e9naux ou digestifs.<\/li>\n<\/ol>\n\n\n\n<p class=\"has-medium-font-size\">Le traitement de la dorsalgie d\u00e9pend de sa cause sous-jacente. Dans de nombreux cas, des mesures conservatrices telles que le repos, l&rsquo;application de chaleur ou de froid, les exercices de renforcement musculaire et les m\u00e9dicaments analg\u00e9siques peuvent aider \u00e0 soulager la douleur. Dans les cas plus graves ou persistants, une \u00e9valuation m\u00e9dicale approfondie peut \u00eatre n\u00e9cessaire pour identifier la cause sp\u00e9cifique et d\u00e9terminer le traitement appropri\u00e9, qui peut inclure une th\u00e9rapie physique, des m\u00e9dicaments sp\u00e9cifiques ou, dans certains cas, une intervention chirurgicale.<\/p>\n\n\n\n<p class=\"has-medium-font-size\">Consultez d\u00e8s lors votre m\u00e9decin pour exclure les plus mauvaises perspectives&#8230;<\/p>\n\n\n\n<h2 class=\"wp-block-heading has-medium-font-size\">Revenir au chapitre <em><a href=\"https:\/\/mecahealth.com\/?page_id=548\" data-type=\"page\" data-id=\"548\">Pathologies<\/a> <\/em>ou \u00e0 la page <a href=\"https:\/\/mecahealth.com\/?page_id=472\" data-type=\"page\" data-id=\"472\"><em>Suffixes<\/em><\/a><\/h2>\n","protected":false},"excerpt":{"rendered":"<p>La dorsalgie est un terme m\u00e9dical utilis\u00e9 pour d\u00e9crire la douleur ressentie dans la r\u00e9gion dorsale ; algie ne signifiant que douleur. La r\u00e9gion dorsale est celle comprise entre la nuque et les lombaires. La dorsalgie peut \u00eatre caus\u00e9e par diverses conditions et affections, notamment : Le traitement de la<a href=\"https:\/\/mecahealth.com\/?page_id=207\" class=\"read-more\">Read More&#8230;<\/a><\/p>\n","protected":false},"author":1,"featured_media":0,"parent":0,"menu_order":0,"comment_status":"open","ping_status":"closed","template":"","meta":{"footnotes":""},"class_list":["post-207","page","type-page","status-publish","hentry"],"jetpack_sharing_enabled":true,"_links":{"self":[{"href":"https:\/\/mecahealth.com\/index.php?rest_route=\/wp\/v2\/pages\/207","targetHints":{"allow":["GET"]}}],"collection":[{"href":"https:\/\/mecahealth.com\/index.php?rest_route=\/wp\/v2\/pages"}],"about":[{"href":"https:\/\/mecahealth.com\/index.php?rest_route=\/wp\/v2\/types\/page"}],"author":[{"embeddable":true,"href":"https:\/\/mecahealth.com\/index.php?rest_route=\/wp\/v2\/users\/1"}],"replies":[{"embeddable":true,"href":"https:\/\/mecahealth.com\/index.php?rest_route=%2Fwp%2Fv2%2Fcomments&post=207"}],"version-history":[{"count":10,"href":"https:\/\/mecahealth.com\/index.php?rest_route=\/wp\/v2\/pages\/207\/revisions"}],"predecessor-version":[{"id":5609,"href":"https:\/\/mecahealth.com\/index.php?rest_route=\/wp\/v2\/pages\/207\/revisions\/5609"}],"wp:attachment":[{"href":"https:\/\/mecahealth.com\/index.php?rest_route=%2Fwp%2Fv2%2Fmedia&parent=207"}],"curies":[{"name":"wp","href":"https:\/\/api.w.org\/{rel}","templated":true}]}}