{"id":205,"date":"2023-01-05T00:39:02","date_gmt":"2023-01-04T23:39:02","guid":{"rendered":"https:\/\/mecahealth.com\/?page_id=205"},"modified":"2023-06-13T00:28:02","modified_gmt":"2023-06-12T22:28:02","slug":"pathologie-cervicalgie","status":"publish","type":"page","link":"https:\/\/mecahealth.com\/?page_id=205","title":{"rendered":"Pathologie : cervicalgie"},"content":{"rendered":"\n<p class=\"has-medium-font-size\"><a href=\"https:\/\/mecahealth.com\/?page_id=122\">Attention \u00e0 lire les consignes avant de lire toute page d&rsquo;un site sant\u00e9 !<\/a><\/p>\n\n\n\n<figure class=\"wp-block-image size-full is-style-rounded\"><img loading=\"lazy\" decoding=\"async\" width=\"330\" height=\"330\" src=\"https:\/\/mecahealth.com\/wp-content\/uploads\/2023\/02\/MecaHealth-cervicalgie.jpg\" alt=\"\" class=\"wp-image-3376\" srcset=\"https:\/\/mecahealth.com\/wp-content\/uploads\/2023\/02\/MecaHealth-cervicalgie.jpg 330w, https:\/\/mecahealth.com\/wp-content\/uploads\/2023\/02\/MecaHealth-cervicalgie-300x300.jpg 300w, https:\/\/mecahealth.com\/wp-content\/uploads\/2023\/02\/MecaHealth-cervicalgie-150x150.jpg 150w\" sizes=\"auto, (max-width: 330px) 100vw, 330px\" \/><\/figure>\n\n\n\n<p class=\"has-medium-font-size\">Comme nous le rappelons dans la page<em> <a href=\"https:\/\/mecahealth.com\/?page_id=472\" data-type=\"page\" data-id=\"472\">Suffixes<\/a><\/em>, on peut dire que la cervicalgie est un terme sophistiqu\u00e9 pour d\u00e9signer la douleur dans la r\u00e9gion du cou.<\/p>\n\n\n\n<p class=\"has-medium-font-size\">L&rsquo;\u00e9tiologie, autre terme parfois pompeux pour dire ensemble des causes, est complexe.<\/p>\n\n\n\n<p class=\"has-medium-font-size\">Dans la plupart des cas, elles surviennent par <a href=\"https:\/\/mecahealth.com\/?page_id=3511\" data-type=\"page\" data-id=\"3511\">ant\u00e9pulsion<\/a> de la t\u00eate accompagn\u00e9e d&rsquo;un redressement notamment parce que la <a href=\"https:\/\/mecahealth.com\/?page_id=1923\" data-type=\"page\" data-id=\"1923\">position z\u00e9ro<\/a> en <a href=\"https:\/\/mecahealth.com\/?page_id=297\" data-type=\"page\" data-id=\"297\">assis<\/a> ou en <a href=\"https:\/\/mecahealth.com\/?page_id=413\" data-type=\"page\" data-id=\"413\">debout<\/a> n&rsquo;est pas respect\u00e9e assez r\u00e9guli\u00e8rement dans les <a href=\"https:\/\/mecahealth.com\/?page_id=186\" data-type=\"page\" data-id=\"186\">situations courantes priv\u00e9es<\/a> comme professionnelles.<\/p>\n\n\n\n<p class=\"has-medium-font-size\">Elle survient \u00e9galement bien souvent par redressement trop fr\u00e9quent des \u00e9paules notamment en <a href=\"https:\/\/mecahealth.com\/?page_id=428\" data-type=\"page\" data-id=\"428\">marchant<\/a>, en <a href=\"https:\/\/mecahealth.com\/?page_id=1530\" data-type=\"page\" data-id=\"1530\">tenant une valise <\/a>ou un <a href=\"https:\/\/mecahealth.com\/?page_id=3711\" data-type=\"page\" data-id=\"3711\">sac \u00e0 main<\/a>, en fonction de la <a href=\"https:\/\/mecahealth.com\/?page_id=1224\" data-type=\"page\" data-id=\"1224\">temp\u00e9rature<\/a> ou de l&rsquo;humidit\u00e9 ou en \u00e9tant stress\u00e9.<\/p>\n\n\n\n<h2 class=\"wp-block-heading has-medium-font-size\"><span style=\"font-size: var(--wp--preset--font-size--medium) ; color: initial;\"><span style=\"font-size: var(--wp--preset--font-size--medium) ; color: initial;\">Abonnez-vous \u00e0 nos diff\u00e9rentes pages pour \u00eatre averti(s) des nouvelles mises en ligne&#8230;<\/span><\/span><\/h2>\n\n\n\n<p class=\"has-small-font-size\"><a rel=\"noreferrer noopener\" href=\"https:\/\/www.facebook.com\/MecaHealthAsbl\" target=\"_blank\">Facebook MecaHealthAsbl<\/a> &#8211; <a rel=\"noreferrer noopener\" href=\"https:\/\/www.linkedin.com\/company\/mecahealth\/\" target=\"_blank\">Linkedin MecaHealth<\/a> &#8211; <a rel=\"noreferrer noopener\" href=\"https:\/\/www.youtube.com\/channel\/UCJb5g--IGlU6FgQLQKaJljg\" target=\"_blank\">Youtube cha\u00eene MecaHealth<\/a> &#8211; Instagram (pas encore)<\/p>\n\n\n\n<h2 class=\"wp-block-heading has-medium-font-size\">Revenir au chapitre <a href=\"https:\/\/mecahealth.com\/?page_id=548\" data-type=\"page\" data-id=\"548\">Pathologies<\/a>, <em><a href=\"https:\/\/mecahealth.com\/?page_id=127\" data-type=\"page\" data-id=\"127\">Corps psychique<\/a><\/em> ou \u00e0 la page <a href=\"https:\/\/mecahealth.com\/?page_id=472\" data-type=\"page\" data-id=\"472\">Suffixes<\/a><\/h2>\n","protected":false},"excerpt":{"rendered":"<p>Attention \u00e0 lire les consignes avant de lire toute page d&rsquo;un site sant\u00e9 ! Comme nous le rappelons dans la page Suffixes, on peut dire que la cervicalgie est un terme sophistiqu\u00e9 pour d\u00e9signer la douleur dans la r\u00e9gion du cou. L&rsquo;\u00e9tiologie, autre terme parfois pompeux pour dire ensemble des<a href=\"https:\/\/mecahealth.com\/?page_id=205\" class=\"read-more\">Read More&#8230;<\/a><\/p>\n","protected":false},"author":1,"featured_media":0,"parent":0,"menu_order":0,"comment_status":"closed","ping_status":"closed","template":"","meta":{"footnotes":""},"class_list":["post-205","page","type-page","status-publish","hentry"],"jetpack_sharing_enabled":true,"_links":{"self":[{"href":"https:\/\/mecahealth.com\/index.php?rest_route=\/wp\/v2\/pages\/205","targetHints":{"allow":["GET"]}}],"collection":[{"href":"https:\/\/mecahealth.com\/index.php?rest_route=\/wp\/v2\/pages"}],"about":[{"href":"https:\/\/mecahealth.com\/index.php?rest_route=\/wp\/v2\/types\/page"}],"author":[{"embeddable":true,"href":"https:\/\/mecahealth.com\/index.php?rest_route=\/wp\/v2\/users\/1"}],"replies":[{"embeddable":true,"href":"https:\/\/mecahealth.com\/index.php?rest_route=%2Fwp%2Fv2%2Fcomments&post=205"}],"version-history":[{"count":14,"href":"https:\/\/mecahealth.com\/index.php?rest_route=\/wp\/v2\/pages\/205\/revisions"}],"predecessor-version":[{"id":5501,"href":"https:\/\/mecahealth.com\/index.php?rest_route=\/wp\/v2\/pages\/205\/revisions\/5501"}],"wp:attachment":[{"href":"https:\/\/mecahealth.com\/index.php?rest_route=%2Fwp%2Fv2%2Fmedia&parent=205"}],"curies":[{"name":"wp","href":"https:\/\/api.w.org\/{rel}","templated":true}]}}