{"id":2047,"date":"2023-01-22T19:44:10","date_gmt":"2023-01-22T18:44:10","guid":{"rendered":"https:\/\/mecahealth.com\/?page_id=2047"},"modified":"2023-12-18T08:52:48","modified_gmt":"2023-12-18T07:52:48","slug":"exercices-echauffement-concret","status":"publish","type":"page","link":"https:\/\/mecahealth.com\/?page_id=2047","title":{"rendered":"Exercices : \u00e9quilibre 2 \u00e9chauffement concret"},"content":{"rendered":"\n<p class=\"has-medium-font-size\"><a href=\"https:\/\/mecahealth.com\/?page_id=122\">Attention \u00e0 lire les consignes avant de lire toute page d&rsquo;un site sant\u00e9 !<\/a><\/p>\n\n\n\n<figure class=\"wp-block-image size-large is-resized is-style-rounded\"><img loading=\"lazy\" decoding=\"async\" src=\"https:\/\/mecahealth.com\/wp-content\/uploads\/2023\/01\/Baleines-symetrique-carre-1024x1024.jpg\" alt=\"\" class=\"wp-image-357\" width=\"330\" height=\"330\" title=\"Sym\u00e9trie est la premi\u00e8re cl\u00e9\" srcset=\"https:\/\/mecahealth.com\/wp-content\/uploads\/2023\/01\/Baleines-symetrique-carre-1024x1024.jpg 1024w, https:\/\/mecahealth.com\/wp-content\/uploads\/2023\/01\/Baleines-symetrique-carre-300x300.jpg 300w, https:\/\/mecahealth.com\/wp-content\/uploads\/2023\/01\/Baleines-symetrique-carre-150x150.jpg 150w, https:\/\/mecahealth.com\/wp-content\/uploads\/2023\/01\/Baleines-symetrique-carre-768x768.jpg 768w, https:\/\/mecahealth.com\/wp-content\/uploads\/2023\/01\/Baleines-symetrique-carre.jpg 1126w\" sizes=\"auto, (max-width: 330px) 100vw, 330px\" \/><\/figure>\n\n\n\n<p class=\"has-medium-font-size\">Sym\u00e9trie \u00e0 chaque mouvement&#8230;<\/p>\n\n\n\n<h2 class=\"wp-block-heading has-medium-font-size\"><strong>1&nbsp;. Pointes-Talons&nbsp;(10 &#8211; 20x) :<\/strong><\/h2>\n\n\n\n<p class=\"has-medium-font-size\">Se mettre sur la pointe des pieds, d\u00e9poser puis revenir directement sur les talons en redressant l\u2019avant des pieds et les orteils.<\/p>\n\n\n\n<p class=\"has-medium-font-size\">L&rsquo;exercice est r\u00e9alis\u00e9 pour pr\u00e9parer les chevilles \u00e0 supporter les exercices suivants mais \u00e9galement \u00e0 d\u00e9rouiller ceux-ci avant de marcher. Il pourrait \u00eatre r\u00e9aliser \u00e0 chaque fois que nous sommes rest\u00e9s <a href=\"https:\/\/mecahealth.com\/?page_id=297\" data-type=\"page\" data-id=\"297\">trop longtemps assis<\/a> dans le priv\u00e9 <a href=\"https:\/\/mecahealth.com\/?page_id=295\" data-type=\"page\" data-id=\"295\">comme au bureau<\/a>.<\/p>\n\n\n\n<h2 class=\"wp-block-heading has-medium-font-size\"><strong>2. &nbsp;Lever un genou puis l&rsquo;autre (10 &#8211; 20x<\/strong>) :<\/h2>\n\n\n<div class=\"wp-block-image\">\n<figure class=\"alignleft size-full\"><img loading=\"lazy\" decoding=\"async\" width=\"250\" height=\"250\" src=\"https:\/\/mecahealth.com\/wp-content\/uploads\/2023\/01\/MecaHealth-equilibre-exc-2-lever.jpg\" alt=\"\" class=\"wp-image-2039\" srcset=\"https:\/\/mecahealth.com\/wp-content\/uploads\/2023\/01\/MecaHealth-equilibre-exc-2-lever.jpg 250w, https:\/\/mecahealth.com\/wp-content\/uploads\/2023\/01\/MecaHealth-equilibre-exc-2-lever-150x150.jpg 150w\" sizes=\"auto, (max-width: 250px) 100vw, 250px\" \/><\/figure>\n<\/div>\n\n\n<p class=\"has-medium-font-size\">Favorise le redressement de la jambe et du pied lors de la marche et d&rsquo;un \u00e9ventuel accrochage. Pour ce faire, le corps ne doit pas se porter d&rsquo;un c\u00f4t\u00e9 ou d&rsquo;un autre lors du mouvement et rester <a href=\"https:\/\/mecahealth.com\/?page_id=402\">sym\u00e9trique<\/a> comme dans toute situation courante. Il doit rester stable ou en tout cas le plus proche de la ligne de gravit\u00e9 id\u00e9ale.<\/p>\n\n\n\n<p><\/p>\n\n\n\n<p><\/p>\n\n\n\n<h2 class=\"wp-block-heading has-medium-font-size\"><strong>3. &nbsp;Lanc\u00e9 de Jambe&nbsp;(10x) :<\/strong><\/h2>\n\n\n\n<p class=\"has-medium-font-size\">Sur le c\u00f4t\u00e9 d&rsquo;un meuble, lancer une jambe vers l&rsquo;avant, revenir puis changer de jambe. L&rsquo;exercice pr\u00e9sente l&rsquo;int\u00e9r\u00eat de cr\u00e9er un d\u00e9s\u00e9quilibre auquel le corps doit s&rsquo;adapter (&#8230;)<\/p>\n\n\n\n<h2 class=\"wp-block-heading has-medium-font-size\"><strong>4. Fausse ruade&nbsp;(20x) :<\/strong><\/h2>\n\n\n<div class=\"wp-block-image\">\n<figure class=\"alignleft size-full\"><img loading=\"lazy\" decoding=\"async\" width=\"250\" height=\"250\" src=\"https:\/\/mecahealth.com\/wp-content\/uploads\/2023\/01\/MecaHealth-equilibre-exc-4-fausse-ruade.gif\" alt=\"\" class=\"wp-image-2041\"\/><\/figure>\n<\/div>\n\n\n<p class=\"has-medium-font-size\">Face au meuble, mains d\u00e9pos\u00e9es sur celui-ci initialement, dos droit, se diriger sans choc vers le milieu des fesses avec le pied, <strong>genou tir\u00e9 en arri\u00e8re<\/strong>, ne rester que 2 sec maximum en position et revenir. Intervertir.<\/p>\n\n\n\n<p class=\"has-medium-font-size\">L\u2019exercice sert \u00e0 \u00e9tirer les muscles des cuisses (quadriceps et <a href=\"https:\/\/mecahealth.com\/?page_id=1542\" data-type=\"page\" data-id=\"1542\">psoas<\/a>) tout en renfor\u00e7ant les muscles situ\u00e9s \u00e0 l\u2019arri\u00e8re de la cuisse (ischio-jambiers) stabilisateurs du genou.<\/p>\n\n\n\n<p><a href=\"https:\/\/mecahealth.com\/?page_id=1057\" data-type=\"page\" data-id=\"1057\">(infos compl\u00e9mentaires sur cet exercice plus complet qu&rsquo;il n&rsquo;y para\u00eet)<\/a><\/p>\n\n\n\n<h2 class=\"wp-block-heading has-medium-font-size\"><strong>5. &nbsp;Lanc\u00e9 de jambes lat\u00e9ral&nbsp;:<\/strong><\/h2>\n\n\n<div class=\"wp-block-image\">\n<figure class=\"alignright size-full\"><img loading=\"lazy\" decoding=\"async\" width=\"152\" height=\"300\" src=\"https:\/\/mecahealth.com\/wp-content\/uploads\/2023\/01\/MecaHealth-equilibre-exc-4-lance.jpg\" alt=\"\" class=\"wp-image-2042\"\/><\/figure>\n<\/div>\n\n\n<p class=\"has-medium-font-size\">Face au meuble, mains d\u00e9pos\u00e9es sur celui-ci, porter la jambe sur le c\u00f4t\u00e9 le plus haut possible mais sans la d\u00e9poser (10 &#8211; 20x), tronc stable. L&rsquo;exercice sert \u00e0 tonifier les muscles du tronc lorsque nous arrivons \u00e0 ne pas fl\u00e9chir le tronc sur le c\u00f4t\u00e9 durant le mouvement. Il permet \u00e9galement d&rsquo;avoir une meilleure amplitude de la jambe se portant sur le c\u00f4t\u00e9. <\/p>\n\n\n\n<p><\/p>\n\n\n\n<p><\/p>\n\n\n\n<h2 class=\"wp-block-heading has-medium-font-size\"><strong>6. &nbsp;Pas sur le c\u00f4t\u00e9&nbsp;(10x) :<\/strong><\/h2>\n\n\n<div class=\"wp-block-image\">\n<figure class=\"alignleft size-full is-resized\"><img loading=\"lazy\" decoding=\"async\" src=\"https:\/\/mecahealth.com\/wp-content\/uploads\/2023\/01\/MecaHealth-equilibre-exc-3-pas-sur-le-cote.jpg\" alt=\"\" class=\"wp-image-2040\" width=\"183\" height=\"325\"\/><\/figure>\n<\/div>\n\n\n<p class=\"has-medium-font-size\">Face au meuble, mains d\u00e9pos\u00e9es sur celui-ci, faire un pas sur le c\u00f4t\u00e9 et mettre le poids sur la jambe de ce m\u00eame c\u00f4t\u00e9 ; revenir pieds joints si possible et sans frotter le sol. Faire de m\u00eame de l&rsquo;autre c\u00f4t\u00e9. L&rsquo;exercice sert \u00e0 pouvoir r\u00e9agir avec un grand pas lors d&rsquo;une perte d&rsquo;\u00e9quilibre lat\u00e9rale et de renforcer la jambe vers laquelle nous mettons le poids.<\/p>\n\n\n\n<p><\/p>\n\n\n\n<p><\/p>\n\n\n\n<p><\/p>\n\n\n\n<p><\/p>\n\n\n\n<h2 class=\"wp-block-heading\"><strong>7. Pas Avant&nbsp;: <\/strong><\/h2>\n\n\n<div class=\"wp-block-image\">\n<figure class=\"alignright size-full\"><img loading=\"lazy\" decoding=\"async\" width=\"250\" height=\"250\" src=\"https:\/\/mecahealth.com\/wp-content\/uploads\/2023\/01\/MecaHealth-equilibre-exc-6-pas-av.jpg\" alt=\"\" class=\"wp-image-2043\" srcset=\"https:\/\/mecahealth.com\/wp-content\/uploads\/2023\/01\/MecaHealth-equilibre-exc-6-pas-av.jpg 250w, https:\/\/mecahealth.com\/wp-content\/uploads\/2023\/01\/MecaHealth-equilibre-exc-6-pas-av-150x150.jpg 150w\" sizes=\"auto, (max-width: 250px) 100vw, 250px\" \/><\/figure>\n<\/div>\n\n\n<p class=\"has-medium-font-size\">Se mettre en peu plus en arri\u00e8re face au meuble, et faire un grand pas avant puis revenir pieds joints sans frotter le pied au sol. Faire de m\u00eame avec l&rsquo;autre c\u00f4t\u00e9 (10 &#8211; 20x). Cet effort sert \u00e0 pouvoir r\u00e9agir en cas de chute avant en r\u00e9alisant un \u00ab\u00a0grand pas\u00a0\u00bb protecteur ainsi que de renforcer les membres inf\u00e9rieurs.<\/p>\n\n\n\n<p><\/p>\n\n\n\n<p><\/p>\n\n\n\n<h2 class=\"wp-block-heading has-medium-font-size\"><strong>8. <em>Fausse r\u00e9v\u00e9rence<\/em><\/strong> :<\/h2>\n\n\n<div class=\"wp-block-image\">\n<figure class=\"alignleft size-full\"><img loading=\"lazy\" decoding=\"async\" width=\"250\" height=\"250\" src=\"https:\/\/mecahealth.com\/wp-content\/uploads\/2023\/01\/MecaHealth-equilibre-exc-7-pas-arr-reverence.jpg\" alt=\"\" class=\"wp-image-2044\" srcset=\"https:\/\/mecahealth.com\/wp-content\/uploads\/2023\/01\/MecaHealth-equilibre-exc-7-pas-arr-reverence.jpg 250w, https:\/\/mecahealth.com\/wp-content\/uploads\/2023\/01\/MecaHealth-equilibre-exc-7-pas-arr-reverence-150x150.jpg 150w\" sizes=\"auto, (max-width: 250px) 100vw, 250px\" \/><\/figure>\n<\/div>\n\n\n<p class=\"has-medium-font-size\">Face au meuble, faire un pas en arri\u00e8re tout en se fl\u00e9chissant vers l&rsquo;avant et en mettant les bras en avant. Revenir pieds joints et faire de m\u00eame de l&rsquo;autre c\u00f4t\u00e9 (10-20 x). Cet exercice sert \u00e0 pouvoir r\u00e9agir si nous chutons vers l&rsquo;arri\u00e8re.<\/p>\n\n\n\n<p><\/p>\n\n\n\n<p><\/p>\n\n\n\n<p><\/p>\n\n\n\n<h2 class=\"wp-block-heading has-medium-font-size\">9. <a href=\"https:\/\/mecahealth.com\/?page_id=2061\" data-type=\"page\" data-id=\"2061\">Sirtaki<\/a><\/h2>\n\n\n\n<p class=\"has-medium-font-size\">Croiser devant, d\u00e9croiser, croiser derri\u00e8re vers la gauche puis vers la droite (au d\u00e9part de pr\u00e9f\u00e9rence devant un meuble sans s&rsquo;appuyer mais pr\u00eat \u00e0 le faire si n\u00e9cessaire).<\/p>\n\n\n\n<p><\/p>\n\n\n\n<p class=\"has-medium-font-size\">Ces premiers exercices peuvent se faire selon <a href=\"https:\/\/mecahealth.com\/?page_id=1952\" data-type=\"page\" data-id=\"1952\">plusieurs degr\u00e9s de difficult\u00e9s<\/a> (valables pour tout exercice).<\/p>\n\n\n\n<p class=\"has-medium-font-size\">Selon les objectifs th\u00e9rapeutiques, le type d&rsquo;\u00e9chauffement ou l&rsquo;\u00e9tat physique de la personne concern\u00e9e, nous travaillerons ce qui suit :<\/p>\n\n\n\n<h2 class=\"wp-block-heading has-medium-font-size\">10. Les <a href=\"https:\/\/mecahealth.com\/?page_id=2060\" data-type=\"page\" data-id=\"2060\">diff\u00e9rentes marches<\/a> et\/ou les exercices d&rsquo;<a href=\"https:\/\/mecahealth.com\/?page_id=2053\" data-type=\"page\" data-id=\"2053\">\u00e9quilibre sur un pied<\/a><\/h2>\n\n\n\n<p><\/p>\n\n\n\n<h2 class=\"wp-block-heading has-medium-font-size\">Revenir \u00e0 la <a href=\"https:\/\/mecahealth.com\/?page_id=1800\" data-type=\"page\" data-id=\"1800\">page pr\u00e9c\u00e9dente de l&rsquo;\u00e9quilibre<\/a><\/h2>\n","protected":false},"excerpt":{"rendered":"<p>Attention \u00e0 lire les consignes avant de lire toute page d&rsquo;un site sant\u00e9 ! Sym\u00e9trie \u00e0 chaque mouvement&#8230; 1&nbsp;. Pointes-Talons&nbsp;(10 &#8211; 20x) : Se mettre sur la pointe des pieds, d\u00e9poser puis revenir directement sur les talons en redressant l\u2019avant des pieds et les orteils. L&rsquo;exercice est r\u00e9alis\u00e9 pour pr\u00e9parer<a href=\"https:\/\/mecahealth.com\/?page_id=2047\" class=\"read-more\">Read More&#8230;<\/a><\/p>\n","protected":false},"author":1,"featured_media":0,"parent":0,"menu_order":0,"comment_status":"closed","ping_status":"closed","template":"","meta":{"footnotes":""},"class_list":["post-2047","page","type-page","status-publish","hentry"],"jetpack_sharing_enabled":true,"_links":{"self":[{"href":"https:\/\/mecahealth.com\/index.php?rest_route=\/wp\/v2\/pages\/2047","targetHints":{"allow":["GET"]}}],"collection":[{"href":"https:\/\/mecahealth.com\/index.php?rest_route=\/wp\/v2\/pages"}],"about":[{"href":"https:\/\/mecahealth.com\/index.php?rest_route=\/wp\/v2\/types\/page"}],"author":[{"embeddable":true,"href":"https:\/\/mecahealth.com\/index.php?rest_route=\/wp\/v2\/users\/1"}],"replies":[{"embeddable":true,"href":"https:\/\/mecahealth.com\/index.php?rest_route=%2Fwp%2Fv2%2Fcomments&post=2047"}],"version-history":[{"count":14,"href":"https:\/\/mecahealth.com\/index.php?rest_route=\/wp\/v2\/pages\/2047\/revisions"}],"predecessor-version":[{"id":6982,"href":"https:\/\/mecahealth.com\/index.php?rest_route=\/wp\/v2\/pages\/2047\/revisions\/6982"}],"wp:attachment":[{"href":"https:\/\/mecahealth.com\/index.php?rest_route=%2Fwp%2Fv2%2Fmedia&parent=2047"}],"curies":[{"name":"wp","href":"https:\/\/api.w.org\/{rel}","templated":true}]}}