{"id":2034,"date":"2023-01-22T18:58:55","date_gmt":"2023-01-22T17:58:55","guid":{"rendered":"https:\/\/mecahealth.com\/?page_id=2034"},"modified":"2023-03-04T16:58:58","modified_gmt":"2023-03-04T15:58:58","slug":"mouvement-marcher-changement-de-direction","status":"publish","type":"page","link":"https:\/\/mecahealth.com\/?page_id=2034","title":{"rendered":"Mouvement : marcher &#8211; changement de direction"},"content":{"rendered":"\n<p class=\"has-medium-font-size\"><a href=\"https:\/\/mecahealth.com\/?page_id=122\">Attention \u00e0 lire les consignes avant de lire toute page d&rsquo;un site sant\u00e9 !<\/a><\/p>\n\n\n\n<figure class=\"wp-block-image size-full is-style-rounded\"><img loading=\"lazy\" decoding=\"async\" width=\"330\" height=\"330\" src=\"https:\/\/mecahealth.com\/wp-content\/uploads\/2023\/01\/22-1.jpg\" alt=\"\" class=\"wp-image-1450\" srcset=\"https:\/\/mecahealth.com\/wp-content\/uploads\/2023\/01\/22-1.jpg 330w, https:\/\/mecahealth.com\/wp-content\/uploads\/2023\/01\/22-1-300x300.jpg 300w, https:\/\/mecahealth.com\/wp-content\/uploads\/2023\/01\/22-1-150x150.jpg 150w\" sizes=\"auto, (max-width: 330px) 100vw, 330px\" \/><\/figure>\n\n\n\n<h2 class=\"wp-block-heading\">Changement rapide naturel<\/h2>\n\n\n\n<p class=\"has-medium-font-size\">Lorsque nous changement brutalement de direction sans devoir y r\u00e9fl\u00e9chir, nous <strong>tournerons sur la pointe des pieds du c\u00f4t\u00e9 du pied arri\u00e8re<\/strong>. Cela devrait se faire automatiquement \u00e0 plus faible vitesse en s&rsquo;inspirant du mouvement du Moonwalk* aussi bien durant la marche que dans toutes les situations courantes notamment durant les t\u00e2ches m\u00e9nag\u00e8res ou si nous exer\u00e7ons une <em>profession debout<\/em> tels que professeur, vendeur, etc.<\/p>\n\n\n\n<p class=\"has-small-font-size\">* non pas invent\u00e9 par le c\u00e9l\u00e8bre Micka\u00ebl Jackson mais bien par <a rel=\"noreferrer noopener\" href=\"https:\/\/fr.wikipedia.org\/wiki\/%C3%89tienne_Decroux\" target=\"_blank\">\u00c9tienne Decroux<\/a><\/p>\n\n\n\n<p class=\"has-medium-font-size\">Durant ce changement de direction, \u00e9vitons toujours le <a href=\"https:\/\/mecahealth.com\/?page_id=487\" data-type=\"page\" data-id=\"487\">blocage<\/a> et surtout maintenons les transverses en action pour <a href=\"https:\/\/mecahealth.com\/?page_id=615\">rentrer le ventre l\u00e9g\u00e8rement<\/a> tout en r\u00e9alisant toujours une l\u00e9g\u00e8re <a href=\"https:\/\/mecahealth.com\/?page_id=808\" data-type=\"page\" data-id=\"808\">bascule du bassin<\/a>.<\/p>\n\n\n\n<figure class=\"wp-block-embed is-type-video is-provider-youtube wp-block-embed-youtube wp-embed-aspect-16-9 wp-has-aspect-ratio\"><div class=\"wp-block-embed__wrapper\">\n<iframe loading=\"lazy\" title=\"MecaHealth   marcher convenablement (pieds)\" width=\"600\" height=\"338\" src=\"https:\/\/www.youtube.com\/embed\/bAWZXzSKuRU?feature=oembed\" frameborder=\"0\" allow=\"accelerometer; autoplay; clipboard-write; encrypted-media; gyroscope; picture-in-picture; web-share\" referrerpolicy=\"strict-origin-when-cross-origin\" allowfullscreen><\/iframe>\n<\/div><\/figure>\n\n\n\n<p>(&#8230;)<\/p>\n\n\n\n<h2 class=\"has-medium-font-size wp-block-heading\">Revenir au chapitre<em> <a href=\"https:\/\/mecahealth.com\/?page_id=184\" data-type=\"page\" data-id=\"184\">Mouvements<\/a> <\/em>ou \u00e0 la page <em><a href=\"https:\/\/mecahealth.com\/?page_id=428\" data-type=\"page\" data-id=\"428\">Marcher<\/a>        <\/em>                                                                                                                                                                                                                                                                                                                                                                                                                                                                                                                                                                                                                                                                                                                                                                                                                                                                                                                                                                                                                                                                                                                                                                                                                                                                                                                                                                                                                                                                                                                                             <\/h2>\n","protected":false},"excerpt":{"rendered":"<p>Attention \u00e0 lire les consignes avant de lire toute page d&rsquo;un site sant\u00e9 ! Changement rapide naturel Lorsque nous changement brutalement de direction sans devoir y r\u00e9fl\u00e9chir, nous tournerons sur la pointe des pieds du c\u00f4t\u00e9 du pied arri\u00e8re. Cela devrait se faire automatiquement \u00e0 plus faible vitesse en s&rsquo;inspirant<a href=\"https:\/\/mecahealth.com\/?page_id=2034\" class=\"read-more\">Read More&#8230;<\/a><\/p>\n","protected":false},"author":1,"featured_media":0,"parent":0,"menu_order":0,"comment_status":"closed","ping_status":"closed","template":"","meta":{"footnotes":""},"class_list":["post-2034","page","type-page","status-publish","hentry"],"jetpack_sharing_enabled":true,"_links":{"self":[{"href":"https:\/\/mecahealth.com\/index.php?rest_route=\/wp\/v2\/pages\/2034","targetHints":{"allow":["GET"]}}],"collection":[{"href":"https:\/\/mecahealth.com\/index.php?rest_route=\/wp\/v2\/pages"}],"about":[{"href":"https:\/\/mecahealth.com\/index.php?rest_route=\/wp\/v2\/types\/page"}],"author":[{"embeddable":true,"href":"https:\/\/mecahealth.com\/index.php?rest_route=\/wp\/v2\/users\/1"}],"replies":[{"embeddable":true,"href":"https:\/\/mecahealth.com\/index.php?rest_route=%2Fwp%2Fv2%2Fcomments&post=2034"}],"version-history":[{"count":4,"href":"https:\/\/mecahealth.com\/index.php?rest_route=\/wp\/v2\/pages\/2034\/revisions"}],"predecessor-version":[{"id":4703,"href":"https:\/\/mecahealth.com\/index.php?rest_route=\/wp\/v2\/pages\/2034\/revisions\/4703"}],"wp:attachment":[{"href":"https:\/\/mecahealth.com\/index.php?rest_route=%2Fwp%2Fv2%2Fmedia&parent=2034"}],"curies":[{"name":"wp","href":"https:\/\/api.w.org\/{rel}","templated":true}]}}