{"id":2,"date":"2019-06-19T13:25:29","date_gmt":"2019-06-19T11:25:29","guid":{"rendered":"http:\/\/mecahealth.com\/?page_id=2"},"modified":"2023-02-22T22:50:24","modified_gmt":"2023-02-22T21:50:24","slug":"introduction","status":"publish","type":"page","link":"https:\/\/mecahealth.com\/?page_id=2","title":{"rendered":"Introduction"},"content":{"rendered":"\n<figure class=\"wp-block-image size-full is-resized is-style-rounded\"><img loading=\"lazy\" decoding=\"async\" src=\"https:\/\/mecahealth.com\/wp-content\/uploads\/2019\/07\/cropped-cropped-Logo-2015-noir-1.jpg\" alt=\"\" class=\"wp-image-2491\" width=\"330\" height=\"330\" srcset=\"https:\/\/mecahealth.com\/wp-content\/uploads\/2019\/07\/cropped-cropped-Logo-2015-noir-1.jpg 512w, https:\/\/mecahealth.com\/wp-content\/uploads\/2019\/07\/cropped-cropped-Logo-2015-noir-1-300x300.jpg 300w, https:\/\/mecahealth.com\/wp-content\/uploads\/2019\/07\/cropped-cropped-Logo-2015-noir-1-150x150.jpg 150w, https:\/\/mecahealth.com\/wp-content\/uploads\/2019\/07\/cropped-cropped-Logo-2015-noir-1-270x270.jpg 270w, https:\/\/mecahealth.com\/wp-content\/uploads\/2019\/07\/cropped-cropped-Logo-2015-noir-1-192x192.jpg 192w, https:\/\/mecahealth.com\/wp-content\/uploads\/2019\/07\/cropped-cropped-Logo-2015-noir-1-180x180.jpg 180w, https:\/\/mecahealth.com\/wp-content\/uploads\/2019\/07\/cropped-cropped-Logo-2015-noir-1-32x32.jpg 32w\" sizes=\"auto, (max-width: 330px) 100vw, 330px\" \/><\/figure>\n\n\n\n<h2 class=\"has-medium-font-size wp-block-heading\">Formations depuis 1996<\/h2>\n\n\n\n<p class=\"has-medium-font-size\">Parce qu&rsquo;une prise en charge th\u00e9rapeutique ne peut se faire sans que le patient ne soit bien inform\u00e9 sur les causes physiques voire psychotechniques de ses maux, le pr\u00e9sident fondateur, kin\u00e9sith\u00e9rapeute, d\u00e9marra des formations en entreprise et dans des \u00e9coles d\u00e8s 1996 ; l&rsquo;asbl sera fond\u00e9e ensuite en novembre 2002.<\/p>\n\n\n\n<blockquote class=\"wp-block-quote has-text-align-right is-layout-flow wp-block-quote-is-layout-flow\">\n<p class=\"has-medium-font-size\"><em>Se faire du bien c&rsquo;est avant tout \u00e9viter de se faire du tort<\/em><\/p>\n<cite>Fr\u00e9d\u00e9ric Li\u00e9geois<\/cite><\/blockquote>\n\n\n\n<p class=\"has-medium-font-size\">L&rsquo;asbl a pour vocation d&rsquo;informer les potentiels patients des mesures pr\u00e9ventives en sant\u00e9 physique voire psychique. Elle a donc publi\u00e9 de nombreuses informations via son site (cfr. <a href=\"https:\/\/mecahealth.com\/?page_id=61\" data-type=\"page\" data-id=\"61\">1001 conseils, lexique<\/a>), assur\u00e9 des <a href=\"https:\/\/mecahealth.com\/?page_id=146\" data-type=\"page\" data-id=\"146\">formations <\/a>et a entam\u00e9 plusieurs <a href=\"https:\/\/mecahealth.com\/?page_id=149\" data-type=\"page\" data-id=\"149\">recherches scientifiques<\/a>.<\/p>\n\n\n\n<p class=\"has-medium-font-size\">Les actions r\u00e9alis\u00e9es en entreprise ainsi que <a href=\"https:\/\/mecahealth.com\/?page_id=172\" data-type=\"page\" data-id=\"172\">toute aide financi\u00e8re ext\u00e9rieure<\/a> s(er)ont destin\u00e9es \u00e0 pouvoir assurer gratuitement des <a href=\"https:\/\/mecahealth.com\/?page_id=146\" data-type=\"page\" data-id=\"146\">formations<\/a> au sein des \u00e9coles secondaires et universit\u00e9s pour \u00e9viter les maux physiques de demain ainsi que pour former les enseignants \u00e0 une meilleure prise en charge des enfants <em>atypiques<\/em>, former les intervenants dans le cadre de l&rsquo;adoption, etc.<\/p>\n\n\n\n<p>(&#8230;)<\/p>\n\n\n\n<p class=\"has-text-align-center has-medium-font-size\">plus d&rsquo;infos ult\u00e9rieurement ou sur demande par <a href=\"https:\/\/mecahealth.com\/?page_id=95\" data-type=\"page\" data-id=\"95\">mail ou autres supports<\/a> : <\/p>\n\n\n<div class=\"wp-block-image\">\n<figure class=\"aligncenter size-full\"><img loading=\"lazy\" decoding=\"async\" width=\"336\" height=\"192\" src=\"https:\/\/mecahealth.com\/wp-content\/uploads\/2023\/01\/MecaHealth-contacts-1.gif\" alt=\"\" class=\"wp-image-559\"\/><\/figure>\n<\/div>","protected":false},"excerpt":{"rendered":"<p>Formations depuis 1996 Parce qu&rsquo;une prise en charge th\u00e9rapeutique ne peut se faire sans que le patient ne soit bien inform\u00e9 sur les causes physiques voire psychotechniques de ses maux, le pr\u00e9sident fondateur, kin\u00e9sith\u00e9rapeute, d\u00e9marra des formations en entreprise et dans des \u00e9coles d\u00e8s 1996 ; l&rsquo;asbl sera fond\u00e9e ensuite<a href=\"https:\/\/mecahealth.com\/?page_id=2\" class=\"read-more\">Read More&#8230;<\/a><\/p>\n","protected":false},"author":1,"featured_media":0,"parent":0,"menu_order":0,"comment_status":"closed","ping_status":"open","template":"","meta":{"footnotes":""},"class_list":["post-2","page","type-page","status-publish","hentry"],"jetpack_sharing_enabled":true,"_links":{"self":[{"href":"https:\/\/mecahealth.com\/index.php?rest_route=\/wp\/v2\/pages\/2","targetHints":{"allow":["GET"]}}],"collection":[{"href":"https:\/\/mecahealth.com\/index.php?rest_route=\/wp\/v2\/pages"}],"about":[{"href":"https:\/\/mecahealth.com\/index.php?rest_route=\/wp\/v2\/types\/page"}],"author":[{"embeddable":true,"href":"https:\/\/mecahealth.com\/index.php?rest_route=\/wp\/v2\/users\/1"}],"replies":[{"embeddable":true,"href":"https:\/\/mecahealth.com\/index.php?rest_route=%2Fwp%2Fv2%2Fcomments&post=2"}],"version-history":[{"count":16,"href":"https:\/\/mecahealth.com\/index.php?rest_route=\/wp\/v2\/pages\/2\/revisions"}],"predecessor-version":[{"id":3866,"href":"https:\/\/mecahealth.com\/index.php?rest_route=\/wp\/v2\/pages\/2\/revisions\/3866"}],"wp:attachment":[{"href":"https:\/\/mecahealth.com\/index.php?rest_route=%2Fwp%2Fv2%2Fmedia&parent=2"}],"curies":[{"name":"wp","href":"https:\/\/api.w.org\/{rel}","templated":true}]}}