{"id":1978,"date":"2023-01-21T22:00:06","date_gmt":"2023-01-21T21:00:06","guid":{"rendered":"https:\/\/mecahealth.com\/?page_id=1978"},"modified":"2024-12-21T10:05:03","modified_gmt":"2024-12-21T09:05:03","slug":"psycho-dominance-initiale","status":"publish","type":"page","link":"https:\/\/mecahealth.com\/?page_id=1978","title":{"rendered":"Psycho : dominance initiale, r\u00e9silience ou confiance"},"content":{"rendered":"\n<p class=\"has-medium-font-size\"><a href=\"https:\/\/mecahealth.com\/?page_id=122\">Attention \u00e0 lire les consignes avant de lire toute page d&rsquo;un site sant\u00e9 !<\/a><\/p>\n\n\n\n<figure class=\"wp-block-image size-full is-style-rounded\"><img loading=\"lazy\" decoding=\"async\" width=\"330\" height=\"330\" src=\"https:\/\/mecahealth.com\/wp-content\/uploads\/2023\/02\/MecaHealth-dominance.jpg\" alt=\"\" class=\"wp-image-2757\" srcset=\"https:\/\/mecahealth.com\/wp-content\/uploads\/2023\/02\/MecaHealth-dominance.jpg 330w, https:\/\/mecahealth.com\/wp-content\/uploads\/2023\/02\/MecaHealth-dominance-300x300.jpg 300w, https:\/\/mecahealth.com\/wp-content\/uploads\/2023\/02\/MecaHealth-dominance-150x150.jpg 150w\" sizes=\"auto, (max-width: 330px) 100vw, 330px\" \/><\/figure>\n\n\n\n<p class=\"has-medium-font-size\">Lorsque les associations en charge de former des chiens d&rsquo;aide, s&rsquo;int\u00e9ressent \u00e0 une port\u00e9e, souvent, ils observent d&rsquo;abord les chiots. Une personne prendra l&rsquo;un puis l&rsquo;autre sous le ventre. La r\u00e9action du chiot une fois soulev\u00e9 permet de d\u00e9terminer le degr\u00e9 de dominance de celui-ci et donc de sa propension \u00e0 devenir chien d&rsquo;aide. Le chiot qui sera effray\u00e9 par cette action ou par des cl\u00e9s tomb\u00e9es au sol sera \u00e9cart\u00e9 d&#8217;embl\u00e9e. Celui qui se d\u00e9bat, qui est consid\u00e9r\u00e9 comme le plus dominant, sera \u00e9galement rejet\u00e9. Seuls les chiots curieux seront g\u00e9n\u00e9ralement maintenus.<\/p>\n\n\n\n<p class=\"has-medium-font-size\">Toute port\u00e9e animale et donc, par extension, humaine apporte d\u00e8s la naissance sa proportion de dominance. Cette proportion induit d\u00e8s les premi\u00e8res semaines de l&rsquo;enfant une mani\u00e8re d&rsquo;aborder les difficult\u00e9s du quotidien et de trouver sa place dans les <em><a href=\"https:\/\/mecahealth.com\/?page_id=5892\" data-type=\"page\" data-id=\"5892\">diff\u00e9rents clans<\/a><\/em> (famille, \u00e9coles) en partie d\u00e9crits dans la page <a href=\"https:\/\/mecahealth.com\/?page_id=1974\" data-type=\"page\" data-id=\"1974\"><em>\u00catres ou animaux gr\u00e9gaires<\/em><\/a>.<\/p>\n\n\n\n<p class=\"has-medium-font-size\">Etant donn\u00e9 l&rsquo;intellectualisation de notre Soci\u00e9t\u00e9 et la conscience progressive d&rsquo;une plus grande \u00e9galit\u00e9, l&rsquo;effet de la dominance se dissipe en grande partie au cours de l&rsquo;\u00e9ducation et de la sociabilisation mais pas totalement. Elle se traduit chez l&rsquo;humain par ce qui est appel\u00e9 en fin de compte par certains, le caract\u00e8re et pour d&rsquo;autres, la <a href=\"https:\/\/mecahealth.com\/?page_id=2296\" data-type=\"page\" data-id=\"2296\">confiance en soi<\/a>. En fonction de nombreux param\u00e8tres dont la p\u00e9dagogie utilis\u00e9e par les parents et durant la scolarit\u00e9, en fonction des diff\u00e9rentes rencontres et situations de vie, celle-ci prendra diff\u00e9rentes formes et proportions (voir <a href=\"https:\/\/mecahealth.com\/?page_id=5003\" data-type=\"page\" data-id=\"5003\">page <em>Sous influences<\/em><\/a>). <strong>La confiance en soi tout comme <a href=\"https:\/\/mecahealth.com\/?page_id=6387\" data-type=\"page\" data-id=\"6387\">la r\u00e9silience<\/a> seraient donc d&rsquo;abord une situation inn\u00e9e avant d&rsquo;\u00eatre modifi\u00e9e par les acquis<\/strong> expliquant de ce fait que, dans un m\u00eame contexte (av\u00e9r\u00e9), le parcours pour <a href=\"https:\/\/mecahealth.com\/?page_id=2748\" data-type=\"page\" data-id=\"2748\">parvenir \u00e0 un \u00e9quilibre<\/a> sera plus ou moins long.<\/p>\n\n\n\n<p><\/p>\n\n\n\n<p class=\"has-medium-font-size\">Sur cette base, nous vous donnerons ult\u00e9rieurement plus de d\u00e9tails expliquant ces points de vue et les parcours nous permettant d&rsquo;arriver \u00e0 de telles conclusions et \u00e0 l&rsquo;int\u00e9r\u00eat de relever cet axe pour toute th\u00e9rapie psychique ou recherche de bien-\u00eatre (&#8230;)<\/p>\n\n\n\n<h2 class=\"wp-block-heading has-medium-font-size\">Les dominances chez l&rsquo;animal peuvent se r\u00e9partir en cat\u00e9gories<\/h2>\n\n\n\n<p class=\"has-medium-font-size\">L&rsquo;intellectualisation de notre Soci\u00e9t\u00e9 et les acquis nous permettent une modification de ces comportements mais pas forc\u00e9ment&#8230;<\/p>\n\n\n\n<h2 class=\"wp-block-heading has-medium-font-size\">\u00e0 suivre prochainement<\/h2>\n\n\n\n<ul class=\"has-medium-font-size wp-block-list\">\n<li>Dominance sage<\/li>\n\n\n\n<li>Dominance agressive (ou volont\u00e9 de domination) en rapport ou non avec la <a href=\"https:\/\/mecahealth.com\/?page_id=5847\" data-type=\"page\" data-id=\"5847\">personnalit\u00e9 narcissique<\/a><\/li>\n\n\n\n<li>Dominance \u00e9clair\u00e9e<\/li>\n\n\n\n<li>&#8230;<\/li>\n<\/ul>\n\n\n\n<p>(&#8230;)<\/p>\n\n\n\n<h2 class=\"wp-block-heading has-medium-font-size\"><span style=\"font-size: var(--wp--preset--font-size--medium) ; color: initial;\"><span style=\"font-size: var(--wp--preset--font-size--medium) ; color: initial;\">Abonnez-vous \u00e0 nos diff\u00e9rentes pages pour \u00eatre averti(s) des nouvelles mises en ligne&#8230;<\/span><\/span><\/h2>\n\n\n\n<p class=\"has-small-font-size\"><a rel=\"noreferrer noopener\" href=\"https:\/\/www.facebook.com\/MecaHealthAsbl\" target=\"_blank\">Facebook MecaHealthAsbl<\/a> &#8211; <a rel=\"noreferrer noopener\" href=\"https:\/\/www.linkedin.com\/company\/mecahealth\/\" target=\"_blank\">Linkedin MecaHealth<\/a> &#8211; <a rel=\"noreferrer noopener\" href=\"https:\/\/www.youtube.com\/channel\/UCJb5g--IGlU6FgQLQKaJljg\" target=\"_blank\">Youtube cha\u00eene MecaHealth<\/a> &#8211; Instagram (pas encore)<\/p>\n\n\n\n<h2 class=\"wp-block-heading has-medium-font-size\">Revenir au chapitre<em> <a href=\"https:\/\/mecahealth.com\/?page_id=180\" data-type=\"URL\" data-id=\"https:\/\/mecahealth.com\/?page_id=180\">Normalit\u00e9<\/a> <\/em>ou au chapitre<em> <a href=\"https:\/\/mecahealth.com\/?page_id=127\" data-type=\"page\" data-id=\"127\">Corps psychique<\/a><\/em><\/h2>\n","protected":false},"excerpt":{"rendered":"<p>Attention \u00e0 lire les consignes avant de lire toute page d&rsquo;un site sant\u00e9 ! Lorsque les associations en charge de former des chiens d&rsquo;aide, s&rsquo;int\u00e9ressent \u00e0 une port\u00e9e, souvent, ils observent d&rsquo;abord les chiots. Une personne prendra l&rsquo;un puis l&rsquo;autre sous le ventre. La r\u00e9action du chiot une fois soulev\u00e9<a href=\"https:\/\/mecahealth.com\/?page_id=1978\" class=\"read-more\">Read More&#8230;<\/a><\/p>\n","protected":false},"author":1,"featured_media":0,"parent":0,"menu_order":0,"comment_status":"closed","ping_status":"closed","template":"","meta":{"footnotes":""},"class_list":["post-1978","page","type-page","status-publish","hentry"],"jetpack_sharing_enabled":true,"_links":{"self":[{"href":"https:\/\/mecahealth.com\/index.php?rest_route=\/wp\/v2\/pages\/1978","targetHints":{"allow":["GET"]}}],"collection":[{"href":"https:\/\/mecahealth.com\/index.php?rest_route=\/wp\/v2\/pages"}],"about":[{"href":"https:\/\/mecahealth.com\/index.php?rest_route=\/wp\/v2\/types\/page"}],"author":[{"embeddable":true,"href":"https:\/\/mecahealth.com\/index.php?rest_route=\/wp\/v2\/users\/1"}],"replies":[{"embeddable":true,"href":"https:\/\/mecahealth.com\/index.php?rest_route=%2Fwp%2Fv2%2Fcomments&post=1978"}],"version-history":[{"count":16,"href":"https:\/\/mecahealth.com\/index.php?rest_route=\/wp\/v2\/pages\/1978\/revisions"}],"predecessor-version":[{"id":7366,"href":"https:\/\/mecahealth.com\/index.php?rest_route=\/wp\/v2\/pages\/1978\/revisions\/7366"}],"wp:attachment":[{"href":"https:\/\/mecahealth.com\/index.php?rest_route=%2Fwp%2Fv2%2Fmedia&parent=1978"}],"curies":[{"name":"wp","href":"https:\/\/api.w.org\/{rel}","templated":true}]}}