{"id":1975,"date":"2023-01-21T20:53:47","date_gmt":"2023-01-21T19:53:47","guid":{"rendered":"https:\/\/mecahealth.com\/?page_id=1975"},"modified":"2025-10-15T08:27:21","modified_gmt":"2025-10-15T06:27:21","slug":"psycho-genophilie","status":"publish","type":"page","link":"https:\/\/mecahealth.com\/?page_id=1975","title":{"rendered":"Psycho : g\u00e9nophilie"},"content":{"rendered":"\n<p class=\"has-small-font-size\"><a href=\"https:\/\/mecahealth.com\/?page_id=122\">Attention \u00e0 lire les consignes avant de lire toute page d&rsquo;un site sant\u00e9 !<\/a><\/p>\n\n\n\n<figure class=\"wp-block-image size-full is-resized is-style-rounded\"><img loading=\"lazy\" decoding=\"async\" width=\"1024\" height=\"1024\" src=\"https:\/\/mecahealth.com\/wp-content\/uploads\/2025\/10\/MecaHealth-psycho-genophilie-III.png\" alt=\"\" class=\"wp-image-8201\" style=\"width:330px\" srcset=\"https:\/\/mecahealth.com\/wp-content\/uploads\/2025\/10\/MecaHealth-psycho-genophilie-III.png 1024w, https:\/\/mecahealth.com\/wp-content\/uploads\/2025\/10\/MecaHealth-psycho-genophilie-III-300x300.png 300w, https:\/\/mecahealth.com\/wp-content\/uploads\/2025\/10\/MecaHealth-psycho-genophilie-III-150x150.png 150w, https:\/\/mecahealth.com\/wp-content\/uploads\/2025\/10\/MecaHealth-psycho-genophilie-III-768x768.png 768w\" sizes=\"auto, (max-width: 1024px) 100vw, 1024px\" \/><\/figure>\n\n\n\n<p class=\"has-medium-font-size\">M\u00eame s&rsquo;il est dangereux de r\u00e9sumer des \u00e9l\u00e9ments complexes, surtout dans le cadre de la sant\u00e9 mentale, nous devons aborder plusieurs points de sociologie que nous devrons \u00e9courter pour l&rsquo;instant. La <em>g\u00e9nophilie, <\/em>terme personnel de Monsieur Li\u00e9geois Fr\u00e9d\u00e9ric, est le fait d&rsquo;accorder de l&rsquo;importance aux g\u00eanes dans les familles, dans la Soci\u00e9t\u00e9 mais indirectement \u00e0 notre histoire et \u00e0 notre Histoire.<\/p>\n\n\n\n<p class=\"has-medium-font-size\">Nous devons souligner \u00e0 quel point cet \u00e9l\u00e9ment est fondamental dans la construction identitaire et \u00e0 quel point, s&rsquo;il s&rsquo;av\u00e8re le ciment de certaines familles dont <a href=\"https:\/\/mecahealth.com\/?page_id=7048\" data-type=\"page\" data-id=\"7048\">la parentalit\u00e9 est plus ou moins bonne<\/a>, il peut \u00eatre, parmi les <a href=\"https:\/\/mecahealth.com\/?page_id=5003\" data-type=\"page\" data-id=\"5003\">diff\u00e9rentes influences<\/a>, la source principale de troubles psychiques dans d&rsquo;autres qui ne suivent pas le sch\u00e9ma le plus courant (consid\u00e9r\u00e9 comme normal par certains).<\/p>\n\n\n\n<p class=\"has-medium-font-size\">Nous vous invitons \u00e0 lire la page <em><a href=\"https:\/\/mecahealth.com\/?page_id=5402\" data-type=\"page\" data-id=\"5402\">Mots qui blessent<\/a><\/em> avant de lire ce qui suit notamment pour comprendre une partie de notre insistance \u00e0 limiter l&rsquo;usage de certains mots li\u00e9s \u00e0 ladite <em>g\u00e9nophilie<\/em>. <\/p>\n\n\n\n<p class=\"has-medium-font-size\">Notre animalit\u00e9 nous pousse initialement \u00e0 accorder de l&rsquo;importance \u00e0 notre descendance g\u00e9n\u00e9tique (voire \u00e0 exclure la descendance de l&rsquo;Autre) mais la vid\u00e9o ci-dessous (et celles en lien avec celle-ci) nous montre \u00e0 quel point cela devrait \u00eatre inutile. Nous pouvons d\u00e9fendre notre culture mais certainement pas nos g\u00e8nes. <\/p>\n\n\n\n<p class=\"has-medium-font-size\"><em>N&rsquo;abonne pas ta vision culturelle mais n&rsquo;abandonne pas non plus ta vision naturelle &#8230;<a href=\"https:\/\/mecahealth.com\/?page_id=4337\" data-type=\"page\" data-id=\"4337\">si tu es empathe<\/a>.<\/em><\/p>\n\n\n\n<p class=\"has-medium-font-size\">Supprimer cette \u00e9tape de l&rsquo;inconscient collectif permettrait non seulement d&rsquo;\u00e9viter des conflits mais aussi que des enfants ou adultes puissent se (re)construire dans les situations de familles dites moins conventionnelles telle que :<\/p>\n\n\n\n<ul class=\"wp-block-list has-medium-font-size\">\n<li>familles divorc\u00e9es dans lesquelles il y a ou non recomposition des m\u00e9nages<\/li>\n\n\n\n<li>familles monoparentales dans laquelle un beau-p\u00e8re ou belle-m\u00e8re potentielle souhaite apporter l&rsquo;amour que le g\u00e9niteur manquant n&rsquo;a pas souhait\u00e9 donner<\/li>\n\n\n\n<li>familles adoptives dans lesquelles l&rsquo;adopt\u00e9 se centre sur l&rsquo;abandon plus que l&rsquo;amour re\u00e7u (voir <a href=\"https:\/\/mecahealth.com\/?page_id=7031\">Adoption suicidaire<\/a>)<\/li>\n\n\n\n<li>g\u00e9niteurs confiant leur prog\u00e9niture<\/li>\n\n\n\n<li>familles dans laquelle un <em>\u00e9cart <\/em>\u00e0 entra\u00een\u00e9 la naissance d&rsquo;un enfant <em>non g\u00e9nophilique<\/em> d&rsquo;un des 2 parents<\/li>\n\n\n\n<li>enfants issus de l&rsquo;ins\u00e9mination<\/li>\n\n\n\n<li>familles de parents homosexuels<\/li>\n\n\n\n<li>&#8230;<\/li>\n\n\n\n<li class=\"has-small-font-size\"><a rel=\"noreferrer noopener\" href=\"https:\/\/www.nationalgeographic.fr\/animaux\/2019\/04\/comment-les-lionnes-dasie-protegent-elles-leurs-petits-des-males-infanticides\" target=\"_blank\">la lionne qui a compris comment \u00e9viter de voir ses petits tu\u00e9s (comprenne qui pourra&#8230;)<\/a><\/li>\n<\/ul>\n\n\n\n<p class=\"has-medium-font-size\">Nous nous contenterons de quelques pages pour l&rsquo;instant mais sans doute, que les \u00e9crits parall\u00e8les et restant \u00e0 \u00e9crire pourraient remplir le contenu fig\u00e9 de quelques livres.<\/p>\n\n\n\n<p class=\"has-medium-font-size\">La g\u00e9nophilie concerne aussi notre regard sur la transidentit\u00e9 aussi bien celui des opposants que celui des partisans mais dans un sens que nous d\u00e9velopperons ult\u00e9rieurement pour tenter de lutter contre les <a href=\"https:\/\/mecahealth.com\/?page_id=8113\" data-type=\"page\" data-id=\"8113\">statistiques d\u00e9plorables en sant\u00e9 mentale (&#8230;<\/a>).<\/p>\n\n\n\n<p class=\"has-medium-font-size\"><strong>Attention<\/strong>, cette vid\u00e9o et bien d&rsquo;autres font l&rsquo;apologie inconsciente parfois d&rsquo;<strong>une des plus grande arnaque de r\u00e9coltes de donn\u00e9es<\/strong>. <a href=\"https:\/\/auvio.rtbf.be\/media\/adn-business-la-face-cachee-des-tests-grand-public-des-tests-en-libre-service-aux-methodes-douteuses-3299173\">Demander vos donn\u00e9es g\u00e9n\u00e9tiques dans des tests non m\u00e9dicaux profitent financi\u00e8rement \u00e0 d&rsquo;autres (voir le reportage)<\/a>.<\/p>\n\n\n\n<p class=\"has-small-font-size\">Ecoutez cette musique pour comprendre les besoins d&rsquo;un abandon partiel de la g\u00e9nophilie : <em>Y&rsquo;a pas que les g\u00e8nes qui font les familles<\/em> (Vianney)<\/p>\n\n\n\n<figure class=\"wp-block-embed is-type-rich is-provider-spotify wp-block-embed-spotify wp-embed-aspect-21-9 wp-has-aspect-ratio\"><div class=\"wp-block-embed__wrapper\">\n<iframe title=\"Spotify Embed: beau-papa\" style=\"border-radius: 12px\" width=\"100%\" height=\"152\" frameborder=\"0\" allowfullscreen allow=\"autoplay; clipboard-write; encrypted-media; fullscreen; picture-in-picture\" loading=\"lazy\" src=\"https:\/\/open.spotify.com\/embed\/track\/5wXkbtZO1HsOQ1P75zi35p?si=9023b5360b3e43c9&#038;utm_source=oembed\"><\/iframe>\n<\/div><\/figure>\n\n\n\n<figure class=\"wp-block-embed is-type-video is-provider-youtube wp-block-embed-youtube wp-embed-aspect-16-9 wp-has-aspect-ratio\"><div class=\"wp-block-embed__wrapper\">\n<iframe loading=\"lazy\" title=\"momondo - The DNA Journey feat. Ellaha\" width=\"600\" height=\"338\" src=\"https:\/\/www.youtube.com\/embed\/7mqWYuKvbXY?start=7&#038;feature=oembed\" frameborder=\"0\" allow=\"accelerometer; autoplay; clipboard-write; encrypted-media; gyroscope; picture-in-picture; web-share\" referrerpolicy=\"strict-origin-when-cross-origin\" allowfullscreen><\/iframe>\n<\/div><\/figure>\n\n\n\n<p>(&#8230;)<\/p>\n\n\n\n<h2 class=\"wp-block-heading has-medium-font-size\"><span style=\"font-size: var(--wp--preset--font-size--medium) ; color: initial;\"><span style=\"font-size: var(--wp--preset--font-size--medium) ; color: initial;\">Abonnez-vous sur nos diff\u00e9rentes pages pour \u00eatre averti(s) des nouvelles mises en ligne&#8230;<\/span><\/span><\/h2>\n\n\n\n<p class=\"has-small-font-size\"><a rel=\"noreferrer noopener\" href=\"https:\/\/www.facebook.com\/MecaHealthAsbl\" target=\"_blank\">Facebook MecaHealthAsbl<\/a> &#8211; <a rel=\"noreferrer noopener\" href=\"https:\/\/www.linkedin.com\/company\/mecahealth\/\" target=\"_blank\">Linkedin MecaHealth<\/a> &#8211; <a rel=\"noreferrer noopener\" href=\"https:\/\/www.youtube.com\/channel\/UCJb5g--IGlU6FgQLQKaJljg\" target=\"_blank\">Youtube cha\u00eene MecaHealth<\/a> &#8211; Instagram (pas encore)<\/p>\n\n\n\n<h2 class=\"wp-block-heading has-medium-font-size\">Revenir au chapitre <em><a href=\"https:\/\/mecahealth.com\/?page_id=180\" data-type=\"page\" data-id=\"180\">Normalit\u00e9<\/a><\/em> ou<em> <a href=\"https:\/\/mecahealth.com\/?page_id=127\" data-type=\"page\" data-id=\"127\">Corps psychique<\/a><\/em><\/h2>\n","protected":false},"excerpt":{"rendered":"<p>Attention \u00e0 lire les consignes avant de lire toute page d&rsquo;un site sant\u00e9 ! M\u00eame s&rsquo;il est dangereux de r\u00e9sumer des \u00e9l\u00e9ments complexes, surtout dans le cadre de la sant\u00e9 mentale, nous devons aborder plusieurs points de sociologie que nous devrons \u00e9courter pour l&rsquo;instant. La g\u00e9nophilie, terme personnel de Monsieur<a href=\"https:\/\/mecahealth.com\/?page_id=1975\" class=\"read-more\">Read More&#8230;<\/a><\/p>\n","protected":false},"author":1,"featured_media":0,"parent":0,"menu_order":0,"comment_status":"closed","ping_status":"closed","template":"","meta":{"footnotes":""},"class_list":["post-1975","page","type-page","status-publish","hentry"],"jetpack_sharing_enabled":true,"_links":{"self":[{"href":"https:\/\/mecahealth.com\/index.php?rest_route=\/wp\/v2\/pages\/1975","targetHints":{"allow":["GET"]}}],"collection":[{"href":"https:\/\/mecahealth.com\/index.php?rest_route=\/wp\/v2\/pages"}],"about":[{"href":"https:\/\/mecahealth.com\/index.php?rest_route=\/wp\/v2\/types\/page"}],"author":[{"embeddable":true,"href":"https:\/\/mecahealth.com\/index.php?rest_route=\/wp\/v2\/users\/1"}],"replies":[{"embeddable":true,"href":"https:\/\/mecahealth.com\/index.php?rest_route=%2Fwp%2Fv2%2Fcomments&post=1975"}],"version-history":[{"count":30,"href":"https:\/\/mecahealth.com\/index.php?rest_route=\/wp\/v2\/pages\/1975\/revisions"}],"predecessor-version":[{"id":8327,"href":"https:\/\/mecahealth.com\/index.php?rest_route=\/wp\/v2\/pages\/1975\/revisions\/8327"}],"wp:attachment":[{"href":"https:\/\/mecahealth.com\/index.php?rest_route=%2Fwp%2Fv2%2Fmedia&parent=1975"}],"curies":[{"name":"wp","href":"https:\/\/api.w.org\/{rel}","templated":true}]}}