{"id":1974,"date":"2023-01-21T20:52:31","date_gmt":"2023-01-21T19:52:31","guid":{"rendered":"https:\/\/mecahealth.com\/?page_id=1974"},"modified":"2025-11-10T12:53:41","modified_gmt":"2025-11-10T11:53:41","slug":"psycho-etres-ou-animals-gregaires","status":"publish","type":"page","link":"https:\/\/mecahealth.com\/?page_id=1974","title":{"rendered":"Psycho : \u00eatres ou animaux gr\u00e9gaires"},"content":{"rendered":"\n<p class=\"has-medium-font-size\"><a href=\"https:\/\/mecahealth.com\/?page_id=122\">Attention \u00e0 lire les consignes avant de lire toute page d&rsquo;un site sant\u00e9 !<\/a><\/p>\n\n\n\n<figure class=\"wp-block-image size-full is-style-rounded\"><img loading=\"lazy\" decoding=\"async\" width=\"330\" height=\"330\" src=\"https:\/\/mecahealth.com\/wp-content\/uploads\/2023\/01\/11-2.jpg\" alt=\"\" class=\"wp-image-1997\" srcset=\"https:\/\/mecahealth.com\/wp-content\/uploads\/2023\/01\/11-2.jpg 330w, https:\/\/mecahealth.com\/wp-content\/uploads\/2023\/01\/11-2-300x300.jpg 300w, https:\/\/mecahealth.com\/wp-content\/uploads\/2023\/01\/11-2-150x150.jpg 150w\" sizes=\"auto, (max-width: 330px) 100vw, 330px\" \/><\/figure>\n\n\n\n<p class=\"has-medium-font-size\">La plupart n&rsquo;aiment pas, voire ne supportent pas, d&rsquo;entendre ou tout simplement d&rsquo;imaginer, que la plupart de nos comportements, m\u00eame s&rsquo;ils sont intellectualis\u00e9s et soumis \u00e0 de <a href=\"https:\/\/mecahealth.com\/?page_id=5003\" data-type=\"page\" data-id=\"5003\">nombreuses influences<\/a>, sont issus de notre identit\u00e9 animale et des <a href=\"https:\/\/mecahealth.com\/?page_id=1978\" data-type=\"page\" data-id=\"1978\">proportions initiales de dominance<\/a>.<\/p>\n\n\n\n<p class=\"has-medium-font-size\">Nos comportements initiaux puis g\u00e9n\u00e9raux sont influenc\u00e9s principalement par notre besoin gr\u00e9gaire (besoin de vivre en groupe voire d&rsquo;appartenir \u00e0 un clan). Le besoin gr\u00e9gaire, sans doute pour ne pas reconna\u00eetre son appartenance animale, a \u00e9t\u00e9 appel\u00e9 par certains intellectuels, le besoin de reconnaissance (<a href=\"https:\/\/mecahealth.com\/?page_id=5885\" data-type=\"page\" data-id=\"5885\">peur de l&rsquo;exclusion sociale<\/a>)<\/p>\n\n\n\n<p class=\"has-medium-font-size\">Notre besoin de reconnaissance au clan survient tr\u00e8s t\u00f4t. Nous tenterons d&rsquo;\u00eatre reconnu d\u00e8s les premi\u00e8res semaines de vie et donc d&rsquo;\u00eatre aim\u00e9 de nos parents et de notre <em>petite famille<\/em>. Nous consid\u00e9rerons ici, ce premier cercle familial comme <a href=\"https:\/\/mecahealth.com\/?page_id=5892\" data-type=\"page\" data-id=\"5892\">le rang 1<\/a>. Selon le mode de fonctionnement de celui-ci, nous chercherons \u00e0 appartenir au clan suivant de mani\u00e8re plus ou moins prononc\u00e9e. Ce clan est celui de la famille \u00e9largie et\/ou des amis des parents (rang 2).<\/p>\n\n\n\n<p class=\"has-medium-font-size\">Si nous ne sommes pas <em>castr\u00e9s <\/em>par l&rsquo;incomp\u00e9tence psycho-affective ou la <a href=\"https:\/\/mecahealth.com\/?page_id=5847\" data-type=\"page\" data-id=\"5847\">perversion narcissique<\/a> parentale, nous tenterons de plaire et d&rsquo;\u00eatre reconnu dans une proportion normale au rang suivant, celui de l&rsquo;\u00e9cole puis plus tard du bureau. Ce que nous appellerons donc, <a href=\"https:\/\/mecahealth.com\/?page_id=5892\" data-type=\"page\" data-id=\"5892\">le rang 3<\/a>.<\/p>\n\n\n\n<p class=\"has-medium-font-size\">De ce besoin gr\u00e9gaire et de l&rsquo;analyse de centaines de situations, nous pouvons d\u00e9j\u00e0 tirer certaines conclusions. Nous ne les relevons pas encore tous ici pour les besoins de neutralit\u00e9 de ce que nous <a href=\"https:\/\/mecahealth.com\/?page_id=149\" data-type=\"page\" data-id=\"149\">pr\u00e9parons comme recherches<\/a>.<\/p>\n\n\n\n<p class=\"has-medium-font-size\">C&rsquo;est en partie de ce besoin gr\u00e9gaire, que beaucoup de personnes maintiendront des <a href=\"https:\/\/mecahealth.com\/?page_id=6134\" data-type=\"page\" data-id=\"6134\">relations toxiques<\/a> avec leur famille et d&rsquo;autant plus que la Soci\u00e9t\u00e9 induit une <a href=\"https:\/\/mecahealth.com\/?page_id=1975\" data-type=\"page\" data-id=\"1975\">certaine g\u00e9nophilie<\/a> (&#8230;), s&rsquo;attacheront \u00e0 la personne absente apr\u00e8s rupture, tant qu&rsquo;enfant de famille monoparentale que dans le cadre de l&rsquo;adoption, pour \u00eatre reconnu au d\u00e9triment parfois de l&rsquo;amour re\u00e7u des parents <a href=\"https:\/\/mecahealth.com\/?page_id=5402\" data-type=\"page\" data-id=\"5402\">dits adoptifs (&#8230;)<\/a>.<\/p>\n\n\n\n<p class=\"has-medium-font-size\">Nous esp\u00e9rons vous transmettre le fruit de celles-ci et nos conclusions au plus t\u00f4t vu l&rsquo;urgence en sant\u00e9 mentale dans diff\u00e9rents secteurs ou chez certains profils. Ce que nous pouvons en dire, c&rsquo;est que c&rsquo;est de ce besoin d&rsquo;appartenance que nous tirons notre volont\u00e9 de nous rassembler en cherchant <em>nos paires<\/em> (<a href=\"https:\/\/mecahealth.com\/?page_id=6719\">au jargon professionnel<\/a> dans certains cas) et \u00e0 suivre des voies qui peuvent para\u00eetre \u00e9tranges, inhabituelles voire dangereuses pour d&rsquo;autres. Ces d\u00e9rives sont notamment tr\u00e8s bien analys\u00e9es dans les podcasts de <em><a data-type=\"URL\" data-id=\"https:\/\/open.spotify.com\/show\/4j5ZAz47NbAgO2HyA30kPo?si=c9343d003921421d\" href=\"https:\/\/open.spotify.com\/show\/4j5ZAz47NbAgO2HyA30kPo?si=c9343d003921421d\" target=\"_blank\" rel=\"noreferrer noopener\">M\u00e9ta de Choc<\/a><\/em> de l&rsquo;ind\u00e9pendante <a href=\"https:\/\/www.linkedin.com\/in\/elisabeth-feytit\/\" target=\"_blank\" rel=\"noreferrer noopener\">Elisabeth Feytit<\/a>.<\/p>\n\n\n\n<p class=\"has-medium-font-size\">\u00e0 suivre donc prochainement<\/p>\n\n\n\n<p>(&#8230;)<\/p>\n\n\n\n<h2 class=\"wp-block-heading has-medium-font-size\"><span style=\"font-size: var(--wp--preset--font-size--medium) ; color: initial;\"><span style=\"font-size: var(--wp--preset--font-size--medium) ; color: initial;\">Abonnez-vous \u00e0 nos diff\u00e9rentes pages pour \u00eatre averti(s) des nouvelles mises en ligne&#8230;<\/span><\/span><\/h2>\n\n\n\n<p class=\"has-small-font-size\"><a rel=\"noreferrer noopener\" href=\"https:\/\/www.facebook.com\/MecaHealthAsbl\" target=\"_blank\">Facebook MecaHealth Asbl<\/a> &#8211; <a rel=\"noreferrer noopener\" href=\"https:\/\/www.linkedin.com\/company\/mecahealth\/\" target=\"_blank\">Linkedin MecaHealth<\/a> &#8211; <a rel=\"noreferrer noopener\" href=\"https:\/\/www.youtube.com\/channel\/UCJb5g--IGlU6FgQLQKaJljg\" target=\"_blank\">Youtube cha\u00eene MecaHealth<\/a> &#8211; Instagram (pas encore)<\/p>\n\n\n\n<h2 class=\"wp-block-heading has-medium-font-size\">Revenir au chapitre<em> <a href=\"https:\/\/mecahealth.com\/?page_id=127\">Corps psychique<\/a><\/em><\/h2>\n\n\n\n<p><\/p>\n","protected":false},"excerpt":{"rendered":"<p>Attention \u00e0 lire les consignes avant de lire toute page d&rsquo;un site sant\u00e9 ! La plupart n&rsquo;aiment pas, voire ne supportent pas, d&rsquo;entendre ou tout simplement d&rsquo;imaginer, que la plupart de nos comportements, m\u00eame s&rsquo;ils sont intellectualis\u00e9s et soumis \u00e0 de nombreuses influences, sont issus de notre identit\u00e9 animale et<a href=\"https:\/\/mecahealth.com\/?page_id=1974\" class=\"read-more\">Read More&#8230;<\/a><\/p>\n","protected":false},"author":1,"featured_media":0,"parent":0,"menu_order":0,"comment_status":"closed","ping_status":"closed","template":"","meta":{"footnotes":""},"class_list":["post-1974","page","type-page","status-publish","hentry"],"jetpack_sharing_enabled":true,"_links":{"self":[{"href":"https:\/\/mecahealth.com\/index.php?rest_route=\/wp\/v2\/pages\/1974","targetHints":{"allow":["GET"]}}],"collection":[{"href":"https:\/\/mecahealth.com\/index.php?rest_route=\/wp\/v2\/pages"}],"about":[{"href":"https:\/\/mecahealth.com\/index.php?rest_route=\/wp\/v2\/types\/page"}],"author":[{"embeddable":true,"href":"https:\/\/mecahealth.com\/index.php?rest_route=\/wp\/v2\/users\/1"}],"replies":[{"embeddable":true,"href":"https:\/\/mecahealth.com\/index.php?rest_route=%2Fwp%2Fv2%2Fcomments&post=1974"}],"version-history":[{"count":28,"href":"https:\/\/mecahealth.com\/index.php?rest_route=\/wp\/v2\/pages\/1974\/revisions"}],"predecessor-version":[{"id":8417,"href":"https:\/\/mecahealth.com\/index.php?rest_route=\/wp\/v2\/pages\/1974\/revisions\/8417"}],"wp:attachment":[{"href":"https:\/\/mecahealth.com\/index.php?rest_route=%2Fwp%2Fv2%2Fmedia&parent=1974"}],"curies":[{"name":"wp","href":"https:\/\/api.w.org\/{rel}","templated":true}]}}