{"id":1973,"date":"2023-02-06T20:52:57","date_gmt":"2023-02-06T19:52:57","guid":{"rendered":"https:\/\/mecahealth.com\/?page_id=1973"},"modified":"2023-12-04T02:51:40","modified_gmt":"2023-12-04T01:51:40","slug":"psycho-comparaison","status":"publish","type":"page","link":"https:\/\/mecahealth.com\/?page_id=1973","title":{"rendered":"Psycho : comparaison"},"content":{"rendered":"\n<p class=\"has-medium-font-size\"><a href=\"https:\/\/mecahealth.com\/?page_id=122\">Attention \u00e0 lire les consignes avant de lire toute page d&rsquo;un site sant\u00e9 !<\/a><\/p>\n\n\n\n<figure class=\"wp-block-image size-full is-style-rounded\"><img loading=\"lazy\" decoding=\"async\" width=\"330\" height=\"330\" src=\"https:\/\/mecahealth.com\/wp-content\/uploads\/2023\/01\/10-3.jpg\" alt=\"\" class=\"wp-image-2010\" srcset=\"https:\/\/mecahealth.com\/wp-content\/uploads\/2023\/01\/10-3.jpg 330w, https:\/\/mecahealth.com\/wp-content\/uploads\/2023\/01\/10-3-300x300.jpg 300w, https:\/\/mecahealth.com\/wp-content\/uploads\/2023\/01\/10-3-150x150.jpg 150w\" sizes=\"auto, (max-width: 330px) 100vw, 330px\" \/><\/figure>\n\n\n\n<h2 class=\"wp-block-heading has-medium-font-size\"><em>La comparaison c&rsquo;est le chemin de la tristesse<\/em> (P-E Schmidt : Sous-couverture RTBF)<\/h2>\n\n\n\n<p class=\"has-medium-font-size\">Ce que nous ressentons d\u00e9pend de nombreux facteurs inn\u00e9s telle que nos <a href=\"https:\/\/mecahealth.com\/?page_id=4337\" data-type=\"page\" data-id=\"4337\">capacit\u00e9s initiales<\/a> et notre <a href=\"https:\/\/mecahealth.com\/?page_id=1978\" data-type=\"page\" data-id=\"1978\">dominance originelle<\/a> et de bien d&rsquo;autres acquis. Les acquis d\u00e9pendent principalement de la confiance \u00e9tablie (voire <a href=\"https:\/\/mecahealth.com\/?page_id=5847\" data-type=\"page\" data-id=\"5847\"><em>surconfiance<\/em><\/a>) par le <a href=\"https:\/\/mecahealth.com\/?page_id=5892\" data-type=\"page\" data-id=\"5892\">rang 1 et 2 parfois.<\/a> surtout tout comme la position dans le rang 1, etc. <\/p>\n\n\n\n<h2 class=\"wp-block-heading has-medium-font-size\">Avoir ou \u00eatre &#8211; poss\u00e9der ou s&rsquo;int\u00e9resser ?<\/h2>\n\n\n\n<p class=\"has-medium-font-size\">Tel un animal en recherche de territoire, notre penchant \u00e0 dominer nous apporte naturellement \u00e0 vouloir acqu\u00e9rir ce dont l&rsquo;autre dispose. Etant donn\u00e9 que l&rsquo;animal humain est en surnombre aux 4 coins de la plan\u00e8te, la conqu\u00eate du territoire s&rsquo;est en partie estomp\u00e9e et avons chercher \u00e0 d\u00e9velopper d&rsquo;autres acquisitions. <a rel=\"noreferrer noopener\" href=\"https:\/\/fr.wiktionary.org\/wiki\/l%E2%80%99herbe_est_plus_verte_ailleurs\" target=\"_blank\"><em>L&rsquo;herbe est toujours plus verte ailleurs&#8230;<\/em><\/a><\/p>\n\n\n\n<p class=\"has-medium-font-size\"><a href=\"https:\/\/mecahealth.com\/?page_id=4337\" data-type=\"page\" data-id=\"4337\">L&rsquo;intelligence \u00e9motionnelle et l&#8217;empathie<\/a> avec un brin de sagesse nous permettent d&rsquo;\u00e9viter en principe de tomber dans cette d\u00e9pendance \u00e0 l&rsquo;Avoir qui n&rsquo;apporte que souffrance (nous parlons bien de la d\u00e9pendance et non du fait de disposer d&rsquo;un minimum de biens et de confort).<\/p>\n\n\n\n<p class=\"has-medium-font-size\">Seulement l&rsquo;intellectualisation de notre animalit\u00e9 nous a vraisemblablement conduit \u00e0 chercher \u00e0 acqu\u00e9rir l&rsquo;immat\u00e9riel \u00e9galement. Nous comparons ce qui sera d\u00e9finit par l&rsquo;Autre comme ce qui est \u00catre ou bonheur notamment parce que certains exemples sont parfois int\u00e9ressants \u00e0 suivre ou peuvent le para\u00eetre : une mode, un comportement, une repr\u00e9sentation du couple et de la famille, un chef d&rsquo;entreprise, etc.<\/p>\n\n\n\n<p class=\"has-medium-font-size\">Par notre <a href=\"https:\/\/mecahealth.com\/?page_id=1974\" data-type=\"page\" data-id=\"1974\">animalit\u00e9 gr\u00e9gaire<\/a>, la majorit\u00e9 des personnes suivra la pens\u00e9e majoritaire qui s&rsquo;est impos\u00e9e naturellement ou parfois par un <a href=\"https:\/\/mecahealth.com\/?page_id=5847\" data-type=\"page\" data-id=\"5847\">manipulateur<\/a> de masse (politique, religieux, ou de <a href=\"https:\/\/mecahealth.com\/?page_id=2205\" data-type=\"page\" data-id=\"2205\">la mode par exemple tel que Karl Lagerfeld<\/a>). En tentant de suivre cette majorit\u00e9 alors qu&rsquo;elle ne correspond pas \u00e0 nos attentes mais qu&rsquo;elle assure notre appartenance \u00e0 un <a href=\"https:\/\/mecahealth.com\/?page_id=5892\" data-type=\"page\" data-id=\"5892\">clan de rang 3 voire 4<\/a>, les plus <em><a href=\"https:\/\/mecahealth.com\/?page_id=4337\" data-type=\"page\" data-id=\"4337\">empathes<\/a><\/em> et surtout, suite \u00e0 des \u00e9checs relationnels (&#8230;), d\u00e9velopperons un certain mal-\u00eatre voire des troubles psychiques notamment de ceux qui se d\u00e9nomment <a href=\"https:\/\/mecahealth.com\/?page_id=4337\" data-type=\"page\" data-id=\"4337\">hypersensibles<\/a>. <\/p>\n\n\n\n<p class=\"has-medium-font-size\">Le plus grand probl\u00e8me \u00e0 relever dans cette page sans oublier de lire les annexes en lien (&#8230;), c&rsquo;est que si on ne saisit pas l&rsquo;ampleur de notre gr\u00e9garit\u00e9 et de notre sensibilit\u00e9, en plus de suivre ce qui nous appara\u00eet comme un bonheur, nous aurons tendance \u00e0 \u00e9galement comparer les malheurs. Nous estimerons que si une personne dans un groupe (facebookien par exemple) d\u00e9finit bien sa vision du malheur, nous aurons tendance \u00e0 suivre cette vision tant que nous n&rsquo;aurons pas compris que cette vision est subjectiv\u00e9e par notre propension \u00e0 suivre la pens\u00e9e majoritaire ou de celle d&rsquo;un <a href=\"https:\/\/mecahealth.com\/?page_id=1978\" data-type=\"page\" data-id=\"1978\">dominant<\/a>. Il sera plus difficile de faire une m\u00e9tacognition de notre pens\u00e9e que de suivre la masse pensante. Il sera plus facile d&rsquo;accuser le divorce, notre poids, le <a href=\"https:\/\/mecahealth.com\/?page_id=5402\" data-type=\"page\" data-id=\"5402\">g\u00e9niteur<\/a> absent, le racisme de l&rsquo;autre, notre <a href=\"https:\/\/mecahealth.com\/?page_id=395\" data-type=\"page\" data-id=\"395\">poids<\/a>, notre religion, notre couleur de peau, notre taille, notre handicap, etc. plut\u00f4t que de remettre en question un ensemble complexe dans lequel nous nous ins\u00e9rons ou tentons de vivre paisiblement&#8230; <\/p>\n\n\n\n<p class=\"has-medium-font-size\">Se d\u00e9faire de la comparaison est une \u00e9tape indispensable dans le mieux-\u00eatre notamment en connaissant bien notre histoire personnelle au del\u00e0 de ce qui nous a bless\u00e9 en profondeur mais \u00e9galement de l&rsquo;Histoire de notre civilisation et de celle dont on est originaire parfois (&#8230;)<\/p>\n\n\n\n<p class=\"has-medium-font-size\">Cette page sera d\u00e9velopp\u00e9e prochainement. Chaque point ci-dessus sera d\u00e9taill\u00e9 ult\u00e9rieurement pour faire comprendre pourquoi et comment une paix est encore possible&#8230;<\/p>\n\n\n\n<p class=\"has-medium-font-size\">Exemples :<\/p>\n\n\n\n<ul class=\"has-medium-font-size wp-block-list\">\n<li><a href=\"https:\/\/mecahealth.com\/?page_id=1976\" data-type=\"page\" data-id=\"1976\">souffrance suite \u00e0 une \u00e9ducation diff\u00e9rente entre g\u00e9n\u00e9rations<\/a><\/li>\n\n\n\n<li>\u00e9ducation diff\u00e9rente entre membres d&rsquo;une m\u00eame famille<\/li>\n\n\n\n<li>&#8230;<\/li>\n<\/ul>\n\n\n\n<p class=\"has-medium-font-size\">Comparer peut aussi \u00eatre positif \u00e9galement. Personne ne voudra remettre en question son mode de vision s&rsquo;il est \u00e9clair\u00e9 par une analyse bienveillante tout comme par des lunettes de vue. <\/p>\n\n\n\n<figure class=\"wp-block-embed is-type-video is-provider-dailymotion wp-block-embed-dailymotion wp-embed-aspect-16-9 wp-has-aspect-ratio\"><div class=\"wp-block-embed__wrapper\">\n<iframe loading=\"lazy\" title=\"L\u2019adorable r\u00e9action de ce petit gar\u00e7on lorsqu\u2019il d\u00e9couvre le visage de sa maman pour la premi\u00e8re fois\" frameborder=\"0\" width=\"600\" height=\"337\" src=\"https:\/\/geo.dailymotion.com\/player.html?video=x8j4chr&#038;\" allowfullscreen allow=\"autoplay; fullscreen; picture-in-picture; web-share\"><\/iframe>\n<\/div><\/figure>\n\n\n\n<h2 class=\"wp-block-heading has-medium-font-size\">A<span style=\"font-size: var(--wp--preset--font-size--medium) ; color: initial;\"><span style=\"font-size: var(--wp--preset--font-size--medium) ; color: initial;\">bonnez-vous \u00e0 nos diff\u00e9rentes pages pour \u00eatre averti(s) des nouvelles mises en ligne&#8230;<\/span><\/span><\/h2>\n\n\n\n<p class=\"has-small-font-size\"><a rel=\"noreferrer noopener\" href=\"https:\/\/www.facebook.com\/MecaHealthAsbl\" target=\"_blank\">Facebook MecaHealthAsbl<\/a> &#8211; <a rel=\"noreferrer noopener\" href=\"https:\/\/www.linkedin.com\/company\/mecahealth\/\" target=\"_blank\">Linkedin MecaHealth<\/a> &#8211; <a rel=\"noreferrer noopener\" href=\"https:\/\/www.youtube.com\/channel\/UCJb5g--IGlU6FgQLQKaJljg\" target=\"_blank\">Youtube cha\u00eene MecaHealth<\/a> &#8211; Instagram (pas encore)<\/p>\n\n\n\n<p class=\"has-medium-font-size\"><strong>Vous avez aim\u00e9 l&rsquo;information que MecaHealth apporte, vous pouvez nous contacter pour l&rsquo;une ou l&rsquo;autre <a href=\"https:\/\/mecahealth.com\/?page_id=146\">formation<\/a>, nous appuyer en transmettant l&rsquo;adresse de notre site, mais \u00e9galement par <a href=\"https:\/\/mecahealth.com\/?page_id=172\">d&rsquo;autres appuis<\/a>.<\/strong><\/p>\n\n\n\n<p class=\"has-medium-font-size\">(&#8230;)<\/p>\n\n\n\n<h2 class=\"wp-block-heading has-medium-font-size\">Revenir au chapitre<em> <a href=\"https:\/\/mecahealth.com\/?page_id=548\">Corps psychique<\/a><\/em><\/h2>\n","protected":false},"excerpt":{"rendered":"<p>Attention \u00e0 lire les consignes avant de lire toute page d&rsquo;un site sant\u00e9 ! La comparaison c&rsquo;est le chemin de la tristesse (P-E Schmidt : Sous-couverture RTBF) Ce que nous ressentons d\u00e9pend de nombreux facteurs inn\u00e9s telle que nos capacit\u00e9s initiales et notre dominance originelle et de bien d&rsquo;autres acquis.<a href=\"https:\/\/mecahealth.com\/?page_id=1973\" class=\"read-more\">Read More&#8230;<\/a><\/p>\n","protected":false},"author":1,"featured_media":0,"parent":0,"menu_order":0,"comment_status":"closed","ping_status":"closed","template":"","meta":{"footnotes":""},"class_list":["post-1973","page","type-page","status-publish","hentry"],"jetpack_sharing_enabled":true,"_links":{"self":[{"href":"https:\/\/mecahealth.com\/index.php?rest_route=\/wp\/v2\/pages\/1973","targetHints":{"allow":["GET"]}}],"collection":[{"href":"https:\/\/mecahealth.com\/index.php?rest_route=\/wp\/v2\/pages"}],"about":[{"href":"https:\/\/mecahealth.com\/index.php?rest_route=\/wp\/v2\/types\/page"}],"author":[{"embeddable":true,"href":"https:\/\/mecahealth.com\/index.php?rest_route=\/wp\/v2\/users\/1"}],"replies":[{"embeddable":true,"href":"https:\/\/mecahealth.com\/index.php?rest_route=%2Fwp%2Fv2%2Fcomments&post=1973"}],"version-history":[{"count":20,"href":"https:\/\/mecahealth.com\/index.php?rest_route=\/wp\/v2\/pages\/1973\/revisions"}],"predecessor-version":[{"id":6733,"href":"https:\/\/mecahealth.com\/index.php?rest_route=\/wp\/v2\/pages\/1973\/revisions\/6733"}],"wp:attachment":[{"href":"https:\/\/mecahealth.com\/index.php?rest_route=%2Fwp%2Fv2%2Fmedia&parent=1973"}],"curies":[{"name":"wp","href":"https:\/\/api.w.org\/{rel}","templated":true}]}}