{"id":1962,"date":"2023-01-21T10:05:09","date_gmt":"2023-01-21T09:05:09","guid":{"rendered":"https:\/\/mecahealth.com\/?page_id=1962"},"modified":"2023-11-16T19:10:34","modified_gmt":"2023-11-16T18:10:34","slug":"corps-oreille-interne","status":"publish","type":"page","link":"https:\/\/mecahealth.com\/?page_id=1962","title":{"rendered":"Corps : oreille interne"},"content":{"rendered":"\n<p><a href=\"https:\/\/mecahealth.com\/?page_id=122\">Attention \u00e0 lire les consignes avant de lire toute page d&rsquo;un site sant\u00e9 !<\/a><\/p>\n\n\n\n<figure class=\"wp-block-image size-full is-style-rounded\"><img loading=\"lazy\" decoding=\"async\" width=\"330\" height=\"330\" src=\"https:\/\/mecahealth.com\/wp-content\/uploads\/2023\/01\/MecaHealth-oreille-interne.jpg\" alt=\"\" class=\"wp-image-1964\" srcset=\"https:\/\/mecahealth.com\/wp-content\/uploads\/2023\/01\/MecaHealth-oreille-interne.jpg 330w, https:\/\/mecahealth.com\/wp-content\/uploads\/2023\/01\/MecaHealth-oreille-interne-300x300.jpg 300w, https:\/\/mecahealth.com\/wp-content\/uploads\/2023\/01\/MecaHealth-oreille-interne-150x150.jpg 150w\" sizes=\"auto, (max-width: 330px) 100vw, 330px\" \/><\/figure>\n\n\n\n<h2 class=\"wp-block-heading\">Normalit\u00e9 <\/h2>\n\n\n\n<h1 class=\"wp-block-heading\">le interne: \u00e9quilibre et audition<\/h1>\n\n\n\n<figure class=\"wp-block-image\"><img decoding=\"async\" src=\"https:\/\/s.gravatar.com\/avatar\/6db237393d0086fc541be628d435b3f4?s=480&amp;r=pg&amp;d=https%3A%2F%2Fcdn.auth0.com%2Favatars%2Fme.png\" alt=\"User\"\/><\/figure>\n\n\n\n<p>L&rsquo;oreille interne, \u00e9galement appel\u00e9e labyrinthe, joue un r\u00f4le crucial dans l&rsquo;audition et l&rsquo;\u00e9quilibre. Elle est compos\u00e9e de la cochl\u00e9e, responsable de l&rsquo;audition, et du vestibule, essentiel pour l&rsquo;\u00e9quilibre.<\/p>\n\n\n\n<p>La cochl\u00e9e convertit les vibrations sonores en signaux \u00e9lectriques transmis au cerveau par le nerf auditif. En ce qui concerne l&rsquo;\u00e9quilibre, le vestibule contient des canaux semi-circulaires remplis de liquide et des otolithes, petits cristaux sensibles aux mouvements. Ces composants d\u00e9tectent les changements de position et les mouvements de la t\u00eate, envoyant des informations au cerveau pour maintenir l&rsquo;\u00e9quilibre.<\/p>\n\n\n\n<h2 class=\"wp-block-heading has-medium-font-size\">Revenir au chapitre <a data-type=\"page\" data-id=\"638\" href=\"https:\/\/mecahealth.com\/?page_id=638\">ou \u00e0 la <\/a>page<\/h2>\n\n\n\n<p><\/p>\n\n\n\n<p><\/p>\n\n\n\n<p>Suite prochainement<\/p>\n","protected":false},"excerpt":{"rendered":"<p>Attention \u00e0 lire les consignes avant de lire toute page d&rsquo;un site sant\u00e9 ! Normalit\u00e9 le interne: \u00e9quilibre et audition L&rsquo;oreille interne, \u00e9galement appel\u00e9e labyrinthe, joue un r\u00f4le crucial dans l&rsquo;audition et l&rsquo;\u00e9quilibre. Elle est compos\u00e9e de la cochl\u00e9e, responsable de l&rsquo;audition, et du vestibule, essentiel pour l&rsquo;\u00e9quilibre. La cochl\u00e9e<a href=\"https:\/\/mecahealth.com\/?page_id=1962\" class=\"read-more\">Read More&#8230;<\/a><\/p>\n","protected":false},"author":1,"featured_media":0,"parent":0,"menu_order":0,"comment_status":"closed","ping_status":"closed","template":"","meta":{"footnotes":""},"class_list":["post-1962","page","type-page","status-publish","hentry"],"jetpack_sharing_enabled":true,"_links":{"self":[{"href":"https:\/\/mecahealth.com\/index.php?rest_route=\/wp\/v2\/pages\/1962","targetHints":{"allow":["GET"]}}],"collection":[{"href":"https:\/\/mecahealth.com\/index.php?rest_route=\/wp\/v2\/pages"}],"about":[{"href":"https:\/\/mecahealth.com\/index.php?rest_route=\/wp\/v2\/types\/page"}],"author":[{"embeddable":true,"href":"https:\/\/mecahealth.com\/index.php?rest_route=\/wp\/v2\/users\/1"}],"replies":[{"embeddable":true,"href":"https:\/\/mecahealth.com\/index.php?rest_route=%2Fwp%2Fv2%2Fcomments&post=1962"}],"version-history":[{"count":3,"href":"https:\/\/mecahealth.com\/index.php?rest_route=\/wp\/v2\/pages\/1962\/revisions"}],"predecessor-version":[{"id":6421,"href":"https:\/\/mecahealth.com\/index.php?rest_route=\/wp\/v2\/pages\/1962\/revisions\/6421"}],"wp:attachment":[{"href":"https:\/\/mecahealth.com\/index.php?rest_route=%2Fwp%2Fv2%2Fmedia&parent=1962"}],"curies":[{"name":"wp","href":"https:\/\/api.w.org\/{rel}","templated":true}]}}