{"id":1944,"date":"2023-01-21T08:28:52","date_gmt":"2023-01-21T07:28:52","guid":{"rendered":"https:\/\/mecahealth.com\/?page_id=1944"},"modified":"2024-10-02T05:52:51","modified_gmt":"2024-10-02T03:52:51","slug":"exercices-equilibre","status":"publish","type":"page","link":"https:\/\/mecahealth.com\/?page_id=1944","title":{"rendered":"Normalit\u00e9 : \u00e9quilibre"},"content":{"rendered":"\n<p><a href=\"https:\/\/mecahealth.com\/?page_id=122\">Attention \u00e0 lire les consignes avant de lire toute page d&rsquo;un site sant\u00e9 !<\/a><\/p>\n\n\n\n<figure class=\"wp-block-image size-large is-style-rounded\"><img loading=\"lazy\" decoding=\"async\" width=\"330\" height=\"330\" src=\"https:\/\/mecahealth.com\/wp-content\/uploads\/2023\/01\/20230121_083701_0015.png\" alt=\"\" class=\"wp-image-1948\" srcset=\"https:\/\/mecahealth.com\/wp-content\/uploads\/2023\/01\/20230121_083701_0015.png 330w, https:\/\/mecahealth.com\/wp-content\/uploads\/2023\/01\/20230121_083701_0015-300x300.png 300w, https:\/\/mecahealth.com\/wp-content\/uploads\/2023\/01\/20230121_083701_0015-150x150.png 150w\" sizes=\"auto, (max-width: 330px) 100vw, 330px\" \/><figcaption class=\"wp-element-caption\">\u00c9quilibre psycho-corporel<\/figcaption><\/figure>\n\n\n\n<p class=\"has-medium-font-size\">L&rsquo;\u00e9quilibre \u00e9voqu\u00e9 dans cette news est principalement l&rsquo;\u00e9quilibre physique.  L&rsquo;\u00e9quilibre psychique quant \u00e0 lui sera plut\u00f4t trait\u00e9 dans le chapitre  <a href=\"https:\/\/mecahealth.com\/?page_id=127\"><em>Corps psychique<\/em><\/a> mais apr\u00e8s les r\u00e9sultats d&rsquo;<a href=\"https:\/\/mecahealth.com\/?page_id=149\" data-type=\"page\" data-id=\"149\">une recherche en cours<\/a>.<\/p>\n\n\n<div class=\"wp-block-image\">\n<figure class=\"alignleft size-full is-resized\"><img loading=\"lazy\" decoding=\"async\" width=\"330\" height=\"330\" src=\"https:\/\/mecahealth.com\/wp-content\/uploads\/2023\/01\/MecaHealth-equilibre-1.jpg\" alt=\"\" class=\"wp-image-1957\" style=\"width:177px;height:177px\" srcset=\"https:\/\/mecahealth.com\/wp-content\/uploads\/2023\/01\/MecaHealth-equilibre-1.jpg 330w, https:\/\/mecahealth.com\/wp-content\/uploads\/2023\/01\/MecaHealth-equilibre-1-300x300.jpg 300w, https:\/\/mecahealth.com\/wp-content\/uploads\/2023\/01\/MecaHealth-equilibre-1-150x150.jpg 150w\" sizes=\"auto, (max-width: 330px) 100vw, 330px\" \/><\/figure>\n<\/div>\n\n\n<p class=\"has-medium-font-size\">Comme beaucoup l&rsquo;ont remarqu\u00e9, certaines personnes semblent \u00eatre <a href=\"https:\/\/mecahealth.com\/?page_id=2004\" data-type=\"page\" data-id=\"2004\">n\u00e9es avec de plus grandes aptitudes<\/a> que d&rsquo;autres. Pour certaines, c&rsquo;est l&rsquo;\u00e9quilibre qui les distingue d&rsquo;autres. Forc\u00e9s de constater, par exemple, que tout le monde ne pourrait pas construire des immeubles en hauteur. Les indiens d&rsquo;Am\u00e9rique furent les plus aptes durant des ann\u00e9es \u00e0 grimper au-dessus des gratte-ciels durant la construction de New-York. <\/p>\n\n\n\n<p class=\"has-medium-font-size\">Une bonne part de l&rsquo;\u00e9quilibre n&rsquo;est pas seulement inn\u00e9e, elle est acquise par l&rsquo;entra\u00eenement d\u00e8s le plus jeune \u00e2ge. Un enfant pr\u00e9par\u00e9 \u00e0 monter sur des jeux stimulant l&rsquo;\u00e9quilibre et limitant les appr\u00e9hensions du vide, si son entourage ne lui montre pas ses propres peurs, la plupart du temps, il aura un meilleur \u00e9quilibre que les enfants qui ne sont pas stimul\u00e9s. Il en est de m\u00eame pour <a href=\"https:\/\/mecahealth.com\/?page_id=1959\" data-type=\"page\" data-id=\"1959\">toutes stimulations pr\u00e9coces<\/a>. Inutile et surtout d\u00e9favorable de surprot\u00e9ger un enfant.<\/p>\n\n\n\n<p class=\"has-medium-font-size\">Cet \u00e9quilibre peut bien entendu \u00eatre alt\u00e9r\u00e9 \u00e0 court, moyen ou long terme notamment par :<\/p>\n\n\n\n<ul class=\"has-medium-font-size wp-block-list\">\n<li>une <a href=\"https:\/\/mecahealth.com\/?page_id=537\" data-type=\"page\" data-id=\"537\">laxit\u00e9 ligamentaire<\/a><\/li>\n\n\n\n<li>une <a href=\"https:\/\/mecahealth.com\/?page_id=1960\" data-type=\"page\" data-id=\"1960\">entorse<\/a> de cheville, du genou voire de la hanche<\/li>\n\n\n\n<li>un <a href=\"https:\/\/mecahealth.com\/?page_id=1962\" data-type=\"page\" data-id=\"1962\">trouble de l&rsquo;oreille interne<\/a><\/li>\n\n\n\n<li>un trouble visuel (diplopie, etc.)<\/li>\n\n\n\n<li>un <a href=\"https:\/\/mecahealth.com\/?page_id=361\" data-type=\"page\" data-id=\"361\">vieillissement<\/a><\/li>\n\n\n\n<li>une <a href=\"https:\/\/mecahealth.com\/?page_id=1961\" data-type=\"page\" data-id=\"1961\">d\u00e9g\u00e9n\u00e9rescence musculaire<\/a><\/li>\n\n\n\n<li>une prise d&rsquo;alcool, de m\u00e9dicaments voire un <a href=\"https:\/\/mecahealth.com\/?page_id=434\" data-type=\"page\" data-id=\"434\">manque d&rsquo;eau<\/a><\/li>\n<\/ul>\n\n\n\n<p class=\"has-medium-font-size\">Quelle que soit la raison de l&rsquo;alt\u00e9ration, hormis durant la prise d&rsquo;alcool, un entra\u00eenement des fonctions de r\u00e9\u00e9quilibration permet d&rsquo;\u00e9viter la fragilit\u00e9 ou en tout cas d&rsquo;augmenter les capacit\u00e9s de r\u00e9actions.<\/p>\n\n\n\n<p class=\"has-medium-font-size\">Pour les personnes ayant un v\u00e9ritable troubles de l&rsquo;\u00e9quilibre, plus ils ont peur de la perte de l&rsquo;\u00e9quilibre, plus ils auront des r\u00e9flexes inadapt\u00e9s. Si vous \u00eates sur un bateau ou debout dans un bus et que vous vous attendez \u00e0 un d\u00e9s\u00e9quilibre, g\u00e9n\u00e9ralement vos r\u00e9flexes sont plus naturels et meilleurs si vous n&rsquo;en avez pas peur ou que si on vous prend par surprise. Apprenez si vous \u00eates concern\u00e9s ou <a href=\"https:\/\/mecahealth.com\/?page_id=361\" data-type=\"page\" data-id=\"361\">si vos parents vieillissent<\/a>, \u00e0 ne pas refuser le d\u00e9s\u00e9quilibre mais \u00e0 l&rsquo;appr\u00e9hender pour r\u00e9agir comme il se doit.<\/p>\n\n\n\n<h2 class=\"wp-block-heading has-medium-font-size\">R\u00e9agir comme il se doit est d\u00e9taill\u00e9 dans la page <em><a href=\"https:\/\/mecahealth.com\/?page_id=1800\" data-type=\"page\" data-id=\"1800\">Equilibre &#8211; \u00e9chauffement<\/a> <\/em>puis dans <a href=\"https:\/\/mecahealth.com\/?page_id=1360\" data-type=\"page\" data-id=\"1360\"><em>Equilibre &#8211; entra\u00eenement<\/em><\/a> valable \u00e9galement dans le cadre d&rsquo;une r\u00e9\u00e9ducation pour un probl\u00e8me de <a href=\"https:\/\/mecahealth.com\/?page_id=618\" data-type=\"page\" data-id=\"618\">cheville<\/a>, <a href=\"https:\/\/mecahealth.com\/?page_id=620\" data-type=\"page\" data-id=\"620\">genou<\/a>, etc.<\/h2>\n\n\n\n<p>(&#8230;)<\/p>\n\n\n\n<h2 class=\"wp-block-heading has-medium-font-size\">A<span style=\"font-size: var(--wp--preset--font-size--medium) ; color: initial;\"><span style=\"font-size: var(--wp--preset--font-size--medium) ; color: initial;\">bonnez-vous \u00e0 nos diff\u00e9rentes pages pour \u00eatre averti(s) des nouvelles mises en ligne&#8230;<\/span><\/span><\/h2>\n\n\n\n<p class=\"has-small-font-size\"><a rel=\"noreferrer noopener\" href=\"https:\/\/www.facebook.com\/MecaHealthAsbl\" target=\"_blank\">Facebook MecaHealthAsbl<\/a> &#8211; <a rel=\"noreferrer noopener\" href=\"https:\/\/www.linkedin.com\/company\/mecahealth\/\" target=\"_blank\">Linkedin MecaHealth<\/a> &#8211; <a rel=\"noreferrer noopener\" href=\"https:\/\/www.youtube.com\/channel\/UCJb5g--IGlU6FgQLQKaJljg\" target=\"_blank\">Youtube cha\u00eene MecaHealth<\/a> &#8211; Instagram (pas encore)<\/p>\n\n\n\n<p class=\"has-medium-font-size\"><strong>Vous avez aim\u00e9 l&rsquo;information que MecaHealth apporte, vous pouvez nous contacter pour l&rsquo;une ou l&rsquo;autre <a href=\"https:\/\/mecahealth.com\/?page_id=146\">formation<\/a>, nous appuyer en transmettant l&rsquo;adresse de notre site, mais \u00e9galement par <a href=\"https:\/\/mecahealth.com\/?page_id=172\">d&rsquo;autres appuis<\/a>.<\/strong><\/p>\n\n\n\n<p class=\"has-medium-font-size\">(&#8230;)<\/p>\n\n\n\n<h2 class=\"wp-block-heading has-medium-font-size\">Revenir au chapitre<em> <\/em><a href=\"https:\/\/mecahealth.com\/?page_id=61\" data-type=\"page\" data-id=\"61\"><em>1001 Conseils<\/em><\/a> ou \u00e0 la page <em><a href=\"https:\/\/mecahealth.com\/?page_id=361\" data-type=\"page\" data-id=\"361\">Vieillir<\/a><\/em><\/h2>\n","protected":false},"excerpt":{"rendered":"<p>Attention \u00e0 lire les consignes avant de lire toute page d&rsquo;un site sant\u00e9 ! L&rsquo;\u00e9quilibre \u00e9voqu\u00e9 dans cette news est principalement l&rsquo;\u00e9quilibre physique. L&rsquo;\u00e9quilibre psychique quant \u00e0 lui sera plut\u00f4t trait\u00e9 dans le chapitre Corps psychique mais apr\u00e8s les r\u00e9sultats d&rsquo;une recherche en cours. Comme beaucoup l&rsquo;ont remarqu\u00e9, certaines personnes<a href=\"https:\/\/mecahealth.com\/?page_id=1944\" class=\"read-more\">Read More&#8230;<\/a><\/p>\n","protected":false},"author":1,"featured_media":0,"parent":0,"menu_order":0,"comment_status":"closed","ping_status":"closed","template":"","meta":{"footnotes":""},"class_list":["post-1944","page","type-page","status-publish","hentry"],"jetpack_sharing_enabled":true,"_links":{"self":[{"href":"https:\/\/mecahealth.com\/index.php?rest_route=\/wp\/v2\/pages\/1944","targetHints":{"allow":["GET"]}}],"collection":[{"href":"https:\/\/mecahealth.com\/index.php?rest_route=\/wp\/v2\/pages"}],"about":[{"href":"https:\/\/mecahealth.com\/index.php?rest_route=\/wp\/v2\/types\/page"}],"author":[{"embeddable":true,"href":"https:\/\/mecahealth.com\/index.php?rest_route=\/wp\/v2\/users\/1"}],"replies":[{"embeddable":true,"href":"https:\/\/mecahealth.com\/index.php?rest_route=%2Fwp%2Fv2%2Fcomments&post=1944"}],"version-history":[{"count":7,"href":"https:\/\/mecahealth.com\/index.php?rest_route=\/wp\/v2\/pages\/1944\/revisions"}],"predecessor-version":[{"id":7316,"href":"https:\/\/mecahealth.com\/index.php?rest_route=\/wp\/v2\/pages\/1944\/revisions\/7316"}],"wp:attachment":[{"href":"https:\/\/mecahealth.com\/index.php?rest_route=%2Fwp%2Fv2%2Fmedia&parent=1944"}],"curies":[{"name":"wp","href":"https:\/\/api.w.org\/{rel}","templated":true}]}}