{"id":1918,"date":"2023-01-20T23:37:02","date_gmt":"2023-01-20T22:37:02","guid":{"rendered":"https:\/\/mecahealth.com\/?page_id=1918"},"modified":"2023-02-24T03:08:11","modified_gmt":"2023-02-24T02:08:11","slug":"corps-epaule-elevation-anterieure","status":"publish","type":"page","link":"https:\/\/mecahealth.com\/?page_id=1918","title":{"rendered":"Corps : \u00e9paule \u00e9l\u00e9vations"},"content":{"rendered":"\n<p><a href=\"https:\/\/mecahealth.com\/?page_id=122\"><\/a><a style=\"font-size: revert;\" href=\"https:\/\/mecahealth.com\/?page_id=122\">Attention \u00e0 lire les consignes avant de lire toute page d&rsquo;un site sant\u00e9 !<\/a> <\/p>\n\n\n\n<figure class=\"wp-block-image size-large is-resized is-style-rounded\"><img loading=\"lazy\" decoding=\"async\" src=\"https:\/\/mecahealth.com\/wp-content\/uploads\/2023\/01\/MH-Planche-epaule-1024x1024.jpg\" alt=\"\" class=\"wp-image-745\" width=\"330\" height=\"330\" srcset=\"https:\/\/mecahealth.com\/wp-content\/uploads\/2023\/01\/MH-Planche-epaule-1024x1024.jpg 1024w, https:\/\/mecahealth.com\/wp-content\/uploads\/2023\/01\/MH-Planche-epaule-300x300.jpg 300w, https:\/\/mecahealth.com\/wp-content\/uploads\/2023\/01\/MH-Planche-epaule-150x150.jpg 150w, https:\/\/mecahealth.com\/wp-content\/uploads\/2023\/01\/MH-Planche-epaule-768x769.jpg 768w, https:\/\/mecahealth.com\/wp-content\/uploads\/2023\/01\/MH-Planche-epaule.jpg 1094w\" sizes=\"auto, (max-width: 330px) 100vw, 330px\" \/><\/figure>\n\n\n\n<h2 class=\"wp-block-heading has-medium-font-size\"><a href=\"\">El\u00e9vation<\/a> <\/h2>\n\n\n\n<p class=\"has-medium-font-size\">L&rsquo;\u00e9l\u00e9vation lat\u00e9rale comme ant\u00e9rieure doit se faire avec ni trop ni trop peu d&rsquo;\u00e9nergie dans chacune des structures. L&rsquo;articulation est sans doute la plus complexe de notre corps et doit de ce fait, \u00eatre judicieusement mobilis\u00e9e.<\/p>\n\n\n\n<p class=\"has-medium-font-size\">L&rsquo;\u00e9l\u00e9vation ant\u00e9rieure se fait en maintenant l&rsquo;\u00e9paule basse (mais pas abaiss\u00e9e) jusqu&rsquo;\u00e0 ce que le bras s&rsquo;\u00e9l\u00e8ve \u00e0 80-90\u00b0. Ensuite, l&rsquo;\u00e9paule se soul\u00e8ve naturellement sans qu&rsquo;elle soit aid\u00e9e dans ce sens.<\/p>\n\n\n\n<p class=\"has-medium-font-size\">L&rsquo;\u00e9l\u00e9vation lat\u00e9rale se fait en sachant laisser l&rsquo;\u00e9paule se tourner l\u00e9g\u00e8rement vers l&rsquo;ext\u00e9rieur lorsque le bras arrive \u00e0 80-90\u00b0 et en m\u00eame temps qu&rsquo;il se porte de quelques degr\u00e9s vers l&rsquo;avant.<\/p>\n\n\n\n<p class=\"has-medium-font-size\">Une personne vraiment souple au niveau de l&rsquo;\u00e9paule ne le sent pas. Ce qui n&#8217;emp\u00eache que cette petite combinaison est indispensable. L&rsquo;amplitude durant laquelle se fait cette combinaison s&rsquo;appelle la voie de passage de l&rsquo;\u00e9paule.<\/p>\n\n\n\n<p class=\"has-medium-font-size\">Pour l&rsquo;\u00e9l\u00e9vation lat\u00e9rale, observez la rotation progressive de la main \u00e0 l&rsquo;aller.<\/p>\n\n\n\n<p class=\"has-medium-font-size\">N&rsquo;utiliser qu&rsquo;un seul bras \u00e0 la fois comme il est possible de le voir sur l&rsquo;animation ci-contre lors de la fin du mouvement d&rsquo;\u00e9l\u00e9vation lat\u00e9rale, entra\u00eene comme toute charge plac\u00e9e asym\u00e9triquement, une d\u00e9viation de la colonne.<\/p>\n\n\n\n<p class=\"has-medium-font-size\">Maintenir une sym\u00e9trie est la meilleure des attitudes \u00e0 respecter.<\/p>\n\n\n\n<p class=\"has-medium-font-size\">En levant l&rsquo;\u00e9paule trop t\u00f4t, l&rsquo;amplitude est limit\u00e9e pour la simple et bonne raison que en faisant travailler les \u00e9l\u00e9vateurs d&rsquo;\u00e9paule ou en ne faisant pas travailler les abaisseurs d&rsquo;\u00e9paules, l&rsquo;articulation dispose de moins d&rsquo;espace entre les structures articulaires.<\/p>\n\n\n\n<p class=\"has-medium-font-size\">Ainsi, lors d&rsquo;une quelconque remont\u00e9e, l&rsquo;articulation se bloque plus rapidement. Dans sa course limit\u00e9e, l&rsquo;articulation pince le long biceps qui peut progressivement s&rsquo;irriter voire s&rsquo;enflammer. On parle de<strong> tendinite du long biceps<\/strong>.<\/p>\n\n\n\n<p class=\"has-medium-font-size\">Pour l&rsquo;\u00e9l\u00e9vation lat\u00e9rale pour une \u00e9paule l\u00e9g\u00e8rement raide, si le bras est tir\u00e9 l\u00e9g\u00e8rement vers l&rsquo;arri\u00e8re ou dans l&rsquo;axe des deux \u00e9paules, si l&rsquo;on ne permet pas la combinaison de rotation externe et d&rsquo;ant\u00e9pulsion avant l\u00e9g\u00e8re du bras, celui-ci ne peut d\u00e9passer l&rsquo;horizontal.<\/p>\n\n\n\n<h2 class=\"wp-block-heading has-medium-font-size\">Revenir \u00e0 la page \u00ab\u00a0<a href=\"https:\/\/mecahealth.com\/?page_id=632\" data-type=\"page\" data-id=\"632\">Epaule<\/a>\u00a0\u00bb ou au chapitre \u00ab\u00a0<a href=\"https:\/\/mecahealth.com\/?page_id=75\" data-type=\"page\" data-id=\"75\">Corps m\u00e9canique<\/a>\u00ab\u00a0<\/h2>\n","protected":false},"excerpt":{"rendered":"<p>Attention \u00e0 lire les consignes avant de lire toute page d&rsquo;un site sant\u00e9 ! El\u00e9vation L&rsquo;\u00e9l\u00e9vation lat\u00e9rale comme ant\u00e9rieure doit se faire avec ni trop ni trop peu d&rsquo;\u00e9nergie dans chacune des structures. L&rsquo;articulation est sans doute la plus complexe de notre corps et doit de ce fait, \u00eatre judicieusement<a href=\"https:\/\/mecahealth.com\/?page_id=1918\" class=\"read-more\">Read More&#8230;<\/a><\/p>\n","protected":false},"author":1,"featured_media":0,"parent":0,"menu_order":0,"comment_status":"closed","ping_status":"closed","template":"","meta":{"footnotes":""},"class_list":["post-1918","page","type-page","status-publish","hentry"],"jetpack_sharing_enabled":true,"_links":{"self":[{"href":"https:\/\/mecahealth.com\/index.php?rest_route=\/wp\/v2\/pages\/1918","targetHints":{"allow":["GET"]}}],"collection":[{"href":"https:\/\/mecahealth.com\/index.php?rest_route=\/wp\/v2\/pages"}],"about":[{"href":"https:\/\/mecahealth.com\/index.php?rest_route=\/wp\/v2\/types\/page"}],"author":[{"embeddable":true,"href":"https:\/\/mecahealth.com\/index.php?rest_route=\/wp\/v2\/users\/1"}],"replies":[{"embeddable":true,"href":"https:\/\/mecahealth.com\/index.php?rest_route=%2Fwp%2Fv2%2Fcomments&post=1918"}],"version-history":[{"count":5,"href":"https:\/\/mecahealth.com\/index.php?rest_route=\/wp\/v2\/pages\/1918\/revisions"}],"predecessor-version":[{"id":3886,"href":"https:\/\/mecahealth.com\/index.php?rest_route=\/wp\/v2\/pages\/1918\/revisions\/3886"}],"wp:attachment":[{"href":"https:\/\/mecahealth.com\/index.php?rest_route=%2Fwp%2Fv2%2Fmedia&parent=1918"}],"curies":[{"name":"wp","href":"https:\/\/api.w.org\/{rel}","templated":true}]}}