{"id":1876,"date":"2023-01-19T22:23:47","date_gmt":"2023-01-19T21:23:47","guid":{"rendered":"https:\/\/mecahealth.com\/?page_id=1876"},"modified":"2023-03-04T21:57:28","modified_gmt":"2023-03-04T20:57:28","slug":"pathologie-douleur-distinguer-les-informations","status":"publish","type":"page","link":"https:\/\/mecahealth.com\/?page_id=1876","title":{"rendered":"Pathologie : douleur &#8211; distinguer les informations"},"content":{"rendered":"\n<p><a href=\"https:\/\/mecahealth.com\/?page_id=122\">Attention \u00e0 lire les consignes avant de lire toute page d&rsquo;un site sant\u00e9 !<\/a><\/p>\n\n\n\n<figure class=\"wp-block-image size-full is-style-rounded\"><img loading=\"lazy\" decoding=\"async\" width=\"330\" height=\"330\" src=\"https:\/\/mecahealth.com\/wp-content\/uploads\/2023\/03\/MecaHealth-douleurs-medecin.jpg\" alt=\"\" class=\"wp-image-4414\" srcset=\"https:\/\/mecahealth.com\/wp-content\/uploads\/2023\/03\/MecaHealth-douleurs-medecin.jpg 330w, https:\/\/mecahealth.com\/wp-content\/uploads\/2023\/03\/MecaHealth-douleurs-medecin-300x300.jpg 300w, https:\/\/mecahealth.com\/wp-content\/uploads\/2023\/03\/MecaHealth-douleurs-medecin-150x150.jpg 150w\" sizes=\"auto, (max-width: 330px) 100vw, 330px\" \/><\/figure>\n\n\n\n<h2 class=\"has-large-font-size wp-block-heading\">Anamn\u00e8se<\/h2>\n\n\n\n<p class=\"has-medium-font-size\">L&rsquo;anamn\u00e8se du m\u00e9decin (l&rsquo;interrogatoire) se fait bien entendu dans l&rsquo;objectif de distinguer lui-m\u00eame les bonnes informations. Il posera les questions le menant \u00e0 son diagnostic.<\/p>\n\n\n\n<p class=\"has-medium-font-size\">Seulement, il n&rsquo;est en effet pas toujours possible de certifier la cause d&rsquo;un mal \u00e0 100%. Il existe tant de circonstances, de sympt\u00f4mes identiques pour des origines diff\u00e9rentes, et des cas particuliers qu&rsquo;une incertitude est toujours possible et d\u00e8s lors acceptable.<\/p>\n\n\n\n<p class=\"has-medium-font-size\">Il ne faut pas oublier et comprendre que dans cette recherche, le m\u00e9decin travaillera par \u00e9limination. Le facteur personnel du th\u00e9rapeute comme celui du patient influencera donc le r\u00e9sultat partiellement ou fortement.<\/p>\n\n\n\n<p class=\"has-medium-font-size\">Le m\u00e9decin sera d&rsquo;office sujet \u00e0 une incertitude. Le patient peut permettre de diminuer la proportion de celle-ci.<\/p>\n\n\n\n<h2 class=\"has-large-font-size wp-block-heading\">Ne rien n\u00e9gliger, ne pas \u00eatre g\u00ean\u00e9<\/h2>\n\n\n\n<p class=\"has-medium-font-size\">N&rsquo;imaginant pas l&rsquo;importance de certaines informations, le patient oublie parfois de d\u00e9crire, de donner un \u00e9l\u00e9ment fondamental qui fausse la recherche initiale du th\u00e9rapeute. Dans certains cas, cet oubli est volontaire. Le patient g\u00ean\u00e9 parfois d&rsquo;une information fort personnelle qu&rsquo;il estime inutile, \u00e9vite le sujet en n&rsquo;imaginant pas que le traitement ne sera plus tout a fait ad\u00e9quat. <\/p>\n\n\n\n<p class=\"has-medium-font-size\">Il est n\u00e9cessaire d&rsquo;avoir confiance en son m\u00e9decin et d&rsquo;avoir une \u00e9coute en face de soi. Le renom ne suffit pas. Il faut pouvoir communiquer avec celui-ci (&#8230;).<\/p>\n\n\n\n<h2 class=\"has-medium-font-size wp-block-heading\">Lire la <em><a href=\"https:\/\/mecahealth.com\/?page_id=1877\" data-type=\"page\" data-id=\"1877\">r\u00e8gle suivante<\/a> <\/em>ou revenir \u00e0 la page<em> <a href=\"https:\/\/mecahealth.com\/?page_id=1136\" data-type=\"page\" data-id=\"1136\">Douleurs<\/a><\/em><\/h2>\n","protected":false},"excerpt":{"rendered":"<p>Attention \u00e0 lire les consignes avant de lire toute page d&rsquo;un site sant\u00e9 ! Anamn\u00e8se L&rsquo;anamn\u00e8se du m\u00e9decin (l&rsquo;interrogatoire) se fait bien entendu dans l&rsquo;objectif de distinguer lui-m\u00eame les bonnes informations. Il posera les questions le menant \u00e0 son diagnostic. Seulement, il n&rsquo;est en effet pas toujours possible de certifier<a href=\"https:\/\/mecahealth.com\/?page_id=1876\" class=\"read-more\">Read More&#8230;<\/a><\/p>\n","protected":false},"author":1,"featured_media":0,"parent":0,"menu_order":0,"comment_status":"closed","ping_status":"closed","template":"","meta":{"footnotes":""},"class_list":["post-1876","page","type-page","status-publish","hentry"],"jetpack_sharing_enabled":true,"_links":{"self":[{"href":"https:\/\/mecahealth.com\/index.php?rest_route=\/wp\/v2\/pages\/1876","targetHints":{"allow":["GET"]}}],"collection":[{"href":"https:\/\/mecahealth.com\/index.php?rest_route=\/wp\/v2\/pages"}],"about":[{"href":"https:\/\/mecahealth.com\/index.php?rest_route=\/wp\/v2\/types\/page"}],"author":[{"embeddable":true,"href":"https:\/\/mecahealth.com\/index.php?rest_route=\/wp\/v2\/users\/1"}],"replies":[{"embeddable":true,"href":"https:\/\/mecahealth.com\/index.php?rest_route=%2Fwp%2Fv2%2Fcomments&post=1876"}],"version-history":[{"count":5,"href":"https:\/\/mecahealth.com\/index.php?rest_route=\/wp\/v2\/pages\/1876\/revisions"}],"predecessor-version":[{"id":4806,"href":"https:\/\/mecahealth.com\/index.php?rest_route=\/wp\/v2\/pages\/1876\/revisions\/4806"}],"wp:attachment":[{"href":"https:\/\/mecahealth.com\/index.php?rest_route=%2Fwp%2Fv2%2Fmedia&parent=1876"}],"curies":[{"name":"wp","href":"https:\/\/api.w.org\/{rel}","templated":true}]}}