{"id":1874,"date":"2023-01-19T22:23:05","date_gmt":"2023-01-19T21:23:05","guid":{"rendered":"https:\/\/mecahealth.com\/?page_id=1874"},"modified":"2023-03-15T13:44:58","modified_gmt":"2023-03-15T12:44:58","slug":"pathologie-douleur-localisation-et-formes","status":"publish","type":"page","link":"https:\/\/mecahealth.com\/?page_id=1874","title":{"rendered":"Pathologie : douleur &#8211; localisation et formes"},"content":{"rendered":"\n<p class=\"has-medium-font-size\"><a href=\"https:\/\/mecahealth.com\/?page_id=122\">Attention \u00e0 lire les consignes avant de lire toute page d&rsquo;un site sant\u00e9 !<\/a><\/p>\n\n\n\n<figure class=\"wp-block-image size-full is-style-rounded\"><img loading=\"lazy\" decoding=\"async\" width=\"330\" height=\"330\" src=\"https:\/\/mecahealth.com\/wp-content\/uploads\/2023\/03\/MecaHealth-douleurs-localisation.jpg\" alt=\"\" class=\"wp-image-4416\" srcset=\"https:\/\/mecahealth.com\/wp-content\/uploads\/2023\/03\/MecaHealth-douleurs-localisation.jpg 330w, https:\/\/mecahealth.com\/wp-content\/uploads\/2023\/03\/MecaHealth-douleurs-localisation-300x300.jpg 300w, https:\/\/mecahealth.com\/wp-content\/uploads\/2023\/03\/MecaHealth-douleurs-localisation-150x150.jpg 150w\" sizes=\"auto, (max-width: 330px) 100vw, 330px\" \/><\/figure>\n\n\n\n<p class=\"has-medium-font-size\">D\u00e9crire pr\u00e9cis\u00e9ment, le lieu de notre mal n&rsquo;apporte pas grand chose pour aider le th\u00e9rapeute r\u00e9ellement \u00e0 comprendre ce qui nous fait souffrir.<\/p>\n\n\n\n<p class=\"has-medium-font-size\">La description faite par la plupart des patients reste incompl\u00e8te. Il ne faut pas rester passif devant ses maux mais comprendre qu&rsquo;ils traduisent la part de notre m\u00e9canique qui est touch\u00e9e, mais peut-\u00eatre aussi l&rsquo;\u00e9tiologie de notre mal.<\/p>\n\n\n\n<p class=\"has-medium-font-size\">Il serait plus int\u00e9ressant de dire : <em>J&rsquo;ai mal l\u00e0<\/em> ! <em>Ce mal est comme \u00e7a et survient \u00e0 tels moments et\/ou apr\u00e8s telle ou telles circonstances<\/em> (que nous aurons d\u00e9j\u00e0 en partie cherch\u00e9es).<\/p>\n\n\n\n<p class=\"has-medium-font-size\">Si des crit\u00e8res communs sont r\u00e9guliers, il y a beaucoup de chance qu&rsquo;il s&rsquo;agisse des \u00e9l\u00e9ments causaux. Essayons de les \u00e9viter et voyons si le mal persiste ou diminue &#8230; Nous aurons d\u00e9j\u00e0 une partie de la solution. Si le mal survient par contre alors que toutes les r\u00e8gles m\u00e9caniques donn\u00e9es dans les chapitres concern\u00e9s sont respect\u00e9es, consultons malgr\u00e9 tout notre m\u00e9decin plus rapidement.<\/p>\n\n\n\n<p class=\"has-medium-font-size\">La douleur est-elle : vive, sourde, chaude, froide, <a href=\"https:\/\/mecahealth.com\/?page_id=1142\" data-type=\"page\" data-id=\"1142\">pointue, lan\u00e7ant<\/a>, etc.? Utilisons les termes qui nous viennent \u00e0 l&rsquo;esprit, ils traduisent souvent une r\u00e9alit\u00e9 m\u00e9canique qu&rsquo;un professionnel pourra interpr\u00e9ter facilement.<\/p>\n\n\n\n<p class=\"has-medium-font-size\">La douleur survient-elle brusquement tel un <a href=\"https:\/\/mecahealth.com\/?page_id=1142\" data-type=\"page\" data-id=\"1142\">coup de poignard (aiguilles)<\/a> ou reste-elle de mani\u00e8re permanente ? La douleur reste-t-elle \u00e0 l&rsquo;endroit m\u00eame, se diffuse-t-elle ou part-elle dans une certaine direction ? La douleur survient-elle plut\u00f4t <a href=\"https:\/\/mecahealth.com\/?page_id=1138\" data-type=\"page\" data-id=\"1138\">le matin<\/a>, en cours de journ\u00e9e, ou plut\u00f4t <a href=\"https:\/\/mecahealth.com\/?page_id=1144\" data-type=\"page\" data-id=\"1144\">en fin de journ\u00e9e ou le soir<\/a> ?<\/p>\n\n\n\n<p class=\"has-medium-font-size\">La douleur survient-elle au fur et \u00e0 mesure de l&rsquo;activit\u00e9, au d\u00e9but d&rsquo;une activit\u00e9 ou durant un repos ? Au d\u00e9but d&rsquo;une activit\u00e9 n&rsquo;est-ce pas juste apr\u00e8s une immobilit\u00e9 prolong\u00e9e? Au repos est-ce <a href=\"https:\/\/mecahealth.com\/?page_id=286\" data-type=\"page\" data-id=\"286\">durant la nuit<\/a> endormi ou couch\u00e9 \u00e9veill\u00e9 ? Est-ce <a href=\"https:\/\/mecahealth.com\/?page_id=297\" data-type=\"page\" data-id=\"297\">assis<\/a> \u00e0 la maison ou <a href=\"https:\/\/mecahealth.com\/?page_id=295\" data-type=\"page\" data-id=\"295\">au bureau<\/a> ? Et apr\u00e8s combien de temps de repos ? La douleur augmente-t-elle en fonction de ceci ou cela &#8230;<\/p>\n\n\n\n<p class=\"has-medium-font-size\">Avec toutes ces informations, le th\u00e9rapeute aura l&rsquo;occasion de comprendre plus rapidement l&rsquo;\u00e9tiologie r\u00e9elle du mal. Il pourra donc traiter non pas seulement le sympt\u00f4me mais bien la source du probl\u00e8me afin que le mal ne puisse plus revenir.<\/p>\n\n\n\n<p>Bien entendu, ce \u00ab\u00a0non-retour\u00a0\u00bb ne peut se faire sans la bonne participation du patient qui doit <em><strong>ad vitam aeternam<\/strong><\/em> continuer \u00e0 s&rsquo;appliquer&#8230;<\/p>\n\n\n\n<p><\/p>\n\n\n\n<p class=\"has-medium-font-size\">Bien que nous auteurs, ne cherchions pas \u00e0 ce que les gens se traitent par eux-m\u00eames, conna\u00eetre un minimum quelques formes courantes de maux, devraient permettre de limiter l&rsquo;accroissement de ceux-ci avant d&rsquo;obtenir une rendez-vous chez le m\u00e9decin qui \u00e9tablira le diagnostic pr\u00e9cis n\u00e9cessaire.<\/p>\n\n\n\n<p class=\"has-medium-font-size\">Les <a href=\"https:\/\/mecahealth.com\/?page_id=1235\" data-type=\"page\" data-id=\"1235\">maux de ventre<\/a> ou ceux situ\u00e9s dans la <a href=\"https:\/\/mecahealth.com\/?page_id=1775\" data-type=\"page\" data-id=\"1775\">cage thoracique<\/a> sont vus en partie dans un autre chapitre mais doivent faire part d&rsquo;une attention plus particuli\u00e8re que les maux <em>plus m\u00e9caniques<\/em> que nous d\u00e9crivons partiellement ci-dessous.<\/p>\n\n\n\n<p class=\"has-medium-font-size\">La douleur est un signe ; la forme de celle-ci est une pr\u00e9cision : <\/p>\n\n\n\n<ul class=\"has-medium-font-size wp-block-list\">\n<li>Douleur est-elle localis\u00e9e ou diffuse ?<\/li>\n\n\n\n<li>Douleur chaude ou froide ?<\/li>\n\n\n\n<li><a href=\"https:\/\/mecahealth.com\/?page_id=651\" data-type=\"page\" data-id=\"651\">Douleur g\u00e9n\u00e9ralis\u00e9e ou localis\u00e9e mais r\u00e9p\u00e9t\u00e9e <\/a>?<\/li>\n\n\n\n<li><a href=\"https:\/\/mecahealth.com\/?page_id=1138\" data-type=\"page\" data-id=\"1138\">Douleur du matin<\/a> ?<\/li>\n\n\n\n<li><a href=\"https:\/\/mecahealth.com\/?page_id=1144\" data-type=\"page\" data-id=\"1144\">Douleur du soir<\/a> ?<\/li>\n\n\n\n<li><a href=\"https:\/\/mecahealth.com\/?page_id=541\" data-type=\"page\" data-id=\"541\">Douleurs musculaires<\/a> ?<\/li>\n\n\n\n<li>Douleur dirig\u00e9e ?<\/li>\n\n\n\n<li><a href=\"https:\/\/mecahealth.com\/?page_id=1142\" data-type=\"page\" data-id=\"1142\">Douleurs en coup de poignard (aiguilles)<\/a> ?<\/li>\n\n\n\n<li><a href=\"https:\/\/mecahealth.com\/?page_id=1132\" data-type=\"page\" data-id=\"1132\">Douleurs horizontales ou verticales<\/a> ?<\/li>\n<\/ul>\n\n\n\n<p class=\"has-medium-font-size\">Concernant d&rsquo;autres formes de douleur ou localisations, il est conseill\u00e9 de se r\u00e9f\u00e9rer aux <a href=\"https:\/\/mecahealth.com\/?page_id=186\" data-type=\"page\" data-id=\"186\">diff\u00e9rentes situations de la vie de tous les jours<\/a> o\u00f9 les maux surviennent et\/ou de lire le ou les chapitres des zones concern\u00e9es &#8230;<\/p>\n\n\n\n<h2 class=\"has-medium-font-size wp-block-heading\">Lire la <em><a href=\"https:\/\/mecahealth.com\/?page_id=1876\" data-type=\"page\" data-id=\"1876\">r\u00e8gle suivante<\/a> <\/em>ou revenir \u00e0 la page<em> <a href=\"https:\/\/mecahealth.com\/?page_id=1136\" data-type=\"page\" data-id=\"1136\">Douleurs<\/a><\/em><\/h2>\n","protected":false},"excerpt":{"rendered":"<p>Attention \u00e0 lire les consignes avant de lire toute page d&rsquo;un site sant\u00e9 ! D\u00e9crire pr\u00e9cis\u00e9ment, le lieu de notre mal n&rsquo;apporte pas grand chose pour aider le th\u00e9rapeute r\u00e9ellement \u00e0 comprendre ce qui nous fait souffrir. La description faite par la plupart des patients reste incompl\u00e8te. Il ne faut<a href=\"https:\/\/mecahealth.com\/?page_id=1874\" class=\"read-more\">Read More&#8230;<\/a><\/p>\n","protected":false},"author":1,"featured_media":0,"parent":0,"menu_order":0,"comment_status":"closed","ping_status":"closed","template":"","meta":{"footnotes":""},"class_list":["post-1874","page","type-page","status-publish","hentry"],"jetpack_sharing_enabled":true,"_links":{"self":[{"href":"https:\/\/mecahealth.com\/index.php?rest_route=\/wp\/v2\/pages\/1874","targetHints":{"allow":["GET"]}}],"collection":[{"href":"https:\/\/mecahealth.com\/index.php?rest_route=\/wp\/v2\/pages"}],"about":[{"href":"https:\/\/mecahealth.com\/index.php?rest_route=\/wp\/v2\/types\/page"}],"author":[{"embeddable":true,"href":"https:\/\/mecahealth.com\/index.php?rest_route=\/wp\/v2\/users\/1"}],"replies":[{"embeddable":true,"href":"https:\/\/mecahealth.com\/index.php?rest_route=%2Fwp%2Fv2%2Fcomments&post=1874"}],"version-history":[{"count":5,"href":"https:\/\/mecahealth.com\/index.php?rest_route=\/wp\/v2\/pages\/1874\/revisions"}],"predecessor-version":[{"id":5131,"href":"https:\/\/mecahealth.com\/index.php?rest_route=\/wp\/v2\/pages\/1874\/revisions\/5131"}],"wp:attachment":[{"href":"https:\/\/mecahealth.com\/index.php?rest_route=%2Fwp%2Fv2%2Fmedia&parent=1874"}],"curies":[{"name":"wp","href":"https:\/\/api.w.org\/{rel}","templated":true}]}}